{"id":16587,"date":"2024-04-18T15:24:51","date_gmt":"2024-04-18T13:24:51","guid":{"rendered":"https:\/\/vegaconsultant.wpenginepowered.com\/jobbsoker\/ledige-stillinger\/completion-engineer-eit-3002804\/"},"modified":"2024-04-18T15:24:51","modified_gmt":"2024-04-18T13:24:51","slug":"eit-engineer-electrical-instrument-and-telecom-engineer-3002804","status":"publish","type":"page","link":"https:\/\/vegaconsultants.no\/en\/jobbsoker\/ledige-stillinger\/eit-engineer-electrical-instrument-and-telecom-engineer-3002804\/","title":{"rendered":"EIT Engineer (Electrical, Instrument and Telecom Engineer )"},"content":{"rendered":"<div class='vacancy-detail'>\n<div class='bold'>Vega Consultants AS<\/div>\n<div class='bold'>EIT Engineer (Electrical, Instrument and Telecom Engineer )<\/div>\n<div class='vacancy-body'>\n<p><strong>Vi er p\u00e5 jakt etter elektro, instrument og telekom ingeni\u00f8rer til spennende prosjekt i Bergen, Stord, Stavanger, og Trondheim. Disse oppdragene er av 1-3 \u00e5rs varighet med gode muligheter for forlengelse. <\/strong><\/p>\n<p>&nbsp;<\/p>\n<h3>Om stillingen\u00a0<\/h3>\n<p>Som EIT Engineer vil du ha ansvar for blant annet instrument design, forberedelse av dokumentasjon, oppdatering av dokumenter og jobcards, og sikre tett samarbeid med andre engineering disipliner.\u00a0\u00a0\u00a0<\/p>\n<p><\/p>\n<h3>Ansvarsomr\u00e5der og arbeidsoppgaver inkluderer:\u00a0<\/h3>\n<ul>\n<li>Detalj design utvikling\/verifikasjon\u00a0<\/li>\n<li>Forberedelse av jobbpakker\u00a0<\/li>\n<li>Godkjenne leverand\u00f8rdokumentasjon og oppf\u00f8lgning av leveranser\u00a0<\/li>\n<li>Utf\u00f8re offshore inspeksjoner av instrument utstyr\u00a0<\/li>\n<li>Evaluering og utarbeidelse av best egnet plassering av utstyr\u00a0<\/li>\n<\/ul>\n<p><\/p>\n<h3>\u00d8nskede kvalifikasjoner\u00a0<\/h3>\n<ul>\n<li>Bachelorgrad i elektroingeni\u00f8r faget\u00a0<\/li>\n<li>Minimum 3 \u00e5rs relevant erfaring\u00a0<\/li>\n<li>Gode kunnskaper innen bruk av TIME, MIPS og Procosys\u00a0<\/li>\n<li>NORSOK erfaring\u00a0<\/li>\n<li>Noen stillinger krever gyldig offshore sertifikat\u00a0<\/li>\n<\/ul>\n<p><\/p>\n<h3>Personlige egenskaper\u00a0<\/h3>\n<ul>\n<li>Detaljorientert\u00a0<\/li>\n<li>Fleksibel\u00a0<\/li>\n<li>Service innstilt\u00a0<\/li>\n<li>Gode kommunikasjonsevner\u00a0<\/li>\n<\/ul>\n<p><\/p>\n<p>Som konsulent i Vega Consultants f\u00e5r du konkurransedyktige vilk\u00e5r og betingelser, og jevn oppf\u00f8lgning gjennom ditt oppdragsforl\u00f8p.\u00a0<\/p>\n<p>S\u00e5 hvis du er en EIT ingeni\u00f8r med elektrobakgrunn p\u00e5 jakt etter neste prosjekt, gleder vi oss til \u00e5 h\u00f8re fra deg! Kandidater vil bli vurdert fortl\u00f8pende.\u00a0\u00a0<\/p>\n<p>Kontakt meg gjerne Grethe Borg 905 21 929<\/p>\n<\/div>\n<div class='vega-button'><span><a href='https:\/\/secure.webtemp.no\/WebtempCVPortal\/startsession.aspx?page=stillingsingle&#038;k=169&#038;id_utleie=3002804' >Mer info\/s\u00f8k her<\/a><\/span><\/div>\n<p><\/p>\n<hr>\n<div>\n<h4>REFNR<\/h4>\n<p>401848<\/p><\/div>\n<div>\n<h4>STILLINGSTYPE<\/h4>\n<p>Heltid<br \/>Vikariat\/engasjement<\/div>\n<div>\n<h4>TILTREDELSE<\/h4>\n<\/div>\n<div>\n<h4>S\u00d8KNADSFRIST<\/h4>\n<p>Fortl\u00f8pende<\/p><\/div>\n<div class='vacancy-consultant'>\n<h4>KONTAKTPERSON(ER)<\/h4>\n<div>Grethe Borg<\/div>\n<div>90 52 19 29<\/div>\n<div>grethe.borg@vegaconsultants.no<\/div>\n<\/p><\/div>\n<\/div>","protected":false},"excerpt":{"rendered":"<p>Vega Consultants AS EIT Engineer (Electrical, Instrument and Telecom Engineer ) Vi er p\u00e5 jakt etter elektro, instrument og telekom ingeni\u00f8rer til spennende prosjekt i Bergen, Stord, Stavanger, og Trondheim. Disse oppdragene er av 1-3 \u00e5rs varighet med gode muligheter for forlengelse. &nbsp; Om stillingen\u00a0 Som EIT Engineer vil du ha ansvar for blant annet [&hellip;]<\/p>\n","protected":false},"author":1,"featured_media":0,"parent":4051,"menu_order":0,"comment_status":"closed","ping_status":"closed","template":"","meta":{"_et_pb_use_builder":"","_et_pb_old_content":"","_et_gb_content_width":"","footnotes":""},"class_list":["post-16587","page","type-page","status-publish","hentry"],"yoast_head":"<!-- This site is optimized with the Yoast SEO plugin v27.4 - https:\/\/yoast.com\/product\/yoast-seo-wordpress\/ -->\n<title>EIT Engineer (Electrical, Instrument and Telecom Engineer ) - Ledig stilling - Vega Consultants<\/title>\n<meta name=\"description\" content=\"Vi s\u00f8ker instrument og EIT engineers til spennende og langvarige prosjekt i Bergen, Stord, Stavanger og Trondheim.\" \/>\n<meta name=\"robots\" content=\"index, follow, max-snippet:-1, max-image-preview:large, max-video-preview:-1\" \/>\n<link rel=\"canonical\" href=\"https:\/\/vegaconsultants.no\/en\/jobbsoker\/ledige-stillinger\/eit-engineer-electrical-instrument-and-telecom-engineer-3002804\/\" \/>\n<meta property=\"og:locale\" content=\"en_GB\" \/>\n<meta property=\"og:type\" content=\"article\" \/>\n<meta property=\"og:title\" content=\"EIT Engineer (Electrical, Instrument and Telecom Engineer ) - Ledig stilling - Vega Consultants\" \/>\n<meta property=\"og:description\" content=\"Vi s\u00f8ker instrument og EIT engineers til spennende og langvarige prosjekt i Bergen, Stord, Stavanger og Trondheim.\" \/>\n<meta property=\"og:url\" content=\"https:\/\/vegaconsultants.no\/en\/jobbsoker\/ledige-stillinger\/eit-engineer-electrical-instrument-and-telecom-engineer-3002804\/\" \/>\n<meta property=\"og:site_name\" content=\"Vega Consultants\" \/>\n<meta name=\"twitter:card\" content=\"summary_large_image\" \/>\n<meta name=\"twitter:label1\" content=\"Estimated reading time\" \/>\n\t<meta name=\"twitter:data1\" content=\"2 minutes\" \/>\n<script type=\"application\/ld+json\" class=\"yoast-schema-graph\">{\"@context\":\"https:\\\/\\\/schema.org\",\"@graph\":[{\"@type\":\"WebPage\",\"@id\":\"https:\\\/\\\/vegaconsultants.no\\\/jobbsoker\\\/ledige-stillinger\\\/eit-engineer-electrical-instrument-and-telecom-engineer-3002804\\\/\",\"url\":\"https:\\\/\\\/vegaconsultants.no\\\/jobbsoker\\\/ledige-stillinger\\\/eit-engineer-electrical-instrument-and-telecom-engineer-3002804\\\/\",\"name\":\"EIT Engineer (Electrical, Instrument and Telecom Engineer ) - Ledig stilling - Vega Consultants\",\"isPartOf\":{\"@id\":\"https:\\\/\\\/vegaconsultants.no\\\/#website\"},\"datePublished\":\"2024-04-18T13:24:51+00:00\",\"description\":\"Vi s\u00f8ker instrument og EIT engineers til spennende og langvarige prosjekt i Bergen, Stord, Stavanger og Trondheim.\",\"breadcrumb\":{\"@id\":\"https:\\\/\\\/vegaconsultants.no\\\/jobbsoker\\\/ledige-stillinger\\\/eit-engineer-electrical-instrument-and-telecom-engineer-3002804\\\/#breadcrumb\"},\"inLanguage\":\"en-GB\",\"potentialAction\":[{\"@type\":\"ReadAction\",\"target\":[\"https:\\\/\\\/vegaconsultants.no\\\/jobbsoker\\\/ledige-stillinger\\\/eit-engineer-electrical-instrument-and-telecom-engineer-3002804\\\/\"]}]},{\"@type\":\"BreadcrumbList\",\"@id\":\"https:\\\/\\\/vegaconsultants.no\\\/jobbsoker\\\/ledige-stillinger\\\/eit-engineer-electrical-instrument-and-telecom-engineer-3002804\\\/#breadcrumb\",\"itemListElement\":[{\"@type\":\"ListItem\",\"position\":1,\"name\":\"Home\",\"item\":\"https:\\\/\\\/vegaconsultants.no\\\/\"},{\"@type\":\"ListItem\",\"position\":2,\"name\":\"Jobbs\u00f8ker\",\"item\":\"https:\\\/\\\/vegaconsultants.no\\\/jobbsoker\\\/\"},{\"@type\":\"ListItem\",\"position\":3,\"name\":\"Ledige stillinger\",\"item\":\"https:\\\/\\\/vegaconsultants.no\\\/jobbsoker\\\/ledige-stillinger\\\/\"},{\"@type\":\"ListItem\",\"position\":4,\"name\":\"EIT Engineer (Electrical, Instrument and Telecom Engineer )\"}]},{\"@type\":\"WebSite\",\"@id\":\"https:\\\/\\\/vegaconsultants.no\\\/#website\",\"url\":\"https:\\\/\\\/vegaconsultants.no\\\/\",\"name\":\"Vega Consultants\",\"description\":\"Rett person p\u00e5 rett plass\",\"potentialAction\":[{\"@type\":\"SearchAction\",\"target\":{\"@type\":\"EntryPoint\",\"urlTemplate\":\"https:\\\/\\\/vegaconsultants.no\\\/?s={search_term_string}\"},\"query-input\":{\"@type\":\"PropertyValueSpecification\",\"valueRequired\":true,\"valueName\":\"search_term_string\"}}],\"inLanguage\":\"en-GB\"}]}<\/script>\n<!-- \/ Yoast SEO plugin. -->","yoast_head_json":{"title":"EIT Engineer (Electrical, Instrument and Telecom Engineer ) - Ledig stilling - Vega Consultants","description":"Vi s\u00f8ker instrument og EIT engineers til spennende og langvarige prosjekt i Bergen, Stord, Stavanger og Trondheim.","robots":{"index":"index","follow":"follow","max-snippet":"max-snippet:-1","max-image-preview":"max-image-preview:large","max-video-preview":"max-video-preview:-1"},"canonical":"https:\/\/vegaconsultants.no\/en\/jobbsoker\/ledige-stillinger\/eit-engineer-electrical-instrument-and-telecom-engineer-3002804\/","og_locale":"en_GB","og_type":"article","og_title":"EIT Engineer (Electrical, Instrument and Telecom Engineer ) - Ledig stilling - Vega Consultants","og_description":"Vi s\u00f8ker instrument og EIT engineers til spennende og langvarige prosjekt i Bergen, Stord, Stavanger og Trondheim.","og_url":"https:\/\/vegaconsultants.no\/en\/jobbsoker\/ledige-stillinger\/eit-engineer-electrical-instrument-and-telecom-engineer-3002804\/","og_site_name":"Vega Consultants","twitter_card":"summary_large_image","twitter_misc":{"Estimated reading time":"2 minutes"},"schema":{"@context":"https:\/\/schema.org","@graph":[{"@type":"WebPage","@id":"https:\/\/vegaconsultants.no\/jobbsoker\/ledige-stillinger\/eit-engineer-electrical-instrument-and-telecom-engineer-3002804\/","url":"https:\/\/vegaconsultants.no\/jobbsoker\/ledige-stillinger\/eit-engineer-electrical-instrument-and-telecom-engineer-3002804\/","name":"EIT Engineer (Electrical, Instrument and Telecom Engineer ) - Ledig stilling - Vega Consultants","isPartOf":{"@id":"https:\/\/vegaconsultants.no\/#website"},"datePublished":"2024-04-18T13:24:51+00:00","description":"Vi s\u00f8ker instrument og EIT engineers til spennende og langvarige prosjekt i Bergen, Stord, Stavanger og Trondheim.","breadcrumb":{"@id":"https:\/\/vegaconsultants.no\/jobbsoker\/ledige-stillinger\/eit-engineer-electrical-instrument-and-telecom-engineer-3002804\/#breadcrumb"},"inLanguage":"en-GB","potentialAction":[{"@type":"ReadAction","target":["https:\/\/vegaconsultants.no\/jobbsoker\/ledige-stillinger\/eit-engineer-electrical-instrument-and-telecom-engineer-3002804\/"]}]},{"@type":"BreadcrumbList","@id":"https:\/\/vegaconsultants.no\/jobbsoker\/ledige-stillinger\/eit-engineer-electrical-instrument-and-telecom-engineer-3002804\/#breadcrumb","itemListElement":[{"@type":"ListItem","position":1,"name":"Home","item":"https:\/\/vegaconsultants.no\/"},{"@type":"ListItem","position":2,"name":"Jobbs\u00f8ker","item":"https:\/\/vegaconsultants.no\/jobbsoker\/"},{"@type":"ListItem","position":3,"name":"Ledige stillinger","item":"https:\/\/vegaconsultants.no\/jobbsoker\/ledige-stillinger\/"},{"@type":"ListItem","position":4,"name":"EIT Engineer (Electrical, Instrument and Telecom Engineer )"}]},{"@type":"WebSite","@id":"https:\/\/vegaconsultants.no\/#website","url":"https:\/\/vegaconsultants.no\/","name":"Vega Consultants","description":"The right person for the right job","potentialAction":[{"@type":"SearchAction","target":{"@type":"EntryPoint","urlTemplate":"https:\/\/vegaconsultants.no\/?s={search_term_string}"},"query-input":{"@type":"PropertyValueSpecification","valueRequired":true,"valueName":"search_term_string"}}],"inLanguage":"en-GB"}]}},"_links":{"self":[{"href":"https:\/\/vegaconsultants.no\/en\/wp-json\/wp\/v2\/pages\/16587","targetHints":{"allow":["GET"]}}],"collection":[{"href":"https:\/\/vegaconsultants.no\/en\/wp-json\/wp\/v2\/pages"}],"about":[{"href":"https:\/\/vegaconsultants.no\/en\/wp-json\/wp\/v2\/types\/page"}],"author":[{"embeddable":true,"href":"https:\/\/vegaconsultants.no\/en\/wp-json\/wp\/v2\/users\/1"}],"replies":[{"embeddable":true,"href":"https:\/\/vegaconsultants.no\/en\/wp-json\/wp\/v2\/comments?post=16587"}],"version-history":[{"count":0,"href":"https:\/\/vegaconsultants.no\/en\/wp-json\/wp\/v2\/pages\/16587\/revisions"}],"up":[{"embeddable":true,"href":"https:\/\/vegaconsultants.no\/en\/wp-json\/wp\/v2\/pages\/4051"}],"wp:attachment":[{"href":"https:\/\/vegaconsultants.no\/en\/wp-json\/wp\/v2\/media?parent=16587"}],"curies":[{"name":"wp","href":"https:\/\/api.w.org\/{rel}","templated":true}]}}