{"id":19152,"date":"2024-04-18T14:46:19","date_gmt":"2024-04-18T12:46:19","guid":{"rendered":"https:\/\/vegaconsultant.wpenginepowered.com\/jobbsoker\/ledige-stillinger\/planlegger-3003301\/"},"modified":"2024-04-18T14:46:19","modified_gmt":"2024-04-18T12:46:19","slug":"planlegger-3003301","status":"publish","type":"page","link":"https:\/\/vegaconsultants.no\/en\/jobbsoker\/ledige-stillinger\/planlegger-3003301\/","title":{"rendered":"Planner"},"content":{"rendered":"<div class='vacancy-detail'>\n<div class='bold'>Vega Consultants AS<\/div>\n<div class='bold'>Planner<\/div>\n<div class='vacancy-body'>\n<h3>Introduction<\/h3>\n<p>P\u00e5 vegne av kunden v\u00e5r, s\u00f8ker vi etter en planlegger med erfaring fra EPIC og\/eller modifikasjonsprosjekt innen olje og gass. Dette er et lang oppdrag basert i Stavanger. Her vil du jobbe med detaljeplanlegging av store prosjekt og f\u00e5 spennende og varierte arbeidsdager.\u00a0<\/p>\n<h3>Job duties and responsibilities<\/h3>\n<ul>\n<li>H\u00e5ndtere EPCI niv\u00e5 4 og 5 planlegging og oppf\u00f8lgning i Safran og MIPS.&nbsp;<\/li>\n<li>Prosjektkontroll og rapportering av prosjektstatus til relevante akt\u00f8rer<\/li>\n<li>Samarbeide med ulike disipliner, for eksempel piping, struktur, mekanisk, arkitekt, HVAC m.f.<\/li>\n<li>Arbeide selvstendig og ha ansvar for \u00e5 produsere tidsplaner for ulike prosjektfaser&nbsp;<\/li>\n<li>H\u00e5ndtere endringer og PEM milep\u00e6ler.&nbsp;<\/li>\n<\/ul>\n<h3>Desired qualifications<\/h3>\n<ul>\n<li>Teknisk fagskole eller ingeni\u00f8r utdannelse<\/li>\n<li>Minst 4 \u00e5rs erfaring fra brownfield\/greenfield, EPCI eller modifikasjonsplanlegging.&nbsp;<\/li>\n<li>Gode kunnskaper innen Safran, MS Project, Primavera eller lignende.&nbsp;<\/li>\n<li>God forst\u00e5else av komplekse prosjekt og erfaring med detaljeplanlegging&nbsp;<\/li>\n<li>Flytende norsk og engelsk&nbsp;<\/li>\n<\/ul>\n<p><strong><em>Grunnet oppdragets natur, m\u00e5 kandidaten ha rett til \u00e5 jobbe i Norge. <\/em><\/strong><\/p>\n<p>As a consultant at Vega Consultants, you will receive competitive terms and conditions, and consistent follow-up throughout the course of your assignment.&nbsp;<\/p>\n<p>For \u00e5 h\u00f8re mer om stillingen, ta kontakt med Leah Jespersen p\u00e5 413 32 939.&nbsp;<\/p>\n<p><\/p>\n<p>Vega Consultants AS has assignments of short and long duration. We also work with permanent positions for our clients. Here you will find one of the jobs we are currently looking for good candidates for. If it is of interest to you, we hope you will send us your application!<\/p>\n<p>Vega Consultants AS provides recruitment services for both short- and long-term assignments. We also help our customers fill permanent positions. This is just one of the positions we are hiring for at the moment. If you think this position sounds interesting, then we hope to hear from you!<\/p>\n<\/div>\n<div class='vega-button'><span><a href='https:\/\/secure.webtemp.no\/WebtempCVPortal\/startsession.aspx?page=stillingsingle&#038;k=169&#038;id_utleie=3003301' >More info\/search here<\/a><\/span><\/div>\n<p><\/p>\n<hr>\n<div>\n<h4>REFNR<\/h4>\n<p>402285<\/p><\/div>\n<div>\n<h4>POSITION TYPE<\/h4>\n<p>Full-time<br \/>Temporary position\/engagement<\/div>\n<div>\n<h4>ACCESSION<\/h4>\n<p>31.05.2024<\/p><\/div>\n<div>\n<h4>APPLICATION DEADLINE<\/h4>\n<p>ASAP<\/p><\/div>\n<div class='vacancy-consultant'>\n<h4>CONTACT PERSON(S)<\/h4>\n<div>Leah Jespersen<\/div>\n<div>41 33 29 39<\/div>\n<div>leah.jespersen@vegaconsultants.no<\/div>\n<\/p><\/div>\n<\/div>","protected":false},"excerpt":{"rendered":"<p>Vega Consultants AS Planlegger Innledning P\u00e5 vegne av kunden v\u00e5r, s\u00f8ker vi etter en planlegger med erfaring fra EPIC og\/eller modifikasjonsprosjekt innen olje og gass. Dette er et lang oppdrag basert i Stavanger. Her vil du jobbe med detaljeplanlegging av store prosjekt og f\u00e5 spennende og varierte arbeidsdager.\u00a0 Arbeidsoppgaver og ansvarsomr\u00e5der H\u00e5ndtere EPCI niv\u00e5 4 [&hellip;]<\/p>\n","protected":false},"author":1,"featured_media":0,"parent":4051,"menu_order":0,"comment_status":"closed","ping_status":"closed","template":"","meta":{"_et_pb_use_builder":"","_et_pb_old_content":"","_et_gb_content_width":"","footnotes":""},"class_list":["post-19152","page","type-page","status-publish","hentry"],"yoast_head":"<!-- This site is optimized with the Yoast SEO plugin v27.4 - https:\/\/yoast.com\/product\/yoast-seo-wordpress\/ -->\n<title>Planlegger - Vega Consultants<\/title>\n<meta name=\"robots\" content=\"index, follow, max-snippet:-1, max-image-preview:large, max-video-preview:-1\" \/>\n<link rel=\"canonical\" href=\"https:\/\/vegaconsultants.no\/en\/jobbsoker\/ledige-stillinger\/planlegger-3003301\/\" \/>\n<meta property=\"og:locale\" content=\"en_GB\" \/>\n<meta property=\"og:type\" content=\"article\" \/>\n<meta property=\"og:title\" content=\"Planlegger - Vega Consultants\" \/>\n<meta property=\"og:description\" content=\"Vega Consultants AS Planlegger Innledning P\u00e5 vegne av kunden v\u00e5r, s\u00f8ker vi etter en planlegger med erfaring fra EPIC og\/eller modifikasjonsprosjekt innen olje og gass. Dette er et lang oppdrag basert i Stavanger. Her vil du jobbe med detaljeplanlegging av store prosjekt og f\u00e5 spennende og varierte arbeidsdager.\u00a0 Arbeidsoppgaver og ansvarsomr\u00e5der H\u00e5ndtere EPCI niv\u00e5 4 [&hellip;]\" \/>\n<meta property=\"og:url\" content=\"https:\/\/vegaconsultants.no\/en\/jobbsoker\/ledige-stillinger\/planlegger-3003301\/\" \/>\n<meta property=\"og:site_name\" content=\"Vega Consultants\" \/>\n<meta name=\"twitter:card\" content=\"summary_large_image\" \/>\n<meta name=\"twitter:label1\" content=\"Estimated reading time\" \/>\n\t<meta name=\"twitter:data1\" content=\"2 minutes\" \/>\n<script type=\"application\/ld+json\" class=\"yoast-schema-graph\">{\"@context\":\"https:\\\/\\\/schema.org\",\"@graph\":[{\"@type\":\"WebPage\",\"@id\":\"https:\\\/\\\/vegaconsultants.no\\\/jobbsoker\\\/ledige-stillinger\\\/planlegger-3003301\\\/\",\"url\":\"https:\\\/\\\/vegaconsultants.no\\\/jobbsoker\\\/ledige-stillinger\\\/planlegger-3003301\\\/\",\"name\":\"Planlegger - Vega Consultants\",\"isPartOf\":{\"@id\":\"https:\\\/\\\/vegaconsultants.no\\\/#website\"},\"datePublished\":\"2024-04-18T12:46:19+00:00\",\"breadcrumb\":{\"@id\":\"https:\\\/\\\/vegaconsultants.no\\\/jobbsoker\\\/ledige-stillinger\\\/planlegger-3003301\\\/#breadcrumb\"},\"inLanguage\":\"en-GB\",\"potentialAction\":[{\"@type\":\"ReadAction\",\"target\":[\"https:\\\/\\\/vegaconsultants.no\\\/jobbsoker\\\/ledige-stillinger\\\/planlegger-3003301\\\/\"]}]},{\"@type\":\"BreadcrumbList\",\"@id\":\"https:\\\/\\\/vegaconsultants.no\\\/jobbsoker\\\/ledige-stillinger\\\/planlegger-3003301\\\/#breadcrumb\",\"itemListElement\":[{\"@type\":\"ListItem\",\"position\":1,\"name\":\"Home\",\"item\":\"https:\\\/\\\/vegaconsultants.no\\\/\"},{\"@type\":\"ListItem\",\"position\":2,\"name\":\"Jobbs\u00f8ker\",\"item\":\"https:\\\/\\\/vegaconsultants.no\\\/jobbsoker\\\/\"},{\"@type\":\"ListItem\",\"position\":3,\"name\":\"Ledige stillinger\",\"item\":\"https:\\\/\\\/vegaconsultants.no\\\/jobbsoker\\\/ledige-stillinger\\\/\"},{\"@type\":\"ListItem\",\"position\":4,\"name\":\"Planlegger\"}]},{\"@type\":\"WebSite\",\"@id\":\"https:\\\/\\\/vegaconsultants.no\\\/#website\",\"url\":\"https:\\\/\\\/vegaconsultants.no\\\/\",\"name\":\"Vega Consultants\",\"description\":\"Rett person p\u00e5 rett plass\",\"potentialAction\":[{\"@type\":\"SearchAction\",\"target\":{\"@type\":\"EntryPoint\",\"urlTemplate\":\"https:\\\/\\\/vegaconsultants.no\\\/?s={search_term_string}\"},\"query-input\":{\"@type\":\"PropertyValueSpecification\",\"valueRequired\":true,\"valueName\":\"search_term_string\"}}],\"inLanguage\":\"en-GB\"}]}<\/script>\n<!-- \/ Yoast SEO plugin. -->","yoast_head_json":{"title":"Planlegger - Vega Consultants","robots":{"index":"index","follow":"follow","max-snippet":"max-snippet:-1","max-image-preview":"max-image-preview:large","max-video-preview":"max-video-preview:-1"},"canonical":"https:\/\/vegaconsultants.no\/en\/jobbsoker\/ledige-stillinger\/planlegger-3003301\/","og_locale":"en_GB","og_type":"article","og_title":"Planlegger - Vega Consultants","og_description":"Vega Consultants AS Planlegger Innledning P\u00e5 vegne av kunden v\u00e5r, s\u00f8ker vi etter en planlegger med erfaring fra EPIC og\/eller modifikasjonsprosjekt innen olje og gass. Dette er et lang oppdrag basert i Stavanger. Her vil du jobbe med detaljeplanlegging av store prosjekt og f\u00e5 spennende og varierte arbeidsdager.\u00a0 Arbeidsoppgaver og ansvarsomr\u00e5der H\u00e5ndtere EPCI niv\u00e5 4 [&hellip;]","og_url":"https:\/\/vegaconsultants.no\/en\/jobbsoker\/ledige-stillinger\/planlegger-3003301\/","og_site_name":"Vega Consultants","twitter_card":"summary_large_image","twitter_misc":{"Estimated reading time":"2 minutes"},"schema":{"@context":"https:\/\/schema.org","@graph":[{"@type":"WebPage","@id":"https:\/\/vegaconsultants.no\/jobbsoker\/ledige-stillinger\/planlegger-3003301\/","url":"https:\/\/vegaconsultants.no\/jobbsoker\/ledige-stillinger\/planlegger-3003301\/","name":"Planlegger - Vega Consultants","isPartOf":{"@id":"https:\/\/vegaconsultants.no\/#website"},"datePublished":"2024-04-18T12:46:19+00:00","breadcrumb":{"@id":"https:\/\/vegaconsultants.no\/jobbsoker\/ledige-stillinger\/planlegger-3003301\/#breadcrumb"},"inLanguage":"en-GB","potentialAction":[{"@type":"ReadAction","target":["https:\/\/vegaconsultants.no\/jobbsoker\/ledige-stillinger\/planlegger-3003301\/"]}]},{"@type":"BreadcrumbList","@id":"https:\/\/vegaconsultants.no\/jobbsoker\/ledige-stillinger\/planlegger-3003301\/#breadcrumb","itemListElement":[{"@type":"ListItem","position":1,"name":"Home","item":"https:\/\/vegaconsultants.no\/"},{"@type":"ListItem","position":2,"name":"Jobbs\u00f8ker","item":"https:\/\/vegaconsultants.no\/jobbsoker\/"},{"@type":"ListItem","position":3,"name":"Ledige stillinger","item":"https:\/\/vegaconsultants.no\/jobbsoker\/ledige-stillinger\/"},{"@type":"ListItem","position":4,"name":"Planlegger"}]},{"@type":"WebSite","@id":"https:\/\/vegaconsultants.no\/#website","url":"https:\/\/vegaconsultants.no\/","name":"Vega Consultants","description":"The right person for the right job","potentialAction":[{"@type":"SearchAction","target":{"@type":"EntryPoint","urlTemplate":"https:\/\/vegaconsultants.no\/?s={search_term_string}"},"query-input":{"@type":"PropertyValueSpecification","valueRequired":true,"valueName":"search_term_string"}}],"inLanguage":"en-GB"}]}},"_links":{"self":[{"href":"https:\/\/vegaconsultants.no\/en\/wp-json\/wp\/v2\/pages\/19152","targetHints":{"allow":["GET"]}}],"collection":[{"href":"https:\/\/vegaconsultants.no\/en\/wp-json\/wp\/v2\/pages"}],"about":[{"href":"https:\/\/vegaconsultants.no\/en\/wp-json\/wp\/v2\/types\/page"}],"author":[{"embeddable":true,"href":"https:\/\/vegaconsultants.no\/en\/wp-json\/wp\/v2\/users\/1"}],"replies":[{"embeddable":true,"href":"https:\/\/vegaconsultants.no\/en\/wp-json\/wp\/v2\/comments?post=19152"}],"version-history":[{"count":0,"href":"https:\/\/vegaconsultants.no\/en\/wp-json\/wp\/v2\/pages\/19152\/revisions"}],"up":[{"embeddable":true,"href":"https:\/\/vegaconsultants.no\/en\/wp-json\/wp\/v2\/pages\/4051"}],"wp:attachment":[{"href":"https:\/\/vegaconsultants.no\/en\/wp-json\/wp\/v2\/media?parent=19152"}],"curies":[{"name":"wp","href":"https:\/\/api.w.org\/{rel}","templated":true}]}}