{"id":19158,"date":"2024-04-18T14:46:21","date_gmt":"2024-04-18T12:46:21","guid":{"rendered":"https:\/\/vegaconsultant.wpenginepowered.com\/jobbsoker\/ledige-stillinger\/senior-structure-engineer-3003303\/"},"modified":"2024-04-18T14:46:21","modified_gmt":"2024-04-18T12:46:21","slug":"senior-structure-engineer-3003303","status":"publish","type":"page","link":"https:\/\/vegaconsultants.no\/en\/jobbsoker\/ledige-stillinger\/senior-structure-engineer-3003303\/","title":{"rendered":"Senior Structure Engineer"},"content":{"rendered":"<div class='vacancy-detail'>\n<div class='bold'>Vega Consultants AS<\/div>\n<div class='bold'>Senior Structure Engineer<\/div>\n<div class='vacancy-body'>\n<h3>Introduction<\/h3>\n<p>On behalf of our client, we are looking for a Senior Structural Engineer to create 3D and 2D drawings and models for offshore modification projects.\u00a0<\/p>\n<h3>Tasks and responsibilities<\/h3>\n<ul>\n<li>Develop concept and layout of structures<\/li>\n<li>Create 3D models and design of structures, as well as 2D drawings showing cutting sketches, nesting files, etc.&nbsp;<\/li>\n<li>Perform structural analysis and calculations<\/li>\n<li>Prepare design reports for Mainsteel\/outfitting structures.<\/li>\n<\/ul>\n<h3>Desired qualifications<\/h3>\n<ul>\n<li>BSc in Structural Engineering or similar&nbsp;<\/li>\n<li>Experience from the offshore industry is a requirement<\/li>\n<li>Skilled user in E3D, Time, MIPS, and Navisworks<\/li>\n<li>Knowledge of relevant standards<\/li>\n<\/ul>\n<p>As a consultant with Vega Consultants, you will receive competitive benefits, and regular follow-up from your consultant throughout your contract.&nbsp;<\/p>\n<p>To hear more about this position, get in touch with Leah Jespersen on 413 32 939.&nbsp;<\/p>\n<h3><\/h3>\n<p>Vega Consultants AS har oppdrag av kort og lang varighet. Vi jobber i tillegg med faste stillinger for v\u00e5re  kunder. Her finner du en av jobbene vi leter etter gode kandidater til akkurat n\u00e5. Dersom den er av interesse for deg, h\u00e5per vi du sender oss din s\u00f8knad!<\/p>\n<p>Vega Consultants AS provides recruitment services for both short- and long-term assignments. We also help our customers fill permanent positions. This is just one of the positions we are hiring for at the moment. If you think this position sounds interesting, then we hope to hear from you!<\/p>\n<\/div>\n<div class='vega-button'><span><a href='https:\/\/secure.webtemp.no\/WebtempCVPortal\/startsession.aspx?page=stillingsingle&#038;k=169&#038;id_utleie=3003303' >Mer info\/s\u00f8k her<\/a><\/span><\/div>\n<p><\/p>\n<hr>\n<div>\n<h4>REFNR<\/h4>\n<p>402286<\/p><\/div>\n<div>\n<h4>STILLINGSTYPE<\/h4>\n<p>Heltid<br \/>Vikariat\/engasjement<\/div>\n<div>\n<h4>TILTREDELSE<\/h4>\n<p>01.05.2024<\/p><\/div>\n<div>\n<h4>S\u00d8KNADSFRIST<\/h4>\n<p>ASAP<\/p><\/div>\n<div class='vacancy-consultant'>\n<h4>KONTAKTPERSON(ER)<\/h4>\n<div>Leah Jespersen<\/div>\n<div>41 33 29 39<\/div>\n<div>leah.jespersen@vegaconsultants.no<\/div>\n<\/p><\/div>\n<\/div>","protected":false},"excerpt":{"rendered":"<p>Vega Consultants AS Senior Structure Engineer Introduction On behalf of our client, we are looking for a Senior Structural Engineer to create 3D and 2D drawings and models for offshore modification projects.\u00a0 Tasks and responsibilities Develop concept and layout of structures Create 3D models and design of structures, as well as 2D drawings showing cutting [&hellip;]<\/p>\n","protected":false},"author":1,"featured_media":0,"parent":4051,"menu_order":0,"comment_status":"closed","ping_status":"closed","template":"","meta":{"_et_pb_use_builder":"","_et_pb_old_content":"","_et_gb_content_width":"","footnotes":""},"class_list":["post-19158","page","type-page","status-publish","hentry"],"yoast_head":"<!-- This site is optimized with the Yoast SEO plugin v27.3 - https:\/\/yoast.com\/product\/yoast-seo-wordpress\/ -->\n<title>Senior Structure Engineer - Vega Consultants<\/title>\n<meta name=\"robots\" content=\"index, follow, max-snippet:-1, max-image-preview:large, max-video-preview:-1\" \/>\n<link rel=\"canonical\" href=\"https:\/\/vegaconsultants.no\/en\/jobbsoker\/ledige-stillinger\/senior-structure-engineer-3003303\/\" \/>\n<meta property=\"og:locale\" content=\"en_GB\" \/>\n<meta property=\"og:type\" content=\"article\" \/>\n<meta property=\"og:title\" content=\"Senior Structure Engineer - Vega Consultants\" \/>\n<meta property=\"og:description\" content=\"Vega Consultants AS Senior Structure Engineer Introduction On behalf of our client, we are looking for a Senior Structural Engineer to create 3D and 2D drawings and models for offshore modification projects.\u00a0 Tasks and responsibilities Develop concept and layout of structures Create 3D models and design of structures, as well as 2D drawings showing cutting [&hellip;]\" \/>\n<meta property=\"og:url\" content=\"https:\/\/vegaconsultants.no\/en\/jobbsoker\/ledige-stillinger\/senior-structure-engineer-3003303\/\" \/>\n<meta property=\"og:site_name\" content=\"Vega Consultants\" \/>\n<meta name=\"twitter:card\" content=\"summary_large_image\" \/>\n<meta name=\"twitter:label1\" content=\"Estimated reading time\" \/>\n\t<meta name=\"twitter:data1\" content=\"1 minute\" \/>\n<script type=\"application\/ld+json\" class=\"yoast-schema-graph\">{\"@context\":\"https:\\\/\\\/schema.org\",\"@graph\":[{\"@type\":\"WebPage\",\"@id\":\"https:\\\/\\\/vegaconsultants.no\\\/jobbsoker\\\/ledige-stillinger\\\/senior-structure-engineer-3003303\\\/\",\"url\":\"https:\\\/\\\/vegaconsultants.no\\\/jobbsoker\\\/ledige-stillinger\\\/senior-structure-engineer-3003303\\\/\",\"name\":\"Senior Structure Engineer - Vega Consultants\",\"isPartOf\":{\"@id\":\"https:\\\/\\\/vegaconsultants.no\\\/#website\"},\"datePublished\":\"2024-04-18T12:46:21+00:00\",\"breadcrumb\":{\"@id\":\"https:\\\/\\\/vegaconsultants.no\\\/jobbsoker\\\/ledige-stillinger\\\/senior-structure-engineer-3003303\\\/#breadcrumb\"},\"inLanguage\":\"en-GB\",\"potentialAction\":[{\"@type\":\"ReadAction\",\"target\":[\"https:\\\/\\\/vegaconsultants.no\\\/jobbsoker\\\/ledige-stillinger\\\/senior-structure-engineer-3003303\\\/\"]}]},{\"@type\":\"BreadcrumbList\",\"@id\":\"https:\\\/\\\/vegaconsultants.no\\\/jobbsoker\\\/ledige-stillinger\\\/senior-structure-engineer-3003303\\\/#breadcrumb\",\"itemListElement\":[{\"@type\":\"ListItem\",\"position\":1,\"name\":\"Home\",\"item\":\"https:\\\/\\\/vegaconsultants.no\\\/\"},{\"@type\":\"ListItem\",\"position\":2,\"name\":\"Jobbs\u00f8ker\",\"item\":\"https:\\\/\\\/vegaconsultants.no\\\/jobbsoker\\\/\"},{\"@type\":\"ListItem\",\"position\":3,\"name\":\"Ledige stillinger\",\"item\":\"https:\\\/\\\/vegaconsultants.no\\\/jobbsoker\\\/ledige-stillinger\\\/\"},{\"@type\":\"ListItem\",\"position\":4,\"name\":\"Senior Structure Engineer\"}]},{\"@type\":\"WebSite\",\"@id\":\"https:\\\/\\\/vegaconsultants.no\\\/#website\",\"url\":\"https:\\\/\\\/vegaconsultants.no\\\/\",\"name\":\"Vega Consultants\",\"description\":\"Rett person p\u00e5 rett plass\",\"potentialAction\":[{\"@type\":\"SearchAction\",\"target\":{\"@type\":\"EntryPoint\",\"urlTemplate\":\"https:\\\/\\\/vegaconsultants.no\\\/?s={search_term_string}\"},\"query-input\":{\"@type\":\"PropertyValueSpecification\",\"valueRequired\":true,\"valueName\":\"search_term_string\"}}],\"inLanguage\":\"en-GB\"}]}<\/script>\n<!-- \/ Yoast SEO plugin. -->","yoast_head_json":{"title":"Senior Structure Engineer - Vega Consultants","robots":{"index":"index","follow":"follow","max-snippet":"max-snippet:-1","max-image-preview":"max-image-preview:large","max-video-preview":"max-video-preview:-1"},"canonical":"https:\/\/vegaconsultants.no\/en\/jobbsoker\/ledige-stillinger\/senior-structure-engineer-3003303\/","og_locale":"en_GB","og_type":"article","og_title":"Senior Structure Engineer - Vega Consultants","og_description":"Vega Consultants AS Senior Structure Engineer Introduction On behalf of our client, we are looking for a Senior Structural Engineer to create 3D and 2D drawings and models for offshore modification projects.\u00a0 Tasks and responsibilities Develop concept and layout of structures Create 3D models and design of structures, as well as 2D drawings showing cutting [&hellip;]","og_url":"https:\/\/vegaconsultants.no\/en\/jobbsoker\/ledige-stillinger\/senior-structure-engineer-3003303\/","og_site_name":"Vega Consultants","twitter_card":"summary_large_image","twitter_misc":{"Estimated reading time":"1 minute"},"schema":{"@context":"https:\/\/schema.org","@graph":[{"@type":"WebPage","@id":"https:\/\/vegaconsultants.no\/jobbsoker\/ledige-stillinger\/senior-structure-engineer-3003303\/","url":"https:\/\/vegaconsultants.no\/jobbsoker\/ledige-stillinger\/senior-structure-engineer-3003303\/","name":"Senior Structure Engineer - Vega Consultants","isPartOf":{"@id":"https:\/\/vegaconsultants.no\/#website"},"datePublished":"2024-04-18T12:46:21+00:00","breadcrumb":{"@id":"https:\/\/vegaconsultants.no\/jobbsoker\/ledige-stillinger\/senior-structure-engineer-3003303\/#breadcrumb"},"inLanguage":"en-GB","potentialAction":[{"@type":"ReadAction","target":["https:\/\/vegaconsultants.no\/jobbsoker\/ledige-stillinger\/senior-structure-engineer-3003303\/"]}]},{"@type":"BreadcrumbList","@id":"https:\/\/vegaconsultants.no\/jobbsoker\/ledige-stillinger\/senior-structure-engineer-3003303\/#breadcrumb","itemListElement":[{"@type":"ListItem","position":1,"name":"Home","item":"https:\/\/vegaconsultants.no\/"},{"@type":"ListItem","position":2,"name":"Jobbs\u00f8ker","item":"https:\/\/vegaconsultants.no\/jobbsoker\/"},{"@type":"ListItem","position":3,"name":"Ledige stillinger","item":"https:\/\/vegaconsultants.no\/jobbsoker\/ledige-stillinger\/"},{"@type":"ListItem","position":4,"name":"Senior Structure Engineer"}]},{"@type":"WebSite","@id":"https:\/\/vegaconsultants.no\/#website","url":"https:\/\/vegaconsultants.no\/","name":"Vega Consultants","description":"The right person for the right job","potentialAction":[{"@type":"SearchAction","target":{"@type":"EntryPoint","urlTemplate":"https:\/\/vegaconsultants.no\/?s={search_term_string}"},"query-input":{"@type":"PropertyValueSpecification","valueRequired":true,"valueName":"search_term_string"}}],"inLanguage":"en-GB"}]}},"_links":{"self":[{"href":"https:\/\/vegaconsultants.no\/en\/wp-json\/wp\/v2\/pages\/19158","targetHints":{"allow":["GET"]}}],"collection":[{"href":"https:\/\/vegaconsultants.no\/en\/wp-json\/wp\/v2\/pages"}],"about":[{"href":"https:\/\/vegaconsultants.no\/en\/wp-json\/wp\/v2\/types\/page"}],"author":[{"embeddable":true,"href":"https:\/\/vegaconsultants.no\/en\/wp-json\/wp\/v2\/users\/1"}],"replies":[{"embeddable":true,"href":"https:\/\/vegaconsultants.no\/en\/wp-json\/wp\/v2\/comments?post=19158"}],"version-history":[{"count":0,"href":"https:\/\/vegaconsultants.no\/en\/wp-json\/wp\/v2\/pages\/19158\/revisions"}],"up":[{"embeddable":true,"href":"https:\/\/vegaconsultants.no\/en\/wp-json\/wp\/v2\/pages\/4051"}],"wp:attachment":[{"href":"https:\/\/vegaconsultants.no\/en\/wp-json\/wp\/v2\/media?parent=19158"}],"curies":[{"name":"wp","href":"https:\/\/api.w.org\/{rel}","templated":true}]}}