{"id":19607,"date":"2024-04-06T03:59:27","date_gmt":"2024-04-06T01:59:27","guid":{"rendered":"https:\/\/vegaconsultant.wpenginepowered.com\/jobbsoker\/ledige-stillinger\/prosjektleder-3000150\/"},"modified":"2024-04-06T03:59:27","modified_gmt":"2024-04-06T01:59:27","slug":"prosjektleder-3000150","status":"publish","type":"page","link":"https:\/\/vegaconsultants.no\/en\/jobbsoker\/ledige-stillinger\/prosjektleder-3000150\/","title":{"rendered":"Prosjektleder"},"content":{"rendered":"<div class='vacancy-detail'>\n<div class='bold'>Vega Consultants AS<\/div>\n<div class='bold'>Prosjektleder<\/div>\n<div class='bold'>SR-Entrepen\u00f8r<\/div>\n<div class='vacancy-body'>\n<div class='vacancy-agency-logo'><img class='' src='https:\/\/secure.webtemp.no\/cgi-win\/wtgetfile.exe?\/k169\/i1000000018&amp;cachebuster=133568423049347704&amp;nextxml=1\/apublicdoc&amp;key=UHVRY2WSCV' alt='logo'><\/div>\n<h3>Innledning<\/h3>\n<p>SR Entrepren\u00f8r er i stadig vekst og trenger \u00e5 styrke teamet med en erfaren prosjektleder<\/p>\n<h3>Arbeidsoppgaver<\/h3>\n<ul>\n<li>Kontrahering av underentrepren\u00f8rer<\/li>\n<li>Budsjettering, \u00f8konomistyring og -rapportering<\/li>\n<li>Fremdriftsplanlegging og -oppf\u00f8lging<\/li>\n<li>Kontinuerlig behandling av avklaringer, utfordringer, oppgaver, mm.<\/li>\n<li>KHMS arbeid<\/li>\n<li>Evne til \u00e5 motivere og engasjere. Drive aktiv ledelse.<\/li>\n<\/ul>\n<h3><\/h3>\n<h3>\u00d8nskede kvalifikasjoner<\/h3>\n<ul>\n<li>Ingeni\u00f8r\/teknisk fagskole. Sivilingeni\u00f8r er \u00e5 foretrekke, men ikke et krav<\/li>\n<li>5-10 \u00e5rs erfaring, alternativt\/kombinert med erfaring fra min.3-5stk prosjekter<\/li>\n<li>God tverrfaglig teknisk forst\u00e5else, samt forst\u00e5else for \u00f8konomi og juss<\/li>\n<li>God kjennskap til MS Office pakken, inkl. Project<\/li>\n<\/ul>\n<p><\/p>\n<h3>Personlige egenskaper<\/h3>\n<ul>\n<li>Positiv og sosial v\u00e6rem\u00e5te<\/li>\n<li>Evne til \u00e5 jobbe selvstendig og i team<\/li>\n<\/ul>\n<p><\/p>\n<h3>Vi tilbyr<\/h3>\n<p><\/p>\n<ul>\n<li>Gode muligheter for kompetanseutvikling<\/li>\n<li>Konkurransedyktig l\u00f8nn- og arbeidsbetingelser<\/li>\n<li>God fleksitidsavtale med h\u00f8y grad av innvirkning p\u00e5 egen arbeidstid<\/li>\n<li>Profesjonelt og trivelig arbeidsmilj\u00f8<\/li>\n<li>Firmaturer og flere sosiale sammenkomster<\/li>\n<\/ul>\n<p><\/p>\n<h3>Avsluttende tekst<\/h3>\n<p>For mer informasjon kan du ringe Grethe Borg p\u00e5 905 21 929<\/p>\n<\/div>\n<div class='vega-button'><span><a href='https:\/\/secure.webtemp.no\/WebtempCVPortal\/startsession.aspx?page=stillingsingle&amp;k=169&amp;id_rekruttering=3000150'>Mer info\/s\u00f8k her<\/a><\/span><\/div>\n<p><\/p>\n<hr>\n<div>\n<h4>REFNR<\/h4>\n<p>500086<\/p><\/div>\n<div>\n<h4>STILLINGSTYPE<\/h4>\n<p>Heltid<br \/>Fast stilling<\/div>\n<div>\n<h4>TILTREDELSE<\/h4>\n<p>07.04.2024<\/p><\/div>\n<div>\n<h4>S\u00d8KNADSFRIST<\/h4>\n<p>07.04.24<\/p><\/div>\n<div class='vacancy-consultant'>\n<h4>KONTAKTPERSON(ER)<\/h4>\n<div>Grethe Borg<\/div>\n<div>90 52 19 29<\/div>\n<div>grethe.borg@vegaconsultants.no<\/div>\n<\/p><\/div>\n<\/div>","protected":false},"excerpt":{"rendered":"<p>Vega Consultants AS Prosjektleder SR-Entrepen\u00f8r Innledning SR Entrepren\u00f8r er i stadig vekst og trenger \u00e5 styrke teamet med en erfaren prosjektleder Arbeidsoppgaver Kontrahering av underentrepren\u00f8rer Budsjettering, \u00f8konomistyring og -rapportering Fremdriftsplanlegging og -oppf\u00f8lging Kontinuerlig behandling av avklaringer, utfordringer, oppgaver, mm. KHMS arbeid Evne til \u00e5 motivere og engasjere. Drive aktiv ledelse. \u00d8nskede kvalifikasjoner Ingeni\u00f8r\/teknisk fagskole. Sivilingeni\u00f8r [&hellip;]<\/p>\n","protected":false},"author":1,"featured_media":0,"parent":4051,"menu_order":0,"comment_status":"closed","ping_status":"closed","template":"","meta":{"_et_pb_use_builder":"","_et_pb_old_content":"","_et_gb_content_width":"","footnotes":""},"class_list":["post-19607","page","type-page","status-publish","hentry"],"yoast_head":"<!-- This site is optimized with the Yoast SEO plugin v27.3 - https:\/\/yoast.com\/product\/yoast-seo-wordpress\/ -->\n<title>Prosjektleder - Vega Consultants<\/title>\n<meta name=\"robots\" content=\"index, follow, max-snippet:-1, max-image-preview:large, max-video-preview:-1\" \/>\n<link rel=\"canonical\" href=\"https:\/\/vegaconsultants.no\/en\/jobbsoker\/ledige-stillinger\/prosjektleder-3000150\/\" \/>\n<meta property=\"og:locale\" content=\"en_GB\" \/>\n<meta property=\"og:type\" content=\"article\" \/>\n<meta property=\"og:title\" content=\"Prosjektleder - Vega Consultants\" \/>\n<meta property=\"og:description\" content=\"Vega Consultants AS Prosjektleder SR-Entrepen\u00f8r Innledning SR Entrepren\u00f8r er i stadig vekst og trenger \u00e5 styrke teamet med en erfaren prosjektleder Arbeidsoppgaver Kontrahering av underentrepren\u00f8rer Budsjettering, \u00f8konomistyring og -rapportering Fremdriftsplanlegging og -oppf\u00f8lging Kontinuerlig behandling av avklaringer, utfordringer, oppgaver, mm. KHMS arbeid Evne til \u00e5 motivere og engasjere. Drive aktiv ledelse. \u00d8nskede kvalifikasjoner Ingeni\u00f8r\/teknisk fagskole. Sivilingeni\u00f8r [&hellip;]\" \/>\n<meta property=\"og:url\" content=\"https:\/\/vegaconsultants.no\/en\/jobbsoker\/ledige-stillinger\/prosjektleder-3000150\/\" \/>\n<meta property=\"og:site_name\" content=\"Vega Consultants\" \/>\n<meta property=\"og:image\" content=\"https:\/\/secure.webtemp.no\/cgi-win\/wtgetfile.exe?\/k169\/i1000000018&amp;cachebuster=133568423049347704&amp;nextxml=1\/apublicdoc&amp;key=UHVRY2WSCV\" \/>\n<meta name=\"twitter:card\" content=\"summary_large_image\" \/>\n<meta name=\"twitter:label1\" content=\"Estimated reading time\" \/>\n\t<meta name=\"twitter:data1\" content=\"1 minute\" \/>\n<script type=\"application\/ld+json\" class=\"yoast-schema-graph\">{\"@context\":\"https:\\\/\\\/schema.org\",\"@graph\":[{\"@type\":\"WebPage\",\"@id\":\"https:\\\/\\\/vegaconsultants.no\\\/jobbsoker\\\/ledige-stillinger\\\/prosjektleder-3000150\\\/\",\"url\":\"https:\\\/\\\/vegaconsultants.no\\\/jobbsoker\\\/ledige-stillinger\\\/prosjektleder-3000150\\\/\",\"name\":\"Prosjektleder - Vega Consultants\",\"isPartOf\":{\"@id\":\"https:\\\/\\\/vegaconsultants.no\\\/#website\"},\"primaryImageOfPage\":{\"@id\":\"https:\\\/\\\/vegaconsultants.no\\\/jobbsoker\\\/ledige-stillinger\\\/prosjektleder-3000150\\\/#primaryimage\"},\"image\":{\"@id\":\"https:\\\/\\\/vegaconsultants.no\\\/jobbsoker\\\/ledige-stillinger\\\/prosjektleder-3000150\\\/#primaryimage\"},\"thumbnailUrl\":\"https:\\\/\\\/secure.webtemp.no\\\/cgi-win\\\/wtgetfile.exe?\\\/k169\\\/i1000000018&amp;cachebuster=133568423049347704&amp;nextxml=1\\\/apublicdoc&amp;key=UHVRY2WSCV\",\"datePublished\":\"2024-04-06T01:59:27+00:00\",\"breadcrumb\":{\"@id\":\"https:\\\/\\\/vegaconsultants.no\\\/jobbsoker\\\/ledige-stillinger\\\/prosjektleder-3000150\\\/#breadcrumb\"},\"inLanguage\":\"en-GB\",\"potentialAction\":[{\"@type\":\"ReadAction\",\"target\":[\"https:\\\/\\\/vegaconsultants.no\\\/jobbsoker\\\/ledige-stillinger\\\/prosjektleder-3000150\\\/\"]}]},{\"@type\":\"ImageObject\",\"inLanguage\":\"en-GB\",\"@id\":\"https:\\\/\\\/vegaconsultants.no\\\/jobbsoker\\\/ledige-stillinger\\\/prosjektleder-3000150\\\/#primaryimage\",\"url\":\"https:\\\/\\\/secure.webtemp.no\\\/cgi-win\\\/wtgetfile.exe?\\\/k169\\\/i1000000018&amp;cachebuster=133568423049347704&amp;nextxml=1\\\/apublicdoc&amp;key=UHVRY2WSCV\",\"contentUrl\":\"https:\\\/\\\/secure.webtemp.no\\\/cgi-win\\\/wtgetfile.exe?\\\/k169\\\/i1000000018&amp;cachebuster=133568423049347704&amp;nextxml=1\\\/apublicdoc&amp;key=UHVRY2WSCV\"},{\"@type\":\"BreadcrumbList\",\"@id\":\"https:\\\/\\\/vegaconsultants.no\\\/jobbsoker\\\/ledige-stillinger\\\/prosjektleder-3000150\\\/#breadcrumb\",\"itemListElement\":[{\"@type\":\"ListItem\",\"position\":1,\"name\":\"Home\",\"item\":\"https:\\\/\\\/vegaconsultants.no\\\/\"},{\"@type\":\"ListItem\",\"position\":2,\"name\":\"Jobbs\u00f8ker\",\"item\":\"https:\\\/\\\/vegaconsultants.no\\\/jobbsoker\\\/\"},{\"@type\":\"ListItem\",\"position\":3,\"name\":\"Ledige stillinger\",\"item\":\"https:\\\/\\\/vegaconsultants.no\\\/jobbsoker\\\/ledige-stillinger\\\/\"},{\"@type\":\"ListItem\",\"position\":4,\"name\":\"Prosjektleder\"}]},{\"@type\":\"WebSite\",\"@id\":\"https:\\\/\\\/vegaconsultants.no\\\/#website\",\"url\":\"https:\\\/\\\/vegaconsultants.no\\\/\",\"name\":\"Vega Consultants\",\"description\":\"Rett person p\u00e5 rett plass\",\"potentialAction\":[{\"@type\":\"SearchAction\",\"target\":{\"@type\":\"EntryPoint\",\"urlTemplate\":\"https:\\\/\\\/vegaconsultants.no\\\/?s={search_term_string}\"},\"query-input\":{\"@type\":\"PropertyValueSpecification\",\"valueRequired\":true,\"valueName\":\"search_term_string\"}}],\"inLanguage\":\"en-GB\"}]}<\/script>\n<!-- \/ Yoast SEO plugin. -->","yoast_head_json":{"title":"Prosjektleder - Vega Consultants","robots":{"index":"index","follow":"follow","max-snippet":"max-snippet:-1","max-image-preview":"max-image-preview:large","max-video-preview":"max-video-preview:-1"},"canonical":"https:\/\/vegaconsultants.no\/en\/jobbsoker\/ledige-stillinger\/prosjektleder-3000150\/","og_locale":"en_GB","og_type":"article","og_title":"Prosjektleder - Vega Consultants","og_description":"Vega Consultants AS Prosjektleder SR-Entrepen\u00f8r Innledning SR Entrepren\u00f8r er i stadig vekst og trenger \u00e5 styrke teamet med en erfaren prosjektleder Arbeidsoppgaver Kontrahering av underentrepren\u00f8rer Budsjettering, \u00f8konomistyring og -rapportering Fremdriftsplanlegging og -oppf\u00f8lging Kontinuerlig behandling av avklaringer, utfordringer, oppgaver, mm. KHMS arbeid Evne til \u00e5 motivere og engasjere. Drive aktiv ledelse. \u00d8nskede kvalifikasjoner Ingeni\u00f8r\/teknisk fagskole. Sivilingeni\u00f8r [&hellip;]","og_url":"https:\/\/vegaconsultants.no\/en\/jobbsoker\/ledige-stillinger\/prosjektleder-3000150\/","og_site_name":"Vega Consultants","og_image":[{"url":"https:\/\/secure.webtemp.no\/cgi-win\/wtgetfile.exe?\/k169\/i1000000018&amp;cachebuster=133568423049347704&amp;nextxml=1\/apublicdoc&amp;key=UHVRY2WSCV","type":"","width":"","height":""}],"twitter_card":"summary_large_image","twitter_misc":{"Estimated reading time":"1 minute"},"schema":{"@context":"https:\/\/schema.org","@graph":[{"@type":"WebPage","@id":"https:\/\/vegaconsultants.no\/jobbsoker\/ledige-stillinger\/prosjektleder-3000150\/","url":"https:\/\/vegaconsultants.no\/jobbsoker\/ledige-stillinger\/prosjektleder-3000150\/","name":"Prosjektleder - Vega Consultants","isPartOf":{"@id":"https:\/\/vegaconsultants.no\/#website"},"primaryImageOfPage":{"@id":"https:\/\/vegaconsultants.no\/jobbsoker\/ledige-stillinger\/prosjektleder-3000150\/#primaryimage"},"image":{"@id":"https:\/\/vegaconsultants.no\/jobbsoker\/ledige-stillinger\/prosjektleder-3000150\/#primaryimage"},"thumbnailUrl":"https:\/\/secure.webtemp.no\/cgi-win\/wtgetfile.exe?\/k169\/i1000000018&amp;cachebuster=133568423049347704&amp;nextxml=1\/apublicdoc&amp;key=UHVRY2WSCV","datePublished":"2024-04-06T01:59:27+00:00","breadcrumb":{"@id":"https:\/\/vegaconsultants.no\/jobbsoker\/ledige-stillinger\/prosjektleder-3000150\/#breadcrumb"},"inLanguage":"en-GB","potentialAction":[{"@type":"ReadAction","target":["https:\/\/vegaconsultants.no\/jobbsoker\/ledige-stillinger\/prosjektleder-3000150\/"]}]},{"@type":"ImageObject","inLanguage":"en-GB","@id":"https:\/\/vegaconsultants.no\/jobbsoker\/ledige-stillinger\/prosjektleder-3000150\/#primaryimage","url":"https:\/\/secure.webtemp.no\/cgi-win\/wtgetfile.exe?\/k169\/i1000000018&amp;cachebuster=133568423049347704&amp;nextxml=1\/apublicdoc&amp;key=UHVRY2WSCV","contentUrl":"https:\/\/secure.webtemp.no\/cgi-win\/wtgetfile.exe?\/k169\/i1000000018&amp;cachebuster=133568423049347704&amp;nextxml=1\/apublicdoc&amp;key=UHVRY2WSCV"},{"@type":"BreadcrumbList","@id":"https:\/\/vegaconsultants.no\/jobbsoker\/ledige-stillinger\/prosjektleder-3000150\/#breadcrumb","itemListElement":[{"@type":"ListItem","position":1,"name":"Home","item":"https:\/\/vegaconsultants.no\/"},{"@type":"ListItem","position":2,"name":"Jobbs\u00f8ker","item":"https:\/\/vegaconsultants.no\/jobbsoker\/"},{"@type":"ListItem","position":3,"name":"Ledige stillinger","item":"https:\/\/vegaconsultants.no\/jobbsoker\/ledige-stillinger\/"},{"@type":"ListItem","position":4,"name":"Prosjektleder"}]},{"@type":"WebSite","@id":"https:\/\/vegaconsultants.no\/#website","url":"https:\/\/vegaconsultants.no\/","name":"Vega Consultants","description":"The right person for the right job","potentialAction":[{"@type":"SearchAction","target":{"@type":"EntryPoint","urlTemplate":"https:\/\/vegaconsultants.no\/?s={search_term_string}"},"query-input":{"@type":"PropertyValueSpecification","valueRequired":true,"valueName":"search_term_string"}}],"inLanguage":"en-GB"}]}},"_links":{"self":[{"href":"https:\/\/vegaconsultants.no\/en\/wp-json\/wp\/v2\/pages\/19607","targetHints":{"allow":["GET"]}}],"collection":[{"href":"https:\/\/vegaconsultants.no\/en\/wp-json\/wp\/v2\/pages"}],"about":[{"href":"https:\/\/vegaconsultants.no\/en\/wp-json\/wp\/v2\/types\/page"}],"author":[{"embeddable":true,"href":"https:\/\/vegaconsultants.no\/en\/wp-json\/wp\/v2\/users\/1"}],"replies":[{"embeddable":true,"href":"https:\/\/vegaconsultants.no\/en\/wp-json\/wp\/v2\/comments?post=19607"}],"version-history":[{"count":0,"href":"https:\/\/vegaconsultants.no\/en\/wp-json\/wp\/v2\/pages\/19607\/revisions"}],"up":[{"embeddable":true,"href":"https:\/\/vegaconsultants.no\/en\/wp-json\/wp\/v2\/pages\/4051"}],"wp:attachment":[{"href":"https:\/\/vegaconsultants.no\/en\/wp-json\/wp\/v2\/media?parent=19607"}],"curies":[{"name":"wp","href":"https:\/\/api.w.org\/{rel}","templated":true}]}}