{"id":19898,"date":"2024-04-18T15:24:53","date_gmt":"2024-04-18T13:24:53","guid":{"rendered":"https:\/\/vegaconsultant.wpenginepowered.com\/jobbsoker\/ledige-stillinger\/mc-commissioning-engineer-3002992\/"},"modified":"2024-04-18T15:24:53","modified_gmt":"2024-04-18T13:24:53","slug":"mc-commissioning-engineer-3002992","status":"publish","type":"page","link":"https:\/\/vegaconsultants.no\/en\/jobbsoker\/ledige-stillinger\/mc-commissioning-engineer-3002992\/","title":{"rendered":"MC\/Commissioning Engineer"},"content":{"rendered":"<div class='vacancy-detail'>\n<div class='bold'>Vega Consultants AS<\/div>\n<div class='bold'>MC\/Commissioning Engineer<\/div>\n<div class='vacancy-body'>\n<h3>Introduction<\/h3>\n<p><strong>Vi s\u00f8ker n\u00e5 etter dyktige MC\/Commissioning Engineers i Trondheim, Bergen, Oslo, Stavanger og Stord som kan bist\u00e5 v\u00e5re kunder i deres prosjekter. Vi kan tilby oppdrag b\u00e5de hos leverand\u00f8r og operat\u00f8r innen olje&#038;energi sektoren. Det er behov innen flere fagomr\u00e5der, deriblant EIT, Mechanical, Process.\u00a0<\/strong><\/p>\n<h3><\/h3>\n<h3>About the position:&nbsp;<\/h3>\n<p>Som commissioning engineer vil du ha ansvar for \u00e5 utvikle og gjennomf\u00f8re commissioning aktiviteter, planlegge og utf\u00f8re system og prosedyretester, delta i FAT, og ferdigstille prosjektet innen kundeleveranse.\u00a0<\/p>\n<h3><\/h3>\n<h3>Ansvarsomr\u00e5der og arbeidsoppgaver inkluderer:\u00a0<\/h3>\n<ul>\n<li>Utvikle og implementere commissioning strategier og planer i samarbeid med prosjektledelse og andre relevante interessenter p\u00e5 et multidisiplint niv\u00e5\u00a0<\/li>\n<li>Gjennomf\u00f8re tekniske vurderinger og risikovurderinger i forbindelse med commissioning aktiviteter\u00a0<\/li>\n<li>Overv\u00e5ke og kontrollere prosessene for funksjonstesting og systemintegrasjon\u00a0<\/li>\n<li>Planlegge og ta ansvar for endelig leveranse til kunde\u00a0<\/li>\n<\/ul>\n<p><\/p>\n<h3>\u00d8nskede kvalifikasjoner:<\/h3>\n<ul>\n<li>Relevant Bachelor\/Master\/Teknisk fagskole er en fordel. Lang erfaring kan kompensere for manglende formell utdannelse\u00a0<\/li>\n<li>Minimum 3 \u00e5rs erfaring fra commissioning aktiviteter i norske olje og gass prosjekt\u00a0<\/li>\n<li>Erfaring fra vedlikeholds- og modifikasjonsprosjekt er gunstig\u00a0<\/li>\n<li>Some positions require a valid offshore certificate\u00a0<\/li>\n<\/ul>\n<h3><\/h3>\n<h3>Personal characteristics:\u00a0<\/h3>\n<ul>\n<li>God samarbeidsvilje\u00a0<\/li>\n<li>Evne til \u00e5 jobbe med flere prosesser og aktiviteter samtidig\u00a0<\/li>\n<li>Fokus p\u00e5 HMS og sikker drift til enhver tid\u00a0<\/li>\n<li>Fluent in Norwegian and English, both written and spoken.\u00a0<\/li>\n<\/ul>\n<p><\/p>\n<p>Disse oppdragene er av 1-3 \u00e5rs varighet med muligheter for forlengelse.\u00a0<\/p>\n<p>As a consultant at Vega Consultants, you will receive competitive terms and conditions, and consistent follow-up throughout the course of your assignment.\u00a0<\/p>\n<p>Dersom du er en commissioning engineer og \u00f8nsker \u00e5 h\u00f8re mer om denne muligheten, ta gjerne kontakt med Kjersti Jonker, Tlf: 97704446, e-mail: kjersti.jonker@vegaconsultants.no! Kandidater vil bli vurdert fortl\u00f8pende.\u00a0\u00a0<\/p>\n<\/div>\n<div class='vega-button'><span><a href='https:\/\/secure.webtemp.no\/WebtempCVPortal\/startsession.aspx?page=stillingsingle&#038;k=169&#038;id_utleie=3002992' >More info\/search here<\/a><\/span><\/div>\n<p><\/p>\n<hr>\n<div>\n<h4>REFNR<\/h4>\n<p>402010<\/p><\/div>\n<div>\n<h4>POSITION TYPE<\/h4>\n<p>Full-time<br \/>Temporary position\/engagement<\/div>\n<div>\n<h4>ACCESSION<\/h4>\n<\/div>\n<div>\n<h4>APPLICATION DEADLINE<\/h4>\n<p>Candidates will be assessed on an ongoing basis.<\/p><\/div>\n<div class='vacancy-consultant'>\n<h4>CONTACT PERSON(S)<\/h4>\n<div>Grethe Borg<\/div>\n<div>90 52 19 29<\/div>\n<div>grethe.borg@vegaconsultants.no<\/div>\n<\/p><\/div>\n<\/div>","protected":false},"excerpt":{"rendered":"<p>Vega Consultants AS MC\/Commissioning Engineer Introduksjon Vi s\u00f8ker n\u00e5 etter dyktige MC\/Commissioning Engineers i Trondheim, Bergen, Oslo, Stavanger og Stord som kan bist\u00e5 v\u00e5re kunder i deres prosjekter. Vi kan tilby oppdrag b\u00e5de hos leverand\u00f8r og operat\u00f8r innen olje&#038;energi sektoren. Det er behov innen flere fagomr\u00e5der, deriblant EIT, Mechanical, Process.\u00a0 Om stillingen:&nbsp; Som commissioning engineer [&hellip;]<\/p>\n","protected":false},"author":1,"featured_media":0,"parent":4051,"menu_order":0,"comment_status":"closed","ping_status":"closed","template":"","meta":{"_et_pb_use_builder":"","_et_pb_old_content":"","_et_gb_content_width":"","footnotes":""},"class_list":["post-19898","page","type-page","status-publish","hentry"],"yoast_head":"<!-- This site is optimized with the Yoast SEO plugin v27.4 - https:\/\/yoast.com\/product\/yoast-seo-wordpress\/ -->\n<title>MC\/Commissioning Engineer - Vega Consultants<\/title>\n<meta name=\"robots\" content=\"index, follow, max-snippet:-1, max-image-preview:large, max-video-preview:-1\" \/>\n<link rel=\"canonical\" href=\"https:\/\/vegaconsultants.no\/en\/jobbsoker\/ledige-stillinger\/mc-commissioning-engineer-3002992\/\" \/>\n<meta property=\"og:locale\" content=\"en_GB\" \/>\n<meta property=\"og:type\" content=\"article\" \/>\n<meta property=\"og:title\" content=\"MC\/Commissioning Engineer - Vega Consultants\" \/>\n<meta property=\"og:description\" content=\"Vega Consultants AS MC\/Commissioning Engineer Introduksjon Vi s\u00f8ker n\u00e5 etter dyktige MC\/Commissioning Engineers i Trondheim, Bergen, Oslo, Stavanger og Stord som kan bist\u00e5 v\u00e5re kunder i deres prosjekter. Vi kan tilby oppdrag b\u00e5de hos leverand\u00f8r og operat\u00f8r innen olje&#038;energi sektoren. Det er behov innen flere fagomr\u00e5der, deriblant EIT, Mechanical, Process.\u00a0 Om stillingen:&nbsp; Som commissioning engineer [&hellip;]\" \/>\n<meta property=\"og:url\" content=\"https:\/\/vegaconsultants.no\/en\/jobbsoker\/ledige-stillinger\/mc-commissioning-engineer-3002992\/\" \/>\n<meta property=\"og:site_name\" content=\"Vega Consultants\" \/>\n<meta name=\"twitter:card\" content=\"summary_large_image\" \/>\n<meta name=\"twitter:label1\" content=\"Estimated reading time\" \/>\n\t<meta name=\"twitter:data1\" content=\"2 minutes\" \/>\n<script type=\"application\/ld+json\" class=\"yoast-schema-graph\">{\"@context\":\"https:\\\/\\\/schema.org\",\"@graph\":[{\"@type\":\"WebPage\",\"@id\":\"https:\\\/\\\/vegaconsultants.no\\\/jobbsoker\\\/ledige-stillinger\\\/mc-commissioning-engineer-3002992\\\/\",\"url\":\"https:\\\/\\\/vegaconsultants.no\\\/jobbsoker\\\/ledige-stillinger\\\/mc-commissioning-engineer-3002992\\\/\",\"name\":\"MC\\\/Commissioning Engineer - Vega Consultants\",\"isPartOf\":{\"@id\":\"https:\\\/\\\/vegaconsultants.no\\\/#website\"},\"datePublished\":\"2024-04-18T13:24:53+00:00\",\"breadcrumb\":{\"@id\":\"https:\\\/\\\/vegaconsultants.no\\\/jobbsoker\\\/ledige-stillinger\\\/mc-commissioning-engineer-3002992\\\/#breadcrumb\"},\"inLanguage\":\"en-GB\",\"potentialAction\":[{\"@type\":\"ReadAction\",\"target\":[\"https:\\\/\\\/vegaconsultants.no\\\/jobbsoker\\\/ledige-stillinger\\\/mc-commissioning-engineer-3002992\\\/\"]}]},{\"@type\":\"BreadcrumbList\",\"@id\":\"https:\\\/\\\/vegaconsultants.no\\\/jobbsoker\\\/ledige-stillinger\\\/mc-commissioning-engineer-3002992\\\/#breadcrumb\",\"itemListElement\":[{\"@type\":\"ListItem\",\"position\":1,\"name\":\"Home\",\"item\":\"https:\\\/\\\/vegaconsultants.no\\\/\"},{\"@type\":\"ListItem\",\"position\":2,\"name\":\"Jobbs\u00f8ker\",\"item\":\"https:\\\/\\\/vegaconsultants.no\\\/jobbsoker\\\/\"},{\"@type\":\"ListItem\",\"position\":3,\"name\":\"Ledige stillinger\",\"item\":\"https:\\\/\\\/vegaconsultants.no\\\/jobbsoker\\\/ledige-stillinger\\\/\"},{\"@type\":\"ListItem\",\"position\":4,\"name\":\"MC\\\/Commissioning Engineer\"}]},{\"@type\":\"WebSite\",\"@id\":\"https:\\\/\\\/vegaconsultants.no\\\/#website\",\"url\":\"https:\\\/\\\/vegaconsultants.no\\\/\",\"name\":\"Vega Consultants\",\"description\":\"Rett person p\u00e5 rett plass\",\"potentialAction\":[{\"@type\":\"SearchAction\",\"target\":{\"@type\":\"EntryPoint\",\"urlTemplate\":\"https:\\\/\\\/vegaconsultants.no\\\/?s={search_term_string}\"},\"query-input\":{\"@type\":\"PropertyValueSpecification\",\"valueRequired\":true,\"valueName\":\"search_term_string\"}}],\"inLanguage\":\"en-GB\"}]}<\/script>\n<!-- \/ Yoast SEO plugin. -->","yoast_head_json":{"title":"MC\/Commissioning Engineer - Vega Consultants","robots":{"index":"index","follow":"follow","max-snippet":"max-snippet:-1","max-image-preview":"max-image-preview:large","max-video-preview":"max-video-preview:-1"},"canonical":"https:\/\/vegaconsultants.no\/en\/jobbsoker\/ledige-stillinger\/mc-commissioning-engineer-3002992\/","og_locale":"en_GB","og_type":"article","og_title":"MC\/Commissioning Engineer - Vega Consultants","og_description":"Vega Consultants AS MC\/Commissioning Engineer Introduksjon Vi s\u00f8ker n\u00e5 etter dyktige MC\/Commissioning Engineers i Trondheim, Bergen, Oslo, Stavanger og Stord som kan bist\u00e5 v\u00e5re kunder i deres prosjekter. Vi kan tilby oppdrag b\u00e5de hos leverand\u00f8r og operat\u00f8r innen olje&#038;energi sektoren. Det er behov innen flere fagomr\u00e5der, deriblant EIT, Mechanical, Process.\u00a0 Om stillingen:&nbsp; Som commissioning engineer [&hellip;]","og_url":"https:\/\/vegaconsultants.no\/en\/jobbsoker\/ledige-stillinger\/mc-commissioning-engineer-3002992\/","og_site_name":"Vega Consultants","twitter_card":"summary_large_image","twitter_misc":{"Estimated reading time":"2 minutes"},"schema":{"@context":"https:\/\/schema.org","@graph":[{"@type":"WebPage","@id":"https:\/\/vegaconsultants.no\/jobbsoker\/ledige-stillinger\/mc-commissioning-engineer-3002992\/","url":"https:\/\/vegaconsultants.no\/jobbsoker\/ledige-stillinger\/mc-commissioning-engineer-3002992\/","name":"MC\/Commissioning Engineer - Vega Consultants","isPartOf":{"@id":"https:\/\/vegaconsultants.no\/#website"},"datePublished":"2024-04-18T13:24:53+00:00","breadcrumb":{"@id":"https:\/\/vegaconsultants.no\/jobbsoker\/ledige-stillinger\/mc-commissioning-engineer-3002992\/#breadcrumb"},"inLanguage":"en-GB","potentialAction":[{"@type":"ReadAction","target":["https:\/\/vegaconsultants.no\/jobbsoker\/ledige-stillinger\/mc-commissioning-engineer-3002992\/"]}]},{"@type":"BreadcrumbList","@id":"https:\/\/vegaconsultants.no\/jobbsoker\/ledige-stillinger\/mc-commissioning-engineer-3002992\/#breadcrumb","itemListElement":[{"@type":"ListItem","position":1,"name":"Home","item":"https:\/\/vegaconsultants.no\/"},{"@type":"ListItem","position":2,"name":"Jobbs\u00f8ker","item":"https:\/\/vegaconsultants.no\/jobbsoker\/"},{"@type":"ListItem","position":3,"name":"Ledige stillinger","item":"https:\/\/vegaconsultants.no\/jobbsoker\/ledige-stillinger\/"},{"@type":"ListItem","position":4,"name":"MC\/Commissioning Engineer"}]},{"@type":"WebSite","@id":"https:\/\/vegaconsultants.no\/#website","url":"https:\/\/vegaconsultants.no\/","name":"Vega Consultants","description":"The right person for the right job","potentialAction":[{"@type":"SearchAction","target":{"@type":"EntryPoint","urlTemplate":"https:\/\/vegaconsultants.no\/?s={search_term_string}"},"query-input":{"@type":"PropertyValueSpecification","valueRequired":true,"valueName":"search_term_string"}}],"inLanguage":"en-GB"}]}},"_links":{"self":[{"href":"https:\/\/vegaconsultants.no\/en\/wp-json\/wp\/v2\/pages\/19898","targetHints":{"allow":["GET"]}}],"collection":[{"href":"https:\/\/vegaconsultants.no\/en\/wp-json\/wp\/v2\/pages"}],"about":[{"href":"https:\/\/vegaconsultants.no\/en\/wp-json\/wp\/v2\/types\/page"}],"author":[{"embeddable":true,"href":"https:\/\/vegaconsultants.no\/en\/wp-json\/wp\/v2\/users\/1"}],"replies":[{"embeddable":true,"href":"https:\/\/vegaconsultants.no\/en\/wp-json\/wp\/v2\/comments?post=19898"}],"version-history":[{"count":0,"href":"https:\/\/vegaconsultants.no\/en\/wp-json\/wp\/v2\/pages\/19898\/revisions"}],"up":[{"embeddable":true,"href":"https:\/\/vegaconsultants.no\/en\/wp-json\/wp\/v2\/pages\/4051"}],"wp:attachment":[{"href":"https:\/\/vegaconsultants.no\/en\/wp-json\/wp\/v2\/media?parent=19898"}],"curies":[{"name":"wp","href":"https:\/\/api.w.org\/{rel}","templated":true}]}}