{"id":2,"date":"2019-08-19T12:22:35","date_gmt":"2019-08-19T10:22:35","guid":{"rendered":"https:\/\/vegaconsultant.wpenginepowered.com\/?page_id=2"},"modified":"2025-11-04T16:15:55","modified_gmt":"2025-11-04T15:15:55","slug":"blogg","status":"publish","type":"page","link":"https:\/\/vegaconsultants.no\/en\/blogg\/","title":{"rendered":"Blogg"},"content":{"rendered":"\n[et_pb_section fb_built=&raquo;1&#8243; _builder_version=&raquo;4.24.0&#8243; custom_padding=&raquo;35px||80px||false|&raquo; da_disable_devices=&raquo;off|off|off&raquo; global_colors_info=&raquo;{}&raquo; da_is_popup=&raquo;off&raquo; da_exit_intent=&raquo;off&raquo; da_has_close=&raquo;on&raquo; da_alt_close=&raquo;off&raquo; da_dark_close=&raquo;off&raquo; da_not_modal=&raquo;on&raquo; da_is_singular=&raquo;off&raquo; da_with_loader=&raquo;off&raquo; da_has_shadow=&raquo;on&raquo;][et_pb_row custom_padding_last_edited=&raquo;on|phone&raquo; _builder_version=&raquo;4.24.0&#8243; _module_preset=&raquo;default&raquo; width=&raquo;100%&raquo; max_width=&raquo;100%&raquo; custom_padding=&raquo;|12vw|21px|12vw|false|true&raquo; custom_padding_tablet=&raquo;|10vw||10vw|false|true&raquo; custom_padding_phone=&raquo;|10vw||10vw|false|true&raquo; global_colors_info=&raquo;{}&raquo;][et_pb_column type=&raquo;4_4&#8243; _builder_version=&raquo;4.23.4&#8243; _module_preset=&raquo;default&raquo; global_colors_info=&raquo;{}&raquo;][et_pb_text _builder_version=&raquo;4.24.0&#8243; _module_preset=&raquo;default&raquo; header_2_font=&raquo;||||||||&raquo; header_2_text_color=&raquo;#0087CD&raquo; max_width=&raquo;75%&raquo; max_width_tablet=&raquo;90%&raquo; max_width_phone=&raquo;90%&raquo; max_width_last_edited=&raquo;on|phone&raquo; inline_fonts=&raquo;Montserrat&raquo; global_colors_info=&raquo;{}&raquo;]<h2>V\u00e5re r\u00e5d og tips til\n arbeidsgivere og jobbs\u00f8kere<\/h2>[\/et_pb_text][\/et_pb_column][\/et_pb_row][et_pb_row custom_padding_last_edited=&raquo;on|phone&raquo; _builder_version=&raquo;4.27.4&#8243; width=&raquo;100%&raquo; max_width=&raquo;100%&raquo; module_alignment=&raquo;center&raquo; custom_padding=&raquo;|12vw||12vw|false|true&raquo; custom_padding_tablet=&raquo;|8vw||8vw|false|true&raquo; custom_padding_phone=&raquo;|10vw||10vw|false|true&raquo; global_colors_info=&raquo;{}&raquo;][et_pb_column type=&raquo;4_4&#8243; _builder_version=&raquo;4.16&#8243; custom_padding=&raquo;|||&raquo; global_colors_info=&raquo;{}&raquo; custom_padding__hover=&raquo;|||&raquo;][et_pb_blog fullwidth=&raquo;off&raquo; posts_number=&raquo;12&#8243; include_categories=&raquo;all&raquo; meta_date=&raquo;d.m.y&raquo; use_manual_excerpt=&raquo;off&raquo; excerpt_length=&raquo;0&#8243; show_author=&raquo;off&raquo; show_date=&raquo;off&raquo; show_categories=&raquo;off&raquo; show_pagination=&raquo;off&raquo; use_overlay=&raquo;on&raquo; overlay_icon_color=&raquo;#0086ca&raquo; hover_overlay_color=&raquo;rgba(255,255,255,0.7)&raquo; hover_icon=&raquo;&#x50;||divi||400&#8243; module_class=&raquo;mb_blogg_liste mb_custom_blog&raquo; _builder_version=&raquo;4.24.0&#8243; header_font=&raquo;Montserrat|600|||||||&raquo; header_text_align=&raquo;center&raquo; header_text_color=&raquo;#1F3142&#8243; header_font_size=&raquo;26px&raquo; body_font=&raquo;||||||||&raquo; meta_font=&raquo;||||||||&raquo; pagination_font=&raquo;||||||||&raquo; custom_margin=&raquo;||0px||false|false&raquo; custom_padding=&raquo;||0px||false|false&raquo; header_font_size_tablet=&raquo;22px&raquo; header_font_size_phone=&raquo;22px&raquo; header_font_size_last_edited=&raquo;on|desktop&raquo; border_width_all=&raquo;0px&raquo; border_color_all=&raquo;rgba(0,0,0,0)&raquo; border_style_all=&raquo;none&raquo; global_colors_info=&raquo;{}&raquo;][\/et_pb_blog][\/et_pb_column][\/et_pb_row][\/et_pb_section]\n","protected":false},"excerpt":{"rendered":"<p class=\"translation-block\">Resources for both employers and jobseekers<\/p>","protected":false},"author":1,"featured_media":0,"parent":0,"menu_order":0,"comment_status":"closed","ping_status":"closed","template":"","meta":{"_et_pb_use_builder":"on","_et_pb_old_content":"<!-- wp:paragraph -->\r\n<p>This is an example page. It's different from a blog post because it will stay in one place and will show up in your site navigation (in most themes). Most people start with an About page that introduces them to potential site visitors. It might say something like this:<\/p>\r\n<!-- \/wp:paragraph --><!-- wp:quote -->\r\n<blockquote class=\"wp-block-quote\">\r\n<p>Hi there! I'm a bike messenger by day, aspiring actor by night, and this is my website. I live in Los Angeles, have a great dog named Jack, and I like pi\u00f1a coladas. (And gettin' caught in the rain.)<\/p>\r\n<\/blockquote>\r\n<!-- \/wp:quote --><!-- wp:paragraph -->\r\n<p>...or something like this:<\/p>\r\n<!-- \/wp:paragraph --><!-- wp:quote -->\r\n<blockquote class=\"wp-block-quote\">\r\n<p>The XYZ Doohickey Company was founded in 1971, and has been providing quality doohickeys to the public ever since. Located in Gotham City, XYZ employs over 2,000 people and does all kinds of awesome things for the Gotham community.<\/p>\r\n<\/blockquote>\r\n<!-- \/wp:quote --><!-- wp:paragraph -->\r\n<p>As a new WordPress user, you should go to <a href=\"https:\/\/vegaconsultants.no\/wp-admin\/\">your dashboard<\/a> to delete this page and create new pages for your content. Have fun!<\/p>\r\n<!-- \/wp:paragraph -->","_et_gb_content_width":"","footnotes":""},"class_list":["post-2","page","type-page","status-publish","hentry"],"yoast_head":"<!-- This site is optimized with the Yoast SEO plugin v27.3 - https:\/\/yoast.com\/product\/yoast-seo-wordpress\/ -->\n<title>R\u00e5d og tips til arbeidsgivere og jobbs\u00f8kere<\/title>\n<meta name=\"description\" content=\"Bli informert ved \u00e5 lese v\u00e5r blogg ang\u00e5ende tips og r\u00e5d til deg som jobbs\u00f8ker \/ arbeidsgiver. Vi hjelper med rekruttering og bemanning.\" \/>\n<meta name=\"robots\" content=\"index, follow, max-snippet:-1, max-image-preview:large, max-video-preview:-1\" \/>\n<link rel=\"canonical\" href=\"https:\/\/vegaconsultants.no\/en\/blogg\/\" \/>\n<meta property=\"og:locale\" content=\"en_GB\" \/>\n<meta property=\"og:type\" content=\"article\" \/>\n<meta property=\"og:title\" content=\"R\u00e5d og tips til arbeidsgivere og jobbs\u00f8kere\" \/>\n<meta property=\"og:description\" content=\"Bli informert ved \u00e5 lese v\u00e5r blogg ang\u00e5ende tips og r\u00e5d til deg som jobbs\u00f8ker \/ arbeidsgiver. Vi hjelper med rekruttering og bemanning.\" \/>\n<meta property=\"og:url\" content=\"https:\/\/vegaconsultants.no\/en\/blogg\/\" \/>\n<meta property=\"og:site_name\" content=\"Vega Consultants\" \/>\n<meta property=\"article:modified_time\" content=\"2025-11-04T15:15:55+00:00\" \/>\n<meta name=\"twitter:card\" content=\"summary_large_image\" \/>\n<meta name=\"twitter:label1\" content=\"Estimated reading time\" \/>\n\t<meta name=\"twitter:data1\" content=\"2 minutes\" \/>\n<script type=\"application\/ld+json\" class=\"yoast-schema-graph\">{\"@context\":\"https:\\\/\\\/schema.org\",\"@graph\":[{\"@type\":[\"WebPage\",\"CollectionPage\"],\"@id\":\"https:\\\/\\\/vegaconsultants.no\\\/blogg\\\/\",\"url\":\"https:\\\/\\\/vegaconsultants.no\\\/blogg\\\/\",\"name\":\"R\u00e5d og tips til arbeidsgivere og jobbs\u00f8kere\",\"isPartOf\":{\"@id\":\"https:\\\/\\\/vegaconsultants.no\\\/#website\"},\"datePublished\":\"2019-08-19T10:22:35+00:00\",\"dateModified\":\"2025-11-04T15:15:55+00:00\",\"description\":\"Bli informert ved \u00e5 lese v\u00e5r blogg ang\u00e5ende tips og r\u00e5d til deg som jobbs\u00f8ker \\\/ arbeidsgiver. Vi hjelper med rekruttering og bemanning.\",\"breadcrumb\":{\"@id\":\"https:\\\/\\\/vegaconsultants.no\\\/blogg\\\/#breadcrumb\"},\"inLanguage\":\"en-GB\"},{\"@type\":\"BreadcrumbList\",\"@id\":\"https:\\\/\\\/vegaconsultants.no\\\/blogg\\\/#breadcrumb\",\"itemListElement\":[{\"@type\":\"ListItem\",\"position\":1,\"name\":\"Home\",\"item\":\"https:\\\/\\\/vegaconsultants.no\\\/\"},{\"@type\":\"ListItem\",\"position\":2,\"name\":\"Blogg\"}]},{\"@type\":\"WebSite\",\"@id\":\"https:\\\/\\\/vegaconsultants.no\\\/#website\",\"url\":\"https:\\\/\\\/vegaconsultants.no\\\/\",\"name\":\"Vega Consultants\",\"description\":\"Rett person p\u00e5 rett plass\",\"potentialAction\":[{\"@type\":\"SearchAction\",\"target\":{\"@type\":\"EntryPoint\",\"urlTemplate\":\"https:\\\/\\\/vegaconsultants.no\\\/?s={search_term_string}\"},\"query-input\":{\"@type\":\"PropertyValueSpecification\",\"valueRequired\":true,\"valueName\":\"search_term_string\"}}],\"inLanguage\":\"en-GB\"}]}<\/script>\n<!-- \/ Yoast SEO plugin. -->","yoast_head_json":{"title":"R\u00e5d og tips til arbeidsgivere og jobbs\u00f8kere","description":"Bli informert ved \u00e5 lese v\u00e5r blogg ang\u00e5ende tips og r\u00e5d til deg som jobbs\u00f8ker \/ arbeidsgiver. Vi hjelper med rekruttering og bemanning.","robots":{"index":"index","follow":"follow","max-snippet":"max-snippet:-1","max-image-preview":"max-image-preview:large","max-video-preview":"max-video-preview:-1"},"canonical":"https:\/\/vegaconsultants.no\/en\/blogg\/","og_locale":"en_GB","og_type":"article","og_title":"R\u00e5d og tips til arbeidsgivere og jobbs\u00f8kere","og_description":"Bli informert ved \u00e5 lese v\u00e5r blogg ang\u00e5ende tips og r\u00e5d til deg som jobbs\u00f8ker \/ arbeidsgiver. Vi hjelper med rekruttering og bemanning.","og_url":"https:\/\/vegaconsultants.no\/en\/blogg\/","og_site_name":"Vega Consultants","article_modified_time":"2025-11-04T15:15:55+00:00","twitter_card":"summary_large_image","twitter_misc":{"Estimated reading time":"2 minutes"},"schema":{"@context":"https:\/\/schema.org","@graph":[{"@type":["WebPage","CollectionPage"],"@id":"https:\/\/vegaconsultants.no\/blogg\/","url":"https:\/\/vegaconsultants.no\/blogg\/","name":"R\u00e5d og tips til arbeidsgivere og jobbs\u00f8kere","isPartOf":{"@id":"https:\/\/vegaconsultants.no\/#website"},"datePublished":"2019-08-19T10:22:35+00:00","dateModified":"2025-11-04T15:15:55+00:00","description":"Bli informert ved \u00e5 lese v\u00e5r blogg ang\u00e5ende tips og r\u00e5d til deg som jobbs\u00f8ker \/ arbeidsgiver. Vi hjelper med rekruttering og bemanning.","breadcrumb":{"@id":"https:\/\/vegaconsultants.no\/blogg\/#breadcrumb"},"inLanguage":"en-GB"},{"@type":"BreadcrumbList","@id":"https:\/\/vegaconsultants.no\/blogg\/#breadcrumb","itemListElement":[{"@type":"ListItem","position":1,"name":"Home","item":"https:\/\/vegaconsultants.no\/"},{"@type":"ListItem","position":2,"name":"Blogg"}]},{"@type":"WebSite","@id":"https:\/\/vegaconsultants.no\/#website","url":"https:\/\/vegaconsultants.no\/","name":"Vega Consultants","description":"The right person for the right job","potentialAction":[{"@type":"SearchAction","target":{"@type":"EntryPoint","urlTemplate":"https:\/\/vegaconsultants.no\/?s={search_term_string}"},"query-input":{"@type":"PropertyValueSpecification","valueRequired":true,"valueName":"search_term_string"}}],"inLanguage":"en-GB"}]}},"_links":{"self":[{"href":"https:\/\/vegaconsultants.no\/en\/wp-json\/wp\/v2\/pages\/2","targetHints":{"allow":["GET"]}}],"collection":[{"href":"https:\/\/vegaconsultants.no\/en\/wp-json\/wp\/v2\/pages"}],"about":[{"href":"https:\/\/vegaconsultants.no\/en\/wp-json\/wp\/v2\/types\/page"}],"author":[{"embeddable":true,"href":"https:\/\/vegaconsultants.no\/en\/wp-json\/wp\/v2\/users\/1"}],"replies":[{"embeddable":true,"href":"https:\/\/vegaconsultants.no\/en\/wp-json\/wp\/v2\/comments?post=2"}],"version-history":[{"count":0,"href":"https:\/\/vegaconsultants.no\/en\/wp-json\/wp\/v2\/pages\/2\/revisions"}],"wp:attachment":[{"href":"https:\/\/vegaconsultants.no\/en\/wp-json\/wp\/v2\/media?parent=2"}],"curies":[{"name":"wp","href":"https:\/\/api.w.org\/{rel}","templated":true}]}}