{"id":21153,"date":"2024-09-02T23:12:07","date_gmt":"2024-09-02T21:12:07","guid":{"rendered":"https:\/\/vegaconsultants.no\/jobbsoker\/ledige-stillinger\/administrasjon-hr-okonomi-3003554\/"},"modified":"2024-09-02T23:12:07","modified_gmt":"2024-09-02T21:12:07","slug":"administrasjon-hr-okonomi-3003554","status":"publish","type":"page","link":"https:\/\/vegaconsultants.no\/en\/jobbsoker\/ledige-stillinger\/administrasjon-hr-okonomi-3003554\/","title":{"rendered":"Administrasjon\/HR\/\u00d8konomi"},"content":{"rendered":"<div class='vacancy-detail'>\n<div class='bold'>Vega Consultants AS<\/div>\n<div class='bold'>Administrasjon\/HR\/\u00d8konomi<\/div>\n<div class='vacancy-body'>\n<h3>Ute etter spennende stilling innen administrasjon, HR eller \u00f8konomi?<\/h3>\n<p>Vi venter stor aktivitet hos kundene v\u00e5re i olje og gass sektoren til h\u00f8sten, og allerede n\u00e5 er vi p\u00e5 utkikk etter deg med erfaring innen administrasjon\/HR\/\u00f8konomi. Aktuelle lokasjoner er Stavanger, Bergen og Oslo.<\/p>\n<p>Konsulentoppdrag er en glimrende m\u00e5te \u00e5 videreutvikle karrieren, og det vil finnes en rekke muligheter innenfor dette segmentet, som for eksempel:&nbsp;<\/p>\n<p><\/p>\n<ul>\n<li>Prosjektkoordinator<\/li>\n<li>Kostkontroller<\/li>\n<li>HR koordinator\/administrator<\/li>\n<li>Ressurskoordinator<\/li>\n<li>HR r\u00e5dgiver<\/li>\n<\/ul>\n<p><\/p>\n<h3>Vi s\u00f8ker derfor deg som har:&nbsp;<\/h3>\n<ul>\n<li>Minimum 4-5 \u00e5rs erfaring innen \u00f8konomi\/administrasjon\/HR, gjerne fra st\u00f8rre selskap<\/li>\n<li>Utdannelse innen \u00f8konomi\/administrasjon\/HR er et pluss, men erfaring kan kompensere for dette<\/li>\n<li>Flytende norsk og engelsk, b\u00e5de skriftlig og muntlig<\/li>\n<\/ul>\n<p><\/p>\n<h3>Er dette deg?&nbsp;<\/h3>\n<p>Hvis du er interessert, ber vi at du sender oss CVen din. Har du en relevant bakgrunn, tar vi kontakt med deg fortl\u00f8pende for \u00e5 h\u00f8re mer om hva du har lyst til \u00e5 jobbe med, og eventuelt snakke om spesifikke stillinger vi har inne som kan v\u00e6re for deg.&nbsp;<\/p>\n<p><\/p>\n<p>Vi gleder oss til \u00e5 h\u00f8re fra deg!&nbsp;<\/p>\n<p>\n<\/div>\n<div class='vega-button'><span><a href='https:\/\/secure.webtemp.no\/WebtempCVPortal\/startsession.aspx?page=stillingsingle&amp;k=169&amp;id_utleie=3003554'>Mer info\/s\u00f8k her<\/a><\/span><\/div>\n<p><\/p>\n<hr>\n<div>\n<h4>REFNR<\/h4>\n<p>402512<\/p><\/div>\n<div>\n<h4>STILLINGSTYPE<\/h4>\n<p>Heltid<br \/>Vikariat\/engasjement<\/div>\n<div>\n<h4>S\u00d8KNADSFRIST<\/h4>\n<p>Kand. vurdert fortl\u00f8pende<\/p><\/div>\n<div class='vacancy-consultant'>\n<h4>KONTAKTPERSON(ER)<\/h4>\n<div>Leah Jespersen<\/div>\n<div>41 33 29 39<\/div>\n<div>leah.jespersen@vegaconsultants.no<\/div>\n<\/div>\n<\/div>","protected":false},"excerpt":{"rendered":"<p>Vega Consultants AS Administrasjon\/HR\/\u00d8konomi Ute etter spennende stilling innen administrasjon, HR eller \u00f8konomi? Vi venter stor aktivitet hos kundene v\u00e5re i olje og gass sektoren til h\u00f8sten, og allerede n\u00e5 er vi p\u00e5 utkikk etter deg med erfaring innen administrasjon\/HR\/\u00f8konomi. Aktuelle lokasjoner er Stavanger, Bergen og Oslo. Konsulentoppdrag er en glimrende m\u00e5te \u00e5 videreutvikle karrieren, [&hellip;]<\/p>\n","protected":false},"author":1,"featured_media":0,"parent":4051,"menu_order":0,"comment_status":"closed","ping_status":"closed","template":"","meta":{"_et_pb_use_builder":"","_et_pb_old_content":"","_et_gb_content_width":"","footnotes":""},"class_list":["post-21153","page","type-page","status-publish","hentry"],"yoast_head":"<!-- This site is optimized with the Yoast SEO plugin v27.3 - https:\/\/yoast.com\/product\/yoast-seo-wordpress\/ -->\n<title>Administrasjon\/HR\/\u00d8konomi - Vega Consultants<\/title>\n<meta name=\"robots\" content=\"index, follow, max-snippet:-1, max-image-preview:large, max-video-preview:-1\" \/>\n<link rel=\"canonical\" href=\"https:\/\/vegaconsultants.no\/en\/jobbsoker\/ledige-stillinger\/administrasjon-hr-okonomi-3003554\/\" \/>\n<meta property=\"og:locale\" content=\"en_GB\" \/>\n<meta property=\"og:type\" content=\"article\" \/>\n<meta property=\"og:title\" content=\"Administrasjon\/HR\/\u00d8konomi - Vega Consultants\" \/>\n<meta property=\"og:description\" content=\"Vega Consultants AS Administrasjon\/HR\/\u00d8konomi Ute etter spennende stilling innen administrasjon, HR eller \u00f8konomi? Vi venter stor aktivitet hos kundene v\u00e5re i olje og gass sektoren til h\u00f8sten, og allerede n\u00e5 er vi p\u00e5 utkikk etter deg med erfaring innen administrasjon\/HR\/\u00f8konomi. Aktuelle lokasjoner er Stavanger, Bergen og Oslo. Konsulentoppdrag er en glimrende m\u00e5te \u00e5 videreutvikle karrieren, [&hellip;]\" \/>\n<meta property=\"og:url\" content=\"https:\/\/vegaconsultants.no\/en\/jobbsoker\/ledige-stillinger\/administrasjon-hr-okonomi-3003554\/\" \/>\n<meta property=\"og:site_name\" content=\"Vega Consultants\" \/>\n<meta name=\"twitter:card\" content=\"summary_large_image\" \/>\n<meta name=\"twitter:label1\" content=\"Estimated reading time\" \/>\n\t<meta name=\"twitter:data1\" content=\"1 minute\" \/>\n<script type=\"application\/ld+json\" class=\"yoast-schema-graph\">{\"@context\":\"https:\\\/\\\/schema.org\",\"@graph\":[{\"@type\":\"WebPage\",\"@id\":\"https:\\\/\\\/vegaconsultants.no\\\/jobbsoker\\\/ledige-stillinger\\\/administrasjon-hr-okonomi-3003554\\\/\",\"url\":\"https:\\\/\\\/vegaconsultants.no\\\/jobbsoker\\\/ledige-stillinger\\\/administrasjon-hr-okonomi-3003554\\\/\",\"name\":\"Administrasjon\\\/HR\\\/\u00d8konomi - Vega Consultants\",\"isPartOf\":{\"@id\":\"https:\\\/\\\/vegaconsultants.no\\\/#website\"},\"datePublished\":\"2024-09-02T21:12:07+00:00\",\"breadcrumb\":{\"@id\":\"https:\\\/\\\/vegaconsultants.no\\\/jobbsoker\\\/ledige-stillinger\\\/administrasjon-hr-okonomi-3003554\\\/#breadcrumb\"},\"inLanguage\":\"en-GB\",\"potentialAction\":[{\"@type\":\"ReadAction\",\"target\":[\"https:\\\/\\\/vegaconsultants.no\\\/jobbsoker\\\/ledige-stillinger\\\/administrasjon-hr-okonomi-3003554\\\/\"]}]},{\"@type\":\"BreadcrumbList\",\"@id\":\"https:\\\/\\\/vegaconsultants.no\\\/jobbsoker\\\/ledige-stillinger\\\/administrasjon-hr-okonomi-3003554\\\/#breadcrumb\",\"itemListElement\":[{\"@type\":\"ListItem\",\"position\":1,\"name\":\"Home\",\"item\":\"https:\\\/\\\/vegaconsultants.no\\\/\"},{\"@type\":\"ListItem\",\"position\":2,\"name\":\"Jobbs\u00f8ker\",\"item\":\"https:\\\/\\\/vegaconsultants.no\\\/jobbsoker\\\/\"},{\"@type\":\"ListItem\",\"position\":3,\"name\":\"Ledige stillinger\",\"item\":\"https:\\\/\\\/vegaconsultants.no\\\/jobbsoker\\\/ledige-stillinger\\\/\"},{\"@type\":\"ListItem\",\"position\":4,\"name\":\"Administrasjon\\\/HR\\\/\u00d8konomi\"}]},{\"@type\":\"WebSite\",\"@id\":\"https:\\\/\\\/vegaconsultants.no\\\/#website\",\"url\":\"https:\\\/\\\/vegaconsultants.no\\\/\",\"name\":\"Vega Consultants\",\"description\":\"Rett person p\u00e5 rett plass\",\"potentialAction\":[{\"@type\":\"SearchAction\",\"target\":{\"@type\":\"EntryPoint\",\"urlTemplate\":\"https:\\\/\\\/vegaconsultants.no\\\/?s={search_term_string}\"},\"query-input\":{\"@type\":\"PropertyValueSpecification\",\"valueRequired\":true,\"valueName\":\"search_term_string\"}}],\"inLanguage\":\"en-GB\"}]}<\/script>\n<!-- \/ Yoast SEO plugin. -->","yoast_head_json":{"title":"Administrasjon\/HR\/\u00d8konomi - Vega Consultants","robots":{"index":"index","follow":"follow","max-snippet":"max-snippet:-1","max-image-preview":"max-image-preview:large","max-video-preview":"max-video-preview:-1"},"canonical":"https:\/\/vegaconsultants.no\/en\/jobbsoker\/ledige-stillinger\/administrasjon-hr-okonomi-3003554\/","og_locale":"en_GB","og_type":"article","og_title":"Administrasjon\/HR\/\u00d8konomi - Vega Consultants","og_description":"Vega Consultants AS Administrasjon\/HR\/\u00d8konomi Ute etter spennende stilling innen administrasjon, HR eller \u00f8konomi? Vi venter stor aktivitet hos kundene v\u00e5re i olje og gass sektoren til h\u00f8sten, og allerede n\u00e5 er vi p\u00e5 utkikk etter deg med erfaring innen administrasjon\/HR\/\u00f8konomi. Aktuelle lokasjoner er Stavanger, Bergen og Oslo. Konsulentoppdrag er en glimrende m\u00e5te \u00e5 videreutvikle karrieren, [&hellip;]","og_url":"https:\/\/vegaconsultants.no\/en\/jobbsoker\/ledige-stillinger\/administrasjon-hr-okonomi-3003554\/","og_site_name":"Vega Consultants","twitter_card":"summary_large_image","twitter_misc":{"Estimated reading time":"1 minute"},"schema":{"@context":"https:\/\/schema.org","@graph":[{"@type":"WebPage","@id":"https:\/\/vegaconsultants.no\/jobbsoker\/ledige-stillinger\/administrasjon-hr-okonomi-3003554\/","url":"https:\/\/vegaconsultants.no\/jobbsoker\/ledige-stillinger\/administrasjon-hr-okonomi-3003554\/","name":"Administrasjon\/HR\/\u00d8konomi - Vega Consultants","isPartOf":{"@id":"https:\/\/vegaconsultants.no\/#website"},"datePublished":"2024-09-02T21:12:07+00:00","breadcrumb":{"@id":"https:\/\/vegaconsultants.no\/jobbsoker\/ledige-stillinger\/administrasjon-hr-okonomi-3003554\/#breadcrumb"},"inLanguage":"en-GB","potentialAction":[{"@type":"ReadAction","target":["https:\/\/vegaconsultants.no\/jobbsoker\/ledige-stillinger\/administrasjon-hr-okonomi-3003554\/"]}]},{"@type":"BreadcrumbList","@id":"https:\/\/vegaconsultants.no\/jobbsoker\/ledige-stillinger\/administrasjon-hr-okonomi-3003554\/#breadcrumb","itemListElement":[{"@type":"ListItem","position":1,"name":"Home","item":"https:\/\/vegaconsultants.no\/"},{"@type":"ListItem","position":2,"name":"Jobbs\u00f8ker","item":"https:\/\/vegaconsultants.no\/jobbsoker\/"},{"@type":"ListItem","position":3,"name":"Ledige stillinger","item":"https:\/\/vegaconsultants.no\/jobbsoker\/ledige-stillinger\/"},{"@type":"ListItem","position":4,"name":"Administrasjon\/HR\/\u00d8konomi"}]},{"@type":"WebSite","@id":"https:\/\/vegaconsultants.no\/#website","url":"https:\/\/vegaconsultants.no\/","name":"Vega Consultants","description":"The right person for the right job","potentialAction":[{"@type":"SearchAction","target":{"@type":"EntryPoint","urlTemplate":"https:\/\/vegaconsultants.no\/?s={search_term_string}"},"query-input":{"@type":"PropertyValueSpecification","valueRequired":true,"valueName":"search_term_string"}}],"inLanguage":"en-GB"}]}},"_links":{"self":[{"href":"https:\/\/vegaconsultants.no\/en\/wp-json\/wp\/v2\/pages\/21153","targetHints":{"allow":["GET"]}}],"collection":[{"href":"https:\/\/vegaconsultants.no\/en\/wp-json\/wp\/v2\/pages"}],"about":[{"href":"https:\/\/vegaconsultants.no\/en\/wp-json\/wp\/v2\/types\/page"}],"author":[{"embeddable":true,"href":"https:\/\/vegaconsultants.no\/en\/wp-json\/wp\/v2\/users\/1"}],"replies":[{"embeddable":true,"href":"https:\/\/vegaconsultants.no\/en\/wp-json\/wp\/v2\/comments?post=21153"}],"version-history":[{"count":0,"href":"https:\/\/vegaconsultants.no\/en\/wp-json\/wp\/v2\/pages\/21153\/revisions"}],"up":[{"embeddable":true,"href":"https:\/\/vegaconsultants.no\/en\/wp-json\/wp\/v2\/pages\/4051"}],"wp:attachment":[{"href":"https:\/\/vegaconsultants.no\/en\/wp-json\/wp\/v2\/media?parent=21153"}],"curies":[{"name":"wp","href":"https:\/\/api.w.org\/{rel}","templated":true}]}}