{"id":21161,"date":"2024-09-01T23:15:56","date_gmt":"2024-09-01T21:15:56","guid":{"rendered":"https:\/\/vegaconsultants.no\/jobbsoker\/ledige-stillinger\/senior-process-engineer-3003589\/"},"modified":"2024-09-01T23:15:56","modified_gmt":"2024-09-01T21:15:56","slug":"senior-process-engineer-3003589","status":"publish","type":"page","link":"https:\/\/vegaconsultants.no\/en\/jobbsoker\/ledige-stillinger\/senior-process-engineer-3003589\/","title":{"rendered":"Senior Process Engineer"},"content":{"rendered":"<div class='vacancy-detail'>\n<div class='bold'>Vega Consultants AS<\/div>\n<div class='bold'>Senior Process Engineer<\/div>\n<div class='vacancy-body'>\n<p>For an exciting assignment at our client, an oil and gas operator, we are now looking for a Senior Process Engineer. The consultant will be responsible for&nbsp;<\/p>\n<p>to follow up on modifications on behalf of assets from pre-DG0 to DG4 as well as the Mods Task Force to ensure that projects are implemented and delivered with a focus on quality and safety.<\/p>\n<h3>Areas of responsibility:\u00a0<\/h3>\n<ul>\n<li>Follow up on modification projects from order to handover, to relieve the asset, ensure closer dialogue and interaction with the modification alliance.<\/li>\n<li>Ensure that projects are delivered to the right quality according to norms and requirements<\/li>\n<li>Assist projects in handling deviations where norms and requirements are not possible or appropriate<\/li>\n<li>Ensure that projects are delivered in line with our strategies within digitalization, remote first and new ways of working<\/li>\n<li>Ensure close dialogue with asset engineering.<\/li>\n<li>Participate in FAT, documentation review and various reviews\u00ab<\/li>\n<li>Ensure that the on-site role is taken care of, quality control<\/li>\n<li>Collaborate with portfolio managers to look at opportunities to streamline the implementation of projects for campaigns.<\/li>\n<li>Support assets and projects as needed, task force, simplified mods, input to studies, etc.<\/li>\n<\/ul>\n<p><\/p>\n<h3>Qualifications:<\/h3>\n<ul>\n<li>Seek new solutions and new ways of working<\/li>\n<li>Self-driven, good collaboration skills, proactive, interaction<\/li>\n<li>You enjoy working in a team and communicate well and effectively.<\/li>\n<li>Minimum 5-10 years of experience in engineering<\/li>\n<li>Experience from onshore\/offshore operations\/maintenance is desirable<\/li>\n<li>Ambassador \u2013 be a role model<\/li>\n<li>Must be fluent in English - written and spoken.<\/li>\n<\/ul>\n<p><\/p>\n<p>Contract duration: 02\/09\/2024 (by agreement) \u2013 01\/09\/2026<\/p>\n<p>Location: Stavanger<\/p>\n<p><\/p>\n<p>For questions related to the role, please contact Kjersti Jonker, +47 97704446, kjersti.jonker@vegaconsultants.no.\u00a0<\/p>\n<\/div>\n<div class='vega-button'><span><a href='https:\/\/secure.webtemp.no\/WebtempCVPortal\/startsession.aspx?page=stillingsingle&amp;k=169&amp;id_utleie=3003589'>More info\/search here<\/a><\/span><\/div>\n<p><\/p>\n<hr>\n<div>\n<h4>REFNR<\/h4>\n<p>402542<\/p><\/div>\n<div>\n<h4>POSITION TYPE<\/h4>\n<p>Full-time<br \/>Temporary position\/engagement<\/div>\n<div>\n<h4>APPLICATION DEADLINE<\/h4>\n<p>23.06.24 Candidates will be reviewed continuously<\/p><\/div>\n<div class='vacancy-consultant'>\n<h4>CONTACT PERSON(S)<\/h4>\n<div>Sarah Svab\u00f8<\/div>\n<div>45 68 08 50<\/div>\n<div>sarah.svabo@vegaconsultants.no<\/div>\n<\/div>\n<\/div>","protected":false},"excerpt":{"rendered":"<p>Vega Consultants AS Senior Process Engineer For spennende oppdrag hos v\u00e5r kunde, en olje og gass operat\u00f8r, s\u00f8ker vi n\u00e5 en Senior Process Engineer. Konsulenten vil f\u00e5 ansvar for&nbsp; \u00e5 f\u00f8lge opp modifikasjoner p\u00e5 vegne av asset fra pre-DG0 til DG4 samt Mods Task Force for \u00e5 sikre at prosjektene gjennomf\u00f8res og leveres med fokus [&hellip;]<\/p>\n","protected":false},"author":1,"featured_media":0,"parent":4051,"menu_order":0,"comment_status":"closed","ping_status":"closed","template":"","meta":{"_et_pb_use_builder":"","_et_pb_old_content":"","_et_gb_content_width":"","footnotes":""},"class_list":["post-21161","page","type-page","status-publish","hentry"],"yoast_head":"<!-- This site is optimized with the Yoast SEO plugin v27.4 - https:\/\/yoast.com\/product\/yoast-seo-wordpress\/ -->\n<title>Senior Process Engineer - Vega Consultants<\/title>\n<meta name=\"robots\" content=\"index, follow, max-snippet:-1, max-image-preview:large, max-video-preview:-1\" \/>\n<link rel=\"canonical\" href=\"https:\/\/vegaconsultants.no\/en\/jobbsoker\/ledige-stillinger\/senior-process-engineer-3003589\/\" \/>\n<meta property=\"og:locale\" content=\"en_GB\" \/>\n<meta property=\"og:type\" content=\"article\" \/>\n<meta property=\"og:title\" content=\"Senior Process Engineer - Vega Consultants\" \/>\n<meta property=\"og:description\" content=\"Vega Consultants AS Senior Process Engineer For spennende oppdrag hos v\u00e5r kunde, en olje og gass operat\u00f8r, s\u00f8ker vi n\u00e5 en Senior Process Engineer. Konsulenten vil f\u00e5 ansvar for&nbsp; \u00e5 f\u00f8lge opp modifikasjoner p\u00e5 vegne av asset fra pre-DG0 til DG4 samt Mods Task Force for \u00e5 sikre at prosjektene gjennomf\u00f8res og leveres med fokus [&hellip;]\" \/>\n<meta property=\"og:url\" content=\"https:\/\/vegaconsultants.no\/en\/jobbsoker\/ledige-stillinger\/senior-process-engineer-3003589\/\" \/>\n<meta property=\"og:site_name\" content=\"Vega Consultants\" \/>\n<meta name=\"twitter:card\" content=\"summary_large_image\" \/>\n<meta name=\"twitter:label1\" content=\"Estimated reading time\" \/>\n\t<meta name=\"twitter:data1\" content=\"1 minute\" \/>\n<script type=\"application\/ld+json\" class=\"yoast-schema-graph\">{\"@context\":\"https:\\\/\\\/schema.org\",\"@graph\":[{\"@type\":\"WebPage\",\"@id\":\"https:\\\/\\\/vegaconsultants.no\\\/jobbsoker\\\/ledige-stillinger\\\/senior-process-engineer-3003589\\\/\",\"url\":\"https:\\\/\\\/vegaconsultants.no\\\/jobbsoker\\\/ledige-stillinger\\\/senior-process-engineer-3003589\\\/\",\"name\":\"Senior Process Engineer - Vega Consultants\",\"isPartOf\":{\"@id\":\"https:\\\/\\\/vegaconsultants.no\\\/#website\"},\"datePublished\":\"2024-09-01T21:15:56+00:00\",\"breadcrumb\":{\"@id\":\"https:\\\/\\\/vegaconsultants.no\\\/jobbsoker\\\/ledige-stillinger\\\/senior-process-engineer-3003589\\\/#breadcrumb\"},\"inLanguage\":\"en-GB\",\"potentialAction\":[{\"@type\":\"ReadAction\",\"target\":[\"https:\\\/\\\/vegaconsultants.no\\\/jobbsoker\\\/ledige-stillinger\\\/senior-process-engineer-3003589\\\/\"]}]},{\"@type\":\"BreadcrumbList\",\"@id\":\"https:\\\/\\\/vegaconsultants.no\\\/jobbsoker\\\/ledige-stillinger\\\/senior-process-engineer-3003589\\\/#breadcrumb\",\"itemListElement\":[{\"@type\":\"ListItem\",\"position\":1,\"name\":\"Home\",\"item\":\"https:\\\/\\\/vegaconsultants.no\\\/\"},{\"@type\":\"ListItem\",\"position\":2,\"name\":\"Jobbs\u00f8ker\",\"item\":\"https:\\\/\\\/vegaconsultants.no\\\/jobbsoker\\\/\"},{\"@type\":\"ListItem\",\"position\":3,\"name\":\"Ledige stillinger\",\"item\":\"https:\\\/\\\/vegaconsultants.no\\\/jobbsoker\\\/ledige-stillinger\\\/\"},{\"@type\":\"ListItem\",\"position\":4,\"name\":\"Senior Process Engineer\"}]},{\"@type\":\"WebSite\",\"@id\":\"https:\\\/\\\/vegaconsultants.no\\\/#website\",\"url\":\"https:\\\/\\\/vegaconsultants.no\\\/\",\"name\":\"Vega Consultants\",\"description\":\"Rett person p\u00e5 rett plass\",\"potentialAction\":[{\"@type\":\"SearchAction\",\"target\":{\"@type\":\"EntryPoint\",\"urlTemplate\":\"https:\\\/\\\/vegaconsultants.no\\\/?s={search_term_string}\"},\"query-input\":{\"@type\":\"PropertyValueSpecification\",\"valueRequired\":true,\"valueName\":\"search_term_string\"}}],\"inLanguage\":\"en-GB\"}]}<\/script>\n<!-- \/ Yoast SEO plugin. -->","yoast_head_json":{"title":"Senior Process Engineer - Vega Consultants","robots":{"index":"index","follow":"follow","max-snippet":"max-snippet:-1","max-image-preview":"max-image-preview:large","max-video-preview":"max-video-preview:-1"},"canonical":"https:\/\/vegaconsultants.no\/en\/jobbsoker\/ledige-stillinger\/senior-process-engineer-3003589\/","og_locale":"en_GB","og_type":"article","og_title":"Senior Process Engineer - Vega Consultants","og_description":"Vega Consultants AS Senior Process Engineer For spennende oppdrag hos v\u00e5r kunde, en olje og gass operat\u00f8r, s\u00f8ker vi n\u00e5 en Senior Process Engineer. Konsulenten vil f\u00e5 ansvar for&nbsp; \u00e5 f\u00f8lge opp modifikasjoner p\u00e5 vegne av asset fra pre-DG0 til DG4 samt Mods Task Force for \u00e5 sikre at prosjektene gjennomf\u00f8res og leveres med fokus [&hellip;]","og_url":"https:\/\/vegaconsultants.no\/en\/jobbsoker\/ledige-stillinger\/senior-process-engineer-3003589\/","og_site_name":"Vega Consultants","twitter_card":"summary_large_image","twitter_misc":{"Estimated reading time":"1 minute"},"schema":{"@context":"https:\/\/schema.org","@graph":[{"@type":"WebPage","@id":"https:\/\/vegaconsultants.no\/jobbsoker\/ledige-stillinger\/senior-process-engineer-3003589\/","url":"https:\/\/vegaconsultants.no\/jobbsoker\/ledige-stillinger\/senior-process-engineer-3003589\/","name":"Senior Process Engineer - Vega Consultants","isPartOf":{"@id":"https:\/\/vegaconsultants.no\/#website"},"datePublished":"2024-09-01T21:15:56+00:00","breadcrumb":{"@id":"https:\/\/vegaconsultants.no\/jobbsoker\/ledige-stillinger\/senior-process-engineer-3003589\/#breadcrumb"},"inLanguage":"en-GB","potentialAction":[{"@type":"ReadAction","target":["https:\/\/vegaconsultants.no\/jobbsoker\/ledige-stillinger\/senior-process-engineer-3003589\/"]}]},{"@type":"BreadcrumbList","@id":"https:\/\/vegaconsultants.no\/jobbsoker\/ledige-stillinger\/senior-process-engineer-3003589\/#breadcrumb","itemListElement":[{"@type":"ListItem","position":1,"name":"Home","item":"https:\/\/vegaconsultants.no\/"},{"@type":"ListItem","position":2,"name":"Jobbs\u00f8ker","item":"https:\/\/vegaconsultants.no\/jobbsoker\/"},{"@type":"ListItem","position":3,"name":"Ledige stillinger","item":"https:\/\/vegaconsultants.no\/jobbsoker\/ledige-stillinger\/"},{"@type":"ListItem","position":4,"name":"Senior Process Engineer"}]},{"@type":"WebSite","@id":"https:\/\/vegaconsultants.no\/#website","url":"https:\/\/vegaconsultants.no\/","name":"Vega Consultants","description":"The right person for the right job","potentialAction":[{"@type":"SearchAction","target":{"@type":"EntryPoint","urlTemplate":"https:\/\/vegaconsultants.no\/?s={search_term_string}"},"query-input":{"@type":"PropertyValueSpecification","valueRequired":true,"valueName":"search_term_string"}}],"inLanguage":"en-GB"}]}},"_links":{"self":[{"href":"https:\/\/vegaconsultants.no\/en\/wp-json\/wp\/v2\/pages\/21161","targetHints":{"allow":["GET"]}}],"collection":[{"href":"https:\/\/vegaconsultants.no\/en\/wp-json\/wp\/v2\/pages"}],"about":[{"href":"https:\/\/vegaconsultants.no\/en\/wp-json\/wp\/v2\/types\/page"}],"author":[{"embeddable":true,"href":"https:\/\/vegaconsultants.no\/en\/wp-json\/wp\/v2\/users\/1"}],"replies":[{"embeddable":true,"href":"https:\/\/vegaconsultants.no\/en\/wp-json\/wp\/v2\/comments?post=21161"}],"version-history":[{"count":0,"href":"https:\/\/vegaconsultants.no\/en\/wp-json\/wp\/v2\/pages\/21161\/revisions"}],"up":[{"embeddable":true,"href":"https:\/\/vegaconsultants.no\/en\/wp-json\/wp\/v2\/pages\/4051"}],"wp:attachment":[{"href":"https:\/\/vegaconsultants.no\/en\/wp-json\/wp\/v2\/media?parent=21161"}],"curies":[{"name":"wp","href":"https:\/\/api.w.org\/{rel}","templated":true}]}}