{"id":21205,"date":"2024-08-05T09:14:29","date_gmt":"2024-08-05T07:14:29","guid":{"rendered":"https:\/\/vegaconsultants.no\/jobbsoker\/ledige-stillinger\/environment-and-impact-assessment-expert-3003631\/"},"modified":"2024-08-05T09:14:29","modified_gmt":"2024-08-05T07:14:29","slug":"environment-and-impact-assessment-expert-3003631","status":"publish","type":"page","link":"https:\/\/vegaconsultants.no\/en\/jobbsoker\/ledige-stillinger\/environment-and-impact-assessment-expert-3003631\/","title":{"rendered":"Environment and Impact Assessment expert"},"content":{"rendered":"<div class='vacancy-detail'>\n<div class='bold'>Vega Consultants AS<\/div>\n<div class='bold'>Environment and Impact Assessment expert <\/div>\n<div class='vacancy-body'>\n<h3><strong>Work tasks<\/strong><\/h3>\n<ul>\n<li>Paperwork to complete applications for fulfilled reporting obligations<\/li>\n<li>Writing work to complete the KU\/KU program (few projects)<\/li>\n<li>Participate in meetings with relevant authorities (Mdir; ED; .)<\/li>\n<li>Project support for internal environmental deliverables including environmental risk assessment; BAT evaluations; environmental budget; ALARP; etc.<\/li>\n<li>Participate in professional discussions with project teams on various topics including environmental technology, as well as stay up to date on any changes in government expectations, requirements, etc.<\/li>\n<li>Coordination of theme-specific studies for KUP\/KU Summary of consultation comments and proposals for a response to be presented to ED<\/li>\n<\/ul>\n<p><\/p>\n<h3><strong>Desired qualifications<\/strong><\/h3>\n<ul>\n<li>A master&#039;s degree in environmental, social sciences such as chemistry, biology, natural resource management or political science.\u00a0<\/li>\n<li>Minimum 10 years of experience with environmental sustainability, impact and risk management in Norway. \u2013\u00a0<\/li>\n<li>Proficient in Norwegian and English, both written and spoken.\u00a0<\/li>\n<li>Ability to handle complex issues and changing external context and requirements.<\/li>\n<li>Deep understanding of relevant Norwegian and international legislation as well as standards and guidelines.<\/li>\n<li>Experience working with and using a variety of communication and engagement methods and channels.<\/li>\n<\/ul>\n<h3><\/h3>\n<h3><strong>Personal characteristics<\/strong><\/h3>\n<ul>\n<li>High ethical awareness and integrity.<\/li>\n<li>A positive, flexible team worker, with strong interpersonal and collaborative skills.<\/li>\n<\/ul>\n<p><em>For more information about the position, please contact Grethe Borg at 905 21 929.<\/em><\/p>\n<\/div>\n<div class='vega-button'><span><a href='https:\/\/secure.webtemp.no\/WebtempCVPortal\/startsession.aspx?page=stillingsingle&amp;k=169&amp;id_utleie=3003631'>More info\/search here<\/a><\/span><\/div>\n<p><\/p>\n<hr>\n<div>\n<h4>REFNR<\/h4>\n<p>402582<\/p><\/div>\n<div>\n<h4>POSITION TYPE<\/h4>\n<p>Full-time<br \/>Temporary position\/engagement<\/div>\n<div>\n<h4>APPLICATION DEADLINE<\/h4>\n<p>05.08.2024<\/p><\/div>\n<div class='vacancy-consultant'>\n<h4>CONTACT PERSON(S)<\/h4>\n<div>Grethe Borg<\/div>\n<div>90 52 19 29<\/div>\n<div>grethe.borg@vegaconsultants.no<\/div>\n<\/div>\n<\/div>","protected":false},"excerpt":{"rendered":"<p>Vega Consultants AS Environment and Impact Assessment expert Arbeidsoppgaver Skrivearbeid for \u00e5 ferdigstille s\u00f8knader om oppfylt utredningsplikt Skrivearbeid for \u00e5 ferdigstille KU\/KU-program (f\u00e5 prosjekter) Delta i m\u00f8ter med relevante myndigheter (Mdir; ED; .) Prosjektst\u00f8tte til interne milj\u00f8-leveranser inkludert vurdering av milj\u00f8risiko; BAT evalueringer; milj\u00f8budsjett; ALARP; osv Delta i faglige diskusjoner med prosjektteam p\u00e5 ulike temaer [&hellip;]<\/p>\n","protected":false},"author":1,"featured_media":0,"parent":4051,"menu_order":0,"comment_status":"closed","ping_status":"closed","template":"","meta":{"_et_pb_use_builder":"","_et_pb_old_content":"","_et_gb_content_width":"","footnotes":""},"class_list":["post-21205","page","type-page","status-publish","hentry"],"yoast_head":"<!-- This site is optimized with the Yoast SEO plugin v27.4 - https:\/\/yoast.com\/product\/yoast-seo-wordpress\/ -->\n<title>Environment and Impact Assessment expert - Vega Consultants<\/title>\n<meta name=\"robots\" content=\"index, follow, max-snippet:-1, max-image-preview:large, max-video-preview:-1\" \/>\n<link rel=\"canonical\" href=\"https:\/\/vegaconsultants.no\/en\/jobbsoker\/ledige-stillinger\/environment-and-impact-assessment-expert-3003631\/\" \/>\n<meta property=\"og:locale\" content=\"en_GB\" \/>\n<meta property=\"og:type\" content=\"article\" \/>\n<meta property=\"og:title\" content=\"Environment and Impact Assessment expert - Vega Consultants\" \/>\n<meta property=\"og:description\" content=\"Vega Consultants AS Environment and Impact Assessment expert Arbeidsoppgaver Skrivearbeid for \u00e5 ferdigstille s\u00f8knader om oppfylt utredningsplikt Skrivearbeid for \u00e5 ferdigstille KU\/KU-program (f\u00e5 prosjekter) Delta i m\u00f8ter med relevante myndigheter (Mdir; ED; .) Prosjektst\u00f8tte til interne milj\u00f8-leveranser inkludert vurdering av milj\u00f8risiko; BAT evalueringer; milj\u00f8budsjett; ALARP; osv Delta i faglige diskusjoner med prosjektteam p\u00e5 ulike temaer [&hellip;]\" \/>\n<meta property=\"og:url\" content=\"https:\/\/vegaconsultants.no\/en\/jobbsoker\/ledige-stillinger\/environment-and-impact-assessment-expert-3003631\/\" \/>\n<meta property=\"og:site_name\" content=\"Vega Consultants\" \/>\n<meta name=\"twitter:card\" content=\"summary_large_image\" \/>\n<meta name=\"twitter:label1\" content=\"Estimated reading time\" \/>\n\t<meta name=\"twitter:data1\" content=\"1 minute\" \/>\n<script type=\"application\/ld+json\" class=\"yoast-schema-graph\">{\"@context\":\"https:\\\/\\\/schema.org\",\"@graph\":[{\"@type\":\"WebPage\",\"@id\":\"https:\\\/\\\/vegaconsultants.no\\\/jobbsoker\\\/ledige-stillinger\\\/environment-and-impact-assessment-expert-3003631\\\/\",\"url\":\"https:\\\/\\\/vegaconsultants.no\\\/jobbsoker\\\/ledige-stillinger\\\/environment-and-impact-assessment-expert-3003631\\\/\",\"name\":\"Environment and Impact Assessment expert - Vega Consultants\",\"isPartOf\":{\"@id\":\"https:\\\/\\\/vegaconsultants.no\\\/#website\"},\"datePublished\":\"2024-08-05T07:14:29+00:00\",\"breadcrumb\":{\"@id\":\"https:\\\/\\\/vegaconsultants.no\\\/jobbsoker\\\/ledige-stillinger\\\/environment-and-impact-assessment-expert-3003631\\\/#breadcrumb\"},\"inLanguage\":\"en-GB\",\"potentialAction\":[{\"@type\":\"ReadAction\",\"target\":[\"https:\\\/\\\/vegaconsultants.no\\\/jobbsoker\\\/ledige-stillinger\\\/environment-and-impact-assessment-expert-3003631\\\/\"]}]},{\"@type\":\"BreadcrumbList\",\"@id\":\"https:\\\/\\\/vegaconsultants.no\\\/jobbsoker\\\/ledige-stillinger\\\/environment-and-impact-assessment-expert-3003631\\\/#breadcrumb\",\"itemListElement\":[{\"@type\":\"ListItem\",\"position\":1,\"name\":\"Home\",\"item\":\"https:\\\/\\\/vegaconsultants.no\\\/\"},{\"@type\":\"ListItem\",\"position\":2,\"name\":\"Jobbs\u00f8ker\",\"item\":\"https:\\\/\\\/vegaconsultants.no\\\/jobbsoker\\\/\"},{\"@type\":\"ListItem\",\"position\":3,\"name\":\"Ledige stillinger\",\"item\":\"https:\\\/\\\/vegaconsultants.no\\\/jobbsoker\\\/ledige-stillinger\\\/\"},{\"@type\":\"ListItem\",\"position\":4,\"name\":\"Environment and Impact Assessment expert\"}]},{\"@type\":\"WebSite\",\"@id\":\"https:\\\/\\\/vegaconsultants.no\\\/#website\",\"url\":\"https:\\\/\\\/vegaconsultants.no\\\/\",\"name\":\"Vega Consultants\",\"description\":\"Rett person p\u00e5 rett plass\",\"potentialAction\":[{\"@type\":\"SearchAction\",\"target\":{\"@type\":\"EntryPoint\",\"urlTemplate\":\"https:\\\/\\\/vegaconsultants.no\\\/?s={search_term_string}\"},\"query-input\":{\"@type\":\"PropertyValueSpecification\",\"valueRequired\":true,\"valueName\":\"search_term_string\"}}],\"inLanguage\":\"en-GB\"}]}<\/script>\n<!-- \/ Yoast SEO plugin. -->","yoast_head_json":{"title":"Environment and Impact Assessment expert - Vega Consultants","robots":{"index":"index","follow":"follow","max-snippet":"max-snippet:-1","max-image-preview":"max-image-preview:large","max-video-preview":"max-video-preview:-1"},"canonical":"https:\/\/vegaconsultants.no\/en\/jobbsoker\/ledige-stillinger\/environment-and-impact-assessment-expert-3003631\/","og_locale":"en_GB","og_type":"article","og_title":"Environment and Impact Assessment expert - Vega Consultants","og_description":"Vega Consultants AS Environment and Impact Assessment expert Arbeidsoppgaver Skrivearbeid for \u00e5 ferdigstille s\u00f8knader om oppfylt utredningsplikt Skrivearbeid for \u00e5 ferdigstille KU\/KU-program (f\u00e5 prosjekter) Delta i m\u00f8ter med relevante myndigheter (Mdir; ED; .) Prosjektst\u00f8tte til interne milj\u00f8-leveranser inkludert vurdering av milj\u00f8risiko; BAT evalueringer; milj\u00f8budsjett; ALARP; osv Delta i faglige diskusjoner med prosjektteam p\u00e5 ulike temaer [&hellip;]","og_url":"https:\/\/vegaconsultants.no\/en\/jobbsoker\/ledige-stillinger\/environment-and-impact-assessment-expert-3003631\/","og_site_name":"Vega Consultants","twitter_card":"summary_large_image","twitter_misc":{"Estimated reading time":"1 minute"},"schema":{"@context":"https:\/\/schema.org","@graph":[{"@type":"WebPage","@id":"https:\/\/vegaconsultants.no\/jobbsoker\/ledige-stillinger\/environment-and-impact-assessment-expert-3003631\/","url":"https:\/\/vegaconsultants.no\/jobbsoker\/ledige-stillinger\/environment-and-impact-assessment-expert-3003631\/","name":"Environment and Impact Assessment expert - Vega Consultants","isPartOf":{"@id":"https:\/\/vegaconsultants.no\/#website"},"datePublished":"2024-08-05T07:14:29+00:00","breadcrumb":{"@id":"https:\/\/vegaconsultants.no\/jobbsoker\/ledige-stillinger\/environment-and-impact-assessment-expert-3003631\/#breadcrumb"},"inLanguage":"en-GB","potentialAction":[{"@type":"ReadAction","target":["https:\/\/vegaconsultants.no\/jobbsoker\/ledige-stillinger\/environment-and-impact-assessment-expert-3003631\/"]}]},{"@type":"BreadcrumbList","@id":"https:\/\/vegaconsultants.no\/jobbsoker\/ledige-stillinger\/environment-and-impact-assessment-expert-3003631\/#breadcrumb","itemListElement":[{"@type":"ListItem","position":1,"name":"Home","item":"https:\/\/vegaconsultants.no\/"},{"@type":"ListItem","position":2,"name":"Jobbs\u00f8ker","item":"https:\/\/vegaconsultants.no\/jobbsoker\/"},{"@type":"ListItem","position":3,"name":"Ledige stillinger","item":"https:\/\/vegaconsultants.no\/jobbsoker\/ledige-stillinger\/"},{"@type":"ListItem","position":4,"name":"Environment and Impact Assessment expert"}]},{"@type":"WebSite","@id":"https:\/\/vegaconsultants.no\/#website","url":"https:\/\/vegaconsultants.no\/","name":"Vega Consultants","description":"The right person for the right job","potentialAction":[{"@type":"SearchAction","target":{"@type":"EntryPoint","urlTemplate":"https:\/\/vegaconsultants.no\/?s={search_term_string}"},"query-input":{"@type":"PropertyValueSpecification","valueRequired":true,"valueName":"search_term_string"}}],"inLanguage":"en-GB"}]}},"_links":{"self":[{"href":"https:\/\/vegaconsultants.no\/en\/wp-json\/wp\/v2\/pages\/21205","targetHints":{"allow":["GET"]}}],"collection":[{"href":"https:\/\/vegaconsultants.no\/en\/wp-json\/wp\/v2\/pages"}],"about":[{"href":"https:\/\/vegaconsultants.no\/en\/wp-json\/wp\/v2\/types\/page"}],"author":[{"embeddable":true,"href":"https:\/\/vegaconsultants.no\/en\/wp-json\/wp\/v2\/users\/1"}],"replies":[{"embeddable":true,"href":"https:\/\/vegaconsultants.no\/en\/wp-json\/wp\/v2\/comments?post=21205"}],"version-history":[{"count":0,"href":"https:\/\/vegaconsultants.no\/en\/wp-json\/wp\/v2\/pages\/21205\/revisions"}],"up":[{"embeddable":true,"href":"https:\/\/vegaconsultants.no\/en\/wp-json\/wp\/v2\/pages\/4051"}],"wp:attachment":[{"href":"https:\/\/vegaconsultants.no\/en\/wp-json\/wp\/v2\/media?parent=21205"}],"curies":[{"name":"wp","href":"https:\/\/api.w.org\/{rel}","templated":true}]}}