{"id":21229,"date":"2024-08-04T23:29:02","date_gmt":"2024-08-04T21:29:02","guid":{"rendered":"https:\/\/vegaconsultants.no\/jobbsoker\/ledige-stillinger\/procurement-specialist-3003596\/"},"modified":"2024-08-04T23:29:02","modified_gmt":"2024-08-04T21:29:02","slug":"procurement-specialist-3003596","status":"publish","type":"page","link":"https:\/\/vegaconsultants.no\/en\/jobbsoker\/ledige-stillinger\/procurement-specialist-3003596\/","title":{"rendered":"Procurement specialist"},"content":{"rendered":"<div class='vacancy-detail'>\n<div class='bold'>Vega Consultants AS<\/div>\n<div class='bold'>Procurement specialist<\/div>\n<div class='vacancy-body'>\n<h3>Introduksjon<\/h3>\n<p>P\u00e5 vegne av kunde s\u00f8ker vi en innkj\u00f8psspesialist til fornybare prosjekt i olje og gass. Her skal du jobbe med operasjonell innkj\u00f8p fra A-\u00c5, blant annet med:\u00a0<\/p>\n<h3><\/h3>\n<h3>Arbeidsoppgaver<\/h3>\n<ul>\n<li>Implementere og operasjonalisere nye avtaler.<\/li>\n<li>Opprettelse av POer og oppf\u00f8lgning av disse.<\/li>\n<li>Rapportering til innkj\u00f8psleder ved avvik, endringer eller forsinkelser. \u00a0<\/li>\n<li>Administrere rammeavtaler, prosjektspesifikke kontrakter og call-offs.\u00a0<\/li>\n<li>Vurdere tilbud fra leverand\u00f8rer med fokus p\u00e5 prosjektbehov, kostnad og verdiskapning.<\/li>\n<li>Jobbe aktivt med \u00e5 forbedre innkj\u00f8p og kontrakt innen ditt segment.<\/li>\n<li>Sikre overholdelse av kontrakter, identifisere og h\u00e5ndtere risikoer.<\/li>\n<\/ul>\n<h3><\/h3>\n<h3>\u00d8nskede kvalifikasjoner<\/h3>\n<ul>\n<li>Tidligere erfaring med innkj\u00f8p innen energisektoren er et krav, herunder minst 5 \u00e5r.\u00a0<\/li>\n<li>Gunstig med erfaring fra byggeprosjekt og innkj\u00f8p av materialer til disse.\u00a0<\/li>\n<li>Gode kunnskaper om kontrakth\u00e5ndtering og regelverk ihht disse.\u00a0<\/li>\n<li>Erfaring med SAP og Contiki, da du vil bruke disse mye i arbeidet.\u00a0<\/li>\n<li>Flytende engelsk og norsk, skriftlig og muntlig.\u00a0<\/li>\n<\/ul>\n<p>Dette er et 1-\u00e5rig oppdrag, med mulighet for inntil 2 \u00e5rs forlengelse. Stillingen kan jobbes fra Stavanger, Bergen eller Oslo, og kunden v\u00e5r \u00f8nsker snarlig oppstart.\u00a0<\/p>\n<p>Som konsulent hos oss f\u00e5r du konkurransedyktige vilk\u00e5r og betingelser, og god oppf\u00f8lgning gjennom hele oppdraget ditt.<\/p>\n<p><\/p>\n<h3>Interessert?\u00a0<\/h3>\n<p>Hvis dette h\u00f8res ut som noe for deg, ser vi fram til \u00e5 motta CVen din! Kandidater vil bli vurdert fortl\u00f8pende. For sp\u00f8rsm\u00e5l ang\u00e5ende stillingen, ta kontakt med Leah Jespersen p\u00e5 413 32 939.\u00a0<\/p>\n<\/div>\n<div class='vega-button'><span><a href='https:\/\/secure.webtemp.no\/WebtempCVPortal\/startsession.aspx?page=stillingsingle&amp;k=169&amp;id_utleie=3003596'>Mer info\/s\u00f8k her<\/a><\/span><\/div>\n<p><\/p>\n<hr>\n<div>\n<h4>REFNR<\/h4>\n<p>402549<\/p><\/div>\n<div>\n<h4>STILLINGSTYPE<\/h4>\n<p>Heltid<br \/>Vikariat\/engasjement<\/div>\n<div>\n<h4>S\u00d8KNADSFRIST<\/h4>\n<p>19.08.2024<\/p><\/div>\n<div class='vacancy-consultant'>\n<h4>KONTAKTPERSON(ER)<\/h4>\n<div>Leah Jespersen<\/div>\n<div>41 33 29 39<\/div>\n<div>leah.jespersen@vegaconsultants.no<\/div>\n<\/div>\n<\/div>","protected":false},"excerpt":{"rendered":"<p>Vega Consultants AS Procurement specialist Introduksjon P\u00e5 vegne av kunde s\u00f8ker vi en innkj\u00f8psspesialist til fornybare prosjekt i olje og gass. Her skal du jobbe med operasjonell innkj\u00f8p fra A-\u00c5, blant annet med:\u00a0 Arbeidsoppgaver Implementere og operasjonalisere nye avtaler. Opprettelse av POer og oppf\u00f8lgning av disse. Rapportering til innkj\u00f8psleder ved avvik, endringer eller forsinkelser. \u00a0 [&hellip;]<\/p>\n","protected":false},"author":1,"featured_media":0,"parent":4051,"menu_order":0,"comment_status":"closed","ping_status":"closed","template":"","meta":{"_et_pb_use_builder":"","_et_pb_old_content":"","_et_gb_content_width":"","footnotes":""},"class_list":["post-21229","page","type-page","status-publish","hentry"],"yoast_head":"<!-- This site is optimized with the Yoast SEO plugin v27.3 - https:\/\/yoast.com\/product\/yoast-seo-wordpress\/ -->\n<title>Procurement specialist - Vega Consultants<\/title>\n<meta name=\"robots\" content=\"index, follow, max-snippet:-1, max-image-preview:large, max-video-preview:-1\" \/>\n<link rel=\"canonical\" href=\"https:\/\/vegaconsultants.no\/en\/jobbsoker\/ledige-stillinger\/procurement-specialist-3003596\/\" \/>\n<meta property=\"og:locale\" content=\"en_GB\" \/>\n<meta property=\"og:type\" content=\"article\" \/>\n<meta property=\"og:title\" content=\"Procurement specialist - Vega Consultants\" \/>\n<meta property=\"og:description\" content=\"Vega Consultants AS Procurement specialist Introduksjon P\u00e5 vegne av kunde s\u00f8ker vi en innkj\u00f8psspesialist til fornybare prosjekt i olje og gass. Her skal du jobbe med operasjonell innkj\u00f8p fra A-\u00c5, blant annet med:\u00a0 Arbeidsoppgaver Implementere og operasjonalisere nye avtaler. Opprettelse av POer og oppf\u00f8lgning av disse. Rapportering til innkj\u00f8psleder ved avvik, endringer eller forsinkelser. \u00a0 [&hellip;]\" \/>\n<meta property=\"og:url\" content=\"https:\/\/vegaconsultants.no\/en\/jobbsoker\/ledige-stillinger\/procurement-specialist-3003596\/\" \/>\n<meta property=\"og:site_name\" content=\"Vega Consultants\" \/>\n<meta name=\"twitter:card\" content=\"summary_large_image\" \/>\n<meta name=\"twitter:label1\" content=\"Estimated reading time\" \/>\n\t<meta name=\"twitter:data1\" content=\"1 minute\" \/>\n<script type=\"application\/ld+json\" class=\"yoast-schema-graph\">{\"@context\":\"https:\\\/\\\/schema.org\",\"@graph\":[{\"@type\":\"WebPage\",\"@id\":\"https:\\\/\\\/vegaconsultants.no\\\/jobbsoker\\\/ledige-stillinger\\\/procurement-specialist-3003596\\\/\",\"url\":\"https:\\\/\\\/vegaconsultants.no\\\/jobbsoker\\\/ledige-stillinger\\\/procurement-specialist-3003596\\\/\",\"name\":\"Procurement specialist - Vega Consultants\",\"isPartOf\":{\"@id\":\"https:\\\/\\\/vegaconsultants.no\\\/#website\"},\"datePublished\":\"2024-08-04T21:29:02+00:00\",\"breadcrumb\":{\"@id\":\"https:\\\/\\\/vegaconsultants.no\\\/jobbsoker\\\/ledige-stillinger\\\/procurement-specialist-3003596\\\/#breadcrumb\"},\"inLanguage\":\"en-GB\",\"potentialAction\":[{\"@type\":\"ReadAction\",\"target\":[\"https:\\\/\\\/vegaconsultants.no\\\/jobbsoker\\\/ledige-stillinger\\\/procurement-specialist-3003596\\\/\"]}]},{\"@type\":\"BreadcrumbList\",\"@id\":\"https:\\\/\\\/vegaconsultants.no\\\/jobbsoker\\\/ledige-stillinger\\\/procurement-specialist-3003596\\\/#breadcrumb\",\"itemListElement\":[{\"@type\":\"ListItem\",\"position\":1,\"name\":\"Home\",\"item\":\"https:\\\/\\\/vegaconsultants.no\\\/\"},{\"@type\":\"ListItem\",\"position\":2,\"name\":\"Jobbs\u00f8ker\",\"item\":\"https:\\\/\\\/vegaconsultants.no\\\/jobbsoker\\\/\"},{\"@type\":\"ListItem\",\"position\":3,\"name\":\"Ledige stillinger\",\"item\":\"https:\\\/\\\/vegaconsultants.no\\\/jobbsoker\\\/ledige-stillinger\\\/\"},{\"@type\":\"ListItem\",\"position\":4,\"name\":\"Procurement specialist\"}]},{\"@type\":\"WebSite\",\"@id\":\"https:\\\/\\\/vegaconsultants.no\\\/#website\",\"url\":\"https:\\\/\\\/vegaconsultants.no\\\/\",\"name\":\"Vega Consultants\",\"description\":\"Rett person p\u00e5 rett plass\",\"potentialAction\":[{\"@type\":\"SearchAction\",\"target\":{\"@type\":\"EntryPoint\",\"urlTemplate\":\"https:\\\/\\\/vegaconsultants.no\\\/?s={search_term_string}\"},\"query-input\":{\"@type\":\"PropertyValueSpecification\",\"valueRequired\":true,\"valueName\":\"search_term_string\"}}],\"inLanguage\":\"en-GB\"}]}<\/script>\n<!-- \/ Yoast SEO plugin. -->","yoast_head_json":{"title":"Procurement specialist - Vega Consultants","robots":{"index":"index","follow":"follow","max-snippet":"max-snippet:-1","max-image-preview":"max-image-preview:large","max-video-preview":"max-video-preview:-1"},"canonical":"https:\/\/vegaconsultants.no\/en\/jobbsoker\/ledige-stillinger\/procurement-specialist-3003596\/","og_locale":"en_GB","og_type":"article","og_title":"Procurement specialist - Vega Consultants","og_description":"Vega Consultants AS Procurement specialist Introduksjon P\u00e5 vegne av kunde s\u00f8ker vi en innkj\u00f8psspesialist til fornybare prosjekt i olje og gass. Her skal du jobbe med operasjonell innkj\u00f8p fra A-\u00c5, blant annet med:\u00a0 Arbeidsoppgaver Implementere og operasjonalisere nye avtaler. Opprettelse av POer og oppf\u00f8lgning av disse. Rapportering til innkj\u00f8psleder ved avvik, endringer eller forsinkelser. \u00a0 [&hellip;]","og_url":"https:\/\/vegaconsultants.no\/en\/jobbsoker\/ledige-stillinger\/procurement-specialist-3003596\/","og_site_name":"Vega Consultants","twitter_card":"summary_large_image","twitter_misc":{"Estimated reading time":"1 minute"},"schema":{"@context":"https:\/\/schema.org","@graph":[{"@type":"WebPage","@id":"https:\/\/vegaconsultants.no\/jobbsoker\/ledige-stillinger\/procurement-specialist-3003596\/","url":"https:\/\/vegaconsultants.no\/jobbsoker\/ledige-stillinger\/procurement-specialist-3003596\/","name":"Procurement specialist - Vega Consultants","isPartOf":{"@id":"https:\/\/vegaconsultants.no\/#website"},"datePublished":"2024-08-04T21:29:02+00:00","breadcrumb":{"@id":"https:\/\/vegaconsultants.no\/jobbsoker\/ledige-stillinger\/procurement-specialist-3003596\/#breadcrumb"},"inLanguage":"en-GB","potentialAction":[{"@type":"ReadAction","target":["https:\/\/vegaconsultants.no\/jobbsoker\/ledige-stillinger\/procurement-specialist-3003596\/"]}]},{"@type":"BreadcrumbList","@id":"https:\/\/vegaconsultants.no\/jobbsoker\/ledige-stillinger\/procurement-specialist-3003596\/#breadcrumb","itemListElement":[{"@type":"ListItem","position":1,"name":"Home","item":"https:\/\/vegaconsultants.no\/"},{"@type":"ListItem","position":2,"name":"Jobbs\u00f8ker","item":"https:\/\/vegaconsultants.no\/jobbsoker\/"},{"@type":"ListItem","position":3,"name":"Ledige stillinger","item":"https:\/\/vegaconsultants.no\/jobbsoker\/ledige-stillinger\/"},{"@type":"ListItem","position":4,"name":"Procurement specialist"}]},{"@type":"WebSite","@id":"https:\/\/vegaconsultants.no\/#website","url":"https:\/\/vegaconsultants.no\/","name":"Vega Consultants","description":"The right person for the right job","potentialAction":[{"@type":"SearchAction","target":{"@type":"EntryPoint","urlTemplate":"https:\/\/vegaconsultants.no\/?s={search_term_string}"},"query-input":{"@type":"PropertyValueSpecification","valueRequired":true,"valueName":"search_term_string"}}],"inLanguage":"en-GB"}]}},"_links":{"self":[{"href":"https:\/\/vegaconsultants.no\/en\/wp-json\/wp\/v2\/pages\/21229","targetHints":{"allow":["GET"]}}],"collection":[{"href":"https:\/\/vegaconsultants.no\/en\/wp-json\/wp\/v2\/pages"}],"about":[{"href":"https:\/\/vegaconsultants.no\/en\/wp-json\/wp\/v2\/types\/page"}],"author":[{"embeddable":true,"href":"https:\/\/vegaconsultants.no\/en\/wp-json\/wp\/v2\/users\/1"}],"replies":[{"embeddable":true,"href":"https:\/\/vegaconsultants.no\/en\/wp-json\/wp\/v2\/comments?post=21229"}],"version-history":[{"count":0,"href":"https:\/\/vegaconsultants.no\/en\/wp-json\/wp\/v2\/pages\/21229\/revisions"}],"up":[{"embeddable":true,"href":"https:\/\/vegaconsultants.no\/en\/wp-json\/wp\/v2\/pages\/4051"}],"wp:attachment":[{"href":"https:\/\/vegaconsultants.no\/en\/wp-json\/wp\/v2\/media?parent=21229"}],"curies":[{"name":"wp","href":"https:\/\/api.w.org\/{rel}","templated":true}]}}