{"id":21231,"date":"2024-08-25T23:12:47","date_gmt":"2024-08-25T21:12:47","guid":{"rendered":"https:\/\/vegaconsultants.no\/jobbsoker\/ledige-stillinger\/work-preparation-engineer-structural-3003650\/"},"modified":"2024-08-25T23:12:47","modified_gmt":"2024-08-25T21:12:47","slug":"work-preparation-engineer-structural-3003650","status":"publish","type":"page","link":"https:\/\/vegaconsultants.no\/en\/jobbsoker\/ledige-stillinger\/work-preparation-engineer-structural-3003650\/","title":{"rendered":"Work Preparation Engineer &#8211; Structural"},"content":{"rendered":"<div class='vacancy-detail'>\n<div class='bold'>Vega Consultants AS<\/div>\n<div class='bold'>Work Preparation Engineer &#8211; Structural<\/div>\n<div class='vacancy-body'>\n<p><em>Til nytt stort prosjekt trenger vi en jobb setter<\/em><\/p>\n<h3><strong>Arbeidsoppgaver<\/strong><\/h3>\n<ul>\n<li>Etablere jobbpakker I IFS (PRO)<\/li>\n<li>Tidlig jobbsetting<\/li>\n<li>Material h\u00e5ndtering<\/li>\n<li>Bruk av Zero for prefab pakker<\/li>\n<\/ul>\n<p><\/p>\n<h3><strong>\u00d8nskede kvalifikasjoner<\/strong><\/h3>\n<ul>\n<li>Minimum 5 \u00e5rs erfaring fra lignende arbeid<\/li>\n<li>Forst\u00e5else av plan<\/li>\n<li>Helst IFS erfaring men ikke et krav<\/li>\n<li>Gode engelsk og norsk kunnskaper<\/li>\n<\/ul>\n<p><\/p>\n<p>For mer informasjon kan du kontakte Grethe Borg p\u00e5 905 21 929<\/p>\n<\/div>\n<div class='vega-button'><span><a href='https:\/\/secure.webtemp.no\/WebtempCVPortal\/startsession.aspx?page=stillingsingle&amp;k=169&amp;id_utleie=3003650'>Mer info\/s\u00f8k her<\/a><\/span><\/div>\n<p><\/p>\n<hr>\n<div>\n<h4>REFNR<\/h4>\n<p>402592<\/p><\/div>\n<div>\n<h4>STILLINGSTYPE<\/h4>\n<p>Heltid<br \/>Vikariat\/engasjement<\/div>\n<div>\n<h4>S\u00d8KNADSFRIST<\/h4>\n<p>Kandidater blir vurdert fortl\u00f8pende<\/p><\/div>\n<div class='vacancy-consultant'>\n<h4>KONTAKTPERSON(ER)<\/h4>\n<div>Sarah Svab\u00f8<\/div>\n<div>45 68 08 50<\/div>\n<div>sarah.svabo@vegaconsultants.no<\/div>\n<\/div>\n<\/div>","protected":false},"excerpt":{"rendered":"<p>Vega Consultants AS Work Preparation Engineer &#8211; Structural Til nytt stort prosjekt trenger vi en jobb setter Arbeidsoppgaver Etablere jobbpakker I IFS (PRO) Tidlig jobbsetting Material h\u00e5ndtering Bruk av Zero for prefab pakker \u00d8nskede kvalifikasjoner Minimum 5 \u00e5rs erfaring fra lignende arbeid Forst\u00e5else av plan Helst IFS erfaring men ikke et krav Gode engelsk og [&hellip;]<\/p>\n","protected":false},"author":1,"featured_media":0,"parent":4051,"menu_order":0,"comment_status":"closed","ping_status":"closed","template":"","meta":{"_et_pb_use_builder":"","_et_pb_old_content":"","_et_gb_content_width":"","footnotes":""},"class_list":["post-21231","page","type-page","status-publish","hentry"],"yoast_head":"<!-- This site is optimized with the Yoast SEO plugin v27.4 - https:\/\/yoast.com\/product\/yoast-seo-wordpress\/ -->\n<title>Work Preparation Engineer - Structural - Vega Consultants<\/title>\n<meta name=\"robots\" content=\"index, follow, max-snippet:-1, max-image-preview:large, max-video-preview:-1\" \/>\n<link rel=\"canonical\" href=\"https:\/\/vegaconsultants.no\/en\/jobbsoker\/ledige-stillinger\/work-preparation-engineer-structural-3003650\/\" \/>\n<meta property=\"og:locale\" content=\"en_GB\" \/>\n<meta property=\"og:type\" content=\"article\" \/>\n<meta property=\"og:title\" content=\"Work Preparation Engineer - Structural - Vega Consultants\" \/>\n<meta property=\"og:description\" content=\"Vega Consultants AS Work Preparation Engineer &#8211; Structural Til nytt stort prosjekt trenger vi en jobb setter Arbeidsoppgaver Etablere jobbpakker I IFS (PRO) Tidlig jobbsetting Material h\u00e5ndtering Bruk av Zero for prefab pakker \u00d8nskede kvalifikasjoner Minimum 5 \u00e5rs erfaring fra lignende arbeid Forst\u00e5else av plan Helst IFS erfaring men ikke et krav Gode engelsk og [&hellip;]\" \/>\n<meta property=\"og:url\" content=\"https:\/\/vegaconsultants.no\/en\/jobbsoker\/ledige-stillinger\/work-preparation-engineer-structural-3003650\/\" \/>\n<meta property=\"og:site_name\" content=\"Vega Consultants\" \/>\n<meta name=\"twitter:card\" content=\"summary_large_image\" \/>\n<script type=\"application\/ld+json\" class=\"yoast-schema-graph\">{\"@context\":\"https:\\\/\\\/schema.org\",\"@graph\":[{\"@type\":\"WebPage\",\"@id\":\"https:\\\/\\\/vegaconsultants.no\\\/jobbsoker\\\/ledige-stillinger\\\/work-preparation-engineer-structural-3003650\\\/\",\"url\":\"https:\\\/\\\/vegaconsultants.no\\\/jobbsoker\\\/ledige-stillinger\\\/work-preparation-engineer-structural-3003650\\\/\",\"name\":\"Work Preparation Engineer - Structural - Vega Consultants\",\"isPartOf\":{\"@id\":\"https:\\\/\\\/vegaconsultants.no\\\/#website\"},\"datePublished\":\"2024-08-25T21:12:47+00:00\",\"breadcrumb\":{\"@id\":\"https:\\\/\\\/vegaconsultants.no\\\/jobbsoker\\\/ledige-stillinger\\\/work-preparation-engineer-structural-3003650\\\/#breadcrumb\"},\"inLanguage\":\"en-GB\",\"potentialAction\":[{\"@type\":\"ReadAction\",\"target\":[\"https:\\\/\\\/vegaconsultants.no\\\/jobbsoker\\\/ledige-stillinger\\\/work-preparation-engineer-structural-3003650\\\/\"]}]},{\"@type\":\"BreadcrumbList\",\"@id\":\"https:\\\/\\\/vegaconsultants.no\\\/jobbsoker\\\/ledige-stillinger\\\/work-preparation-engineer-structural-3003650\\\/#breadcrumb\",\"itemListElement\":[{\"@type\":\"ListItem\",\"position\":1,\"name\":\"Home\",\"item\":\"https:\\\/\\\/vegaconsultants.no\\\/\"},{\"@type\":\"ListItem\",\"position\":2,\"name\":\"Jobbs\u00f8ker\",\"item\":\"https:\\\/\\\/vegaconsultants.no\\\/jobbsoker\\\/\"},{\"@type\":\"ListItem\",\"position\":3,\"name\":\"Ledige stillinger\",\"item\":\"https:\\\/\\\/vegaconsultants.no\\\/jobbsoker\\\/ledige-stillinger\\\/\"},{\"@type\":\"ListItem\",\"position\":4,\"name\":\"Work Preparation Engineer &#8211; Structural\"}]},{\"@type\":\"WebSite\",\"@id\":\"https:\\\/\\\/vegaconsultants.no\\\/#website\",\"url\":\"https:\\\/\\\/vegaconsultants.no\\\/\",\"name\":\"Vega Consultants\",\"description\":\"Rett person p\u00e5 rett plass\",\"potentialAction\":[{\"@type\":\"SearchAction\",\"target\":{\"@type\":\"EntryPoint\",\"urlTemplate\":\"https:\\\/\\\/vegaconsultants.no\\\/?s={search_term_string}\"},\"query-input\":{\"@type\":\"PropertyValueSpecification\",\"valueRequired\":true,\"valueName\":\"search_term_string\"}}],\"inLanguage\":\"en-GB\"}]}<\/script>\n<!-- \/ Yoast SEO plugin. -->","yoast_head_json":{"title":"Work Preparation Engineer - Structural - Vega Consultants","robots":{"index":"index","follow":"follow","max-snippet":"max-snippet:-1","max-image-preview":"max-image-preview:large","max-video-preview":"max-video-preview:-1"},"canonical":"https:\/\/vegaconsultants.no\/en\/jobbsoker\/ledige-stillinger\/work-preparation-engineer-structural-3003650\/","og_locale":"en_GB","og_type":"article","og_title":"Work Preparation Engineer - Structural - Vega Consultants","og_description":"Vega Consultants AS Work Preparation Engineer &#8211; Structural Til nytt stort prosjekt trenger vi en jobb setter Arbeidsoppgaver Etablere jobbpakker I IFS (PRO) Tidlig jobbsetting Material h\u00e5ndtering Bruk av Zero for prefab pakker \u00d8nskede kvalifikasjoner Minimum 5 \u00e5rs erfaring fra lignende arbeid Forst\u00e5else av plan Helst IFS erfaring men ikke et krav Gode engelsk og [&hellip;]","og_url":"https:\/\/vegaconsultants.no\/en\/jobbsoker\/ledige-stillinger\/work-preparation-engineer-structural-3003650\/","og_site_name":"Vega Consultants","twitter_card":"summary_large_image","schema":{"@context":"https:\/\/schema.org","@graph":[{"@type":"WebPage","@id":"https:\/\/vegaconsultants.no\/jobbsoker\/ledige-stillinger\/work-preparation-engineer-structural-3003650\/","url":"https:\/\/vegaconsultants.no\/jobbsoker\/ledige-stillinger\/work-preparation-engineer-structural-3003650\/","name":"Work Preparation Engineer - Structural - Vega Consultants","isPartOf":{"@id":"https:\/\/vegaconsultants.no\/#website"},"datePublished":"2024-08-25T21:12:47+00:00","breadcrumb":{"@id":"https:\/\/vegaconsultants.no\/jobbsoker\/ledige-stillinger\/work-preparation-engineer-structural-3003650\/#breadcrumb"},"inLanguage":"en-GB","potentialAction":[{"@type":"ReadAction","target":["https:\/\/vegaconsultants.no\/jobbsoker\/ledige-stillinger\/work-preparation-engineer-structural-3003650\/"]}]},{"@type":"BreadcrumbList","@id":"https:\/\/vegaconsultants.no\/jobbsoker\/ledige-stillinger\/work-preparation-engineer-structural-3003650\/#breadcrumb","itemListElement":[{"@type":"ListItem","position":1,"name":"Home","item":"https:\/\/vegaconsultants.no\/"},{"@type":"ListItem","position":2,"name":"Jobbs\u00f8ker","item":"https:\/\/vegaconsultants.no\/jobbsoker\/"},{"@type":"ListItem","position":3,"name":"Ledige stillinger","item":"https:\/\/vegaconsultants.no\/jobbsoker\/ledige-stillinger\/"},{"@type":"ListItem","position":4,"name":"Work Preparation Engineer &#8211; Structural"}]},{"@type":"WebSite","@id":"https:\/\/vegaconsultants.no\/#website","url":"https:\/\/vegaconsultants.no\/","name":"Vega Consultants","description":"The right person for the right job","potentialAction":[{"@type":"SearchAction","target":{"@type":"EntryPoint","urlTemplate":"https:\/\/vegaconsultants.no\/?s={search_term_string}"},"query-input":{"@type":"PropertyValueSpecification","valueRequired":true,"valueName":"search_term_string"}}],"inLanguage":"en-GB"}]}},"_links":{"self":[{"href":"https:\/\/vegaconsultants.no\/en\/wp-json\/wp\/v2\/pages\/21231","targetHints":{"allow":["GET"]}}],"collection":[{"href":"https:\/\/vegaconsultants.no\/en\/wp-json\/wp\/v2\/pages"}],"about":[{"href":"https:\/\/vegaconsultants.no\/en\/wp-json\/wp\/v2\/types\/page"}],"author":[{"embeddable":true,"href":"https:\/\/vegaconsultants.no\/en\/wp-json\/wp\/v2\/users\/1"}],"replies":[{"embeddable":true,"href":"https:\/\/vegaconsultants.no\/en\/wp-json\/wp\/v2\/comments?post=21231"}],"version-history":[{"count":0,"href":"https:\/\/vegaconsultants.no\/en\/wp-json\/wp\/v2\/pages\/21231\/revisions"}],"up":[{"embeddable":true,"href":"https:\/\/vegaconsultants.no\/en\/wp-json\/wp\/v2\/pages\/4051"}],"wp:attachment":[{"href":"https:\/\/vegaconsultants.no\/en\/wp-json\/wp\/v2\/media?parent=21231"}],"curies":[{"name":"wp","href":"https:\/\/api.w.org\/{rel}","templated":true}]}}