{"id":21279,"date":"2024-08-31T23:13:48","date_gmt":"2024-08-31T21:13:48","guid":{"rendered":"https:\/\/vegaconsultants.no\/jobbsoker\/ledige-stillinger\/senior-project-engineer-3003703\/"},"modified":"2024-08-31T23:13:48","modified_gmt":"2024-08-31T21:13:48","slug":"senior-project-engineer-3003703","status":"publish","type":"page","link":"https:\/\/vegaconsultants.no\/en\/jobbsoker\/ledige-stillinger\/senior-project-engineer-3003703\/","title":{"rendered":"Senior Project Engineer"},"content":{"rendered":"<div class='vacancy-detail'>\n<div class='bold'>Vega Consultants AS<\/div>\n<div class='bold'>Senior Project Engineer<\/div>\n<div class='vacancy-body'>\n<h3><strong>Tasks<\/strong><\/h3>\n<ul>\n<li>Provide support to Quality Control lead in System Integration Team.<\/li>\n<li>Participate in criticality assessments(CA) as required\u00a0<\/li>\n<li>Coordinate incomplete\/missing client CAs Ensure that the CA is used as the basis for mark-up and follow-up inspection and test plans (ITP)<\/li>\n<li>Establish manning plan for clients inspectors as required\u00a0<\/li>\n<li>Familiarization program for clients inspectors (requirements, work method, expectations, collaboration with project organization)\u00a0<\/li>\n<li>Allocated clients engineers\/inspectors to the relevant inspection activities. (ref. notification for inspections (NOI))\u00a0<\/li>\n<li>Establish and follow-up PIMS quality management (QM) module for inspection follow-up and reporting.<\/li>\n<li>Alignment with FFA activities to ensure common approach Follow-up that the Alliance perform inspections as agreed:<\/li>\n<\/ul>\n<p><\/p>\n<h3><strong>Qualifications<\/strong><\/h3>\n<ul>\n<li>Experience in Quality Control\/Assurance within large-scale industrial projects in oil and gas.<\/li>\n<li>Proficiency in Inspection and Test Plans (ITP) and Criticality Assessments (CA).<\/li>\n<li>Experience using Quality Management Systems (e.g., PIMS) for inspection tracking and reporting.<\/li>\n<li>Strong communication and coordination skills for managing client inspections.<\/li>\n<li>Familiarity with industry standards and regulations related to fixed facilities and quality inspections, for example ISO and NORSOK.<\/li>\n<li>Fluent in English required<\/li>\n<\/ul>\n<p>Some travel between offices and to different fabrication sites are expected, but not on a regular basis.<\/p>\n<p>Candidates must be elligible to work in Norway\u00a0<\/p>\n<p>Syns du dette h\u00f8res som noe for deg? Ta kontakt for \u00e5 h\u00f8re hva vi kan tilby!<\/p>\n<\/div>\n<div class='vega-button'><span><a href='https:\/\/secure.webtemp.no\/WebtempCVPortal\/startsession.aspx?page=stillingsingle&amp;k=169&amp;id_utleie=3003703'>Mer info\/s\u00f8k her<\/a><\/span><\/div>\n<p><\/p>\n<hr>\n<div>\n<h4>REFNR<\/h4>\n<p>402637<\/p><\/div>\n<div>\n<h4>STILLINGSTYPE<\/h4>\n<p>Heltid<br \/>Vikariat\/engasjement<\/div>\n<div>\n<h4>S\u00d8KNADSFRIST<\/h4>\n<p>31.08.2024<\/p><\/div>\n<div class='vacancy-consultant'>\n<h4>KONTAKTPERSON(ER)<\/h4>\n<div>Sarah Svab\u00f8<\/div>\n<div>45 68 08 50<\/div>\n<div>sarah.svabo@vegaconsultants.no<\/div>\n<\/div>\n<\/div>","protected":false},"excerpt":{"rendered":"<p>Vega Consultants AS Senior Project Engineer Tasks Provide support to Quality Control lead in System Integration Team. Participate in criticality assessments(CA) as required\u00a0 Coordinate incomplete\/missing client CAs Ensure that the CA is used as the basis for mark-up and follow-up inspection and test plans (ITP) Establish manning plan for clients inspectors as required\u00a0 Familiarization program [&hellip;]<\/p>\n","protected":false},"author":1,"featured_media":0,"parent":4051,"menu_order":0,"comment_status":"closed","ping_status":"closed","template":"","meta":{"_et_pb_use_builder":"","_et_pb_old_content":"","_et_gb_content_width":"","footnotes":""},"class_list":["post-21279","page","type-page","status-publish","hentry"],"yoast_head":"<!-- This site is optimized with the Yoast SEO plugin v27.3 - https:\/\/yoast.com\/product\/yoast-seo-wordpress\/ -->\n<title>Senior Project Engineer - Vega Consultants<\/title>\n<meta name=\"robots\" content=\"index, follow, max-snippet:-1, max-image-preview:large, max-video-preview:-1\" \/>\n<link rel=\"canonical\" href=\"https:\/\/vegaconsultants.no\/en\/jobbsoker\/ledige-stillinger\/senior-project-engineer-3003703\/\" \/>\n<meta property=\"og:locale\" content=\"en_GB\" \/>\n<meta property=\"og:type\" content=\"article\" \/>\n<meta property=\"og:title\" content=\"Senior Project Engineer - Vega Consultants\" \/>\n<meta property=\"og:description\" content=\"Vega Consultants AS Senior Project Engineer Tasks Provide support to Quality Control lead in System Integration Team. Participate in criticality assessments(CA) as required\u00a0 Coordinate incomplete\/missing client CAs Ensure that the CA is used as the basis for mark-up and follow-up inspection and test plans (ITP) Establish manning plan for clients inspectors as required\u00a0 Familiarization program [&hellip;]\" \/>\n<meta property=\"og:url\" content=\"https:\/\/vegaconsultants.no\/en\/jobbsoker\/ledige-stillinger\/senior-project-engineer-3003703\/\" \/>\n<meta property=\"og:site_name\" content=\"Vega Consultants\" \/>\n<meta name=\"twitter:card\" content=\"summary_large_image\" \/>\n<meta name=\"twitter:label1\" content=\"Estimated reading time\" \/>\n\t<meta name=\"twitter:data1\" content=\"1 minute\" \/>\n<script type=\"application\/ld+json\" class=\"yoast-schema-graph\">{\"@context\":\"https:\\\/\\\/schema.org\",\"@graph\":[{\"@type\":\"WebPage\",\"@id\":\"https:\\\/\\\/vegaconsultants.no\\\/jobbsoker\\\/ledige-stillinger\\\/senior-project-engineer-3003703\\\/\",\"url\":\"https:\\\/\\\/vegaconsultants.no\\\/jobbsoker\\\/ledige-stillinger\\\/senior-project-engineer-3003703\\\/\",\"name\":\"Senior Project Engineer - Vega Consultants\",\"isPartOf\":{\"@id\":\"https:\\\/\\\/vegaconsultants.no\\\/#website\"},\"datePublished\":\"2024-08-31T21:13:48+00:00\",\"breadcrumb\":{\"@id\":\"https:\\\/\\\/vegaconsultants.no\\\/jobbsoker\\\/ledige-stillinger\\\/senior-project-engineer-3003703\\\/#breadcrumb\"},\"inLanguage\":\"en-GB\",\"potentialAction\":[{\"@type\":\"ReadAction\",\"target\":[\"https:\\\/\\\/vegaconsultants.no\\\/jobbsoker\\\/ledige-stillinger\\\/senior-project-engineer-3003703\\\/\"]}]},{\"@type\":\"BreadcrumbList\",\"@id\":\"https:\\\/\\\/vegaconsultants.no\\\/jobbsoker\\\/ledige-stillinger\\\/senior-project-engineer-3003703\\\/#breadcrumb\",\"itemListElement\":[{\"@type\":\"ListItem\",\"position\":1,\"name\":\"Home\",\"item\":\"https:\\\/\\\/vegaconsultants.no\\\/\"},{\"@type\":\"ListItem\",\"position\":2,\"name\":\"Jobbs\u00f8ker\",\"item\":\"https:\\\/\\\/vegaconsultants.no\\\/jobbsoker\\\/\"},{\"@type\":\"ListItem\",\"position\":3,\"name\":\"Ledige stillinger\",\"item\":\"https:\\\/\\\/vegaconsultants.no\\\/jobbsoker\\\/ledige-stillinger\\\/\"},{\"@type\":\"ListItem\",\"position\":4,\"name\":\"Senior Project Engineer\"}]},{\"@type\":\"WebSite\",\"@id\":\"https:\\\/\\\/vegaconsultants.no\\\/#website\",\"url\":\"https:\\\/\\\/vegaconsultants.no\\\/\",\"name\":\"Vega Consultants\",\"description\":\"Rett person p\u00e5 rett plass\",\"potentialAction\":[{\"@type\":\"SearchAction\",\"target\":{\"@type\":\"EntryPoint\",\"urlTemplate\":\"https:\\\/\\\/vegaconsultants.no\\\/?s={search_term_string}\"},\"query-input\":{\"@type\":\"PropertyValueSpecification\",\"valueRequired\":true,\"valueName\":\"search_term_string\"}}],\"inLanguage\":\"en-GB\"}]}<\/script>\n<!-- \/ Yoast SEO plugin. -->","yoast_head_json":{"title":"Senior Project Engineer - Vega Consultants","robots":{"index":"index","follow":"follow","max-snippet":"max-snippet:-1","max-image-preview":"max-image-preview:large","max-video-preview":"max-video-preview:-1"},"canonical":"https:\/\/vegaconsultants.no\/en\/jobbsoker\/ledige-stillinger\/senior-project-engineer-3003703\/","og_locale":"en_GB","og_type":"article","og_title":"Senior Project Engineer - Vega Consultants","og_description":"Vega Consultants AS Senior Project Engineer Tasks Provide support to Quality Control lead in System Integration Team. Participate in criticality assessments(CA) as required\u00a0 Coordinate incomplete\/missing client CAs Ensure that the CA is used as the basis for mark-up and follow-up inspection and test plans (ITP) Establish manning plan for clients inspectors as required\u00a0 Familiarization program [&hellip;]","og_url":"https:\/\/vegaconsultants.no\/en\/jobbsoker\/ledige-stillinger\/senior-project-engineer-3003703\/","og_site_name":"Vega Consultants","twitter_card":"summary_large_image","twitter_misc":{"Estimated reading time":"1 minute"},"schema":{"@context":"https:\/\/schema.org","@graph":[{"@type":"WebPage","@id":"https:\/\/vegaconsultants.no\/jobbsoker\/ledige-stillinger\/senior-project-engineer-3003703\/","url":"https:\/\/vegaconsultants.no\/jobbsoker\/ledige-stillinger\/senior-project-engineer-3003703\/","name":"Senior Project Engineer - Vega Consultants","isPartOf":{"@id":"https:\/\/vegaconsultants.no\/#website"},"datePublished":"2024-08-31T21:13:48+00:00","breadcrumb":{"@id":"https:\/\/vegaconsultants.no\/jobbsoker\/ledige-stillinger\/senior-project-engineer-3003703\/#breadcrumb"},"inLanguage":"en-GB","potentialAction":[{"@type":"ReadAction","target":["https:\/\/vegaconsultants.no\/jobbsoker\/ledige-stillinger\/senior-project-engineer-3003703\/"]}]},{"@type":"BreadcrumbList","@id":"https:\/\/vegaconsultants.no\/jobbsoker\/ledige-stillinger\/senior-project-engineer-3003703\/#breadcrumb","itemListElement":[{"@type":"ListItem","position":1,"name":"Home","item":"https:\/\/vegaconsultants.no\/"},{"@type":"ListItem","position":2,"name":"Jobbs\u00f8ker","item":"https:\/\/vegaconsultants.no\/jobbsoker\/"},{"@type":"ListItem","position":3,"name":"Ledige stillinger","item":"https:\/\/vegaconsultants.no\/jobbsoker\/ledige-stillinger\/"},{"@type":"ListItem","position":4,"name":"Senior Project Engineer"}]},{"@type":"WebSite","@id":"https:\/\/vegaconsultants.no\/#website","url":"https:\/\/vegaconsultants.no\/","name":"Vega Consultants","description":"The right person for the right job","potentialAction":[{"@type":"SearchAction","target":{"@type":"EntryPoint","urlTemplate":"https:\/\/vegaconsultants.no\/?s={search_term_string}"},"query-input":{"@type":"PropertyValueSpecification","valueRequired":true,"valueName":"search_term_string"}}],"inLanguage":"en-GB"}]}},"_links":{"self":[{"href":"https:\/\/vegaconsultants.no\/en\/wp-json\/wp\/v2\/pages\/21279","targetHints":{"allow":["GET"]}}],"collection":[{"href":"https:\/\/vegaconsultants.no\/en\/wp-json\/wp\/v2\/pages"}],"about":[{"href":"https:\/\/vegaconsultants.no\/en\/wp-json\/wp\/v2\/types\/page"}],"author":[{"embeddable":true,"href":"https:\/\/vegaconsultants.no\/en\/wp-json\/wp\/v2\/users\/1"}],"replies":[{"embeddable":true,"href":"https:\/\/vegaconsultants.no\/en\/wp-json\/wp\/v2\/comments?post=21279"}],"version-history":[{"count":0,"href":"https:\/\/vegaconsultants.no\/en\/wp-json\/wp\/v2\/pages\/21279\/revisions"}],"up":[{"embeddable":true,"href":"https:\/\/vegaconsultants.no\/en\/wp-json\/wp\/v2\/pages\/4051"}],"wp:attachment":[{"href":"https:\/\/vegaconsultants.no\/en\/wp-json\/wp\/v2\/media?parent=21279"}],"curies":[{"name":"wp","href":"https:\/\/api.w.org\/{rel}","templated":true}]}}