{"id":21282,"date":"2024-08-29T23:14:49","date_gmt":"2024-08-29T21:14:49","guid":{"rendered":"https:\/\/vegaconsultants.no\/jobbsoker\/ledige-stillinger\/logistic-coordinator-3003708\/"},"modified":"2024-08-29T23:14:49","modified_gmt":"2024-08-29T21:14:49","slug":"logistic-coordinator-3003708","status":"publish","type":"page","link":"https:\/\/vegaconsultants.no\/en\/jobbsoker\/ledige-stillinger\/logistic-coordinator-3003708\/","title":{"rendered":"Logistic Coordinator"},"content":{"rendered":"<div class='vacancy-detail'>\n<div class='bold'>Vega Consultants AS<\/div>\n<div class='bold'>Logistic Coordinator<\/div>\n<div class='vacancy-body'>\n<h3>Introduction<\/h3>\n<p><strong>Nyutdannet innen administrasjon eller logistikk\/supply chain? Eller har du noen \u00e5rs erfaring og \u00f8nsker \u00e5 utvikle kompetansene dine videre? Les videre!<\/strong><\/p>\n<p>P\u00e5 vegne av kunde, s\u00f8ker vi en logistikk koordinator til \u00e5 bist\u00e5 deres forsyningsbase med leveranser. Du vil jobbe p\u00e5 en avdeling som forsyner hele den norske sokkelen med casing og foringsr\u00f8r.\u00a0\u00a0<\/p>\n<p><\/p>\n<h3>Tasks and responsibilities<\/h3>\n<ul>\n<li>Behandle og optimalisere returlogistikk fra br\u00f8nner p\u00e5 norsk sokkel\u00a0<\/li>\n<li>Bidra til god samhandling mellom akt\u00f8rene i forsyningskjeden, med fokus p\u00e5 sikker og effektiv leveranse\u00a0<\/li>\n<li>F\u00f8lge opp avvik og delta i HMS-runder\u00a0<\/li>\n<li>Ensure and ensure that relevant work processes are followed\u00a0<\/li>\n<li>Delta p\u00e5 relevante m\u00f8ter med kunder\/leverand\u00f8rer\u00a0<\/li>\n<li>Delta i forbedringsaktiviteter og bidra p\u00e5 en proaktiv m\u00e5te til at enhetens m\u00e5l og KPI\u2019er n\u00e5s.<\/li>\n<\/ul>\n<p><\/p>\n<h3>Kvalifikasjonskrav<\/h3>\n<ul>\n<li>Relevant erfaring innen logistikk\/forsyning er et krav. Utdanning innen \u00f8konomi\/administrasjon\/logistikk er gunstig, men ikke et krav.\u00a0<\/li>\n<li>Good collaboration skills and desire to contribute to a positive working environment\u00a0<\/li>\n<li>Du har h\u00f8y integritet evnen til \u00e5 ta ansvar, arbeide selvstendig, samt \u00e5 ta initiativ til forbedring\u00a0<\/li>\n<li>Du er strukturert og fleksibel med gode kommunikasjonsevner\u00a0<\/li>\n<li>Du har gode IT\/digitaliserings kunnskaper\u00a0<\/li>\n<li>Good risk understanding and ability to think holistically.<\/li>\n<li>Flytende norsk og engelsk kunnskaper er et krav.\u00a0<\/li>\n<\/ul>\n<p><\/p>\n<p>Dette er et oppdrag med varighet ut mai 2025, og mulighet for forlengelse. Kunden v\u00e5r \u00f8nsker snarlig oppstart.\u00a0<\/p>\n<p>Som konsulent hos oss f\u00e5r du gode betingelser og jevn oppf\u00f8lgning gjennom hele oppdragsforl\u00f8pet ditt.\u00a0<\/p>\n<p><\/p>\n<h3>Noe for deg?\u00a0<\/h3>\n<p>Hvis dette h\u00f8res ut som noe for deg, gleder vi oss til \u00e5 h\u00f8re fra deg! CV vil bli vurdert fortl\u00f8pende. For sp\u00f8rsm\u00e5l om stillingen, vennligst kontakt Leah Jespersen p\u00e5 413 32 939.\u00a0<\/p>\n<p>\n<\/div>\n<div class='vega-button'><span><a href='https:\/\/secure.webtemp.no\/WebtempCVPortal\/startsession.aspx?page=stillingsingle&amp;k=169&amp;id_utleie=3003708'>More info\/search here<\/a><\/span><\/div>\n<p><\/p>\n<hr>\n<div>\n<h4>REFNR<\/h4>\n<p>402641<\/p><\/div>\n<div>\n<h4>POSITION TYPE<\/h4>\n<p>Full-time<br \/>Temporary position\/engagement<\/div>\n<div>\n<h4>APPLICATION DEADLINE<\/h4>\n<p>Candidates are assessed on an ongoing basis.<\/p><\/div>\n<div class='vacancy-consultant'>\n<h4>CONTACT PERSON(S)<\/h4>\n<div>Leah Jespersen<\/div>\n<div>41 33 29 39<\/div>\n<div>leah.jespersen@vegaconsultants.no<\/div>\n<\/div>\n<\/div>","protected":false},"excerpt":{"rendered":"<p>Vega Consultants AS Logistic Coordinator Introduksjon Nyutdannet innen administrasjon eller logistikk\/supply chain? Eller har du noen \u00e5rs erfaring og \u00f8nsker \u00e5 utvikle kompetansene dine videre? Les videre! P\u00e5 vegne av kunde, s\u00f8ker vi en logistikk koordinator til \u00e5 bist\u00e5 deres forsyningsbase med leveranser. Du vil jobbe p\u00e5 en avdeling som forsyner hele den norske sokkelen [&hellip;]<\/p>\n","protected":false},"author":1,"featured_media":0,"parent":4051,"menu_order":0,"comment_status":"closed","ping_status":"closed","template":"","meta":{"_et_pb_use_builder":"","_et_pb_old_content":"","_et_gb_content_width":"","footnotes":""},"class_list":["post-21282","page","type-page","status-publish","hentry"],"yoast_head":"<!-- This site is optimized with the Yoast SEO plugin v27.4 - https:\/\/yoast.com\/product\/yoast-seo-wordpress\/ -->\n<title>Logistic Coordinator - Vega Consultants<\/title>\n<meta name=\"robots\" content=\"index, follow, max-snippet:-1, max-image-preview:large, max-video-preview:-1\" \/>\n<link rel=\"canonical\" href=\"https:\/\/vegaconsultants.no\/en\/jobbsoker\/ledige-stillinger\/logistic-coordinator-3003708\/\" \/>\n<meta property=\"og:locale\" content=\"en_GB\" \/>\n<meta property=\"og:type\" content=\"article\" \/>\n<meta property=\"og:title\" content=\"Logistic Coordinator - Vega Consultants\" \/>\n<meta property=\"og:description\" content=\"Vega Consultants AS Logistic Coordinator Introduksjon Nyutdannet innen administrasjon eller logistikk\/supply chain? Eller har du noen \u00e5rs erfaring og \u00f8nsker \u00e5 utvikle kompetansene dine videre? Les videre! P\u00e5 vegne av kunde, s\u00f8ker vi en logistikk koordinator til \u00e5 bist\u00e5 deres forsyningsbase med leveranser. Du vil jobbe p\u00e5 en avdeling som forsyner hele den norske sokkelen [&hellip;]\" \/>\n<meta property=\"og:url\" content=\"https:\/\/vegaconsultants.no\/en\/jobbsoker\/ledige-stillinger\/logistic-coordinator-3003708\/\" \/>\n<meta property=\"og:site_name\" content=\"Vega Consultants\" \/>\n<meta name=\"twitter:card\" content=\"summary_large_image\" \/>\n<meta name=\"twitter:label1\" content=\"Estimated reading time\" \/>\n\t<meta name=\"twitter:data1\" content=\"2 minutes\" \/>\n<script type=\"application\/ld+json\" class=\"yoast-schema-graph\">{\"@context\":\"https:\\\/\\\/schema.org\",\"@graph\":[{\"@type\":\"WebPage\",\"@id\":\"https:\\\/\\\/vegaconsultants.no\\\/jobbsoker\\\/ledige-stillinger\\\/logistic-coordinator-3003708\\\/\",\"url\":\"https:\\\/\\\/vegaconsultants.no\\\/jobbsoker\\\/ledige-stillinger\\\/logistic-coordinator-3003708\\\/\",\"name\":\"Logistic Coordinator - Vega Consultants\",\"isPartOf\":{\"@id\":\"https:\\\/\\\/vegaconsultants.no\\\/#website\"},\"datePublished\":\"2024-08-29T21:14:49+00:00\",\"breadcrumb\":{\"@id\":\"https:\\\/\\\/vegaconsultants.no\\\/jobbsoker\\\/ledige-stillinger\\\/logistic-coordinator-3003708\\\/#breadcrumb\"},\"inLanguage\":\"en-GB\",\"potentialAction\":[{\"@type\":\"ReadAction\",\"target\":[\"https:\\\/\\\/vegaconsultants.no\\\/jobbsoker\\\/ledige-stillinger\\\/logistic-coordinator-3003708\\\/\"]}]},{\"@type\":\"BreadcrumbList\",\"@id\":\"https:\\\/\\\/vegaconsultants.no\\\/jobbsoker\\\/ledige-stillinger\\\/logistic-coordinator-3003708\\\/#breadcrumb\",\"itemListElement\":[{\"@type\":\"ListItem\",\"position\":1,\"name\":\"Home\",\"item\":\"https:\\\/\\\/vegaconsultants.no\\\/\"},{\"@type\":\"ListItem\",\"position\":2,\"name\":\"Jobbs\u00f8ker\",\"item\":\"https:\\\/\\\/vegaconsultants.no\\\/jobbsoker\\\/\"},{\"@type\":\"ListItem\",\"position\":3,\"name\":\"Ledige stillinger\",\"item\":\"https:\\\/\\\/vegaconsultants.no\\\/jobbsoker\\\/ledige-stillinger\\\/\"},{\"@type\":\"ListItem\",\"position\":4,\"name\":\"Logistic Coordinator\"}]},{\"@type\":\"WebSite\",\"@id\":\"https:\\\/\\\/vegaconsultants.no\\\/#website\",\"url\":\"https:\\\/\\\/vegaconsultants.no\\\/\",\"name\":\"Vega Consultants\",\"description\":\"Rett person p\u00e5 rett plass\",\"potentialAction\":[{\"@type\":\"SearchAction\",\"target\":{\"@type\":\"EntryPoint\",\"urlTemplate\":\"https:\\\/\\\/vegaconsultants.no\\\/?s={search_term_string}\"},\"query-input\":{\"@type\":\"PropertyValueSpecification\",\"valueRequired\":true,\"valueName\":\"search_term_string\"}}],\"inLanguage\":\"en-GB\"}]}<\/script>\n<!-- \/ Yoast SEO plugin. -->","yoast_head_json":{"title":"Logistic Coordinator - Vega Consultants","robots":{"index":"index","follow":"follow","max-snippet":"max-snippet:-1","max-image-preview":"max-image-preview:large","max-video-preview":"max-video-preview:-1"},"canonical":"https:\/\/vegaconsultants.no\/en\/jobbsoker\/ledige-stillinger\/logistic-coordinator-3003708\/","og_locale":"en_GB","og_type":"article","og_title":"Logistic Coordinator - Vega Consultants","og_description":"Vega Consultants AS Logistic Coordinator Introduksjon Nyutdannet innen administrasjon eller logistikk\/supply chain? Eller har du noen \u00e5rs erfaring og \u00f8nsker \u00e5 utvikle kompetansene dine videre? Les videre! P\u00e5 vegne av kunde, s\u00f8ker vi en logistikk koordinator til \u00e5 bist\u00e5 deres forsyningsbase med leveranser. Du vil jobbe p\u00e5 en avdeling som forsyner hele den norske sokkelen [&hellip;]","og_url":"https:\/\/vegaconsultants.no\/en\/jobbsoker\/ledige-stillinger\/logistic-coordinator-3003708\/","og_site_name":"Vega Consultants","twitter_card":"summary_large_image","twitter_misc":{"Estimated reading time":"2 minutes"},"schema":{"@context":"https:\/\/schema.org","@graph":[{"@type":"WebPage","@id":"https:\/\/vegaconsultants.no\/jobbsoker\/ledige-stillinger\/logistic-coordinator-3003708\/","url":"https:\/\/vegaconsultants.no\/jobbsoker\/ledige-stillinger\/logistic-coordinator-3003708\/","name":"Logistic Coordinator - Vega Consultants","isPartOf":{"@id":"https:\/\/vegaconsultants.no\/#website"},"datePublished":"2024-08-29T21:14:49+00:00","breadcrumb":{"@id":"https:\/\/vegaconsultants.no\/jobbsoker\/ledige-stillinger\/logistic-coordinator-3003708\/#breadcrumb"},"inLanguage":"en-GB","potentialAction":[{"@type":"ReadAction","target":["https:\/\/vegaconsultants.no\/jobbsoker\/ledige-stillinger\/logistic-coordinator-3003708\/"]}]},{"@type":"BreadcrumbList","@id":"https:\/\/vegaconsultants.no\/jobbsoker\/ledige-stillinger\/logistic-coordinator-3003708\/#breadcrumb","itemListElement":[{"@type":"ListItem","position":1,"name":"Home","item":"https:\/\/vegaconsultants.no\/"},{"@type":"ListItem","position":2,"name":"Jobbs\u00f8ker","item":"https:\/\/vegaconsultants.no\/jobbsoker\/"},{"@type":"ListItem","position":3,"name":"Ledige stillinger","item":"https:\/\/vegaconsultants.no\/jobbsoker\/ledige-stillinger\/"},{"@type":"ListItem","position":4,"name":"Logistic Coordinator"}]},{"@type":"WebSite","@id":"https:\/\/vegaconsultants.no\/#website","url":"https:\/\/vegaconsultants.no\/","name":"Vega Consultants","description":"The right person for the right job","potentialAction":[{"@type":"SearchAction","target":{"@type":"EntryPoint","urlTemplate":"https:\/\/vegaconsultants.no\/?s={search_term_string}"},"query-input":{"@type":"PropertyValueSpecification","valueRequired":true,"valueName":"search_term_string"}}],"inLanguage":"en-GB"}]}},"_links":{"self":[{"href":"https:\/\/vegaconsultants.no\/en\/wp-json\/wp\/v2\/pages\/21282","targetHints":{"allow":["GET"]}}],"collection":[{"href":"https:\/\/vegaconsultants.no\/en\/wp-json\/wp\/v2\/pages"}],"about":[{"href":"https:\/\/vegaconsultants.no\/en\/wp-json\/wp\/v2\/types\/page"}],"author":[{"embeddable":true,"href":"https:\/\/vegaconsultants.no\/en\/wp-json\/wp\/v2\/users\/1"}],"replies":[{"embeddable":true,"href":"https:\/\/vegaconsultants.no\/en\/wp-json\/wp\/v2\/comments?post=21282"}],"version-history":[{"count":0,"href":"https:\/\/vegaconsultants.no\/en\/wp-json\/wp\/v2\/pages\/21282\/revisions"}],"up":[{"embeddable":true,"href":"https:\/\/vegaconsultants.no\/en\/wp-json\/wp\/v2\/pages\/4051"}],"wp:attachment":[{"href":"https:\/\/vegaconsultants.no\/en\/wp-json\/wp\/v2\/media?parent=21282"}],"curies":[{"name":"wp","href":"https:\/\/api.w.org\/{rel}","templated":true}]}}