{"id":21286,"date":"2024-09-23T23:13:39","date_gmt":"2024-09-23T21:13:39","guid":{"rendered":"https:\/\/vegaconsultants.no\/jobbsoker\/ledige-stillinger\/senior-document-controller-3003714\/"},"modified":"2024-09-23T23:13:39","modified_gmt":"2024-09-23T21:13:39","slug":"senior-document-controller-3003714","status":"publish","type":"page","link":"https:\/\/vegaconsultants.no\/en\/jobbsoker\/ledige-stillinger\/senior-document-controller-3003714\/","title":{"rendered":"Senior Document Controller"},"content":{"rendered":"<div class='vacancy-detail'>\n<div class='bold'>Vega Consultants AS<\/div>\n<div class='bold'>Senior Document Controller<\/div>\n<div class='vacancy-body'>\n<h3>Introduksjon<\/h3>\n<p>P\u00e5 vegne av kunde, s\u00f8ker vi etter en Senior Document Controller til \u00e5 bist\u00e5 i et EPC prosjekt i Oslo. Dette er en 1-\u00e5rs kontrakt, med \u00f8nsket oppstart i oktober.\u00a0<\/p>\n<p><\/p>\n<h3>Ansvarsomr\u00e5der\u00a0<\/h3>\n<ul>\n<li>H\u00e5ndtering av engineering dokumentasjon internt, mot kunde, Sub-contract, interface og fabrikasjon<\/li>\n<li>H\u00e5ndtering av leverand\u00f8rdokumentasjon internt, mot kunde og leverand\u00f8rer<\/li>\n<li>Gjennomgang av leverand\u00f8rens sluttdokumentasjon, produksjon av punchliste og oppf\u00f8lging av denne<\/li>\n<li>Kvalitetssjekk, registrering og distribusjon av dokumentasjon i henhold til krav<\/li>\n<li>Fremdrift og delay-rapportering<\/li>\n<li>Vedlikehold av dokument metadata<\/li>\n<li>Utveksling\/forsendelse av dokumentasjon til kundens systemer\u00a0<\/li>\n<\/ul>\n<p>&nbsp;<\/p>\n<h3>\u00d8nskede kvalifikasjoner<\/h3>\n<ul>\n<li>H\u00f8yere utdanning helst p\u00e5 universitetsniv\u00e5, kan erstattes med relevant erfaring<\/li>\n<li>Dokumentkontroll erfaring er et krav, 2-5 \u00e5r, helst fra prosjekter innen vind eller olje &amp; gass sektor.<\/li>\n<li>Erfaring med ProArc, Microsoft Office og lignende prosjektst\u00f8ttesystemer<\/li>\n<\/ul>\n<p><\/p>\n<h3>I tillegg er du&#8230;<\/h3>\n<ul>\n<li>Fleksibel og \u00e5pen for innspill<\/li>\n<li>God p\u00e5 \u00e5 kommunisere b\u00e5de skriftlig og muntlig p\u00e5 engelsk og norsk.<\/li>\n<li>Proaktiv og resultatorientert<\/li>\n<li>Strukturert, n\u00f8yaktig og kan jobbe selvstendig i en hektisk hverdag<\/li>\n<li>Forst\u00e5r prosjektgjennomf\u00f8ringsmetoder og informasjonsflyten i et EPC-prosjekt<\/li>\n<\/ul>\n<p><\/p>\n<h3>Interessert?<\/h3>\n<p>Hvis dette h\u00f8res ut som neste jobb for deg? Da gleder vi oss til \u00e5 motta CVen din! Vi vurderer kandidater fortl\u00f8pende.\u00a0<\/p>\n<p><\/p>\n<p>For sp\u00f8rsm\u00e5l ang\u00e5ende stillingen, vennligst ta kontakt med Leah Jespersen p\u00e5 413 32 939.\u00a0<\/p>\n<\/div>\n<div class='vega-button'><span><a href='https:\/\/secure.webtemp.no\/WebtempCVPortal\/startsession.aspx?page=stillingsingle&amp;k=169&amp;id_utleie=3003714'>Mer info\/s\u00f8k her<\/a><\/span><\/div>\n<p><\/p>\n<hr>\n<div>\n<h4>REFNR<\/h4>\n<p>402647<\/p><\/div>\n<div>\n<h4>STILLINGSTYPE<\/h4>\n<p>Heltid<br \/>Vikariat\/engasjement<\/div>\n<div>\n<h4>S\u00d8KNADSFRIST<\/h4>\n<p>23.09.2024<\/p><\/div>\n<div class='vacancy-consultant'>\n<h4>KONTAKTPERSON(ER)<\/h4>\n<div>Leah Jespersen<\/div>\n<div>41 33 29 39<\/div>\n<div>leah.jespersen@vegaconsultants.no<\/div>\n<\/div>\n<\/div>","protected":false},"excerpt":{"rendered":"<p>Vega Consultants AS Senior Document Controller Introduksjon P\u00e5 vegne av kunde, s\u00f8ker vi etter en Senior Document Controller til \u00e5 bist\u00e5 i et EPC prosjekt i Oslo. Dette er en 1-\u00e5rs kontrakt, med \u00f8nsket oppstart i oktober.\u00a0 Ansvarsomr\u00e5der\u00a0 H\u00e5ndtering av engineering dokumentasjon internt, mot kunde, Sub-contract, interface og fabrikasjon H\u00e5ndtering av leverand\u00f8rdokumentasjon internt, mot kunde [&hellip;]<\/p>\n","protected":false},"author":1,"featured_media":0,"parent":4051,"menu_order":0,"comment_status":"closed","ping_status":"closed","template":"","meta":{"_et_pb_use_builder":"","_et_pb_old_content":"","_et_gb_content_width":"","footnotes":""},"class_list":["post-21286","page","type-page","status-publish","hentry"],"yoast_head":"<!-- This site is optimized with the Yoast SEO plugin v27.3 - https:\/\/yoast.com\/product\/yoast-seo-wordpress\/ -->\n<title>Senior Document Controller - Vega Consultants<\/title>\n<meta name=\"robots\" content=\"index, follow, max-snippet:-1, max-image-preview:large, max-video-preview:-1\" \/>\n<link rel=\"canonical\" href=\"https:\/\/vegaconsultants.no\/en\/jobbsoker\/ledige-stillinger\/senior-document-controller-3003714\/\" \/>\n<meta property=\"og:locale\" content=\"en_GB\" \/>\n<meta property=\"og:type\" content=\"article\" \/>\n<meta property=\"og:title\" content=\"Senior Document Controller - Vega Consultants\" \/>\n<meta property=\"og:description\" content=\"Vega Consultants AS Senior Document Controller Introduksjon P\u00e5 vegne av kunde, s\u00f8ker vi etter en Senior Document Controller til \u00e5 bist\u00e5 i et EPC prosjekt i Oslo. Dette er en 1-\u00e5rs kontrakt, med \u00f8nsket oppstart i oktober.\u00a0 Ansvarsomr\u00e5der\u00a0 H\u00e5ndtering av engineering dokumentasjon internt, mot kunde, Sub-contract, interface og fabrikasjon H\u00e5ndtering av leverand\u00f8rdokumentasjon internt, mot kunde [&hellip;]\" \/>\n<meta property=\"og:url\" content=\"https:\/\/vegaconsultants.no\/en\/jobbsoker\/ledige-stillinger\/senior-document-controller-3003714\/\" \/>\n<meta property=\"og:site_name\" content=\"Vega Consultants\" \/>\n<meta name=\"twitter:card\" content=\"summary_large_image\" \/>\n<meta name=\"twitter:label1\" content=\"Estimated reading time\" \/>\n\t<meta name=\"twitter:data1\" content=\"1 minute\" \/>\n<script type=\"application\/ld+json\" class=\"yoast-schema-graph\">{\"@context\":\"https:\\\/\\\/schema.org\",\"@graph\":[{\"@type\":\"WebPage\",\"@id\":\"https:\\\/\\\/vegaconsultants.no\\\/jobbsoker\\\/ledige-stillinger\\\/senior-document-controller-3003714\\\/\",\"url\":\"https:\\\/\\\/vegaconsultants.no\\\/jobbsoker\\\/ledige-stillinger\\\/senior-document-controller-3003714\\\/\",\"name\":\"Senior Document Controller - Vega Consultants\",\"isPartOf\":{\"@id\":\"https:\\\/\\\/vegaconsultants.no\\\/#website\"},\"datePublished\":\"2024-09-23T21:13:39+00:00\",\"breadcrumb\":{\"@id\":\"https:\\\/\\\/vegaconsultants.no\\\/jobbsoker\\\/ledige-stillinger\\\/senior-document-controller-3003714\\\/#breadcrumb\"},\"inLanguage\":\"en-GB\",\"potentialAction\":[{\"@type\":\"ReadAction\",\"target\":[\"https:\\\/\\\/vegaconsultants.no\\\/jobbsoker\\\/ledige-stillinger\\\/senior-document-controller-3003714\\\/\"]}]},{\"@type\":\"BreadcrumbList\",\"@id\":\"https:\\\/\\\/vegaconsultants.no\\\/jobbsoker\\\/ledige-stillinger\\\/senior-document-controller-3003714\\\/#breadcrumb\",\"itemListElement\":[{\"@type\":\"ListItem\",\"position\":1,\"name\":\"Home\",\"item\":\"https:\\\/\\\/vegaconsultants.no\\\/\"},{\"@type\":\"ListItem\",\"position\":2,\"name\":\"Jobbs\u00f8ker\",\"item\":\"https:\\\/\\\/vegaconsultants.no\\\/jobbsoker\\\/\"},{\"@type\":\"ListItem\",\"position\":3,\"name\":\"Ledige stillinger\",\"item\":\"https:\\\/\\\/vegaconsultants.no\\\/jobbsoker\\\/ledige-stillinger\\\/\"},{\"@type\":\"ListItem\",\"position\":4,\"name\":\"Senior Document Controller\"}]},{\"@type\":\"WebSite\",\"@id\":\"https:\\\/\\\/vegaconsultants.no\\\/#website\",\"url\":\"https:\\\/\\\/vegaconsultants.no\\\/\",\"name\":\"Vega Consultants\",\"description\":\"Rett person p\u00e5 rett plass\",\"potentialAction\":[{\"@type\":\"SearchAction\",\"target\":{\"@type\":\"EntryPoint\",\"urlTemplate\":\"https:\\\/\\\/vegaconsultants.no\\\/?s={search_term_string}\"},\"query-input\":{\"@type\":\"PropertyValueSpecification\",\"valueRequired\":true,\"valueName\":\"search_term_string\"}}],\"inLanguage\":\"en-GB\"}]}<\/script>\n<!-- \/ Yoast SEO plugin. -->","yoast_head_json":{"title":"Senior Document Controller - Vega Consultants","robots":{"index":"index","follow":"follow","max-snippet":"max-snippet:-1","max-image-preview":"max-image-preview:large","max-video-preview":"max-video-preview:-1"},"canonical":"https:\/\/vegaconsultants.no\/en\/jobbsoker\/ledige-stillinger\/senior-document-controller-3003714\/","og_locale":"en_GB","og_type":"article","og_title":"Senior Document Controller - Vega Consultants","og_description":"Vega Consultants AS Senior Document Controller Introduksjon P\u00e5 vegne av kunde, s\u00f8ker vi etter en Senior Document Controller til \u00e5 bist\u00e5 i et EPC prosjekt i Oslo. Dette er en 1-\u00e5rs kontrakt, med \u00f8nsket oppstart i oktober.\u00a0 Ansvarsomr\u00e5der\u00a0 H\u00e5ndtering av engineering dokumentasjon internt, mot kunde, Sub-contract, interface og fabrikasjon H\u00e5ndtering av leverand\u00f8rdokumentasjon internt, mot kunde [&hellip;]","og_url":"https:\/\/vegaconsultants.no\/en\/jobbsoker\/ledige-stillinger\/senior-document-controller-3003714\/","og_site_name":"Vega Consultants","twitter_card":"summary_large_image","twitter_misc":{"Estimated reading time":"1 minute"},"schema":{"@context":"https:\/\/schema.org","@graph":[{"@type":"WebPage","@id":"https:\/\/vegaconsultants.no\/jobbsoker\/ledige-stillinger\/senior-document-controller-3003714\/","url":"https:\/\/vegaconsultants.no\/jobbsoker\/ledige-stillinger\/senior-document-controller-3003714\/","name":"Senior Document Controller - Vega Consultants","isPartOf":{"@id":"https:\/\/vegaconsultants.no\/#website"},"datePublished":"2024-09-23T21:13:39+00:00","breadcrumb":{"@id":"https:\/\/vegaconsultants.no\/jobbsoker\/ledige-stillinger\/senior-document-controller-3003714\/#breadcrumb"},"inLanguage":"en-GB","potentialAction":[{"@type":"ReadAction","target":["https:\/\/vegaconsultants.no\/jobbsoker\/ledige-stillinger\/senior-document-controller-3003714\/"]}]},{"@type":"BreadcrumbList","@id":"https:\/\/vegaconsultants.no\/jobbsoker\/ledige-stillinger\/senior-document-controller-3003714\/#breadcrumb","itemListElement":[{"@type":"ListItem","position":1,"name":"Home","item":"https:\/\/vegaconsultants.no\/"},{"@type":"ListItem","position":2,"name":"Jobbs\u00f8ker","item":"https:\/\/vegaconsultants.no\/jobbsoker\/"},{"@type":"ListItem","position":3,"name":"Ledige stillinger","item":"https:\/\/vegaconsultants.no\/jobbsoker\/ledige-stillinger\/"},{"@type":"ListItem","position":4,"name":"Senior Document Controller"}]},{"@type":"WebSite","@id":"https:\/\/vegaconsultants.no\/#website","url":"https:\/\/vegaconsultants.no\/","name":"Vega Consultants","description":"The right person for the right job","potentialAction":[{"@type":"SearchAction","target":{"@type":"EntryPoint","urlTemplate":"https:\/\/vegaconsultants.no\/?s={search_term_string}"},"query-input":{"@type":"PropertyValueSpecification","valueRequired":true,"valueName":"search_term_string"}}],"inLanguage":"en-GB"}]}},"_links":{"self":[{"href":"https:\/\/vegaconsultants.no\/en\/wp-json\/wp\/v2\/pages\/21286","targetHints":{"allow":["GET"]}}],"collection":[{"href":"https:\/\/vegaconsultants.no\/en\/wp-json\/wp\/v2\/pages"}],"about":[{"href":"https:\/\/vegaconsultants.no\/en\/wp-json\/wp\/v2\/types\/page"}],"author":[{"embeddable":true,"href":"https:\/\/vegaconsultants.no\/en\/wp-json\/wp\/v2\/users\/1"}],"replies":[{"embeddable":true,"href":"https:\/\/vegaconsultants.no\/en\/wp-json\/wp\/v2\/comments?post=21286"}],"version-history":[{"count":0,"href":"https:\/\/vegaconsultants.no\/en\/wp-json\/wp\/v2\/pages\/21286\/revisions"}],"up":[{"embeddable":true,"href":"https:\/\/vegaconsultants.no\/en\/wp-json\/wp\/v2\/pages\/4051"}],"wp:attachment":[{"href":"https:\/\/vegaconsultants.no\/en\/wp-json\/wp\/v2\/media?parent=21286"}],"curies":[{"name":"wp","href":"https:\/\/api.w.org\/{rel}","templated":true}]}}