{"id":21289,"date":"2024-09-08T23:28:06","date_gmt":"2024-09-08T21:28:06","guid":{"rendered":"https:\/\/vegaconsultants.no\/jobbsoker\/ledige-stillinger\/senior-structural-analysis-engineer-3003717\/"},"modified":"2024-09-08T23:28:06","modified_gmt":"2024-09-08T21:28:06","slug":"senior-structural-analysis-engineer-3003717","status":"publish","type":"page","link":"https:\/\/vegaconsultants.no\/en\/jobbsoker\/ledige-stillinger\/senior-structural-analysis-engineer-3003717\/","title":{"rendered":"Senior Structural Analysis Engineer"},"content":{"rendered":"<div class='vacancy-detail'>\n<div class='bold'>Vega Consultants AS<\/div>\n<div class='bold'>Senior Structural Analysis Engineer<\/div>\n<div class='vacancy-body'>\n<ul>\n<li>Duration: 09\/09\/2024 \u2013 28\/02\/2026<\/li>\n<li>Location: Bergen<\/li>\n<\/ul>\n<h3><\/h3>\n<h3>Work tasks<\/h3>\n<ul>\n<li>Perform structural analyses, including local calculations, to assess the integrity and stability of various structures.<\/li>\n<li>Structural analyses, designs, calculations and checks of main, secondary and equipment steel.<\/li>\n<li>Structural analyses are performed using the computer programs: Genie, Sesam, Abaqus, StaadPro, MathCAD<\/li>\n<\/ul>\n<p><\/p>\n<h3>Desired qualifications<\/h3>\n<ul>\n<li>Master&#039;s degree in civil engineering, mechanical or marine engineering<\/li>\n<li>Knowledge of analysis tools such as Sesam\/Genie and Staad pro is an advantage<\/li>\n<li>Minimum 5 years of relevant experience from the energy sector or construction-related business<\/li>\n<li>Be systematic and accurate<\/li>\n<li>Have a high level of loyalty to deadlines and quality requirements<\/li>\n<li>Be proactive, seek advice and share your own experiences with others<\/li>\n<li>Communicate well and be able to work together in a team<\/li>\n<li>English language required, but Norwegian is preferred<\/li>\n<li>Be flexible and able to solve problems in collaboration with your own team and other disciplines<\/li>\n<li>Knowledge of NS-EN 1090<\/li>\n<li>Offshore course \u2013 Must either be held or be able to complete as needed in a project<\/li>\n<\/ul>\n<p>Does this sound like something for you? Contact Sarah Svab\u00f8 on 456 80 850 or Sarah.svabo@vegaconsultatnts.no for more information.\u00a0<\/p>\n<\/div>\n<div class='vega-button'><span><a href='https:\/\/secure.webtemp.no\/WebtempCVPortal\/startsession.aspx?page=stillingsingle&amp;k=169&amp;id_utleie=3003717'>More info\/search here<\/a><\/span><\/div>\n<p><\/p>\n<hr>\n<div>\n<h4>REFNR<\/h4>\n<p>402650<\/p><\/div>\n<div>\n<h4>POSITION TYPE<\/h4>\n<p>Full-time<br \/>Temporary position\/engagement<\/div>\n<div>\n<h4>APPLICATION DEADLINE<\/h4>\n<p>Asap<\/p><\/div>\n<div class='vacancy-consultant'>\n<h4>CONTACT PERSON(S)<\/h4>\n<div>Sarah Svab\u00f8<\/div>\n<div>45 68 08 50<\/div>\n<div>sarah.svabo@vegaconsultants.no<\/div>\n<\/div>\n<\/div>","protected":false},"excerpt":{"rendered":"<p>Vega Consultants AS Senior Structural Analysis Engineer Varighet : 09\/09\/2024 &#8211; 28\/02\/2026 Sted : Bergen Arbeidsoppgaver Utf\u00f8re strukturanalyser, inkludert lokale beregninger, for \u00e5 vurdere integriteten og stabiliteten til ulike konstruksjoner. Strukturanalyser, design, beregninger og sjekk av hoved-, sekund\u00e6r- og utstyrsst\u00e5l. Strukturanalyser utf\u00f8res ved bruk av dataprogrammene: Genie, Sesam, Abaqus, StaadPro, MathCAD \u00d8nskede kvalifikasjoner Master utdannelse [&hellip;]<\/p>\n","protected":false},"author":1,"featured_media":0,"parent":4051,"menu_order":0,"comment_status":"closed","ping_status":"closed","template":"","meta":{"_et_pb_use_builder":"","_et_pb_old_content":"","_et_gb_content_width":"","footnotes":""},"class_list":["post-21289","page","type-page","status-publish","hentry"],"yoast_head":"<!-- This site is optimized with the Yoast SEO plugin v27.4 - https:\/\/yoast.com\/product\/yoast-seo-wordpress\/ -->\n<title>Senior Structural Analysis Engineer - Vega Consultants<\/title>\n<meta name=\"robots\" content=\"index, follow, max-snippet:-1, max-image-preview:large, max-video-preview:-1\" \/>\n<link rel=\"canonical\" href=\"https:\/\/vegaconsultants.no\/en\/jobbsoker\/ledige-stillinger\/senior-structural-analysis-engineer-3003717\/\" \/>\n<meta property=\"og:locale\" content=\"en_GB\" \/>\n<meta property=\"og:type\" content=\"article\" \/>\n<meta property=\"og:title\" content=\"Senior Structural Analysis Engineer - Vega Consultants\" \/>\n<meta property=\"og:description\" content=\"Vega Consultants AS Senior Structural Analysis Engineer Varighet : 09\/09\/2024 &#8211; 28\/02\/2026 Sted : Bergen Arbeidsoppgaver Utf\u00f8re strukturanalyser, inkludert lokale beregninger, for \u00e5 vurdere integriteten og stabiliteten til ulike konstruksjoner. Strukturanalyser, design, beregninger og sjekk av hoved-, sekund\u00e6r- og utstyrsst\u00e5l. Strukturanalyser utf\u00f8res ved bruk av dataprogrammene: Genie, Sesam, Abaqus, StaadPro, MathCAD \u00d8nskede kvalifikasjoner Master utdannelse [&hellip;]\" \/>\n<meta property=\"og:url\" content=\"https:\/\/vegaconsultants.no\/en\/jobbsoker\/ledige-stillinger\/senior-structural-analysis-engineer-3003717\/\" \/>\n<meta property=\"og:site_name\" content=\"Vega Consultants\" \/>\n<meta name=\"twitter:card\" content=\"summary_large_image\" \/>\n<meta name=\"twitter:label1\" content=\"Estimated reading time\" \/>\n\t<meta name=\"twitter:data1\" content=\"1 minute\" \/>\n<script type=\"application\/ld+json\" class=\"yoast-schema-graph\">{\"@context\":\"https:\\\/\\\/schema.org\",\"@graph\":[{\"@type\":\"WebPage\",\"@id\":\"https:\\\/\\\/vegaconsultants.no\\\/jobbsoker\\\/ledige-stillinger\\\/senior-structural-analysis-engineer-3003717\\\/\",\"url\":\"https:\\\/\\\/vegaconsultants.no\\\/jobbsoker\\\/ledige-stillinger\\\/senior-structural-analysis-engineer-3003717\\\/\",\"name\":\"Senior Structural Analysis Engineer - Vega Consultants\",\"isPartOf\":{\"@id\":\"https:\\\/\\\/vegaconsultants.no\\\/#website\"},\"datePublished\":\"2024-09-08T21:28:06+00:00\",\"breadcrumb\":{\"@id\":\"https:\\\/\\\/vegaconsultants.no\\\/jobbsoker\\\/ledige-stillinger\\\/senior-structural-analysis-engineer-3003717\\\/#breadcrumb\"},\"inLanguage\":\"en-GB\",\"potentialAction\":[{\"@type\":\"ReadAction\",\"target\":[\"https:\\\/\\\/vegaconsultants.no\\\/jobbsoker\\\/ledige-stillinger\\\/senior-structural-analysis-engineer-3003717\\\/\"]}]},{\"@type\":\"BreadcrumbList\",\"@id\":\"https:\\\/\\\/vegaconsultants.no\\\/jobbsoker\\\/ledige-stillinger\\\/senior-structural-analysis-engineer-3003717\\\/#breadcrumb\",\"itemListElement\":[{\"@type\":\"ListItem\",\"position\":1,\"name\":\"Home\",\"item\":\"https:\\\/\\\/vegaconsultants.no\\\/\"},{\"@type\":\"ListItem\",\"position\":2,\"name\":\"Jobbs\u00f8ker\",\"item\":\"https:\\\/\\\/vegaconsultants.no\\\/jobbsoker\\\/\"},{\"@type\":\"ListItem\",\"position\":3,\"name\":\"Ledige stillinger\",\"item\":\"https:\\\/\\\/vegaconsultants.no\\\/jobbsoker\\\/ledige-stillinger\\\/\"},{\"@type\":\"ListItem\",\"position\":4,\"name\":\"Senior Structural Analysis Engineer\"}]},{\"@type\":\"WebSite\",\"@id\":\"https:\\\/\\\/vegaconsultants.no\\\/#website\",\"url\":\"https:\\\/\\\/vegaconsultants.no\\\/\",\"name\":\"Vega Consultants\",\"description\":\"Rett person p\u00e5 rett plass\",\"potentialAction\":[{\"@type\":\"SearchAction\",\"target\":{\"@type\":\"EntryPoint\",\"urlTemplate\":\"https:\\\/\\\/vegaconsultants.no\\\/?s={search_term_string}\"},\"query-input\":{\"@type\":\"PropertyValueSpecification\",\"valueRequired\":true,\"valueName\":\"search_term_string\"}}],\"inLanguage\":\"en-GB\"}]}<\/script>\n<!-- \/ Yoast SEO plugin. -->","yoast_head_json":{"title":"Senior Structural Analysis Engineer - Vega Consultants","robots":{"index":"index","follow":"follow","max-snippet":"max-snippet:-1","max-image-preview":"max-image-preview:large","max-video-preview":"max-video-preview:-1"},"canonical":"https:\/\/vegaconsultants.no\/en\/jobbsoker\/ledige-stillinger\/senior-structural-analysis-engineer-3003717\/","og_locale":"en_GB","og_type":"article","og_title":"Senior Structural Analysis Engineer - Vega Consultants","og_description":"Vega Consultants AS Senior Structural Analysis Engineer Varighet : 09\/09\/2024 &#8211; 28\/02\/2026 Sted : Bergen Arbeidsoppgaver Utf\u00f8re strukturanalyser, inkludert lokale beregninger, for \u00e5 vurdere integriteten og stabiliteten til ulike konstruksjoner. Strukturanalyser, design, beregninger og sjekk av hoved-, sekund\u00e6r- og utstyrsst\u00e5l. Strukturanalyser utf\u00f8res ved bruk av dataprogrammene: Genie, Sesam, Abaqus, StaadPro, MathCAD \u00d8nskede kvalifikasjoner Master utdannelse [&hellip;]","og_url":"https:\/\/vegaconsultants.no\/en\/jobbsoker\/ledige-stillinger\/senior-structural-analysis-engineer-3003717\/","og_site_name":"Vega Consultants","twitter_card":"summary_large_image","twitter_misc":{"Estimated reading time":"1 minute"},"schema":{"@context":"https:\/\/schema.org","@graph":[{"@type":"WebPage","@id":"https:\/\/vegaconsultants.no\/jobbsoker\/ledige-stillinger\/senior-structural-analysis-engineer-3003717\/","url":"https:\/\/vegaconsultants.no\/jobbsoker\/ledige-stillinger\/senior-structural-analysis-engineer-3003717\/","name":"Senior Structural Analysis Engineer - Vega Consultants","isPartOf":{"@id":"https:\/\/vegaconsultants.no\/#website"},"datePublished":"2024-09-08T21:28:06+00:00","breadcrumb":{"@id":"https:\/\/vegaconsultants.no\/jobbsoker\/ledige-stillinger\/senior-structural-analysis-engineer-3003717\/#breadcrumb"},"inLanguage":"en-GB","potentialAction":[{"@type":"ReadAction","target":["https:\/\/vegaconsultants.no\/jobbsoker\/ledige-stillinger\/senior-structural-analysis-engineer-3003717\/"]}]},{"@type":"BreadcrumbList","@id":"https:\/\/vegaconsultants.no\/jobbsoker\/ledige-stillinger\/senior-structural-analysis-engineer-3003717\/#breadcrumb","itemListElement":[{"@type":"ListItem","position":1,"name":"Home","item":"https:\/\/vegaconsultants.no\/"},{"@type":"ListItem","position":2,"name":"Jobbs\u00f8ker","item":"https:\/\/vegaconsultants.no\/jobbsoker\/"},{"@type":"ListItem","position":3,"name":"Ledige stillinger","item":"https:\/\/vegaconsultants.no\/jobbsoker\/ledige-stillinger\/"},{"@type":"ListItem","position":4,"name":"Senior Structural Analysis Engineer"}]},{"@type":"WebSite","@id":"https:\/\/vegaconsultants.no\/#website","url":"https:\/\/vegaconsultants.no\/","name":"Vega Consultants","description":"The right person for the right job","potentialAction":[{"@type":"SearchAction","target":{"@type":"EntryPoint","urlTemplate":"https:\/\/vegaconsultants.no\/?s={search_term_string}"},"query-input":{"@type":"PropertyValueSpecification","valueRequired":true,"valueName":"search_term_string"}}],"inLanguage":"en-GB"}]}},"_links":{"self":[{"href":"https:\/\/vegaconsultants.no\/en\/wp-json\/wp\/v2\/pages\/21289","targetHints":{"allow":["GET"]}}],"collection":[{"href":"https:\/\/vegaconsultants.no\/en\/wp-json\/wp\/v2\/pages"}],"about":[{"href":"https:\/\/vegaconsultants.no\/en\/wp-json\/wp\/v2\/types\/page"}],"author":[{"embeddable":true,"href":"https:\/\/vegaconsultants.no\/en\/wp-json\/wp\/v2\/users\/1"}],"replies":[{"embeddable":true,"href":"https:\/\/vegaconsultants.no\/en\/wp-json\/wp\/v2\/comments?post=21289"}],"version-history":[{"count":0,"href":"https:\/\/vegaconsultants.no\/en\/wp-json\/wp\/v2\/pages\/21289\/revisions"}],"up":[{"embeddable":true,"href":"https:\/\/vegaconsultants.no\/en\/wp-json\/wp\/v2\/pages\/4051"}],"wp:attachment":[{"href":"https:\/\/vegaconsultants.no\/en\/wp-json\/wp\/v2\/media?parent=21289"}],"curies":[{"name":"wp","href":"https:\/\/api.w.org\/{rel}","templated":true}]}}