{"id":21290,"date":"2024-09-08T23:28:08","date_gmt":"2024-09-08T21:28:08","guid":{"rendered":"https:\/\/vegaconsultants.no\/jobbsoker\/ledige-stillinger\/structural-designer-e3d-3003718\/"},"modified":"2024-09-08T23:28:08","modified_gmt":"2024-09-08T21:28:08","slug":"structural-designer-e3d-3003718","status":"publish","type":"page","link":"https:\/\/vegaconsultants.no\/en\/jobbsoker\/ledige-stillinger\/structural-designer-e3d-3003718\/","title":{"rendered":"Structural Designer E3D"},"content":{"rendered":"<div class='vacancy-detail'>\n<div class='bold'>Vega Consultants AS<\/div>\n<div class='bold'>Structural Designer E3D<\/div>\n<div class='vacancy-body'>\n<h3><\/h3>\n<ul>\n<li>Varighet: 09\/09\/2024 &#8211; 28\/02\/2026<\/li>\n<li>Location: Bergen<\/li>\n<\/ul>\n<h3><\/h3>\n<h3><strong>Work tasks<\/strong><\/h3>\n<ul>\n<li>Design\/Layout\/Interface\/tegningssjekk<\/li>\n<li>Arbeid i studie og prosjekteringsfase<\/li>\n<li>Utvikle strukturell design 3D-modellering ved bruk av E3D-design<\/li>\n<li>Utarbeidelse av strukturtegninger ved bruk av E3D-utkast.<\/li>\n<li>Utarbeidelse av fabrikasjonspakker og installasjonspakker, legge inn arbeidsordre.<\/li>\n<li>Design av L\u00f8fteinnretninger.\u00a0<\/li>\n<li>Utf\u00f8re enkle h\u00e5ndberegninger, MTO, Estimering.<\/li>\n<li>Eventuelt &laquo;Draft lead&raquo; i st\u00f8rre prosjekter<\/li>\n<\/ul>\n<p><\/p>\n<h3><strong>Desired qualifications<\/strong><\/h3>\n<ul>\n<li>Bachelor eller Master<\/li>\n<li>5-10 \u00e5rs erfaring fra energisektoren eller byggrelatert virksomhet<\/li>\n<li>Be systematic and accurate<\/li>\n<li>Have a high level of loyalty to deadlines and quality requirements<\/li>\n<li>Be proactive, seek advice and share your own experiences with others<\/li>\n<li>Communicate well and be able to work together in a team<\/li>\n<li>Engelsk spr\u00e5k kreves, norsk er \u00e5 foretrekke<\/li>\n<li>Be flexible and able to solve problems in collaboration with your own team and other disciplines<\/li>\n<li>Knowledge of NS-EN 1090<\/li>\n<\/ul>\n<p><\/p>\n<p>Does this sound like something for you? Contact Sarah Svab\u00f8 on 456 80 850 or Sarah.svabo@vegaconsultatnts.no for more information.\u00a0<\/p>\n<\/div>\n<div class='vega-button'><span><a href='https:\/\/secure.webtemp.no\/WebtempCVPortal\/startsession.aspx?page=stillingsingle&amp;k=169&amp;id_utleie=3003718'>More info\/search here<\/a><\/span><\/div>\n<p><\/p>\n<hr>\n<div>\n<h4>REFNR<\/h4>\n<p>402651<\/p><\/div>\n<div>\n<h4>POSITION TYPE<\/h4>\n<p>Full-time<br \/>Temporary position\/engagement<\/div>\n<div>\n<h4>APPLICATION DEADLINE<\/h4>\n<p>Asap<\/p><\/div>\n<div class='vacancy-consultant'>\n<h4>CONTACT PERSON(S)<\/h4>\n<div>Sarah Svab\u00f8<\/div>\n<div>45 68 08 50<\/div>\n<div>sarah.svabo@vegaconsultants.no<\/div>\n<\/div>\n<\/div>","protected":false},"excerpt":{"rendered":"<p>Vega Consultants AS Structural Designer E3D Varighet: 09\/09\/2024 &#8211; 28\/02\/2026 Sted: Bergen Arbeidsoppgaver Design\/Layout\/Interface\/tegningssjekk Arbeid i studie og prosjekteringsfase Utvikle strukturell design 3D-modellering ved bruk av E3D-design Utarbeidelse av strukturtegninger ved bruk av E3D-utkast. Utarbeidelse av fabrikasjonspakker og installasjonspakker, legge inn arbeidsordre. Design av L\u00f8fteinnretninger.\u00a0 Utf\u00f8re enkle h\u00e5ndberegninger, MTO, Estimering. Eventuelt &laquo;Draft lead&raquo; i st\u00f8rre [&hellip;]<\/p>\n","protected":false},"author":1,"featured_media":0,"parent":4051,"menu_order":0,"comment_status":"closed","ping_status":"closed","template":"","meta":{"_et_pb_use_builder":"","_et_pb_old_content":"","_et_gb_content_width":"","footnotes":""},"class_list":["post-21290","page","type-page","status-publish","hentry"],"yoast_head":"<!-- This site is optimized with the Yoast SEO plugin v27.4 - https:\/\/yoast.com\/product\/yoast-seo-wordpress\/ -->\n<title>Structural Designer E3D - Vega Consultants<\/title>\n<meta name=\"robots\" content=\"index, follow, max-snippet:-1, max-image-preview:large, max-video-preview:-1\" \/>\n<link rel=\"canonical\" href=\"https:\/\/vegaconsultants.no\/en\/jobbsoker\/ledige-stillinger\/structural-designer-e3d-3003718\/\" \/>\n<meta property=\"og:locale\" content=\"en_GB\" \/>\n<meta property=\"og:type\" content=\"article\" \/>\n<meta property=\"og:title\" content=\"Structural Designer E3D - Vega Consultants\" \/>\n<meta property=\"og:description\" content=\"Vega Consultants AS Structural Designer E3D Varighet: 09\/09\/2024 &#8211; 28\/02\/2026 Sted: Bergen Arbeidsoppgaver Design\/Layout\/Interface\/tegningssjekk Arbeid i studie og prosjekteringsfase Utvikle strukturell design 3D-modellering ved bruk av E3D-design Utarbeidelse av strukturtegninger ved bruk av E3D-utkast. Utarbeidelse av fabrikasjonspakker og installasjonspakker, legge inn arbeidsordre. Design av L\u00f8fteinnretninger.\u00a0 Utf\u00f8re enkle h\u00e5ndberegninger, MTO, Estimering. Eventuelt &laquo;Draft lead&raquo; i st\u00f8rre [&hellip;]\" \/>\n<meta property=\"og:url\" content=\"https:\/\/vegaconsultants.no\/en\/jobbsoker\/ledige-stillinger\/structural-designer-e3d-3003718\/\" \/>\n<meta property=\"og:site_name\" content=\"Vega Consultants\" \/>\n<meta name=\"twitter:card\" content=\"summary_large_image\" \/>\n<meta name=\"twitter:label1\" content=\"Estimated reading time\" \/>\n\t<meta name=\"twitter:data1\" content=\"1 minute\" \/>\n<script type=\"application\/ld+json\" class=\"yoast-schema-graph\">{\"@context\":\"https:\\\/\\\/schema.org\",\"@graph\":[{\"@type\":\"WebPage\",\"@id\":\"https:\\\/\\\/vegaconsultants.no\\\/jobbsoker\\\/ledige-stillinger\\\/structural-designer-e3d-3003718\\\/\",\"url\":\"https:\\\/\\\/vegaconsultants.no\\\/jobbsoker\\\/ledige-stillinger\\\/structural-designer-e3d-3003718\\\/\",\"name\":\"Structural Designer E3D - Vega Consultants\",\"isPartOf\":{\"@id\":\"https:\\\/\\\/vegaconsultants.no\\\/#website\"},\"datePublished\":\"2024-09-08T21:28:08+00:00\",\"breadcrumb\":{\"@id\":\"https:\\\/\\\/vegaconsultants.no\\\/jobbsoker\\\/ledige-stillinger\\\/structural-designer-e3d-3003718\\\/#breadcrumb\"},\"inLanguage\":\"en-GB\",\"potentialAction\":[{\"@type\":\"ReadAction\",\"target\":[\"https:\\\/\\\/vegaconsultants.no\\\/jobbsoker\\\/ledige-stillinger\\\/structural-designer-e3d-3003718\\\/\"]}]},{\"@type\":\"BreadcrumbList\",\"@id\":\"https:\\\/\\\/vegaconsultants.no\\\/jobbsoker\\\/ledige-stillinger\\\/structural-designer-e3d-3003718\\\/#breadcrumb\",\"itemListElement\":[{\"@type\":\"ListItem\",\"position\":1,\"name\":\"Home\",\"item\":\"https:\\\/\\\/vegaconsultants.no\\\/\"},{\"@type\":\"ListItem\",\"position\":2,\"name\":\"Jobbs\u00f8ker\",\"item\":\"https:\\\/\\\/vegaconsultants.no\\\/jobbsoker\\\/\"},{\"@type\":\"ListItem\",\"position\":3,\"name\":\"Ledige stillinger\",\"item\":\"https:\\\/\\\/vegaconsultants.no\\\/jobbsoker\\\/ledige-stillinger\\\/\"},{\"@type\":\"ListItem\",\"position\":4,\"name\":\"Structural Designer E3D\"}]},{\"@type\":\"WebSite\",\"@id\":\"https:\\\/\\\/vegaconsultants.no\\\/#website\",\"url\":\"https:\\\/\\\/vegaconsultants.no\\\/\",\"name\":\"Vega Consultants\",\"description\":\"Rett person p\u00e5 rett plass\",\"potentialAction\":[{\"@type\":\"SearchAction\",\"target\":{\"@type\":\"EntryPoint\",\"urlTemplate\":\"https:\\\/\\\/vegaconsultants.no\\\/?s={search_term_string}\"},\"query-input\":{\"@type\":\"PropertyValueSpecification\",\"valueRequired\":true,\"valueName\":\"search_term_string\"}}],\"inLanguage\":\"en-GB\"}]}<\/script>\n<!-- \/ Yoast SEO plugin. -->","yoast_head_json":{"title":"Structural Designer E3D - Vega Consultants","robots":{"index":"index","follow":"follow","max-snippet":"max-snippet:-1","max-image-preview":"max-image-preview:large","max-video-preview":"max-video-preview:-1"},"canonical":"https:\/\/vegaconsultants.no\/en\/jobbsoker\/ledige-stillinger\/structural-designer-e3d-3003718\/","og_locale":"en_GB","og_type":"article","og_title":"Structural Designer E3D - Vega Consultants","og_description":"Vega Consultants AS Structural Designer E3D Varighet: 09\/09\/2024 &#8211; 28\/02\/2026 Sted: Bergen Arbeidsoppgaver Design\/Layout\/Interface\/tegningssjekk Arbeid i studie og prosjekteringsfase Utvikle strukturell design 3D-modellering ved bruk av E3D-design Utarbeidelse av strukturtegninger ved bruk av E3D-utkast. Utarbeidelse av fabrikasjonspakker og installasjonspakker, legge inn arbeidsordre. Design av L\u00f8fteinnretninger.\u00a0 Utf\u00f8re enkle h\u00e5ndberegninger, MTO, Estimering. Eventuelt &laquo;Draft lead&raquo; i st\u00f8rre [&hellip;]","og_url":"https:\/\/vegaconsultants.no\/en\/jobbsoker\/ledige-stillinger\/structural-designer-e3d-3003718\/","og_site_name":"Vega Consultants","twitter_card":"summary_large_image","twitter_misc":{"Estimated reading time":"1 minute"},"schema":{"@context":"https:\/\/schema.org","@graph":[{"@type":"WebPage","@id":"https:\/\/vegaconsultants.no\/jobbsoker\/ledige-stillinger\/structural-designer-e3d-3003718\/","url":"https:\/\/vegaconsultants.no\/jobbsoker\/ledige-stillinger\/structural-designer-e3d-3003718\/","name":"Structural Designer E3D - Vega Consultants","isPartOf":{"@id":"https:\/\/vegaconsultants.no\/#website"},"datePublished":"2024-09-08T21:28:08+00:00","breadcrumb":{"@id":"https:\/\/vegaconsultants.no\/jobbsoker\/ledige-stillinger\/structural-designer-e3d-3003718\/#breadcrumb"},"inLanguage":"en-GB","potentialAction":[{"@type":"ReadAction","target":["https:\/\/vegaconsultants.no\/jobbsoker\/ledige-stillinger\/structural-designer-e3d-3003718\/"]}]},{"@type":"BreadcrumbList","@id":"https:\/\/vegaconsultants.no\/jobbsoker\/ledige-stillinger\/structural-designer-e3d-3003718\/#breadcrumb","itemListElement":[{"@type":"ListItem","position":1,"name":"Home","item":"https:\/\/vegaconsultants.no\/"},{"@type":"ListItem","position":2,"name":"Jobbs\u00f8ker","item":"https:\/\/vegaconsultants.no\/jobbsoker\/"},{"@type":"ListItem","position":3,"name":"Ledige stillinger","item":"https:\/\/vegaconsultants.no\/jobbsoker\/ledige-stillinger\/"},{"@type":"ListItem","position":4,"name":"Structural Designer E3D"}]},{"@type":"WebSite","@id":"https:\/\/vegaconsultants.no\/#website","url":"https:\/\/vegaconsultants.no\/","name":"Vega Consultants","description":"The right person for the right job","potentialAction":[{"@type":"SearchAction","target":{"@type":"EntryPoint","urlTemplate":"https:\/\/vegaconsultants.no\/?s={search_term_string}"},"query-input":{"@type":"PropertyValueSpecification","valueRequired":true,"valueName":"search_term_string"}}],"inLanguage":"en-GB"}]}},"_links":{"self":[{"href":"https:\/\/vegaconsultants.no\/en\/wp-json\/wp\/v2\/pages\/21290","targetHints":{"allow":["GET"]}}],"collection":[{"href":"https:\/\/vegaconsultants.no\/en\/wp-json\/wp\/v2\/pages"}],"about":[{"href":"https:\/\/vegaconsultants.no\/en\/wp-json\/wp\/v2\/types\/page"}],"author":[{"embeddable":true,"href":"https:\/\/vegaconsultants.no\/en\/wp-json\/wp\/v2\/users\/1"}],"replies":[{"embeddable":true,"href":"https:\/\/vegaconsultants.no\/en\/wp-json\/wp\/v2\/comments?post=21290"}],"version-history":[{"count":0,"href":"https:\/\/vegaconsultants.no\/en\/wp-json\/wp\/v2\/pages\/21290\/revisions"}],"up":[{"embeddable":true,"href":"https:\/\/vegaconsultants.no\/en\/wp-json\/wp\/v2\/pages\/4051"}],"wp:attachment":[{"href":"https:\/\/vegaconsultants.no\/en\/wp-json\/wp\/v2\/media?parent=21290"}],"curies":[{"name":"wp","href":"https:\/\/api.w.org\/{rel}","templated":true}]}}