{"id":21302,"date":"2024-09-15T23:22:56","date_gmt":"2024-09-15T21:22:56","guid":{"rendered":"https:\/\/vegaconsultants.no\/jobbsoker\/ledige-stillinger\/timekontroller-3003737\/"},"modified":"2024-09-15T23:22:56","modified_gmt":"2024-09-15T21:22:56","slug":"timekontroller-3003737","status":"publish","type":"page","link":"https:\/\/vegaconsultants.no\/en\/jobbsoker\/ledige-stillinger\/timekontroller-3003737\/","title":{"rendered":"Time controls"},"content":{"rendered":"<div class='vacancy-detail'>\n<div class='bold'>Vega Consultants AS<\/div>\n<div class='bold'>Time controls<\/div>\n<div class='vacancy-body'>\n<p><strong>Period<\/strong>: 01.12.2024 \u2013 31.12.2025<\/p>\n<p><strong>Place<\/strong>: Haugesund<\/p>\n<h3><strong>Work tasks<\/strong><\/h3>\n<ul>\n<li>Time control onshore and offshore<\/li>\n<li>Correct timekeeping according to work schedule\/rotations and protocols<\/li>\n<li>Correct timekeeping according to tariff (J&amp;M, El&amp;It and Clerks)<\/li>\n<li>Checking payslips in SAP<\/li>\n<li>Management of sick leave, leave and vacation<\/li>\n<li>Calculate man-years of rotating personnel<\/li>\n<li>Various other related work<\/li>\n<\/ul>\n<p><\/p>\n<h3><strong>Desired qualifications<\/strong><\/h3>\n<ul>\n<li>Relevant education in economics\/accounting\/payroll<\/li>\n<li>Experience from this type of work or similar can compensate for lack of education.<\/li>\n<li>Relevant experience in timekeeping and payroll<\/li>\n<li>Knowledge of the tariffs J&amp;M, El&amp;It<\/li>\n<li>Knowledge of SAP would be an advantage<\/li>\n<li>Good IT skills, especially Excel<\/li>\n<li>Good ability to communicate<\/li>\n<li>Good language skills in Norwegian and English<\/li>\n<li>Structured, accurate and systematic<\/li>\n<li>Good collaboration skills and positive attitude<\/li>\n<li>Able to work independently and responsibly<\/li>\n<li>Solution-oriented<\/li>\n<li>Thrives in a hectic environment, especially around payroll processing<\/li>\n<\/ul>\n<p><\/p>\n<p>Does this sound like something for you? Contact Sarah on 456 80 850 or Sarah.svabo@vegaconsultants.no to hear what we can offer!<\/p>\n<\/div>\n<div class='vega-button'><span><a href='https:\/\/secure.webtemp.no\/WebtempCVPortal\/startsession.aspx?page=stillingsingle&amp;k=169&amp;id_utleie=3003737'>More info\/search here<\/a><\/span><\/div>\n<p><\/p>\n<hr>\n<div>\n<h4>REFNR<\/h4>\n<p>402667<\/p><\/div>\n<div>\n<h4>POSITION TYPE<\/h4>\n<p>Full-time<br \/>Temporary position\/engagement<\/div>\n<div>\n<h4>APPLICATION DEADLINE<\/h4>\n<p>15.09.2024<\/p><\/div>\n<div class='vacancy-consultant'>\n<h4>CONTACT PERSON(S)<\/h4>\n<div>Sarah Svab\u00f8<\/div>\n<div>45 68 08 50<\/div>\n<div>sarah.svabo@vegaconsultants.no<\/div>\n<\/div>\n<\/div>","protected":false},"excerpt":{"rendered":"<p>Vega Consultants AS Timekontroller Periode: 01.12.2024 &#8211; 31.12.2025 Sted: Haugesund Arbeidsoppgaver Timekontroll onshore og offshore Korrekt timef\u00f8ring iht arbeidsplan\/rotasjoner og protokoller Korrekt timef\u00f8ring iht tariff (J&amp;M, El&amp;It og Funksjon\u00e6rer) Kontroll av l\u00f8nnsslipp i SAP F\u00f8ring av sykefrav\u00e6r, permisjoner og ferie Avregne \u00e5rsverk av roterende personell Diverse annet relatert arbeid \u00d8nskede kvalifikasjoner Relevant utdannelse innen \u00f8konomi\/regnskap\/l\u00f8nn [&hellip;]<\/p>\n","protected":false},"author":1,"featured_media":0,"parent":4051,"menu_order":0,"comment_status":"closed","ping_status":"closed","template":"","meta":{"_et_pb_use_builder":"","_et_pb_old_content":"","_et_gb_content_width":"","footnotes":""},"class_list":["post-21302","page","type-page","status-publish","hentry"],"yoast_head":"<!-- This site is optimized with the Yoast SEO plugin v27.4 - https:\/\/yoast.com\/product\/yoast-seo-wordpress\/ -->\n<title>Timekontroller - Vega Consultants<\/title>\n<meta name=\"robots\" content=\"index, follow, max-snippet:-1, max-image-preview:large, max-video-preview:-1\" \/>\n<link rel=\"canonical\" href=\"https:\/\/vegaconsultants.no\/en\/jobbsoker\/ledige-stillinger\/timekontroller-3003737\/\" \/>\n<meta property=\"og:locale\" content=\"en_GB\" \/>\n<meta property=\"og:type\" content=\"article\" \/>\n<meta property=\"og:title\" content=\"Timekontroller - Vega Consultants\" \/>\n<meta property=\"og:description\" content=\"Vega Consultants AS Timekontroller Periode: 01.12.2024 &#8211; 31.12.2025 Sted: Haugesund Arbeidsoppgaver Timekontroll onshore og offshore Korrekt timef\u00f8ring iht arbeidsplan\/rotasjoner og protokoller Korrekt timef\u00f8ring iht tariff (J&amp;M, El&amp;It og Funksjon\u00e6rer) Kontroll av l\u00f8nnsslipp i SAP F\u00f8ring av sykefrav\u00e6r, permisjoner og ferie Avregne \u00e5rsverk av roterende personell Diverse annet relatert arbeid \u00d8nskede kvalifikasjoner Relevant utdannelse innen \u00f8konomi\/regnskap\/l\u00f8nn [&hellip;]\" \/>\n<meta property=\"og:url\" content=\"https:\/\/vegaconsultants.no\/en\/jobbsoker\/ledige-stillinger\/timekontroller-3003737\/\" \/>\n<meta property=\"og:site_name\" content=\"Vega Consultants\" \/>\n<meta name=\"twitter:card\" content=\"summary_large_image\" \/>\n<meta name=\"twitter:label1\" content=\"Estimated reading time\" \/>\n\t<meta name=\"twitter:data1\" content=\"1 minute\" \/>\n<script type=\"application\/ld+json\" class=\"yoast-schema-graph\">{\"@context\":\"https:\\\/\\\/schema.org\",\"@graph\":[{\"@type\":\"WebPage\",\"@id\":\"https:\\\/\\\/vegaconsultants.no\\\/jobbsoker\\\/ledige-stillinger\\\/timekontroller-3003737\\\/\",\"url\":\"https:\\\/\\\/vegaconsultants.no\\\/jobbsoker\\\/ledige-stillinger\\\/timekontroller-3003737\\\/\",\"name\":\"Timekontroller - Vega Consultants\",\"isPartOf\":{\"@id\":\"https:\\\/\\\/vegaconsultants.no\\\/#website\"},\"datePublished\":\"2024-09-15T21:22:56+00:00\",\"breadcrumb\":{\"@id\":\"https:\\\/\\\/vegaconsultants.no\\\/jobbsoker\\\/ledige-stillinger\\\/timekontroller-3003737\\\/#breadcrumb\"},\"inLanguage\":\"en-GB\",\"potentialAction\":[{\"@type\":\"ReadAction\",\"target\":[\"https:\\\/\\\/vegaconsultants.no\\\/jobbsoker\\\/ledige-stillinger\\\/timekontroller-3003737\\\/\"]}]},{\"@type\":\"BreadcrumbList\",\"@id\":\"https:\\\/\\\/vegaconsultants.no\\\/jobbsoker\\\/ledige-stillinger\\\/timekontroller-3003737\\\/#breadcrumb\",\"itemListElement\":[{\"@type\":\"ListItem\",\"position\":1,\"name\":\"Home\",\"item\":\"https:\\\/\\\/vegaconsultants.no\\\/\"},{\"@type\":\"ListItem\",\"position\":2,\"name\":\"Jobbs\u00f8ker\",\"item\":\"https:\\\/\\\/vegaconsultants.no\\\/jobbsoker\\\/\"},{\"@type\":\"ListItem\",\"position\":3,\"name\":\"Ledige stillinger\",\"item\":\"https:\\\/\\\/vegaconsultants.no\\\/jobbsoker\\\/ledige-stillinger\\\/\"},{\"@type\":\"ListItem\",\"position\":4,\"name\":\"Timekontroller\"}]},{\"@type\":\"WebSite\",\"@id\":\"https:\\\/\\\/vegaconsultants.no\\\/#website\",\"url\":\"https:\\\/\\\/vegaconsultants.no\\\/\",\"name\":\"Vega Consultants\",\"description\":\"Rett person p\u00e5 rett plass\",\"potentialAction\":[{\"@type\":\"SearchAction\",\"target\":{\"@type\":\"EntryPoint\",\"urlTemplate\":\"https:\\\/\\\/vegaconsultants.no\\\/?s={search_term_string}\"},\"query-input\":{\"@type\":\"PropertyValueSpecification\",\"valueRequired\":true,\"valueName\":\"search_term_string\"}}],\"inLanguage\":\"en-GB\"}]}<\/script>\n<!-- \/ Yoast SEO plugin. -->","yoast_head_json":{"title":"Timekontroller - Vega Consultants","robots":{"index":"index","follow":"follow","max-snippet":"max-snippet:-1","max-image-preview":"max-image-preview:large","max-video-preview":"max-video-preview:-1"},"canonical":"https:\/\/vegaconsultants.no\/en\/jobbsoker\/ledige-stillinger\/timekontroller-3003737\/","og_locale":"en_GB","og_type":"article","og_title":"Timekontroller - Vega Consultants","og_description":"Vega Consultants AS Timekontroller Periode: 01.12.2024 &#8211; 31.12.2025 Sted: Haugesund Arbeidsoppgaver Timekontroll onshore og offshore Korrekt timef\u00f8ring iht arbeidsplan\/rotasjoner og protokoller Korrekt timef\u00f8ring iht tariff (J&amp;M, El&amp;It og Funksjon\u00e6rer) Kontroll av l\u00f8nnsslipp i SAP F\u00f8ring av sykefrav\u00e6r, permisjoner og ferie Avregne \u00e5rsverk av roterende personell Diverse annet relatert arbeid \u00d8nskede kvalifikasjoner Relevant utdannelse innen \u00f8konomi\/regnskap\/l\u00f8nn [&hellip;]","og_url":"https:\/\/vegaconsultants.no\/en\/jobbsoker\/ledige-stillinger\/timekontroller-3003737\/","og_site_name":"Vega Consultants","twitter_card":"summary_large_image","twitter_misc":{"Estimated reading time":"1 minute"},"schema":{"@context":"https:\/\/schema.org","@graph":[{"@type":"WebPage","@id":"https:\/\/vegaconsultants.no\/jobbsoker\/ledige-stillinger\/timekontroller-3003737\/","url":"https:\/\/vegaconsultants.no\/jobbsoker\/ledige-stillinger\/timekontroller-3003737\/","name":"Timekontroller - Vega Consultants","isPartOf":{"@id":"https:\/\/vegaconsultants.no\/#website"},"datePublished":"2024-09-15T21:22:56+00:00","breadcrumb":{"@id":"https:\/\/vegaconsultants.no\/jobbsoker\/ledige-stillinger\/timekontroller-3003737\/#breadcrumb"},"inLanguage":"en-GB","potentialAction":[{"@type":"ReadAction","target":["https:\/\/vegaconsultants.no\/jobbsoker\/ledige-stillinger\/timekontroller-3003737\/"]}]},{"@type":"BreadcrumbList","@id":"https:\/\/vegaconsultants.no\/jobbsoker\/ledige-stillinger\/timekontroller-3003737\/#breadcrumb","itemListElement":[{"@type":"ListItem","position":1,"name":"Home","item":"https:\/\/vegaconsultants.no\/"},{"@type":"ListItem","position":2,"name":"Jobbs\u00f8ker","item":"https:\/\/vegaconsultants.no\/jobbsoker\/"},{"@type":"ListItem","position":3,"name":"Ledige stillinger","item":"https:\/\/vegaconsultants.no\/jobbsoker\/ledige-stillinger\/"},{"@type":"ListItem","position":4,"name":"Timekontroller"}]},{"@type":"WebSite","@id":"https:\/\/vegaconsultants.no\/#website","url":"https:\/\/vegaconsultants.no\/","name":"Vega Consultants","description":"The right person for the right job","potentialAction":[{"@type":"SearchAction","target":{"@type":"EntryPoint","urlTemplate":"https:\/\/vegaconsultants.no\/?s={search_term_string}"},"query-input":{"@type":"PropertyValueSpecification","valueRequired":true,"valueName":"search_term_string"}}],"inLanguage":"en-GB"}]}},"_links":{"self":[{"href":"https:\/\/vegaconsultants.no\/en\/wp-json\/wp\/v2\/pages\/21302","targetHints":{"allow":["GET"]}}],"collection":[{"href":"https:\/\/vegaconsultants.no\/en\/wp-json\/wp\/v2\/pages"}],"about":[{"href":"https:\/\/vegaconsultants.no\/en\/wp-json\/wp\/v2\/types\/page"}],"author":[{"embeddable":true,"href":"https:\/\/vegaconsultants.no\/en\/wp-json\/wp\/v2\/users\/1"}],"replies":[{"embeddable":true,"href":"https:\/\/vegaconsultants.no\/en\/wp-json\/wp\/v2\/comments?post=21302"}],"version-history":[{"count":0,"href":"https:\/\/vegaconsultants.no\/en\/wp-json\/wp\/v2\/pages\/21302\/revisions"}],"up":[{"embeddable":true,"href":"https:\/\/vegaconsultants.no\/en\/wp-json\/wp\/v2\/pages\/4051"}],"wp:attachment":[{"href":"https:\/\/vegaconsultants.no\/en\/wp-json\/wp\/v2\/media?parent=21302"}],"curies":[{"name":"wp","href":"https:\/\/api.w.org\/{rel}","templated":true}]}}