{"id":21327,"date":"2024-10-30T23:12:08","date_gmt":"2024-10-30T22:12:08","guid":{"rendered":"https:\/\/vegaconsultants.no\/jobbsoker\/ledige-stillinger\/recruitment-advisor-3003770\/"},"modified":"2024-10-30T23:12:08","modified_gmt":"2024-10-30T22:12:08","slug":"recruitment-advisor-3003770","status":"publish","type":"page","link":"https:\/\/vegaconsultants.no\/en\/jobbsoker\/ledige-stillinger\/recruitment-advisor-3003770\/","title":{"rendered":"Recruitment advisor"},"content":{"rendered":"<div class='vacancy-detail'>\n<div class='bold'>Vega Consultants AS<\/div>\n<div class='bold'>Recruitment advisor<\/div>\n<div class='vacancy-body'>\n<p><\/p>\n<p>Duration: 31.10.2024 &#8211; 29.09.2025<\/p>\n<h3><strong>Tasks:<\/strong><\/h3>\n<p>\u00a0Looking for an experienced temporary employee for a client to support them with:<\/p>\n<ul>\n<li>\u00a0External (experienced hires) recruitment -Internal recruitment\u00a0<\/li>\n<li>Vendor mgmt.\u00a0<\/li>\n<li>Service mgmt.\u00a0<\/li>\n<li>Personnel security in recruitment<\/li>\n<\/ul>\n<h3><strong>Competence requirements:<\/strong><\/h3>\n<ul>\n<li>\u00a0A Bachelor&#8217;s or Master&#8217;s degree in HR, leadership, organization, or a related field\u00a0<\/li>\n<li>A few years of experience in sourcing and recruitment is required\u00a0<\/li>\n<li>Proficient with digital tools used in recruitment such as ATS systems, preferrably knowledge of Workday recruitment module\u00a0<\/li>\n<li>Solid communication skills in English, written and spoken is required in this role\u00a0<\/li>\n<li>Highly organized and structured with good planning skills\u00a0<\/li>\n<li>Team player and a good relationship builder &#8211; Strong communicator and advisor\u00a0<\/li>\n<li>Curious, learn fast and serviceminded\u00a0<\/li>\n<li>Thirve in a fast pace environment and with rapid changes<\/li>\n<\/ul>\n<p>Syns du dette h\u00f8res som noe for deg? Ta kontakt med Sarah p\u00e5 Sarah.Svabo@vegaconsultants.no eller 456 80 850 for \u00e5 h\u00f8re hva vi kan tilby!<\/p>\n<\/div>\n<div class='vega-button'><span><a href='https:\/\/secure.webtemp.no\/WebtempCVPortal\/startsession.aspx?page=stillingsingle&amp;k=169&amp;id_utleie=3003770'>Mer info\/s\u00f8k her<\/a><\/span><\/div>\n<p><\/p>\n<hr>\n<div>\n<h4>REFNR<\/h4>\n<p>402690<\/p><\/div>\n<div>\n<h4>STILLINGSTYPE<\/h4>\n<p>Heltid<br \/>Vikariat\/engasjement<\/div>\n<div>\n<h4>S\u00d8KNADSFRIST<\/h4>\n<p>Asap<\/p><\/div>\n<div class='vacancy-consultant'>\n<h4>KONTAKTPERSON(ER)<\/h4>\n<div>Sarah Svab\u00f8<\/div>\n<div>45 68 08 50<\/div>\n<div>sarah.svabo@vegaconsultants.no<\/div>\n<\/div>\n<\/div>","protected":false},"excerpt":{"rendered":"<p>Vega Consultants AS Recruitment advisor Duration: 31.10.2024 &#8211; 29.09.2025 Tasks: \u00a0Looking for an experienced temporary employee for a client to support them with: \u00a0External (experienced hires) recruitment -Internal recruitment\u00a0 Vendor mgmt.\u00a0 Service mgmt.\u00a0 Personnel security in recruitment Competence requirements: \u00a0A Bachelor&#8217;s or Master&#8217;s degree in HR, leadership, organization, or a related field\u00a0 A few years [&hellip;]<\/p>\n","protected":false},"author":1,"featured_media":0,"parent":4051,"menu_order":0,"comment_status":"closed","ping_status":"closed","template":"","meta":{"_et_pb_use_builder":"","_et_pb_old_content":"","_et_gb_content_width":"","footnotes":""},"class_list":["post-21327","page","type-page","status-publish","hentry"],"yoast_head":"<!-- This site is optimized with the Yoast SEO plugin v27.3 - https:\/\/yoast.com\/product\/yoast-seo-wordpress\/ -->\n<title>Recruitment advisor - Vega Consultants<\/title>\n<meta name=\"robots\" content=\"index, follow, max-snippet:-1, max-image-preview:large, max-video-preview:-1\" \/>\n<link rel=\"canonical\" href=\"https:\/\/vegaconsultants.no\/en\/jobbsoker\/ledige-stillinger\/recruitment-advisor-3003770\/\" \/>\n<meta property=\"og:locale\" content=\"en_GB\" \/>\n<meta property=\"og:type\" content=\"article\" \/>\n<meta property=\"og:title\" content=\"Recruitment advisor - Vega Consultants\" \/>\n<meta property=\"og:description\" content=\"Vega Consultants AS Recruitment advisor Duration: 31.10.2024 &#8211; 29.09.2025 Tasks: \u00a0Looking for an experienced temporary employee for a client to support them with: \u00a0External (experienced hires) recruitment -Internal recruitment\u00a0 Vendor mgmt.\u00a0 Service mgmt.\u00a0 Personnel security in recruitment Competence requirements: \u00a0A Bachelor&#8217;s or Master&#8217;s degree in HR, leadership, organization, or a related field\u00a0 A few years [&hellip;]\" \/>\n<meta property=\"og:url\" content=\"https:\/\/vegaconsultants.no\/en\/jobbsoker\/ledige-stillinger\/recruitment-advisor-3003770\/\" \/>\n<meta property=\"og:site_name\" content=\"Vega Consultants\" \/>\n<meta name=\"twitter:card\" content=\"summary_large_image\" \/>\n<meta name=\"twitter:label1\" content=\"Estimated reading time\" \/>\n\t<meta name=\"twitter:data1\" content=\"1 minute\" \/>\n<script type=\"application\/ld+json\" class=\"yoast-schema-graph\">{\"@context\":\"https:\\\/\\\/schema.org\",\"@graph\":[{\"@type\":\"WebPage\",\"@id\":\"https:\\\/\\\/vegaconsultants.no\\\/jobbsoker\\\/ledige-stillinger\\\/recruitment-advisor-3003770\\\/\",\"url\":\"https:\\\/\\\/vegaconsultants.no\\\/jobbsoker\\\/ledige-stillinger\\\/recruitment-advisor-3003770\\\/\",\"name\":\"Recruitment advisor - Vega Consultants\",\"isPartOf\":{\"@id\":\"https:\\\/\\\/vegaconsultants.no\\\/#website\"},\"datePublished\":\"2024-10-30T22:12:08+00:00\",\"breadcrumb\":{\"@id\":\"https:\\\/\\\/vegaconsultants.no\\\/jobbsoker\\\/ledige-stillinger\\\/recruitment-advisor-3003770\\\/#breadcrumb\"},\"inLanguage\":\"en-GB\",\"potentialAction\":[{\"@type\":\"ReadAction\",\"target\":[\"https:\\\/\\\/vegaconsultants.no\\\/jobbsoker\\\/ledige-stillinger\\\/recruitment-advisor-3003770\\\/\"]}]},{\"@type\":\"BreadcrumbList\",\"@id\":\"https:\\\/\\\/vegaconsultants.no\\\/jobbsoker\\\/ledige-stillinger\\\/recruitment-advisor-3003770\\\/#breadcrumb\",\"itemListElement\":[{\"@type\":\"ListItem\",\"position\":1,\"name\":\"Home\",\"item\":\"https:\\\/\\\/vegaconsultants.no\\\/\"},{\"@type\":\"ListItem\",\"position\":2,\"name\":\"Jobbs\u00f8ker\",\"item\":\"https:\\\/\\\/vegaconsultants.no\\\/jobbsoker\\\/\"},{\"@type\":\"ListItem\",\"position\":3,\"name\":\"Ledige stillinger\",\"item\":\"https:\\\/\\\/vegaconsultants.no\\\/jobbsoker\\\/ledige-stillinger\\\/\"},{\"@type\":\"ListItem\",\"position\":4,\"name\":\"Recruitment advisor\"}]},{\"@type\":\"WebSite\",\"@id\":\"https:\\\/\\\/vegaconsultants.no\\\/#website\",\"url\":\"https:\\\/\\\/vegaconsultants.no\\\/\",\"name\":\"Vega Consultants\",\"description\":\"Rett person p\u00e5 rett plass\",\"potentialAction\":[{\"@type\":\"SearchAction\",\"target\":{\"@type\":\"EntryPoint\",\"urlTemplate\":\"https:\\\/\\\/vegaconsultants.no\\\/?s={search_term_string}\"},\"query-input\":{\"@type\":\"PropertyValueSpecification\",\"valueRequired\":true,\"valueName\":\"search_term_string\"}}],\"inLanguage\":\"en-GB\"}]}<\/script>\n<!-- \/ Yoast SEO plugin. -->","yoast_head_json":{"title":"Recruitment advisor - Vega Consultants","robots":{"index":"index","follow":"follow","max-snippet":"max-snippet:-1","max-image-preview":"max-image-preview:large","max-video-preview":"max-video-preview:-1"},"canonical":"https:\/\/vegaconsultants.no\/en\/jobbsoker\/ledige-stillinger\/recruitment-advisor-3003770\/","og_locale":"en_GB","og_type":"article","og_title":"Recruitment advisor - Vega Consultants","og_description":"Vega Consultants AS Recruitment advisor Duration: 31.10.2024 &#8211; 29.09.2025 Tasks: \u00a0Looking for an experienced temporary employee for a client to support them with: \u00a0External (experienced hires) recruitment -Internal recruitment\u00a0 Vendor mgmt.\u00a0 Service mgmt.\u00a0 Personnel security in recruitment Competence requirements: \u00a0A Bachelor&#8217;s or Master&#8217;s degree in HR, leadership, organization, or a related field\u00a0 A few years [&hellip;]","og_url":"https:\/\/vegaconsultants.no\/en\/jobbsoker\/ledige-stillinger\/recruitment-advisor-3003770\/","og_site_name":"Vega Consultants","twitter_card":"summary_large_image","twitter_misc":{"Estimated reading time":"1 minute"},"schema":{"@context":"https:\/\/schema.org","@graph":[{"@type":"WebPage","@id":"https:\/\/vegaconsultants.no\/jobbsoker\/ledige-stillinger\/recruitment-advisor-3003770\/","url":"https:\/\/vegaconsultants.no\/jobbsoker\/ledige-stillinger\/recruitment-advisor-3003770\/","name":"Recruitment advisor - Vega Consultants","isPartOf":{"@id":"https:\/\/vegaconsultants.no\/#website"},"datePublished":"2024-10-30T22:12:08+00:00","breadcrumb":{"@id":"https:\/\/vegaconsultants.no\/jobbsoker\/ledige-stillinger\/recruitment-advisor-3003770\/#breadcrumb"},"inLanguage":"en-GB","potentialAction":[{"@type":"ReadAction","target":["https:\/\/vegaconsultants.no\/jobbsoker\/ledige-stillinger\/recruitment-advisor-3003770\/"]}]},{"@type":"BreadcrumbList","@id":"https:\/\/vegaconsultants.no\/jobbsoker\/ledige-stillinger\/recruitment-advisor-3003770\/#breadcrumb","itemListElement":[{"@type":"ListItem","position":1,"name":"Home","item":"https:\/\/vegaconsultants.no\/"},{"@type":"ListItem","position":2,"name":"Jobbs\u00f8ker","item":"https:\/\/vegaconsultants.no\/jobbsoker\/"},{"@type":"ListItem","position":3,"name":"Ledige stillinger","item":"https:\/\/vegaconsultants.no\/jobbsoker\/ledige-stillinger\/"},{"@type":"ListItem","position":4,"name":"Recruitment advisor"}]},{"@type":"WebSite","@id":"https:\/\/vegaconsultants.no\/#website","url":"https:\/\/vegaconsultants.no\/","name":"Vega Consultants","description":"The right person for the right job","potentialAction":[{"@type":"SearchAction","target":{"@type":"EntryPoint","urlTemplate":"https:\/\/vegaconsultants.no\/?s={search_term_string}"},"query-input":{"@type":"PropertyValueSpecification","valueRequired":true,"valueName":"search_term_string"}}],"inLanguage":"en-GB"}]}},"_links":{"self":[{"href":"https:\/\/vegaconsultants.no\/en\/wp-json\/wp\/v2\/pages\/21327","targetHints":{"allow":["GET"]}}],"collection":[{"href":"https:\/\/vegaconsultants.no\/en\/wp-json\/wp\/v2\/pages"}],"about":[{"href":"https:\/\/vegaconsultants.no\/en\/wp-json\/wp\/v2\/types\/page"}],"author":[{"embeddable":true,"href":"https:\/\/vegaconsultants.no\/en\/wp-json\/wp\/v2\/users\/1"}],"replies":[{"embeddable":true,"href":"https:\/\/vegaconsultants.no\/en\/wp-json\/wp\/v2\/comments?post=21327"}],"version-history":[{"count":0,"href":"https:\/\/vegaconsultants.no\/en\/wp-json\/wp\/v2\/pages\/21327\/revisions"}],"up":[{"embeddable":true,"href":"https:\/\/vegaconsultants.no\/en\/wp-json\/wp\/v2\/pages\/4051"}],"wp:attachment":[{"href":"https:\/\/vegaconsultants.no\/en\/wp-json\/wp\/v2\/media?parent=21327"}],"curies":[{"name":"wp","href":"https:\/\/api.w.org\/{rel}","templated":true}]}}