{"id":21329,"date":"2025-09-09T13:17:11","date_gmt":"2025-09-09T11:17:11","guid":{"rendered":"https:\/\/vegaconsultants.no\/jobbsoker\/ledige-stillinger\/senior-electrical-engineer-3003774\/"},"modified":"2025-09-09T13:17:11","modified_gmt":"2025-09-09T11:17:11","slug":"senior-electrical-engineer-3003774","status":"publish","type":"page","link":"https:\/\/vegaconsultants.no\/en\/jobbsoker\/ledige-stillinger\/senior-electrical-engineer-3003774\/","title":{"rendered":"Senior Electrical Engineer"},"content":{"rendered":"<div class='vacancy-detail'>\n<div class='bold'>Vega Consultants AS<\/div>\n<div class='bold'>Senior Electrical Engineer<\/div>\n<div class='vacancy-body'>\n<h3><\/h3>\n<p><strong>Period<\/strong>: 01\/10\/2024 &#8211; 28\/02\/2026<\/p>\n<p><strong>Place:<\/strong> Bergen<\/p>\n<p><\/p>\n<h3><strong>Work tasks<\/strong><\/h3>\n<ul>\n<li>Follow-up of equipment packages\u00a0<\/li>\n<li>Design solutions according to the customer&#039;s requirements\u00a0<\/li>\n<li>Follow up on suppliers and their technical documentation; participate in testing activities\/FAT\u00a0<\/li>\n<li>Collaborate with other disciplines, suppliers and customers\u00a0<\/li>\n<li>Delta i studier og gjennomf\u00f8ringsprosjekter\u00a0<\/li>\n<\/ul>\n<p><\/p>\n<h3><strong>Desired qualifications<\/strong><\/h3>\n<ul>\n<li>Teknisk fagskole, bachelor, master<\/li>\n<li>\u00a0Minimum 5 \u00e5rs  relevant erfaring<\/li>\n<li>\u00a0Experience from the energy industry<\/li>\n<li>Norsk spr\u00e5k er en fordel<\/li>\n<li>FSE h\u00f8yt og lavt spent med f\u00f8rstehjelp<\/li>\n<li>Basic EX course \u2013 Minimum 6-8 hours online or 22.5 hours in the classroom<\/li>\n<li>Offshore sertifikat er \u00f8nskelig, dersom dette ikke innehas, m\u00e5 kandidaten kunne gjennomf\u00f8re dette ved behov<\/li>\n<\/ul>\n<p>Does this sound like something for you? Get in touch to hear what we can offer!<\/p>\n<\/div>\n<div class='vega-button'><span><a href='https:\/\/secure.webtemp.no\/WebtempCVPortal\/startsession.aspx?page=stillingsingle&amp;k=169&amp;id_utleie=3003774'>More info\/search here<\/a><\/span><\/div>\n<p><\/p>\n<hr>\n<div>\n<h4>REFNR<\/h4>\n<p>402692<\/p><\/div>\n<div>\n<h4>POSITION TYPE<\/h4>\n<p>Full-time<br \/>Temporary position\/engagement<\/div>\n<div>\n<h4>APPLICATION DEADLINE<\/h4>\n<p>Asap<\/p><\/div>\n<div class='vacancy-consultant'>\n<h4>CONTACT PERSON(S)<\/h4>\n<div>Grethe Borg<\/div>\n<div>90 52 19 29<\/div>\n<div>grethe.borg@vegaconsultants.no<\/div>\n<\/div>\n<\/div>","protected":false},"excerpt":{"rendered":"<p>Vega Consultants AS Senior Electrical Engineer Periode: 01\/10\/2024 &#8211; 28\/02\/2026 Sted: Bergen Arbeidsoppgaver Oppf\u00f8lging av utstyrspakker\u00a0 Designe l\u00f8sninger i henhold til kundens krav\u00a0 F\u00f8lge opp leverand\u00f8rer og leverand\u00f8rens tekniske dokumentasjon; delta i testaktiviteter\/FAT.\u00a0 Samarbeide med andre disipliner, leverand\u00f8rer og kunder\u00a0 Delta i studier og gjennomf\u00f8ringsprosjekter\u00a0 \u00d8nskede kvalifikasjoner Teknisk fagskole, bachelor, master \u00a0Minimum 5 \u00e5rs relevant [&hellip;]<\/p>\n","protected":false},"author":1,"featured_media":0,"parent":4051,"menu_order":0,"comment_status":"closed","ping_status":"closed","template":"","meta":{"_et_pb_use_builder":"","_et_pb_old_content":"","_et_gb_content_width":"","footnotes":""},"class_list":["post-21329","page","type-page","status-publish","hentry"],"yoast_head":"<!-- This site is optimized with the Yoast SEO plugin v27.4 - https:\/\/yoast.com\/product\/yoast-seo-wordpress\/ -->\n<title>Senior Electrical Engineer - Vega Consultants<\/title>\n<meta name=\"robots\" content=\"index, follow, max-snippet:-1, max-image-preview:large, max-video-preview:-1\" \/>\n<link rel=\"canonical\" href=\"https:\/\/vegaconsultants.no\/en\/jobbsoker\/ledige-stillinger\/senior-electrical-engineer-3003774\/\" \/>\n<meta property=\"og:locale\" content=\"en_GB\" \/>\n<meta property=\"og:type\" content=\"article\" \/>\n<meta property=\"og:title\" content=\"Senior Electrical Engineer - Vega Consultants\" \/>\n<meta property=\"og:description\" content=\"Vega Consultants AS Senior Electrical Engineer Periode: 01\/10\/2024 &#8211; 28\/02\/2026 Sted: Bergen Arbeidsoppgaver Oppf\u00f8lging av utstyrspakker\u00a0 Designe l\u00f8sninger i henhold til kundens krav\u00a0 F\u00f8lge opp leverand\u00f8rer og leverand\u00f8rens tekniske dokumentasjon; delta i testaktiviteter\/FAT.\u00a0 Samarbeide med andre disipliner, leverand\u00f8rer og kunder\u00a0 Delta i studier og gjennomf\u00f8ringsprosjekter\u00a0 \u00d8nskede kvalifikasjoner Teknisk fagskole, bachelor, master \u00a0Minimum 5 \u00e5rs relevant [&hellip;]\" \/>\n<meta property=\"og:url\" content=\"https:\/\/vegaconsultants.no\/en\/jobbsoker\/ledige-stillinger\/senior-electrical-engineer-3003774\/\" \/>\n<meta property=\"og:site_name\" content=\"Vega Consultants\" \/>\n<meta name=\"twitter:card\" content=\"summary_large_image\" \/>\n<meta name=\"twitter:label1\" content=\"Estimated reading time\" \/>\n\t<meta name=\"twitter:data1\" content=\"1 minute\" \/>\n<script type=\"application\/ld+json\" class=\"yoast-schema-graph\">{\"@context\":\"https:\\\/\\\/schema.org\",\"@graph\":[{\"@type\":\"WebPage\",\"@id\":\"https:\\\/\\\/vegaconsultants.no\\\/jobbsoker\\\/ledige-stillinger\\\/senior-electrical-engineer-3003774\\\/\",\"url\":\"https:\\\/\\\/vegaconsultants.no\\\/jobbsoker\\\/ledige-stillinger\\\/senior-electrical-engineer-3003774\\\/\",\"name\":\"Senior Electrical Engineer - Vega Consultants\",\"isPartOf\":{\"@id\":\"https:\\\/\\\/vegaconsultants.no\\\/#website\"},\"datePublished\":\"2025-09-09T11:17:11+00:00\",\"breadcrumb\":{\"@id\":\"https:\\\/\\\/vegaconsultants.no\\\/jobbsoker\\\/ledige-stillinger\\\/senior-electrical-engineer-3003774\\\/#breadcrumb\"},\"inLanguage\":\"en-GB\",\"potentialAction\":[{\"@type\":\"ReadAction\",\"target\":[\"https:\\\/\\\/vegaconsultants.no\\\/jobbsoker\\\/ledige-stillinger\\\/senior-electrical-engineer-3003774\\\/\"]}]},{\"@type\":\"BreadcrumbList\",\"@id\":\"https:\\\/\\\/vegaconsultants.no\\\/jobbsoker\\\/ledige-stillinger\\\/senior-electrical-engineer-3003774\\\/#breadcrumb\",\"itemListElement\":[{\"@type\":\"ListItem\",\"position\":1,\"name\":\"Home\",\"item\":\"https:\\\/\\\/vegaconsultants.no\\\/\"},{\"@type\":\"ListItem\",\"position\":2,\"name\":\"Jobbs\u00f8ker\",\"item\":\"https:\\\/\\\/vegaconsultants.no\\\/jobbsoker\\\/\"},{\"@type\":\"ListItem\",\"position\":3,\"name\":\"Ledige stillinger\",\"item\":\"https:\\\/\\\/vegaconsultants.no\\\/jobbsoker\\\/ledige-stillinger\\\/\"},{\"@type\":\"ListItem\",\"position\":4,\"name\":\"Senior Electrical Engineer\"}]},{\"@type\":\"WebSite\",\"@id\":\"https:\\\/\\\/vegaconsultants.no\\\/#website\",\"url\":\"https:\\\/\\\/vegaconsultants.no\\\/\",\"name\":\"Vega Consultants\",\"description\":\"Rett person p\u00e5 rett plass\",\"potentialAction\":[{\"@type\":\"SearchAction\",\"target\":{\"@type\":\"EntryPoint\",\"urlTemplate\":\"https:\\\/\\\/vegaconsultants.no\\\/?s={search_term_string}\"},\"query-input\":{\"@type\":\"PropertyValueSpecification\",\"valueRequired\":true,\"valueName\":\"search_term_string\"}}],\"inLanguage\":\"en-GB\"}]}<\/script>\n<!-- \/ Yoast SEO plugin. -->","yoast_head_json":{"title":"Senior Electrical Engineer - Vega Consultants","robots":{"index":"index","follow":"follow","max-snippet":"max-snippet:-1","max-image-preview":"max-image-preview:large","max-video-preview":"max-video-preview:-1"},"canonical":"https:\/\/vegaconsultants.no\/en\/jobbsoker\/ledige-stillinger\/senior-electrical-engineer-3003774\/","og_locale":"en_GB","og_type":"article","og_title":"Senior Electrical Engineer - Vega Consultants","og_description":"Vega Consultants AS Senior Electrical Engineer Periode: 01\/10\/2024 &#8211; 28\/02\/2026 Sted: Bergen Arbeidsoppgaver Oppf\u00f8lging av utstyrspakker\u00a0 Designe l\u00f8sninger i henhold til kundens krav\u00a0 F\u00f8lge opp leverand\u00f8rer og leverand\u00f8rens tekniske dokumentasjon; delta i testaktiviteter\/FAT.\u00a0 Samarbeide med andre disipliner, leverand\u00f8rer og kunder\u00a0 Delta i studier og gjennomf\u00f8ringsprosjekter\u00a0 \u00d8nskede kvalifikasjoner Teknisk fagskole, bachelor, master \u00a0Minimum 5 \u00e5rs relevant [&hellip;]","og_url":"https:\/\/vegaconsultants.no\/en\/jobbsoker\/ledige-stillinger\/senior-electrical-engineer-3003774\/","og_site_name":"Vega Consultants","twitter_card":"summary_large_image","twitter_misc":{"Estimated reading time":"1 minute"},"schema":{"@context":"https:\/\/schema.org","@graph":[{"@type":"WebPage","@id":"https:\/\/vegaconsultants.no\/jobbsoker\/ledige-stillinger\/senior-electrical-engineer-3003774\/","url":"https:\/\/vegaconsultants.no\/jobbsoker\/ledige-stillinger\/senior-electrical-engineer-3003774\/","name":"Senior Electrical Engineer - Vega Consultants","isPartOf":{"@id":"https:\/\/vegaconsultants.no\/#website"},"datePublished":"2025-09-09T11:17:11+00:00","breadcrumb":{"@id":"https:\/\/vegaconsultants.no\/jobbsoker\/ledige-stillinger\/senior-electrical-engineer-3003774\/#breadcrumb"},"inLanguage":"en-GB","potentialAction":[{"@type":"ReadAction","target":["https:\/\/vegaconsultants.no\/jobbsoker\/ledige-stillinger\/senior-electrical-engineer-3003774\/"]}]},{"@type":"BreadcrumbList","@id":"https:\/\/vegaconsultants.no\/jobbsoker\/ledige-stillinger\/senior-electrical-engineer-3003774\/#breadcrumb","itemListElement":[{"@type":"ListItem","position":1,"name":"Home","item":"https:\/\/vegaconsultants.no\/"},{"@type":"ListItem","position":2,"name":"Jobbs\u00f8ker","item":"https:\/\/vegaconsultants.no\/jobbsoker\/"},{"@type":"ListItem","position":3,"name":"Ledige stillinger","item":"https:\/\/vegaconsultants.no\/jobbsoker\/ledige-stillinger\/"},{"@type":"ListItem","position":4,"name":"Senior Electrical Engineer"}]},{"@type":"WebSite","@id":"https:\/\/vegaconsultants.no\/#website","url":"https:\/\/vegaconsultants.no\/","name":"Vega Consultants","description":"The right person for the right job","potentialAction":[{"@type":"SearchAction","target":{"@type":"EntryPoint","urlTemplate":"https:\/\/vegaconsultants.no\/?s={search_term_string}"},"query-input":{"@type":"PropertyValueSpecification","valueRequired":true,"valueName":"search_term_string"}}],"inLanguage":"en-GB"}]}},"_links":{"self":[{"href":"https:\/\/vegaconsultants.no\/en\/wp-json\/wp\/v2\/pages\/21329","targetHints":{"allow":["GET"]}}],"collection":[{"href":"https:\/\/vegaconsultants.no\/en\/wp-json\/wp\/v2\/pages"}],"about":[{"href":"https:\/\/vegaconsultants.no\/en\/wp-json\/wp\/v2\/types\/page"}],"author":[{"embeddable":true,"href":"https:\/\/vegaconsultants.no\/en\/wp-json\/wp\/v2\/users\/1"}],"replies":[{"embeddable":true,"href":"https:\/\/vegaconsultants.no\/en\/wp-json\/wp\/v2\/comments?post=21329"}],"version-history":[{"count":0,"href":"https:\/\/vegaconsultants.no\/en\/wp-json\/wp\/v2\/pages\/21329\/revisions"}],"up":[{"embeddable":true,"href":"https:\/\/vegaconsultants.no\/en\/wp-json\/wp\/v2\/pages\/4051"}],"wp:attachment":[{"href":"https:\/\/vegaconsultants.no\/en\/wp-json\/wp\/v2\/media?parent=21329"}],"curies":[{"name":"wp","href":"https:\/\/api.w.org\/{rel}","templated":true}]}}