{"id":21331,"date":"2025-05-30T23:11:49","date_gmt":"2025-05-30T21:11:49","guid":{"rendered":"https:\/\/vegaconsultants.no\/jobbsoker\/ledige-stillinger\/automation-engineer-3003776\/"},"modified":"2025-05-30T23:11:49","modified_gmt":"2025-05-30T21:11:49","slug":"automation-engineer-3003776","status":"publish","type":"page","link":"https:\/\/vegaconsultants.no\/en\/jobbsoker\/ledige-stillinger\/automation-engineer-3003776\/","title":{"rendered":"Automation Engineer"},"content":{"rendered":"<div class='vacancy-detail'>\n<div class='bold'>Vega Consultants AS<\/div>\n<div class='bold'>Automation Engineer<\/div>\n<div class='vacancy-body'>\n<p><\/p>\n<p>Location: Bergen<\/p>\n<p>Period: 01\/10\/2024 \u2013 28\/02\/2026<\/p>\n<p><\/p>\n<h3><strong>Work tasks<\/strong><\/h3>\n<ul>\n<li>Preparation of SAS documentation (i.e. SCD, C&amp;E, function descriptions, work packages, etc.)\u00a0<\/li>\n<li>Design solutions according to the customer&#039;s requirements\u00a0<\/li>\n<li>Follow up on suppliers and their technical documentation; participate in testing activities\/FAT\u00a0<\/li>\n<li>Collaborate with other disciplines, suppliers and customers\u00a0<\/li>\n<li>Participate in studies and implementation projects\u00a0<\/li>\n<\/ul>\n<p><\/p>\n<h3><strong>Desired qualifications<\/strong><\/h3>\n<ul>\n<li>Bachelor or Master<\/li>\n<li>Minimum 5 years of relevant experience<\/li>\n<li>Experience with SAS systems.\u00a0<\/li>\n<li>Experience from the energy industry an advantage<\/li>\n<li>FSE High and Low Voltage with first aid<\/li>\n<li>Basic EX course \u2013 Minimum 6-8 hours online or 22.5 hours in the classroom<\/li>\n<li>Offshore certificate is an advantage. If not held at start, candidate must be able to obtain this when needed<\/li>\n<\/ul>\n<p><\/p>\n<h3>Interested?<\/h3>\n<p>If this sounds like something for you, then we look forward to receiving your CV! Candidates will be reviewed continuously.\u00a0<\/p>\n<p>For questions regarding the role, please contact Leah Jespersen on 413 32 939.\u00a0<\/p>\n<\/div>\n<div class='vega-button'><span><a href='https:\/\/secure.webtemp.no\/WebtempCVPortal\/startsession.aspx?page=stillingsingle&amp;k=169&amp;id_utleie=3003776'>More info\/search here<\/a><\/span><\/div>\n<p><\/p>\n<hr>\n<div>\n<h4>REFNR<\/h4>\n<p>402694<\/p><\/div>\n<div>\n<h4>POSITION TYPE<\/h4>\n<p>Full-time<br \/>Temporary position\/engagement<\/div>\n<div>\n<h4>APPLICATION DEADLINE<\/h4>\n<p>Asap<\/p><\/div>\n<div class='vacancy-consultant'>\n<h4>CONTACT PERSON(S)<\/h4>\n<div>Leah Jespersen<\/div>\n<div>41 33 29 39<\/div>\n<div>leah.jespersen@vegaconsultants.no<\/div>\n<\/div>\n<\/div>","protected":false},"excerpt":{"rendered":"<p>Vega Consultants AS Automation Engineer Sted: Bergen Periode: 01\/10\/2024 &#8211; 28\/02\/2026 Arbeidsoppgaver Utarbeidelse av SAS underlag (dvs. SCD, C&amp;E, funksjonsbeskrivelser, arbeidspakker, etc.)\u00a0 Designe l\u00f8sninger i henhold til kundens krav\u00a0 F\u00f8lge opp leverand\u00f8rer og leverand\u00f8renes tekniske dokumentasjon; delta i testaktiviteter\/FAT\u00a0 Samarbeide\u202fmed andre disipliner, leverand\u00f8rer og kunder\u00a0 Delta i studier og gjennomf\u00f8ringsprosjekt\u00a0 \u00d8nskede kvalifikasjoner Bachelor eller master [&hellip;]<\/p>\n","protected":false},"author":1,"featured_media":0,"parent":4051,"menu_order":0,"comment_status":"closed","ping_status":"closed","template":"","meta":{"_et_pb_use_builder":"","_et_pb_old_content":"","_et_gb_content_width":"","footnotes":""},"class_list":["post-21331","page","type-page","status-publish","hentry"],"yoast_head":"<!-- This site is optimized with the Yoast SEO plugin v27.4 - https:\/\/yoast.com\/product\/yoast-seo-wordpress\/ -->\n<title>Automation Engineer - Vega Consultants<\/title>\n<meta name=\"robots\" content=\"index, follow, max-snippet:-1, max-image-preview:large, max-video-preview:-1\" \/>\n<link rel=\"canonical\" href=\"https:\/\/vegaconsultants.no\/en\/jobbsoker\/ledige-stillinger\/automation-engineer-3003776\/\" \/>\n<meta property=\"og:locale\" content=\"en_GB\" \/>\n<meta property=\"og:type\" content=\"article\" \/>\n<meta property=\"og:title\" content=\"Automation Engineer - Vega Consultants\" \/>\n<meta property=\"og:description\" content=\"Vega Consultants AS Automation Engineer Sted: Bergen Periode: 01\/10\/2024 &#8211; 28\/02\/2026 Arbeidsoppgaver Utarbeidelse av SAS underlag (dvs. SCD, C&amp;E, funksjonsbeskrivelser, arbeidspakker, etc.)\u00a0 Designe l\u00f8sninger i henhold til kundens krav\u00a0 F\u00f8lge opp leverand\u00f8rer og leverand\u00f8renes tekniske dokumentasjon; delta i testaktiviteter\/FAT\u00a0 Samarbeide\u202fmed andre disipliner, leverand\u00f8rer og kunder\u00a0 Delta i studier og gjennomf\u00f8ringsprosjekt\u00a0 \u00d8nskede kvalifikasjoner Bachelor eller master [&hellip;]\" \/>\n<meta property=\"og:url\" content=\"https:\/\/vegaconsultants.no\/en\/jobbsoker\/ledige-stillinger\/automation-engineer-3003776\/\" \/>\n<meta property=\"og:site_name\" content=\"Vega Consultants\" \/>\n<meta name=\"twitter:card\" content=\"summary_large_image\" \/>\n<meta name=\"twitter:label1\" content=\"Estimated reading time\" \/>\n\t<meta name=\"twitter:data1\" content=\"1 minute\" \/>\n<script type=\"application\/ld+json\" class=\"yoast-schema-graph\">{\"@context\":\"https:\\\/\\\/schema.org\",\"@graph\":[{\"@type\":\"WebPage\",\"@id\":\"https:\\\/\\\/vegaconsultants.no\\\/jobbsoker\\\/ledige-stillinger\\\/automation-engineer-3003776\\\/\",\"url\":\"https:\\\/\\\/vegaconsultants.no\\\/jobbsoker\\\/ledige-stillinger\\\/automation-engineer-3003776\\\/\",\"name\":\"Automation Engineer - Vega Consultants\",\"isPartOf\":{\"@id\":\"https:\\\/\\\/vegaconsultants.no\\\/#website\"},\"datePublished\":\"2025-05-30T21:11:49+00:00\",\"breadcrumb\":{\"@id\":\"https:\\\/\\\/vegaconsultants.no\\\/jobbsoker\\\/ledige-stillinger\\\/automation-engineer-3003776\\\/#breadcrumb\"},\"inLanguage\":\"en-GB\",\"potentialAction\":[{\"@type\":\"ReadAction\",\"target\":[\"https:\\\/\\\/vegaconsultants.no\\\/jobbsoker\\\/ledige-stillinger\\\/automation-engineer-3003776\\\/\"]}]},{\"@type\":\"BreadcrumbList\",\"@id\":\"https:\\\/\\\/vegaconsultants.no\\\/jobbsoker\\\/ledige-stillinger\\\/automation-engineer-3003776\\\/#breadcrumb\",\"itemListElement\":[{\"@type\":\"ListItem\",\"position\":1,\"name\":\"Home\",\"item\":\"https:\\\/\\\/vegaconsultants.no\\\/\"},{\"@type\":\"ListItem\",\"position\":2,\"name\":\"Jobbs\u00f8ker\",\"item\":\"https:\\\/\\\/vegaconsultants.no\\\/jobbsoker\\\/\"},{\"@type\":\"ListItem\",\"position\":3,\"name\":\"Ledige stillinger\",\"item\":\"https:\\\/\\\/vegaconsultants.no\\\/jobbsoker\\\/ledige-stillinger\\\/\"},{\"@type\":\"ListItem\",\"position\":4,\"name\":\"Automation Engineer\"}]},{\"@type\":\"WebSite\",\"@id\":\"https:\\\/\\\/vegaconsultants.no\\\/#website\",\"url\":\"https:\\\/\\\/vegaconsultants.no\\\/\",\"name\":\"Vega Consultants\",\"description\":\"Rett person p\u00e5 rett plass\",\"potentialAction\":[{\"@type\":\"SearchAction\",\"target\":{\"@type\":\"EntryPoint\",\"urlTemplate\":\"https:\\\/\\\/vegaconsultants.no\\\/?s={search_term_string}\"},\"query-input\":{\"@type\":\"PropertyValueSpecification\",\"valueRequired\":true,\"valueName\":\"search_term_string\"}}],\"inLanguage\":\"en-GB\"}]}<\/script>\n<!-- \/ Yoast SEO plugin. -->","yoast_head_json":{"title":"Automation Engineer - Vega Consultants","robots":{"index":"index","follow":"follow","max-snippet":"max-snippet:-1","max-image-preview":"max-image-preview:large","max-video-preview":"max-video-preview:-1"},"canonical":"https:\/\/vegaconsultants.no\/en\/jobbsoker\/ledige-stillinger\/automation-engineer-3003776\/","og_locale":"en_GB","og_type":"article","og_title":"Automation Engineer - Vega Consultants","og_description":"Vega Consultants AS Automation Engineer Sted: Bergen Periode: 01\/10\/2024 &#8211; 28\/02\/2026 Arbeidsoppgaver Utarbeidelse av SAS underlag (dvs. SCD, C&amp;E, funksjonsbeskrivelser, arbeidspakker, etc.)\u00a0 Designe l\u00f8sninger i henhold til kundens krav\u00a0 F\u00f8lge opp leverand\u00f8rer og leverand\u00f8renes tekniske dokumentasjon; delta i testaktiviteter\/FAT\u00a0 Samarbeide\u202fmed andre disipliner, leverand\u00f8rer og kunder\u00a0 Delta i studier og gjennomf\u00f8ringsprosjekt\u00a0 \u00d8nskede kvalifikasjoner Bachelor eller master [&hellip;]","og_url":"https:\/\/vegaconsultants.no\/en\/jobbsoker\/ledige-stillinger\/automation-engineer-3003776\/","og_site_name":"Vega Consultants","twitter_card":"summary_large_image","twitter_misc":{"Estimated reading time":"1 minute"},"schema":{"@context":"https:\/\/schema.org","@graph":[{"@type":"WebPage","@id":"https:\/\/vegaconsultants.no\/jobbsoker\/ledige-stillinger\/automation-engineer-3003776\/","url":"https:\/\/vegaconsultants.no\/jobbsoker\/ledige-stillinger\/automation-engineer-3003776\/","name":"Automation Engineer - Vega Consultants","isPartOf":{"@id":"https:\/\/vegaconsultants.no\/#website"},"datePublished":"2025-05-30T21:11:49+00:00","breadcrumb":{"@id":"https:\/\/vegaconsultants.no\/jobbsoker\/ledige-stillinger\/automation-engineer-3003776\/#breadcrumb"},"inLanguage":"en-GB","potentialAction":[{"@type":"ReadAction","target":["https:\/\/vegaconsultants.no\/jobbsoker\/ledige-stillinger\/automation-engineer-3003776\/"]}]},{"@type":"BreadcrumbList","@id":"https:\/\/vegaconsultants.no\/jobbsoker\/ledige-stillinger\/automation-engineer-3003776\/#breadcrumb","itemListElement":[{"@type":"ListItem","position":1,"name":"Home","item":"https:\/\/vegaconsultants.no\/"},{"@type":"ListItem","position":2,"name":"Jobbs\u00f8ker","item":"https:\/\/vegaconsultants.no\/jobbsoker\/"},{"@type":"ListItem","position":3,"name":"Ledige stillinger","item":"https:\/\/vegaconsultants.no\/jobbsoker\/ledige-stillinger\/"},{"@type":"ListItem","position":4,"name":"Automation Engineer"}]},{"@type":"WebSite","@id":"https:\/\/vegaconsultants.no\/#website","url":"https:\/\/vegaconsultants.no\/","name":"Vega Consultants","description":"The right person for the right job","potentialAction":[{"@type":"SearchAction","target":{"@type":"EntryPoint","urlTemplate":"https:\/\/vegaconsultants.no\/?s={search_term_string}"},"query-input":{"@type":"PropertyValueSpecification","valueRequired":true,"valueName":"search_term_string"}}],"inLanguage":"en-GB"}]}},"_links":{"self":[{"href":"https:\/\/vegaconsultants.no\/en\/wp-json\/wp\/v2\/pages\/21331","targetHints":{"allow":["GET"]}}],"collection":[{"href":"https:\/\/vegaconsultants.no\/en\/wp-json\/wp\/v2\/pages"}],"about":[{"href":"https:\/\/vegaconsultants.no\/en\/wp-json\/wp\/v2\/types\/page"}],"author":[{"embeddable":true,"href":"https:\/\/vegaconsultants.no\/en\/wp-json\/wp\/v2\/users\/1"}],"replies":[{"embeddable":true,"href":"https:\/\/vegaconsultants.no\/en\/wp-json\/wp\/v2\/comments?post=21331"}],"version-history":[{"count":0,"href":"https:\/\/vegaconsultants.no\/en\/wp-json\/wp\/v2\/pages\/21331\/revisions"}],"up":[{"embeddable":true,"href":"https:\/\/vegaconsultants.no\/en\/wp-json\/wp\/v2\/pages\/4051"}],"wp:attachment":[{"href":"https:\/\/vegaconsultants.no\/en\/wp-json\/wp\/v2\/media?parent=21331"}],"curies":[{"name":"wp","href":"https:\/\/api.w.org\/{rel}","templated":true}]}}