{"id":21403,"date":"2024-12-08T23:14:18","date_gmt":"2024-12-08T22:14:18","guid":{"rendered":"https:\/\/vegaconsultants.no\/jobbsoker\/ledige-stillinger\/senior-piping-stress-engineer-3003866\/"},"modified":"2024-12-08T23:14:18","modified_gmt":"2024-12-08T22:14:18","slug":"senior-piping-stress-engineer-3003866","status":"publish","type":"page","link":"https:\/\/vegaconsultants.no\/en\/jobbsoker\/ledige-stillinger\/senior-piping-stress-engineer-3003866\/","title":{"rendered":"Senior Piping Stress Engineer"},"content":{"rendered":"<div class='vacancy-detail'>\n<div class='bold'>Vega Consultants AS<\/div>\n<div class='bold'>Senior Piping Stress Engineer<\/div>\n<div class='vacancy-body'>\n<h3>Vi s\u00f8ker etter en Senior Engineer innen Pipestress for en av v\u00e5re kunder i Bergen.<\/h3>\n<h3><\/h3>\n<p><strong>Arbeidsoppgaver:<\/strong>&nbsp;<\/p>\n<ul>\n<li>Studiearbeid og prosjekteringsoppgaver<\/li>\n<li>Befaring offshore<\/li>\n<li>Utarbeidelse av tekniske foresp\u00f8rsler for mekanisk utstyr<\/li>\n<li>Oppf\u00f8lging av leverand\u00f8r og leverand\u00f8rdokumentasjon<\/li>\n<li>M\u00f8tevirksomhet og input til rapporter<\/li>\n<\/ul>\n<h3>&nbsp;<\/h3>\n<p><strong>Utdanning:<\/strong><\/p>\n<ul>\n<li>Bachelor Degree \/Fagskole&nbsp;<\/li>\n<li>Gjerne fagbrev i tillegg<\/li>\n<\/ul>\n<h3>&nbsp;<\/h3>\n<p><strong>Krav til erfaring:<\/strong><\/p>\n<ul>\n<li>Min 5 \u00e5rs erfaring innen olje og gass<\/li>\n<li>Erfaring fra vedlikeholds- og modifikasjonsarbeid<\/li>\n<li>God kunnskap til mekanisk utstyr<\/li>\n<li>Kjennskap til relevante regelverk og standarder, som eksempel PTIL, NORSOK og ISO standarder<\/li>\n<\/ul>\n<h3><\/h3>\n<p><strong>Annet:<\/strong>&nbsp;<\/p>\n<ul>\n<li>Flytende norsk og engelsk \u2013 muntlig og skriftlig er \u00f8nskelig<\/li>\n<li>Evne til \u00e5 arbeide b\u00e5de selvstendig og i grupper<\/li>\n<li>Multidisiplin forst\u00e5else og gode samarbeidsevner<\/li>\n<li>Proaktiv, opps\u00f8ke andre for r\u00e5d og kunne dele egen erfaring<\/li>\n<li>Gode mellommenneskelige egenskaper, bidra til \u00e5 skape et godt faglig milj\u00f8<\/li>\n<\/ul>\n<h3>&nbsp;<\/h3>\n<p><strong>M\u00e5 ogs\u00e5 ha:<\/strong><\/p>\n<ul>\n<li>Grunnleggende Offshore Sikkerhetskurs og Helseattest<\/li>\n<\/ul>\n<h3>Avsluttende tekst<\/h3>\n<p>Syns du dette h\u00f8res som noe for deg? Ta kontakt for \u00e5 h\u00f8re hva vi kan tilby!<\/p>\n<\/div>\n<div class='vega-button'><span><a href='https:\/\/secure.webtemp.no\/WebtempCVPortal\/startsession.aspx?page=stillingsingle&amp;k=169&amp;id_utleie=3003866'>Mer info\/s\u00f8k her<\/a><\/span><\/div>\n<p><\/p>\n<hr>\n<div>\n<h4>REFNR<\/h4>\n<p>402773<\/p><\/div>\n<div>\n<h4>STILLINGSTYPE<\/h4>\n<p>Heltid<br \/>Vikariat\/engasjement<\/div>\n<div>\n<h4>S\u00d8KNADSFRIST<\/h4>\n<p>08.12.2024<\/p><\/div>\n<div class='vacancy-consultant'>\n<h4>KONTAKTPERSON(ER)<\/h4>\n<div>Kim Olav Svines<\/div>\n<div>48 21 82 03<\/div>\n<div>kim.olav.svines@vegaconsultants.no<\/div>\n<\/div>\n<\/div>","protected":false},"excerpt":{"rendered":"<p>Vega Consultants AS Senior Piping Stress Engineer Vi s\u00f8ker etter en Senior Engineer innen Pipestress for en av v\u00e5re kunder i Bergen. Arbeidsoppgaver:&nbsp; Studiearbeid og prosjekteringsoppgaver Befaring offshore Utarbeidelse av tekniske foresp\u00f8rsler for mekanisk utstyr Oppf\u00f8lging av leverand\u00f8r og leverand\u00f8rdokumentasjon M\u00f8tevirksomhet og input til rapporter &nbsp; Utdanning: Bachelor Degree \/Fagskole&nbsp; Gjerne fagbrev i tillegg &nbsp; [&hellip;]<\/p>\n","protected":false},"author":1,"featured_media":0,"parent":4051,"menu_order":0,"comment_status":"closed","ping_status":"closed","template":"","meta":{"_et_pb_use_builder":"","_et_pb_old_content":"","_et_gb_content_width":"","footnotes":""},"class_list":["post-21403","page","type-page","status-publish","hentry"],"yoast_head":"<!-- This site is optimized with the Yoast SEO plugin v27.3 - https:\/\/yoast.com\/product\/yoast-seo-wordpress\/ -->\n<title>Senior Piping Stress Engineer - Vega Consultants<\/title>\n<meta name=\"robots\" content=\"index, follow, max-snippet:-1, max-image-preview:large, max-video-preview:-1\" \/>\n<link rel=\"canonical\" href=\"https:\/\/vegaconsultants.no\/en\/jobbsoker\/ledige-stillinger\/senior-piping-stress-engineer-3003866\/\" \/>\n<meta property=\"og:locale\" content=\"en_GB\" \/>\n<meta property=\"og:type\" content=\"article\" \/>\n<meta property=\"og:title\" content=\"Senior Piping Stress Engineer - Vega Consultants\" \/>\n<meta property=\"og:description\" content=\"Vega Consultants AS Senior Piping Stress Engineer Vi s\u00f8ker etter en Senior Engineer innen Pipestress for en av v\u00e5re kunder i Bergen. Arbeidsoppgaver:&nbsp; Studiearbeid og prosjekteringsoppgaver Befaring offshore Utarbeidelse av tekniske foresp\u00f8rsler for mekanisk utstyr Oppf\u00f8lging av leverand\u00f8r og leverand\u00f8rdokumentasjon M\u00f8tevirksomhet og input til rapporter &nbsp; Utdanning: Bachelor Degree \/Fagskole&nbsp; Gjerne fagbrev i tillegg &nbsp; [&hellip;]\" \/>\n<meta property=\"og:url\" content=\"https:\/\/vegaconsultants.no\/en\/jobbsoker\/ledige-stillinger\/senior-piping-stress-engineer-3003866\/\" \/>\n<meta property=\"og:site_name\" content=\"Vega Consultants\" \/>\n<meta name=\"twitter:card\" content=\"summary_large_image\" \/>\n<meta name=\"twitter:label1\" content=\"Estimated reading time\" \/>\n\t<meta name=\"twitter:data1\" content=\"1 minute\" \/>\n<script type=\"application\/ld+json\" class=\"yoast-schema-graph\">{\"@context\":\"https:\\\/\\\/schema.org\",\"@graph\":[{\"@type\":\"WebPage\",\"@id\":\"https:\\\/\\\/vegaconsultants.no\\\/jobbsoker\\\/ledige-stillinger\\\/senior-piping-stress-engineer-3003866\\\/\",\"url\":\"https:\\\/\\\/vegaconsultants.no\\\/jobbsoker\\\/ledige-stillinger\\\/senior-piping-stress-engineer-3003866\\\/\",\"name\":\"Senior Piping Stress Engineer - Vega Consultants\",\"isPartOf\":{\"@id\":\"https:\\\/\\\/vegaconsultants.no\\\/#website\"},\"datePublished\":\"2024-12-08T22:14:18+00:00\",\"breadcrumb\":{\"@id\":\"https:\\\/\\\/vegaconsultants.no\\\/jobbsoker\\\/ledige-stillinger\\\/senior-piping-stress-engineer-3003866\\\/#breadcrumb\"},\"inLanguage\":\"en-GB\",\"potentialAction\":[{\"@type\":\"ReadAction\",\"target\":[\"https:\\\/\\\/vegaconsultants.no\\\/jobbsoker\\\/ledige-stillinger\\\/senior-piping-stress-engineer-3003866\\\/\"]}]},{\"@type\":\"BreadcrumbList\",\"@id\":\"https:\\\/\\\/vegaconsultants.no\\\/jobbsoker\\\/ledige-stillinger\\\/senior-piping-stress-engineer-3003866\\\/#breadcrumb\",\"itemListElement\":[{\"@type\":\"ListItem\",\"position\":1,\"name\":\"Home\",\"item\":\"https:\\\/\\\/vegaconsultants.no\\\/\"},{\"@type\":\"ListItem\",\"position\":2,\"name\":\"Jobbs\u00f8ker\",\"item\":\"https:\\\/\\\/vegaconsultants.no\\\/jobbsoker\\\/\"},{\"@type\":\"ListItem\",\"position\":3,\"name\":\"Ledige stillinger\",\"item\":\"https:\\\/\\\/vegaconsultants.no\\\/jobbsoker\\\/ledige-stillinger\\\/\"},{\"@type\":\"ListItem\",\"position\":4,\"name\":\"Senior Piping Stress Engineer\"}]},{\"@type\":\"WebSite\",\"@id\":\"https:\\\/\\\/vegaconsultants.no\\\/#website\",\"url\":\"https:\\\/\\\/vegaconsultants.no\\\/\",\"name\":\"Vega Consultants\",\"description\":\"Rett person p\u00e5 rett plass\",\"potentialAction\":[{\"@type\":\"SearchAction\",\"target\":{\"@type\":\"EntryPoint\",\"urlTemplate\":\"https:\\\/\\\/vegaconsultants.no\\\/?s={search_term_string}\"},\"query-input\":{\"@type\":\"PropertyValueSpecification\",\"valueRequired\":true,\"valueName\":\"search_term_string\"}}],\"inLanguage\":\"en-GB\"}]}<\/script>\n<!-- \/ Yoast SEO plugin. -->","yoast_head_json":{"title":"Senior Piping Stress Engineer - Vega Consultants","robots":{"index":"index","follow":"follow","max-snippet":"max-snippet:-1","max-image-preview":"max-image-preview:large","max-video-preview":"max-video-preview:-1"},"canonical":"https:\/\/vegaconsultants.no\/en\/jobbsoker\/ledige-stillinger\/senior-piping-stress-engineer-3003866\/","og_locale":"en_GB","og_type":"article","og_title":"Senior Piping Stress Engineer - Vega Consultants","og_description":"Vega Consultants AS Senior Piping Stress Engineer Vi s\u00f8ker etter en Senior Engineer innen Pipestress for en av v\u00e5re kunder i Bergen. Arbeidsoppgaver:&nbsp; Studiearbeid og prosjekteringsoppgaver Befaring offshore Utarbeidelse av tekniske foresp\u00f8rsler for mekanisk utstyr Oppf\u00f8lging av leverand\u00f8r og leverand\u00f8rdokumentasjon M\u00f8tevirksomhet og input til rapporter &nbsp; Utdanning: Bachelor Degree \/Fagskole&nbsp; Gjerne fagbrev i tillegg &nbsp; [&hellip;]","og_url":"https:\/\/vegaconsultants.no\/en\/jobbsoker\/ledige-stillinger\/senior-piping-stress-engineer-3003866\/","og_site_name":"Vega Consultants","twitter_card":"summary_large_image","twitter_misc":{"Estimated reading time":"1 minute"},"schema":{"@context":"https:\/\/schema.org","@graph":[{"@type":"WebPage","@id":"https:\/\/vegaconsultants.no\/jobbsoker\/ledige-stillinger\/senior-piping-stress-engineer-3003866\/","url":"https:\/\/vegaconsultants.no\/jobbsoker\/ledige-stillinger\/senior-piping-stress-engineer-3003866\/","name":"Senior Piping Stress Engineer - Vega Consultants","isPartOf":{"@id":"https:\/\/vegaconsultants.no\/#website"},"datePublished":"2024-12-08T22:14:18+00:00","breadcrumb":{"@id":"https:\/\/vegaconsultants.no\/jobbsoker\/ledige-stillinger\/senior-piping-stress-engineer-3003866\/#breadcrumb"},"inLanguage":"en-GB","potentialAction":[{"@type":"ReadAction","target":["https:\/\/vegaconsultants.no\/jobbsoker\/ledige-stillinger\/senior-piping-stress-engineer-3003866\/"]}]},{"@type":"BreadcrumbList","@id":"https:\/\/vegaconsultants.no\/jobbsoker\/ledige-stillinger\/senior-piping-stress-engineer-3003866\/#breadcrumb","itemListElement":[{"@type":"ListItem","position":1,"name":"Home","item":"https:\/\/vegaconsultants.no\/"},{"@type":"ListItem","position":2,"name":"Jobbs\u00f8ker","item":"https:\/\/vegaconsultants.no\/jobbsoker\/"},{"@type":"ListItem","position":3,"name":"Ledige stillinger","item":"https:\/\/vegaconsultants.no\/jobbsoker\/ledige-stillinger\/"},{"@type":"ListItem","position":4,"name":"Senior Piping Stress Engineer"}]},{"@type":"WebSite","@id":"https:\/\/vegaconsultants.no\/#website","url":"https:\/\/vegaconsultants.no\/","name":"Vega Consultants","description":"The right person for the right job","potentialAction":[{"@type":"SearchAction","target":{"@type":"EntryPoint","urlTemplate":"https:\/\/vegaconsultants.no\/?s={search_term_string}"},"query-input":{"@type":"PropertyValueSpecification","valueRequired":true,"valueName":"search_term_string"}}],"inLanguage":"en-GB"}]}},"_links":{"self":[{"href":"https:\/\/vegaconsultants.no\/en\/wp-json\/wp\/v2\/pages\/21403","targetHints":{"allow":["GET"]}}],"collection":[{"href":"https:\/\/vegaconsultants.no\/en\/wp-json\/wp\/v2\/pages"}],"about":[{"href":"https:\/\/vegaconsultants.no\/en\/wp-json\/wp\/v2\/types\/page"}],"author":[{"embeddable":true,"href":"https:\/\/vegaconsultants.no\/en\/wp-json\/wp\/v2\/users\/1"}],"replies":[{"embeddable":true,"href":"https:\/\/vegaconsultants.no\/en\/wp-json\/wp\/v2\/comments?post=21403"}],"version-history":[{"count":0,"href":"https:\/\/vegaconsultants.no\/en\/wp-json\/wp\/v2\/pages\/21403\/revisions"}],"up":[{"embeddable":true,"href":"https:\/\/vegaconsultants.no\/en\/wp-json\/wp\/v2\/pages\/4051"}],"wp:attachment":[{"href":"https:\/\/vegaconsultants.no\/en\/wp-json\/wp\/v2\/media?parent=21403"}],"curies":[{"name":"wp","href":"https:\/\/api.w.org\/{rel}","templated":true}]}}