{"id":21408,"date":"2024-12-05T11:16:17","date_gmt":"2024-12-05T10:16:17","guid":{"rendered":"https:\/\/vegaconsultants.no\/jobbsoker\/ledige-stillinger\/ressurskoordinator-3003871\/"},"modified":"2024-12-05T11:16:17","modified_gmt":"2024-12-05T10:16:17","slug":"ressurskoordinator-3003871","status":"publish","type":"page","link":"https:\/\/vegaconsultants.no\/en\/jobbsoker\/ledige-stillinger\/ressurskoordinator-3003871\/","title":{"rendered":"Ressurskoordinator"},"content":{"rendered":"<div class='vacancy-detail'>\n<div class='bold'>Vega Consultants AS<\/div>\n<div class='bold'>Ressurskoordinator<\/div>\n<div class='vacancy-body'>\n<p><strong>Periode:<\/strong>\u00a0Oppstart asap. \u2013 6 mnd. til \u00e5 begynne med &#8211; mulighet for forlengelse<\/p>\n<p><\/p>\n<p>Ansvarlig for praktisk veiledning, koordinere mottak og oppf\u00f8lging av personell ved ankomst verftet, inkludert kompetansekontroll, koordinering mot sveiseskole, koordinering av prosjektfamilisering etc. Gi praktisk veiledning for nytt personell n\u00e5r det gjelder oppm\u00f8tested, garderobefasiliteter, tildeling av n\u00f8kler til garderober, bagasjeoppbevaring ved ankomst og avreise, og andre fasiliteter. Bindeledd mellom ressursavdleingen, construction, prefab og prosjekt.<\/p>\n<h3><strong>Arbeidsoppgaver<\/strong><\/h3>\n<p><strong>Mottak av personell:<\/strong><\/p>\n<ul>\n<li>Organisere mottaksprosessen for innleid personell, inkludert bist\u00e5 med registrering (\u00e5pne \/ sperre) personell i HR system og f\u00f8lge opp at sikkerhetsoppl\u00e6ring er gjennomf\u00f8rt.<\/li>\n<\/ul>\n<p><strong>Praktisk veiledning:<\/strong><\/p>\n<ul>\n<li>Gi nyankommet personell n\u00f8dvendig informasjon om gjeldene kompetansekrav, inngangsprosedyrer, og oppm\u00f8tetider \/ oppm\u00f8tested.<\/li>\n<li>Informere ansatte om garderobefasiliteter,pauserom, kantine og parkeringsmuligheter. Tildele n\u00f8kler til garderopeskap.<\/li>\n<li>F\u00f8lge opp personell som mangler eller har defekt p\u00e5krevd verneutstyr.<\/li>\n<\/ul>\n<p><strong>Kompetansekontroll og oppf\u00f8lging:<\/strong><\/p>\n<ul>\n<li>Kontrollere at personell har p\u00e5krevd kompetanse, kurs og sertifikater inkludert HMS-kurs, compliancekurs og prosjektspesifike familiseringskurs, f\u00f8r de f\u00e5r tillatelse til \u00e5 starte arbeidet.<\/li>\n<li>Samordne oppl\u00e6ring ved sveiseskolen for personell som krever det, og f\u00f8lge opp at de gjennomf\u00f8rer den n\u00f8dvendige oppl\u00e6ringen.<\/li>\n<li>Fungere som et bindeledd mellom ressurskoordinator og prosjekt- og arbeidsledelse.<\/li>\n<\/ul>\n<p><strong>Rapportering og dokumentasjon:<\/strong><\/p>\n<ul>\n<li>Sammen med ressurskoordinatorer og kurskoordinator sikre at all informasjon om personell, kursdeltakelse og kompetanse er korrekt registrert i bedriftens systemer.<\/li>\n<li>Rapportere og f\u00f8lge opp manglende komptanse, kursbevis, sertifikater og sikre at n\u00f8dvendige tiltak blir iverksatt.<\/li>\n<\/ul>\n<p><\/p>\n<h3><strong>Kvalifikasjoner:<\/strong><\/h3>\n<ul>\n<li>Gode kommunikasjonsevner og evne til \u00e5 formidle viktig informasjon til nyansatte.<\/li>\n<li>Gode spr\u00e5kferdigheter &#8211; engelsk og skandinavisk.<\/li>\n<li>Erfaring med kursadministrasjon og kompetansesystemer, samt oppf\u00f8lging av personell.<\/li>\n<li>Kjennskap til HMS-krav og prosedyrer.<\/li>\n<li>Kjennskap til vefts og leverand\u00f8rindustrien.<\/li>\n<\/ul>\n<p><strong>Personlige egenskaper:<\/strong><\/p>\n<ul>\n<li>Serviceinnstilt og evne til \u00e5 kommunisere tydelig med personell p\u00e5 alle niv\u00e5er.<\/li>\n<li>Strukturert og l\u00f8sningsorientert med god evne til \u00e5 h\u00e5ndtere flere oppgaver samtidig.<\/li>\n<li>Gode samarbeidsevner og evne til \u00e5 fungere som bindeledd mellom ulike avdelinger.<\/li>\n<\/ul>\n<h3><\/h3>\n<p>Syns du dette h\u00f8res som noe for deg? Ta kontakt for \u00e5 h\u00f8re hva vi kan tilby!<\/p>\n<\/div>\n<div class='vega-button'><span><a href='https:\/\/secure.webtemp.no\/WebtempCVPortal\/startsession.aspx?page=stillingsingle&amp;k=169&amp;id_utleie=3003871'>Mer info\/s\u00f8k her<\/a><\/span><\/div>\n<p><\/p>\n<hr>\n<div>\n<h4>REFNR<\/h4>\n<p>402778<\/p><\/div>\n<div>\n<h4>STILLINGSTYPE<\/h4>\n<p>Heltid<br \/>Vikariat\/engasjement<\/div>\n<div>\n<h4>S\u00d8KNADSFRIST<\/h4>\n<p>Asap<\/p><\/div>\n<div class='vacancy-consultant'>\n<h4>KONTAKTPERSON(ER)<\/h4>\n<div>Sarah Svab\u00f8<\/div>\n<div>45 68 08 50<\/div>\n<div>sarah.svabo@vegaconsultants.no<\/div>\n<\/div>\n<\/div>","protected":false},"excerpt":{"rendered":"<p>Vega Consultants AS Ressurskoordinator Periode:\u00a0Oppstart asap. \u2013 6 mnd. til \u00e5 begynne med &#8211; mulighet for forlengelse Ansvarlig for praktisk veiledning, koordinere mottak og oppf\u00f8lging av personell ved ankomst verftet, inkludert kompetansekontroll, koordinering mot sveiseskole, koordinering av prosjektfamilisering etc. Gi praktisk veiledning for nytt personell n\u00e5r det gjelder oppm\u00f8tested, garderobefasiliteter, tildeling av n\u00f8kler til garderober, [&hellip;]<\/p>\n","protected":false},"author":1,"featured_media":0,"parent":4051,"menu_order":0,"comment_status":"closed","ping_status":"closed","template":"","meta":{"_et_pb_use_builder":"","_et_pb_old_content":"","_et_gb_content_width":"","footnotes":""},"class_list":["post-21408","page","type-page","status-publish","hentry"],"yoast_head":"<!-- This site is optimized with the Yoast SEO plugin v27.3 - https:\/\/yoast.com\/product\/yoast-seo-wordpress\/ -->\n<title>Ressurskoordinator - Vega Consultants<\/title>\n<meta name=\"robots\" content=\"index, follow, max-snippet:-1, max-image-preview:large, max-video-preview:-1\" \/>\n<link rel=\"canonical\" href=\"https:\/\/vegaconsultants.no\/en\/jobbsoker\/ledige-stillinger\/ressurskoordinator-3003871\/\" \/>\n<meta property=\"og:locale\" content=\"en_GB\" \/>\n<meta property=\"og:type\" content=\"article\" \/>\n<meta property=\"og:title\" content=\"Ressurskoordinator - Vega Consultants\" \/>\n<meta property=\"og:description\" content=\"Vega Consultants AS Ressurskoordinator Periode:\u00a0Oppstart asap. \u2013 6 mnd. til \u00e5 begynne med &#8211; mulighet for forlengelse Ansvarlig for praktisk veiledning, koordinere mottak og oppf\u00f8lging av personell ved ankomst verftet, inkludert kompetansekontroll, koordinering mot sveiseskole, koordinering av prosjektfamilisering etc. Gi praktisk veiledning for nytt personell n\u00e5r det gjelder oppm\u00f8tested, garderobefasiliteter, tildeling av n\u00f8kler til garderober, [&hellip;]\" \/>\n<meta property=\"og:url\" content=\"https:\/\/vegaconsultants.no\/en\/jobbsoker\/ledige-stillinger\/ressurskoordinator-3003871\/\" \/>\n<meta property=\"og:site_name\" content=\"Vega Consultants\" \/>\n<meta name=\"twitter:card\" content=\"summary_large_image\" \/>\n<meta name=\"twitter:label1\" content=\"Estimated reading time\" \/>\n\t<meta name=\"twitter:data1\" content=\"2 minutes\" \/>\n<script type=\"application\/ld+json\" class=\"yoast-schema-graph\">{\"@context\":\"https:\\\/\\\/schema.org\",\"@graph\":[{\"@type\":\"WebPage\",\"@id\":\"https:\\\/\\\/vegaconsultants.no\\\/jobbsoker\\\/ledige-stillinger\\\/ressurskoordinator-3003871\\\/\",\"url\":\"https:\\\/\\\/vegaconsultants.no\\\/jobbsoker\\\/ledige-stillinger\\\/ressurskoordinator-3003871\\\/\",\"name\":\"Ressurskoordinator - Vega Consultants\",\"isPartOf\":{\"@id\":\"https:\\\/\\\/vegaconsultants.no\\\/#website\"},\"datePublished\":\"2024-12-05T10:16:17+00:00\",\"breadcrumb\":{\"@id\":\"https:\\\/\\\/vegaconsultants.no\\\/jobbsoker\\\/ledige-stillinger\\\/ressurskoordinator-3003871\\\/#breadcrumb\"},\"inLanguage\":\"en-GB\",\"potentialAction\":[{\"@type\":\"ReadAction\",\"target\":[\"https:\\\/\\\/vegaconsultants.no\\\/jobbsoker\\\/ledige-stillinger\\\/ressurskoordinator-3003871\\\/\"]}]},{\"@type\":\"BreadcrumbList\",\"@id\":\"https:\\\/\\\/vegaconsultants.no\\\/jobbsoker\\\/ledige-stillinger\\\/ressurskoordinator-3003871\\\/#breadcrumb\",\"itemListElement\":[{\"@type\":\"ListItem\",\"position\":1,\"name\":\"Home\",\"item\":\"https:\\\/\\\/vegaconsultants.no\\\/\"},{\"@type\":\"ListItem\",\"position\":2,\"name\":\"Jobbs\u00f8ker\",\"item\":\"https:\\\/\\\/vegaconsultants.no\\\/jobbsoker\\\/\"},{\"@type\":\"ListItem\",\"position\":3,\"name\":\"Ledige stillinger\",\"item\":\"https:\\\/\\\/vegaconsultants.no\\\/jobbsoker\\\/ledige-stillinger\\\/\"},{\"@type\":\"ListItem\",\"position\":4,\"name\":\"Ressurskoordinator\"}]},{\"@type\":\"WebSite\",\"@id\":\"https:\\\/\\\/vegaconsultants.no\\\/#website\",\"url\":\"https:\\\/\\\/vegaconsultants.no\\\/\",\"name\":\"Vega Consultants\",\"description\":\"Rett person p\u00e5 rett plass\",\"potentialAction\":[{\"@type\":\"SearchAction\",\"target\":{\"@type\":\"EntryPoint\",\"urlTemplate\":\"https:\\\/\\\/vegaconsultants.no\\\/?s={search_term_string}\"},\"query-input\":{\"@type\":\"PropertyValueSpecification\",\"valueRequired\":true,\"valueName\":\"search_term_string\"}}],\"inLanguage\":\"en-GB\"}]}<\/script>\n<!-- \/ Yoast SEO plugin. -->","yoast_head_json":{"title":"Ressurskoordinator - Vega Consultants","robots":{"index":"index","follow":"follow","max-snippet":"max-snippet:-1","max-image-preview":"max-image-preview:large","max-video-preview":"max-video-preview:-1"},"canonical":"https:\/\/vegaconsultants.no\/en\/jobbsoker\/ledige-stillinger\/ressurskoordinator-3003871\/","og_locale":"en_GB","og_type":"article","og_title":"Ressurskoordinator - Vega Consultants","og_description":"Vega Consultants AS Ressurskoordinator Periode:\u00a0Oppstart asap. \u2013 6 mnd. til \u00e5 begynne med &#8211; mulighet for forlengelse Ansvarlig for praktisk veiledning, koordinere mottak og oppf\u00f8lging av personell ved ankomst verftet, inkludert kompetansekontroll, koordinering mot sveiseskole, koordinering av prosjektfamilisering etc. Gi praktisk veiledning for nytt personell n\u00e5r det gjelder oppm\u00f8tested, garderobefasiliteter, tildeling av n\u00f8kler til garderober, [&hellip;]","og_url":"https:\/\/vegaconsultants.no\/en\/jobbsoker\/ledige-stillinger\/ressurskoordinator-3003871\/","og_site_name":"Vega Consultants","twitter_card":"summary_large_image","twitter_misc":{"Estimated reading time":"2 minutes"},"schema":{"@context":"https:\/\/schema.org","@graph":[{"@type":"WebPage","@id":"https:\/\/vegaconsultants.no\/jobbsoker\/ledige-stillinger\/ressurskoordinator-3003871\/","url":"https:\/\/vegaconsultants.no\/jobbsoker\/ledige-stillinger\/ressurskoordinator-3003871\/","name":"Ressurskoordinator - Vega Consultants","isPartOf":{"@id":"https:\/\/vegaconsultants.no\/#website"},"datePublished":"2024-12-05T10:16:17+00:00","breadcrumb":{"@id":"https:\/\/vegaconsultants.no\/jobbsoker\/ledige-stillinger\/ressurskoordinator-3003871\/#breadcrumb"},"inLanguage":"en-GB","potentialAction":[{"@type":"ReadAction","target":["https:\/\/vegaconsultants.no\/jobbsoker\/ledige-stillinger\/ressurskoordinator-3003871\/"]}]},{"@type":"BreadcrumbList","@id":"https:\/\/vegaconsultants.no\/jobbsoker\/ledige-stillinger\/ressurskoordinator-3003871\/#breadcrumb","itemListElement":[{"@type":"ListItem","position":1,"name":"Home","item":"https:\/\/vegaconsultants.no\/"},{"@type":"ListItem","position":2,"name":"Jobbs\u00f8ker","item":"https:\/\/vegaconsultants.no\/jobbsoker\/"},{"@type":"ListItem","position":3,"name":"Ledige stillinger","item":"https:\/\/vegaconsultants.no\/jobbsoker\/ledige-stillinger\/"},{"@type":"ListItem","position":4,"name":"Ressurskoordinator"}]},{"@type":"WebSite","@id":"https:\/\/vegaconsultants.no\/#website","url":"https:\/\/vegaconsultants.no\/","name":"Vega Consultants","description":"The right person for the right job","potentialAction":[{"@type":"SearchAction","target":{"@type":"EntryPoint","urlTemplate":"https:\/\/vegaconsultants.no\/?s={search_term_string}"},"query-input":{"@type":"PropertyValueSpecification","valueRequired":true,"valueName":"search_term_string"}}],"inLanguage":"en-GB"}]}},"_links":{"self":[{"href":"https:\/\/vegaconsultants.no\/en\/wp-json\/wp\/v2\/pages\/21408","targetHints":{"allow":["GET"]}}],"collection":[{"href":"https:\/\/vegaconsultants.no\/en\/wp-json\/wp\/v2\/pages"}],"about":[{"href":"https:\/\/vegaconsultants.no\/en\/wp-json\/wp\/v2\/types\/page"}],"author":[{"embeddable":true,"href":"https:\/\/vegaconsultants.no\/en\/wp-json\/wp\/v2\/users\/1"}],"replies":[{"embeddable":true,"href":"https:\/\/vegaconsultants.no\/en\/wp-json\/wp\/v2\/comments?post=21408"}],"version-history":[{"count":0,"href":"https:\/\/vegaconsultants.no\/en\/wp-json\/wp\/v2\/pages\/21408\/revisions"}],"up":[{"embeddable":true,"href":"https:\/\/vegaconsultants.no\/en\/wp-json\/wp\/v2\/pages\/4051"}],"wp:attachment":[{"href":"https:\/\/vegaconsultants.no\/en\/wp-json\/wp\/v2\/media?parent=21408"}],"curies":[{"name":"wp","href":"https:\/\/api.w.org\/{rel}","templated":true}]}}