{"id":21413,"date":"2024-11-17T23:28:44","date_gmt":"2024-11-17T22:28:44","guid":{"rendered":"https:\/\/vegaconsultants.no\/jobbsoker\/ledige-stillinger\/prosjekt-ingenior-elektro-3003877\/"},"modified":"2024-11-17T23:28:44","modified_gmt":"2024-11-17T22:28:44","slug":"prosjekt-ingenior-elektro-3003877","status":"publish","type":"page","link":"https:\/\/vegaconsultants.no\/en\/jobbsoker\/ledige-stillinger\/prosjekt-ingenior-elektro-3003877\/","title":{"rendered":"Project engineer electrical"},"content":{"rendered":"<div class='vacancy-detail'>\n<div class='bold'>Vega Consultants AS<\/div>\n<div class='bold'>Project engineer electrical<\/div>\n<div class='vacancy-body'>\n<ul>\n<li>Title: Project Engineer \u2013 Electrical<\/li>\n<li>Location: Kollsnes<\/li>\n<li>Duration: ASAP \u2013 30.10.25<\/li>\n<\/ul>\n<h3>Introduction<\/h3>\n<p>On behalf of a client, we are seeking an electrical project engineer to work at an onshore oil and gas facility.<\/p>\n<p><\/p>\n<h3>Tasks and responsibilities<\/h3>\n<ul>\n<li>Responsible for technical deliveries within the field, as well as assigned project tasks in the project.\u00a0<\/li>\n<li>Ensure that the company&#039;s requirements are understood by the supplier and implemented in the design\u00a0<\/li>\n<li>Provide input to and quality assure project plans\u00a0<\/li>\n<li>Process and recommend amendments<\/li>\n<li>Contribute to procurement and tender evaluations\u00a0<\/li>\n<li>Contribute to the establishment of the Assignment Agreement\u00a0<\/li>\n<li>Managing risk and HSE in design\u00a0<\/li>\n<\/ul>\n<h3><\/h3>\n<h3>Competence requirements<\/h3>\n<ul>\n<li>EITHER bachelor&#039;s degree with 2-3 years of experience OR master&#039;s degree with 1-2 years of experience.\u00a0<\/li>\n<li>Experience with technical requirements and international standards within the Norwegian oil and gas industry.\u00a0<\/li>\n<li>Good communication skills in English and Scandinavian, written and oral<\/li>\n<li>You are results-oriented and proactive\u00a0<\/li>\n<li>A team player with the ability to work in a multidisciplinary environment<\/li>\n<li>Dedicated, responsible and motivated.<\/li>\n<li>Good at organizing own work and the ability to contribute to a safe and good working environment.<\/li>\n<li><strong>Candidates must have permission to work in Norway. <\/strong><\/li>\n<\/ul>\n<p><\/p>\n<p>This is a 1-year assignment, and the client wants to start immediately.\u00a0<\/p>\n<p><\/p>\n<h3>Interested?<\/h3>\n<p>If this sounds like the job for you, we look forward to receiving your CV!\u00a0<\/p>\n<p>For questions regarding the position, contact Leah Jespersen at 413 32 939.\u00a0<\/p>\n<\/div>\n<div class='vega-button'><span><a href='https:\/\/secure.webtemp.no\/WebtempCVPortal\/startsession.aspx?page=stillingsingle&amp;k=169&amp;id_utleie=3003877'>More info\/search here<\/a><\/span><\/div>\n<p><\/p>\n<hr>\n<div>\n<h4>REFNR<\/h4>\n<p>402785<\/p><\/div>\n<div>\n<h4>POSITION TYPE<\/h4>\n<p>Full-time<br \/>Temporary position\/engagement<\/div>\n<div>\n<h4>APPLICATION DEADLINE<\/h4>\n<p>Candidates will be assessed on an ongoing basis.<\/p><\/div>\n<div class='vacancy-consultant'>\n<h4>CONTACT PERSON(S)<\/h4>\n<div>Leah Jespersen<\/div>\n<div>41 33 29 39<\/div>\n<div>leah.jespersen@vegaconsultants.no<\/div>\n<\/div>\n<\/div>","protected":false},"excerpt":{"rendered":"<p>Vega Consultants AS Prosjekt ingeni\u00f8r elektro Tittel: Prosjektingeni\u00f8r &#8211; elektro Lokasjon: Kollsnes Varighet: ASAP &#8211; 30.10.25 Introduksjon P\u00e5 vegne av kunde s\u00f8ker vi en elektro prosjektingeni\u00f8r elektro til \u00e5 jobbe p\u00e5 et landanlegg innen olje og gass. Oppgaver og ansvarsomr\u00e5der Ansvarlig for tekniske leveranser innen fagomr\u00e5det, samt tildelte prosjektoppgaver i prosjektet.\u202f\u00a0 Sikre at selskapets krav [&hellip;]<\/p>\n","protected":false},"author":1,"featured_media":0,"parent":4051,"menu_order":0,"comment_status":"closed","ping_status":"closed","template":"","meta":{"_et_pb_use_builder":"","_et_pb_old_content":"","_et_gb_content_width":"","footnotes":""},"class_list":["post-21413","page","type-page","status-publish","hentry"],"yoast_head":"<!-- This site is optimized with the Yoast SEO plugin v27.4 - https:\/\/yoast.com\/product\/yoast-seo-wordpress\/ -->\n<title>Prosjekt ingeni\u00f8r elektro - Vega Consultants<\/title>\n<meta name=\"robots\" content=\"index, follow, max-snippet:-1, max-image-preview:large, max-video-preview:-1\" \/>\n<link rel=\"canonical\" href=\"https:\/\/vegaconsultants.no\/en\/jobbsoker\/ledige-stillinger\/prosjekt-ingenior-elektro-3003877\/\" \/>\n<meta property=\"og:locale\" content=\"en_GB\" \/>\n<meta property=\"og:type\" content=\"article\" \/>\n<meta property=\"og:title\" content=\"Prosjekt ingeni\u00f8r elektro - Vega Consultants\" \/>\n<meta property=\"og:description\" content=\"Vega Consultants AS Prosjekt ingeni\u00f8r elektro Tittel: Prosjektingeni\u00f8r &#8211; elektro Lokasjon: Kollsnes Varighet: ASAP &#8211; 30.10.25 Introduksjon P\u00e5 vegne av kunde s\u00f8ker vi en elektro prosjektingeni\u00f8r elektro til \u00e5 jobbe p\u00e5 et landanlegg innen olje og gass. Oppgaver og ansvarsomr\u00e5der Ansvarlig for tekniske leveranser innen fagomr\u00e5det, samt tildelte prosjektoppgaver i prosjektet.\u202f\u00a0 Sikre at selskapets krav [&hellip;]\" \/>\n<meta property=\"og:url\" content=\"https:\/\/vegaconsultants.no\/en\/jobbsoker\/ledige-stillinger\/prosjekt-ingenior-elektro-3003877\/\" \/>\n<meta property=\"og:site_name\" content=\"Vega Consultants\" \/>\n<meta name=\"twitter:card\" content=\"summary_large_image\" \/>\n<meta name=\"twitter:label1\" content=\"Estimated reading time\" \/>\n\t<meta name=\"twitter:data1\" content=\"1 minute\" \/>\n<script type=\"application\/ld+json\" class=\"yoast-schema-graph\">{\"@context\":\"https:\\\/\\\/schema.org\",\"@graph\":[{\"@type\":\"WebPage\",\"@id\":\"https:\\\/\\\/vegaconsultants.no\\\/jobbsoker\\\/ledige-stillinger\\\/prosjekt-ingenior-elektro-3003877\\\/\",\"url\":\"https:\\\/\\\/vegaconsultants.no\\\/jobbsoker\\\/ledige-stillinger\\\/prosjekt-ingenior-elektro-3003877\\\/\",\"name\":\"Prosjekt ingeni\u00f8r elektro - Vega Consultants\",\"isPartOf\":{\"@id\":\"https:\\\/\\\/vegaconsultants.no\\\/#website\"},\"datePublished\":\"2024-11-17T22:28:44+00:00\",\"breadcrumb\":{\"@id\":\"https:\\\/\\\/vegaconsultants.no\\\/jobbsoker\\\/ledige-stillinger\\\/prosjekt-ingenior-elektro-3003877\\\/#breadcrumb\"},\"inLanguage\":\"en-GB\",\"potentialAction\":[{\"@type\":\"ReadAction\",\"target\":[\"https:\\\/\\\/vegaconsultants.no\\\/jobbsoker\\\/ledige-stillinger\\\/prosjekt-ingenior-elektro-3003877\\\/\"]}]},{\"@type\":\"BreadcrumbList\",\"@id\":\"https:\\\/\\\/vegaconsultants.no\\\/jobbsoker\\\/ledige-stillinger\\\/prosjekt-ingenior-elektro-3003877\\\/#breadcrumb\",\"itemListElement\":[{\"@type\":\"ListItem\",\"position\":1,\"name\":\"Home\",\"item\":\"https:\\\/\\\/vegaconsultants.no\\\/\"},{\"@type\":\"ListItem\",\"position\":2,\"name\":\"Jobbs\u00f8ker\",\"item\":\"https:\\\/\\\/vegaconsultants.no\\\/jobbsoker\\\/\"},{\"@type\":\"ListItem\",\"position\":3,\"name\":\"Ledige stillinger\",\"item\":\"https:\\\/\\\/vegaconsultants.no\\\/jobbsoker\\\/ledige-stillinger\\\/\"},{\"@type\":\"ListItem\",\"position\":4,\"name\":\"Prosjekt ingeni\u00f8r elektro\"}]},{\"@type\":\"WebSite\",\"@id\":\"https:\\\/\\\/vegaconsultants.no\\\/#website\",\"url\":\"https:\\\/\\\/vegaconsultants.no\\\/\",\"name\":\"Vega Consultants\",\"description\":\"Rett person p\u00e5 rett plass\",\"potentialAction\":[{\"@type\":\"SearchAction\",\"target\":{\"@type\":\"EntryPoint\",\"urlTemplate\":\"https:\\\/\\\/vegaconsultants.no\\\/?s={search_term_string}\"},\"query-input\":{\"@type\":\"PropertyValueSpecification\",\"valueRequired\":true,\"valueName\":\"search_term_string\"}}],\"inLanguage\":\"en-GB\"}]}<\/script>\n<!-- \/ Yoast SEO plugin. -->","yoast_head_json":{"title":"Prosjekt ingeni\u00f8r elektro - Vega Consultants","robots":{"index":"index","follow":"follow","max-snippet":"max-snippet:-1","max-image-preview":"max-image-preview:large","max-video-preview":"max-video-preview:-1"},"canonical":"https:\/\/vegaconsultants.no\/en\/jobbsoker\/ledige-stillinger\/prosjekt-ingenior-elektro-3003877\/","og_locale":"en_GB","og_type":"article","og_title":"Prosjekt ingeni\u00f8r elektro - Vega Consultants","og_description":"Vega Consultants AS Prosjekt ingeni\u00f8r elektro Tittel: Prosjektingeni\u00f8r &#8211; elektro Lokasjon: Kollsnes Varighet: ASAP &#8211; 30.10.25 Introduksjon P\u00e5 vegne av kunde s\u00f8ker vi en elektro prosjektingeni\u00f8r elektro til \u00e5 jobbe p\u00e5 et landanlegg innen olje og gass. Oppgaver og ansvarsomr\u00e5der Ansvarlig for tekniske leveranser innen fagomr\u00e5det, samt tildelte prosjektoppgaver i prosjektet.\u202f\u00a0 Sikre at selskapets krav [&hellip;]","og_url":"https:\/\/vegaconsultants.no\/en\/jobbsoker\/ledige-stillinger\/prosjekt-ingenior-elektro-3003877\/","og_site_name":"Vega Consultants","twitter_card":"summary_large_image","twitter_misc":{"Estimated reading time":"1 minute"},"schema":{"@context":"https:\/\/schema.org","@graph":[{"@type":"WebPage","@id":"https:\/\/vegaconsultants.no\/jobbsoker\/ledige-stillinger\/prosjekt-ingenior-elektro-3003877\/","url":"https:\/\/vegaconsultants.no\/jobbsoker\/ledige-stillinger\/prosjekt-ingenior-elektro-3003877\/","name":"Prosjekt ingeni\u00f8r elektro - Vega Consultants","isPartOf":{"@id":"https:\/\/vegaconsultants.no\/#website"},"datePublished":"2024-11-17T22:28:44+00:00","breadcrumb":{"@id":"https:\/\/vegaconsultants.no\/jobbsoker\/ledige-stillinger\/prosjekt-ingenior-elektro-3003877\/#breadcrumb"},"inLanguage":"en-GB","potentialAction":[{"@type":"ReadAction","target":["https:\/\/vegaconsultants.no\/jobbsoker\/ledige-stillinger\/prosjekt-ingenior-elektro-3003877\/"]}]},{"@type":"BreadcrumbList","@id":"https:\/\/vegaconsultants.no\/jobbsoker\/ledige-stillinger\/prosjekt-ingenior-elektro-3003877\/#breadcrumb","itemListElement":[{"@type":"ListItem","position":1,"name":"Home","item":"https:\/\/vegaconsultants.no\/"},{"@type":"ListItem","position":2,"name":"Jobbs\u00f8ker","item":"https:\/\/vegaconsultants.no\/jobbsoker\/"},{"@type":"ListItem","position":3,"name":"Ledige stillinger","item":"https:\/\/vegaconsultants.no\/jobbsoker\/ledige-stillinger\/"},{"@type":"ListItem","position":4,"name":"Prosjekt ingeni\u00f8r elektro"}]},{"@type":"WebSite","@id":"https:\/\/vegaconsultants.no\/#website","url":"https:\/\/vegaconsultants.no\/","name":"Vega Consultants","description":"The right person for the right job","potentialAction":[{"@type":"SearchAction","target":{"@type":"EntryPoint","urlTemplate":"https:\/\/vegaconsultants.no\/?s={search_term_string}"},"query-input":{"@type":"PropertyValueSpecification","valueRequired":true,"valueName":"search_term_string"}}],"inLanguage":"en-GB"}]}},"_links":{"self":[{"href":"https:\/\/vegaconsultants.no\/en\/wp-json\/wp\/v2\/pages\/21413","targetHints":{"allow":["GET"]}}],"collection":[{"href":"https:\/\/vegaconsultants.no\/en\/wp-json\/wp\/v2\/pages"}],"about":[{"href":"https:\/\/vegaconsultants.no\/en\/wp-json\/wp\/v2\/types\/page"}],"author":[{"embeddable":true,"href":"https:\/\/vegaconsultants.no\/en\/wp-json\/wp\/v2\/users\/1"}],"replies":[{"embeddable":true,"href":"https:\/\/vegaconsultants.no\/en\/wp-json\/wp\/v2\/comments?post=21413"}],"version-history":[{"count":0,"href":"https:\/\/vegaconsultants.no\/en\/wp-json\/wp\/v2\/pages\/21413\/revisions"}],"up":[{"embeddable":true,"href":"https:\/\/vegaconsultants.no\/en\/wp-json\/wp\/v2\/pages\/4051"}],"wp:attachment":[{"href":"https:\/\/vegaconsultants.no\/en\/wp-json\/wp\/v2\/media?parent=21413"}],"curies":[{"name":"wp","href":"https:\/\/api.w.org\/{rel}","templated":true}]}}