{"id":21415,"date":"2024-11-10T23:12:28","date_gmt":"2024-11-10T22:12:28","guid":{"rendered":"https:\/\/vegaconsultants.no\/jobbsoker\/ledige-stillinger\/strategisk-innkjoper-3003879\/"},"modified":"2024-11-10T23:12:28","modified_gmt":"2024-11-10T22:12:28","slug":"strategisk-innkjoper-3003879","status":"publish","type":"page","link":"https:\/\/vegaconsultants.no\/en\/jobbsoker\/ledige-stillinger\/strategisk-innkjoper-3003879\/","title":{"rendered":"Strategic Buyer"},"content":{"rendered":"<div class='vacancy-detail'>\n<div class='bold'>Vega Consultants AS<\/div>\n<div class='bold'>Strategic Buyer<\/div>\n<div class='vacancy-body'>\n<h3>Introduction<\/h3>\n<p>P\u00e5 vegne av kunde, s\u00f8ker vi en strategisk innkj\u00f8per\/kontraktsleder til \u00e5 lede strategiske innkj\u00f8psaktiviteter innen utstyr, modifikasjon og vedlikehold. Du vil sitte i et internasjonalt team som h\u00e5ndterer en rekke ulike kontrakter.\u00a0<\/p>\n<h3>Work tasks<\/h3>\n<p>In your daily work, you will work on a variety of tasks, including:\u00a0<\/p>\n<ul>\n<li>Establish purchasing strategy in line with business needs and relevant category strategy<\/li>\n<li>Prepare evaluation procedures<\/li>\n<li>Plan and execute negotiations with suppliers and third parties<\/li>\n<li>Assist with the preparation and follow-up of a risk-based follow-up plan, which supports strategic goals.\u00a0<\/li>\n<li>Ensure understanding of the agreement\/contract and correct compliance with it.\u00a0<\/li>\n<li>Ensure proper execution of contract provisions\u00a0<\/li>\n<li>Collaboration with internal and external partners\/customers<\/li>\n<li>Stakeholder management<\/li>\n<li>Initiate and implement improvement processes\u00a0<\/li>\n<\/ul>\n<p><\/p>\n<h3>Competence and experience requirements<\/h3>\n<p>This is a heavy specialist position that requires:<\/p>\n<ul>\n<li>Master&#039;s degree in a relevant subject and 10 years of experience OR Bachelor&#039;s degree and 14 years of experience in oil and gas contract management\/procurement.\u00a0<\/li>\n<\/ul>\n<p>In addition, you have:\u00a0<\/p>\n<ul>\n<li>Great interest in commercial aspects, and has high integrity.\u00a0<\/li>\n<li>You have good communication skills and are fluent in Norwegian and English.\u00a0<\/li>\n<li>You are willing to learn and want to contribute to improvements<\/li>\n<li>Experience using Contiki and\/or SAP is advantageous.\u00a0<\/li>\n<\/ul>\n<p><\/p>\n<p>Dette er et 1-\u00e5rig oppdrag med mulighet for forlengelse, og kunden \u00f8nsker snarlig oppstart.\u00a0<\/p>\n<p><\/p>\n<h3>Interested?\u00a0<\/h3>\n<p>If this sounds like something you would like to join, send us your CV today. Candidates will be considered on an ongoing basis. For questions regarding the position, please contact Leah at 413 32 939.\u00a0<\/p>\n<p>\n<\/div>\n<div class='vega-button'><span><a href='https:\/\/secure.webtemp.no\/WebtempCVPortal\/startsession.aspx?page=stillingsingle&amp;k=169&amp;id_utleie=3003879'>More info\/search here<\/a><\/span><\/div>\n<p><\/p>\n<hr>\n<div>\n<h4>REFNR<\/h4>\n<p>402787<\/p><\/div>\n<div>\n<h4>POSITION TYPE<\/h4>\n<p>Full-time<br \/>Temporary position\/engagement<\/div>\n<div>\n<h4>APPLICATION DEADLINE<\/h4>\n<p>Candidates will be assessed on an ongoing basis.<\/p><\/div>\n<div class='vacancy-consultant'>\n<h4>CONTACT PERSON(S)<\/h4>\n<div>Leah Jespersen<\/div>\n<div>41 33 29 39<\/div>\n<div>leah.jespersen@vegaconsultants.no<\/div>\n<\/div>\n<\/div>","protected":false},"excerpt":{"rendered":"<p>Vega Consultants AS Strategisk Innkj\u00f8per Introduksjon P\u00e5 vegne av kunde, s\u00f8ker vi en strategisk innkj\u00f8per\/kontraktsleder til \u00e5 lede strategiske innkj\u00f8psaktiviteter innen utstyr, modifikasjon og vedlikehold. Du vil sitte i et internasjonalt team som h\u00e5ndterer en rekke ulike kontrakter.\u00a0 Arbeidsoppgaver I ditt daglige arbeid, vil du jobbe med en rekke arbeidsoppgaver, inkludert:\u00a0 Etablere innkj\u00f8psstrategi i tr\u00e5d [&hellip;]<\/p>\n","protected":false},"author":1,"featured_media":0,"parent":4051,"menu_order":0,"comment_status":"closed","ping_status":"closed","template":"","meta":{"_et_pb_use_builder":"","_et_pb_old_content":"","_et_gb_content_width":"","footnotes":""},"class_list":["post-21415","page","type-page","status-publish","hentry"],"yoast_head":"<!-- This site is optimized with the Yoast SEO plugin v27.4 - https:\/\/yoast.com\/product\/yoast-seo-wordpress\/ -->\n<title>Strategisk Innkj\u00f8per - Vega Consultants<\/title>\n<meta name=\"robots\" content=\"index, follow, max-snippet:-1, max-image-preview:large, max-video-preview:-1\" \/>\n<link rel=\"canonical\" href=\"https:\/\/vegaconsultants.no\/en\/jobbsoker\/ledige-stillinger\/strategisk-innkjoper-3003879\/\" \/>\n<meta property=\"og:locale\" content=\"en_GB\" \/>\n<meta property=\"og:type\" content=\"article\" \/>\n<meta property=\"og:title\" content=\"Strategisk Innkj\u00f8per - Vega Consultants\" \/>\n<meta property=\"og:description\" content=\"Vega Consultants AS Strategisk Innkj\u00f8per Introduksjon P\u00e5 vegne av kunde, s\u00f8ker vi en strategisk innkj\u00f8per\/kontraktsleder til \u00e5 lede strategiske innkj\u00f8psaktiviteter innen utstyr, modifikasjon og vedlikehold. Du vil sitte i et internasjonalt team som h\u00e5ndterer en rekke ulike kontrakter.\u00a0 Arbeidsoppgaver I ditt daglige arbeid, vil du jobbe med en rekke arbeidsoppgaver, inkludert:\u00a0 Etablere innkj\u00f8psstrategi i tr\u00e5d [&hellip;]\" \/>\n<meta property=\"og:url\" content=\"https:\/\/vegaconsultants.no\/en\/jobbsoker\/ledige-stillinger\/strategisk-innkjoper-3003879\/\" \/>\n<meta property=\"og:site_name\" content=\"Vega Consultants\" \/>\n<meta name=\"twitter:card\" content=\"summary_large_image\" \/>\n<meta name=\"twitter:label1\" content=\"Estimated reading time\" \/>\n\t<meta name=\"twitter:data1\" content=\"1 minute\" \/>\n<script type=\"application\/ld+json\" class=\"yoast-schema-graph\">{\"@context\":\"https:\\\/\\\/schema.org\",\"@graph\":[{\"@type\":\"WebPage\",\"@id\":\"https:\\\/\\\/vegaconsultants.no\\\/jobbsoker\\\/ledige-stillinger\\\/strategisk-innkjoper-3003879\\\/\",\"url\":\"https:\\\/\\\/vegaconsultants.no\\\/jobbsoker\\\/ledige-stillinger\\\/strategisk-innkjoper-3003879\\\/\",\"name\":\"Strategisk Innkj\u00f8per - Vega Consultants\",\"isPartOf\":{\"@id\":\"https:\\\/\\\/vegaconsultants.no\\\/#website\"},\"datePublished\":\"2024-11-10T22:12:28+00:00\",\"breadcrumb\":{\"@id\":\"https:\\\/\\\/vegaconsultants.no\\\/jobbsoker\\\/ledige-stillinger\\\/strategisk-innkjoper-3003879\\\/#breadcrumb\"},\"inLanguage\":\"en-GB\",\"potentialAction\":[{\"@type\":\"ReadAction\",\"target\":[\"https:\\\/\\\/vegaconsultants.no\\\/jobbsoker\\\/ledige-stillinger\\\/strategisk-innkjoper-3003879\\\/\"]}]},{\"@type\":\"BreadcrumbList\",\"@id\":\"https:\\\/\\\/vegaconsultants.no\\\/jobbsoker\\\/ledige-stillinger\\\/strategisk-innkjoper-3003879\\\/#breadcrumb\",\"itemListElement\":[{\"@type\":\"ListItem\",\"position\":1,\"name\":\"Home\",\"item\":\"https:\\\/\\\/vegaconsultants.no\\\/\"},{\"@type\":\"ListItem\",\"position\":2,\"name\":\"Jobbs\u00f8ker\",\"item\":\"https:\\\/\\\/vegaconsultants.no\\\/jobbsoker\\\/\"},{\"@type\":\"ListItem\",\"position\":3,\"name\":\"Ledige stillinger\",\"item\":\"https:\\\/\\\/vegaconsultants.no\\\/jobbsoker\\\/ledige-stillinger\\\/\"},{\"@type\":\"ListItem\",\"position\":4,\"name\":\"Strategisk Innkj\u00f8per\"}]},{\"@type\":\"WebSite\",\"@id\":\"https:\\\/\\\/vegaconsultants.no\\\/#website\",\"url\":\"https:\\\/\\\/vegaconsultants.no\\\/\",\"name\":\"Vega Consultants\",\"description\":\"Rett person p\u00e5 rett plass\",\"potentialAction\":[{\"@type\":\"SearchAction\",\"target\":{\"@type\":\"EntryPoint\",\"urlTemplate\":\"https:\\\/\\\/vegaconsultants.no\\\/?s={search_term_string}\"},\"query-input\":{\"@type\":\"PropertyValueSpecification\",\"valueRequired\":true,\"valueName\":\"search_term_string\"}}],\"inLanguage\":\"en-GB\"}]}<\/script>\n<!-- \/ Yoast SEO plugin. -->","yoast_head_json":{"title":"Strategisk Innkj\u00f8per - Vega Consultants","robots":{"index":"index","follow":"follow","max-snippet":"max-snippet:-1","max-image-preview":"max-image-preview:large","max-video-preview":"max-video-preview:-1"},"canonical":"https:\/\/vegaconsultants.no\/en\/jobbsoker\/ledige-stillinger\/strategisk-innkjoper-3003879\/","og_locale":"en_GB","og_type":"article","og_title":"Strategisk Innkj\u00f8per - Vega Consultants","og_description":"Vega Consultants AS Strategisk Innkj\u00f8per Introduksjon P\u00e5 vegne av kunde, s\u00f8ker vi en strategisk innkj\u00f8per\/kontraktsleder til \u00e5 lede strategiske innkj\u00f8psaktiviteter innen utstyr, modifikasjon og vedlikehold. Du vil sitte i et internasjonalt team som h\u00e5ndterer en rekke ulike kontrakter.\u00a0 Arbeidsoppgaver I ditt daglige arbeid, vil du jobbe med en rekke arbeidsoppgaver, inkludert:\u00a0 Etablere innkj\u00f8psstrategi i tr\u00e5d [&hellip;]","og_url":"https:\/\/vegaconsultants.no\/en\/jobbsoker\/ledige-stillinger\/strategisk-innkjoper-3003879\/","og_site_name":"Vega Consultants","twitter_card":"summary_large_image","twitter_misc":{"Estimated reading time":"1 minute"},"schema":{"@context":"https:\/\/schema.org","@graph":[{"@type":"WebPage","@id":"https:\/\/vegaconsultants.no\/jobbsoker\/ledige-stillinger\/strategisk-innkjoper-3003879\/","url":"https:\/\/vegaconsultants.no\/jobbsoker\/ledige-stillinger\/strategisk-innkjoper-3003879\/","name":"Strategisk Innkj\u00f8per - Vega Consultants","isPartOf":{"@id":"https:\/\/vegaconsultants.no\/#website"},"datePublished":"2024-11-10T22:12:28+00:00","breadcrumb":{"@id":"https:\/\/vegaconsultants.no\/jobbsoker\/ledige-stillinger\/strategisk-innkjoper-3003879\/#breadcrumb"},"inLanguage":"en-GB","potentialAction":[{"@type":"ReadAction","target":["https:\/\/vegaconsultants.no\/jobbsoker\/ledige-stillinger\/strategisk-innkjoper-3003879\/"]}]},{"@type":"BreadcrumbList","@id":"https:\/\/vegaconsultants.no\/jobbsoker\/ledige-stillinger\/strategisk-innkjoper-3003879\/#breadcrumb","itemListElement":[{"@type":"ListItem","position":1,"name":"Home","item":"https:\/\/vegaconsultants.no\/"},{"@type":"ListItem","position":2,"name":"Jobbs\u00f8ker","item":"https:\/\/vegaconsultants.no\/jobbsoker\/"},{"@type":"ListItem","position":3,"name":"Ledige stillinger","item":"https:\/\/vegaconsultants.no\/jobbsoker\/ledige-stillinger\/"},{"@type":"ListItem","position":4,"name":"Strategisk Innkj\u00f8per"}]},{"@type":"WebSite","@id":"https:\/\/vegaconsultants.no\/#website","url":"https:\/\/vegaconsultants.no\/","name":"Vega Consultants","description":"The right person for the right job","potentialAction":[{"@type":"SearchAction","target":{"@type":"EntryPoint","urlTemplate":"https:\/\/vegaconsultants.no\/?s={search_term_string}"},"query-input":{"@type":"PropertyValueSpecification","valueRequired":true,"valueName":"search_term_string"}}],"inLanguage":"en-GB"}]}},"_links":{"self":[{"href":"https:\/\/vegaconsultants.no\/en\/wp-json\/wp\/v2\/pages\/21415","targetHints":{"allow":["GET"]}}],"collection":[{"href":"https:\/\/vegaconsultants.no\/en\/wp-json\/wp\/v2\/pages"}],"about":[{"href":"https:\/\/vegaconsultants.no\/en\/wp-json\/wp\/v2\/types\/page"}],"author":[{"embeddable":true,"href":"https:\/\/vegaconsultants.no\/en\/wp-json\/wp\/v2\/users\/1"}],"replies":[{"embeddable":true,"href":"https:\/\/vegaconsultants.no\/en\/wp-json\/wp\/v2\/comments?post=21415"}],"version-history":[{"count":0,"href":"https:\/\/vegaconsultants.no\/en\/wp-json\/wp\/v2\/pages\/21415\/revisions"}],"up":[{"embeddable":true,"href":"https:\/\/vegaconsultants.no\/en\/wp-json\/wp\/v2\/pages\/4051"}],"wp:attachment":[{"href":"https:\/\/vegaconsultants.no\/en\/wp-json\/wp\/v2\/media?parent=21415"}],"curies":[{"name":"wp","href":"https:\/\/api.w.org\/{rel}","templated":true}]}}