{"id":21427,"date":"2024-12-31T23:14:23","date_gmt":"2024-12-31T22:14:23","guid":{"rendered":"https:\/\/vegaconsultants.no\/jobbsoker\/ledige-stillinger\/senior-project-completion-engineer-commissioning-3003893\/"},"modified":"2024-12-31T23:14:23","modified_gmt":"2024-12-31T22:14:23","slug":"senior-project-completion-engineer-commissioning-3003893","status":"publish","type":"page","link":"https:\/\/vegaconsultants.no\/en\/jobbsoker\/ledige-stillinger\/senior-project-completion-engineer-commissioning-3003893\/","title":{"rendered":"Senior Project Completion Engineer &#8211; Commissioning"},"content":{"rendered":"<div class='vacancy-detail'>\n<div class='bold'>Vega Consultants AS<\/div>\n<div class='bold'>Senior Project Completion Engineer &#8211; Commissioning<\/div>\n<div class='vacancy-body'>\n<p><strong>Duration<\/strong>: 01.01.2025 &#8211; 01.01.2027<\/p>\n<p><strong>Location:<\/strong> Stavanger<\/p>\n<p><em>As a team member of the commissioning team contribute to deliver the project according to plan and cost and assist in ensuring the Project Team deliver in accordance with client and project mandate given by the Asset Management Team.<\/em><\/p>\n<p><em>The Commissioning Engineer Process and Utilities is responsible for the planning, execution and supervision of Completion and Commissioning activities for designated systems related to the delivery and integration.<\/em><\/p>\n<p><\/p>\n<h3><strong>Role, responsibilities and tasks:<\/strong><\/h3>\n<ul>\n<li>Commissioning planning input, direction, guidance and supervision of commissioning activities<\/li>\n<li>Provide input to the commissioning schedule<\/li>\n<li>Establish commissioning procedures<\/li>\n<li>Commissioning scoping in PIMS PES (WO&#8217;s)<\/li>\n<li>Link scope of work to required commissioning check lists<\/li>\n<li>Identify commissioning spares, temporaries, and first fill needs<\/li>\n<li>Identify commissioning assistance from suppliers, contractors &amp; operation<\/li>\n<li>Participate in FAT\/EFAT at contractors<\/li>\n<li>Participate in relevant ITP activities<\/li>\n<li>Participate in punch out and handover from Construction (RFCC)<\/li>\n<li>Prepare and participate in livening up of systems<\/li>\n<li>Lead and perform commissioning activities (offshore)<\/li>\n<li>Perform first fill of required systems<\/li>\n<li>Participate in handover to Operation (RFOC)<\/li>\n<li>Support project closeout<\/li>\n<\/ul>\n<p><\/p>\n<h3><strong>Experience, qualifications and abilities<\/strong><\/h3>\n<ul>\n<li>BSc. Or MSc in Engineering or a related field or equivalent education \/ experience.<\/li>\n<li>Minimum 10 years of relevant experience within process and utilities<\/li>\n<li>Experience from NORSOK projects.<\/li>\n<li>System-based commissioning knowledge and understanding<\/li>\n<li>Familiarity with Project Completions Systems and document management systems.<\/li>\n<li>Familiar with PIMS CMS and PIMS PES (recommended)<\/li>\n<li>Self-motivated with a willingness to learn from others and work with minimum direction.<\/li>\n<li>Strong problem-solving skills, communication skills and the ability to work well within a team<\/li>\n<li>Actively seeks out expertise and best practice, related to own area of contribution.<\/li>\n<li>Willingly takes the lead when challenges arise.<\/li>\n<li>Actively promotes open and effective communication.<\/li>\n<li>Strong planning and organizing ability.<\/li>\n<li>Builds networks to enhance effectiveness and share knowledge.<\/li>\n<li>Looks for ways to do things better, faster, more efficiently according to LEAN principles.<\/li>\n<li>Focuses effort and prioritizes work to deliver business value.<\/li>\n<li>Good knowledge of the English and Norwegian languages (both written and verbal).<\/li>\n<\/ul>\n<p><\/p>\n<p>This position is fully mobile with base location onshore office Stavanger.<\/p>\n<p><\/p>\n<h3><\/h3>\n<p>Syns du dette h\u00f8res som noe for deg? Ta kontakt med Sarah p\u00e5 Sarah.svabo@vegaconsultants.no for \u00e5 h\u00f8re hva vi kan tilby!<\/p>\n<\/div>\n<div class='vega-button'><span><a href='https:\/\/secure.webtemp.no\/WebtempCVPortal\/startsession.aspx?page=stillingsingle&amp;k=169&amp;id_utleie=3003893'>Mer info\/s\u00f8k her<\/a><\/span><\/div>\n<p><\/p>\n<hr>\n<div>\n<h4>REFNR<\/h4>\n<p>402800<\/p><\/div>\n<div>\n<h4>STILLINGSTYPE<\/h4>\n<p>Heltid<br \/>Vikariat\/engasjement<\/div>\n<div>\n<h4>S\u00d8KNADSFRIST<\/h4>\n<p>Asap<\/p><\/div>\n<div class='vacancy-consultant'>\n<h4>KONTAKTPERSON(ER)<\/h4>\n<div>Sarah Svab\u00f8<\/div>\n<div>45 68 08 50<\/div>\n<div>sarah.svabo@vegaconsultants.no<\/div>\n<\/div>\n<\/div>","protected":false},"excerpt":{"rendered":"<p>Vega Consultants AS Senior Project Completion Engineer &#8211; Commissioning Duration: 01.01.2025 &#8211; 01.01.2027 Location: Stavanger As a team member of the commissioning team contribute to deliver the project according to plan and cost and assist in ensuring the Project Team deliver in accordance with client and project mandate given by the Asset Management Team. The [&hellip;]<\/p>\n","protected":false},"author":1,"featured_media":0,"parent":4051,"menu_order":0,"comment_status":"closed","ping_status":"closed","template":"","meta":{"_et_pb_use_builder":"","_et_pb_old_content":"","_et_gb_content_width":"","footnotes":""},"class_list":["post-21427","page","type-page","status-publish","hentry"],"yoast_head":"<!-- This site is optimized with the Yoast SEO plugin v27.3 - https:\/\/yoast.com\/product\/yoast-seo-wordpress\/ -->\n<title>Senior Project Completion Engineer - Commissioning - Vega Consultants<\/title>\n<meta name=\"robots\" content=\"index, follow, max-snippet:-1, max-image-preview:large, max-video-preview:-1\" \/>\n<link rel=\"canonical\" href=\"https:\/\/vegaconsultants.no\/en\/jobbsoker\/ledige-stillinger\/senior-project-completion-engineer-commissioning-3003893\/\" \/>\n<meta property=\"og:locale\" content=\"en_GB\" \/>\n<meta property=\"og:type\" content=\"article\" \/>\n<meta property=\"og:title\" content=\"Senior Project Completion Engineer - Commissioning - Vega Consultants\" \/>\n<meta property=\"og:description\" content=\"Vega Consultants AS Senior Project Completion Engineer &#8211; Commissioning Duration: 01.01.2025 &#8211; 01.01.2027 Location: Stavanger As a team member of the commissioning team contribute to deliver the project according to plan and cost and assist in ensuring the Project Team deliver in accordance with client and project mandate given by the Asset Management Team. The [&hellip;]\" \/>\n<meta property=\"og:url\" content=\"https:\/\/vegaconsultants.no\/en\/jobbsoker\/ledige-stillinger\/senior-project-completion-engineer-commissioning-3003893\/\" \/>\n<meta property=\"og:site_name\" content=\"Vega Consultants\" \/>\n<meta name=\"twitter:card\" content=\"summary_large_image\" \/>\n<meta name=\"twitter:label1\" content=\"Estimated reading time\" \/>\n\t<meta name=\"twitter:data1\" content=\"2 minutes\" \/>\n<script type=\"application\/ld+json\" class=\"yoast-schema-graph\">{\"@context\":\"https:\\\/\\\/schema.org\",\"@graph\":[{\"@type\":\"WebPage\",\"@id\":\"https:\\\/\\\/vegaconsultants.no\\\/jobbsoker\\\/ledige-stillinger\\\/senior-project-completion-engineer-commissioning-3003893\\\/\",\"url\":\"https:\\\/\\\/vegaconsultants.no\\\/jobbsoker\\\/ledige-stillinger\\\/senior-project-completion-engineer-commissioning-3003893\\\/\",\"name\":\"Senior Project Completion Engineer - Commissioning - Vega Consultants\",\"isPartOf\":{\"@id\":\"https:\\\/\\\/vegaconsultants.no\\\/#website\"},\"datePublished\":\"2024-12-31T22:14:23+00:00\",\"breadcrumb\":{\"@id\":\"https:\\\/\\\/vegaconsultants.no\\\/jobbsoker\\\/ledige-stillinger\\\/senior-project-completion-engineer-commissioning-3003893\\\/#breadcrumb\"},\"inLanguage\":\"en-GB\",\"potentialAction\":[{\"@type\":\"ReadAction\",\"target\":[\"https:\\\/\\\/vegaconsultants.no\\\/jobbsoker\\\/ledige-stillinger\\\/senior-project-completion-engineer-commissioning-3003893\\\/\"]}]},{\"@type\":\"BreadcrumbList\",\"@id\":\"https:\\\/\\\/vegaconsultants.no\\\/jobbsoker\\\/ledige-stillinger\\\/senior-project-completion-engineer-commissioning-3003893\\\/#breadcrumb\",\"itemListElement\":[{\"@type\":\"ListItem\",\"position\":1,\"name\":\"Home\",\"item\":\"https:\\\/\\\/vegaconsultants.no\\\/\"},{\"@type\":\"ListItem\",\"position\":2,\"name\":\"Jobbs\u00f8ker\",\"item\":\"https:\\\/\\\/vegaconsultants.no\\\/jobbsoker\\\/\"},{\"@type\":\"ListItem\",\"position\":3,\"name\":\"Ledige stillinger\",\"item\":\"https:\\\/\\\/vegaconsultants.no\\\/jobbsoker\\\/ledige-stillinger\\\/\"},{\"@type\":\"ListItem\",\"position\":4,\"name\":\"Senior Project Completion Engineer &#8211; Commissioning\"}]},{\"@type\":\"WebSite\",\"@id\":\"https:\\\/\\\/vegaconsultants.no\\\/#website\",\"url\":\"https:\\\/\\\/vegaconsultants.no\\\/\",\"name\":\"Vega Consultants\",\"description\":\"Rett person p\u00e5 rett plass\",\"potentialAction\":[{\"@type\":\"SearchAction\",\"target\":{\"@type\":\"EntryPoint\",\"urlTemplate\":\"https:\\\/\\\/vegaconsultants.no\\\/?s={search_term_string}\"},\"query-input\":{\"@type\":\"PropertyValueSpecification\",\"valueRequired\":true,\"valueName\":\"search_term_string\"}}],\"inLanguage\":\"en-GB\"}]}<\/script>\n<!-- \/ Yoast SEO plugin. -->","yoast_head_json":{"title":"Senior Project Completion Engineer - Commissioning - Vega Consultants","robots":{"index":"index","follow":"follow","max-snippet":"max-snippet:-1","max-image-preview":"max-image-preview:large","max-video-preview":"max-video-preview:-1"},"canonical":"https:\/\/vegaconsultants.no\/en\/jobbsoker\/ledige-stillinger\/senior-project-completion-engineer-commissioning-3003893\/","og_locale":"en_GB","og_type":"article","og_title":"Senior Project Completion Engineer - Commissioning - Vega Consultants","og_description":"Vega Consultants AS Senior Project Completion Engineer &#8211; Commissioning Duration: 01.01.2025 &#8211; 01.01.2027 Location: Stavanger As a team member of the commissioning team contribute to deliver the project according to plan and cost and assist in ensuring the Project Team deliver in accordance with client and project mandate given by the Asset Management Team. The [&hellip;]","og_url":"https:\/\/vegaconsultants.no\/en\/jobbsoker\/ledige-stillinger\/senior-project-completion-engineer-commissioning-3003893\/","og_site_name":"Vega Consultants","twitter_card":"summary_large_image","twitter_misc":{"Estimated reading time":"2 minutes"},"schema":{"@context":"https:\/\/schema.org","@graph":[{"@type":"WebPage","@id":"https:\/\/vegaconsultants.no\/jobbsoker\/ledige-stillinger\/senior-project-completion-engineer-commissioning-3003893\/","url":"https:\/\/vegaconsultants.no\/jobbsoker\/ledige-stillinger\/senior-project-completion-engineer-commissioning-3003893\/","name":"Senior Project Completion Engineer - Commissioning - Vega Consultants","isPartOf":{"@id":"https:\/\/vegaconsultants.no\/#website"},"datePublished":"2024-12-31T22:14:23+00:00","breadcrumb":{"@id":"https:\/\/vegaconsultants.no\/jobbsoker\/ledige-stillinger\/senior-project-completion-engineer-commissioning-3003893\/#breadcrumb"},"inLanguage":"en-GB","potentialAction":[{"@type":"ReadAction","target":["https:\/\/vegaconsultants.no\/jobbsoker\/ledige-stillinger\/senior-project-completion-engineer-commissioning-3003893\/"]}]},{"@type":"BreadcrumbList","@id":"https:\/\/vegaconsultants.no\/jobbsoker\/ledige-stillinger\/senior-project-completion-engineer-commissioning-3003893\/#breadcrumb","itemListElement":[{"@type":"ListItem","position":1,"name":"Home","item":"https:\/\/vegaconsultants.no\/"},{"@type":"ListItem","position":2,"name":"Jobbs\u00f8ker","item":"https:\/\/vegaconsultants.no\/jobbsoker\/"},{"@type":"ListItem","position":3,"name":"Ledige stillinger","item":"https:\/\/vegaconsultants.no\/jobbsoker\/ledige-stillinger\/"},{"@type":"ListItem","position":4,"name":"Senior Project Completion Engineer &#8211; Commissioning"}]},{"@type":"WebSite","@id":"https:\/\/vegaconsultants.no\/#website","url":"https:\/\/vegaconsultants.no\/","name":"Vega Consultants","description":"The right person for the right job","potentialAction":[{"@type":"SearchAction","target":{"@type":"EntryPoint","urlTemplate":"https:\/\/vegaconsultants.no\/?s={search_term_string}"},"query-input":{"@type":"PropertyValueSpecification","valueRequired":true,"valueName":"search_term_string"}}],"inLanguage":"en-GB"}]}},"_links":{"self":[{"href":"https:\/\/vegaconsultants.no\/en\/wp-json\/wp\/v2\/pages\/21427","targetHints":{"allow":["GET"]}}],"collection":[{"href":"https:\/\/vegaconsultants.no\/en\/wp-json\/wp\/v2\/pages"}],"about":[{"href":"https:\/\/vegaconsultants.no\/en\/wp-json\/wp\/v2\/types\/page"}],"author":[{"embeddable":true,"href":"https:\/\/vegaconsultants.no\/en\/wp-json\/wp\/v2\/users\/1"}],"replies":[{"embeddable":true,"href":"https:\/\/vegaconsultants.no\/en\/wp-json\/wp\/v2\/comments?post=21427"}],"version-history":[{"count":0,"href":"https:\/\/vegaconsultants.no\/en\/wp-json\/wp\/v2\/pages\/21427\/revisions"}],"up":[{"embeddable":true,"href":"https:\/\/vegaconsultants.no\/en\/wp-json\/wp\/v2\/pages\/4051"}],"wp:attachment":[{"href":"https:\/\/vegaconsultants.no\/en\/wp-json\/wp\/v2\/media?parent=21427"}],"curies":[{"name":"wp","href":"https:\/\/api.w.org\/{rel}","templated":true}]}}