{"id":21444,"date":"2024-12-31T23:14:27","date_gmt":"2024-12-31T22:14:27","guid":{"rendered":"https:\/\/vegaconsultants.no\/jobbsoker\/ledige-stillinger\/prosjektleder-3003914\/"},"modified":"2024-12-31T23:14:27","modified_gmt":"2024-12-31T22:14:27","slug":"prosjektleder-3003914","status":"publish","type":"page","link":"https:\/\/vegaconsultants.no\/en\/jobbsoker\/ledige-stillinger\/prosjektleder-3003914\/","title":{"rendered":"Project manager"},"content":{"rendered":"<div class='vacancy-detail'>\n<div class='bold'>Vega Consultants AS<\/div>\n<div class='bold'>Project manager<\/div>\n<div class='vacancy-body'>\n<p><strong>Place:<\/strong> M\u00f8re og Romsdal &#8211; Tjeldbergodden<\/p>\n<p><strong>Period:<\/strong> 05.01.2025-18.12.2025<\/p>\n<h3><strong>Work tasks <\/strong><\/h3>\n<ul>\n<li>Overordnet ansvarlig for alle leveranser inkludert HMS i prosjektet\u00a0<\/li>\n<li>Ansvarlig for kost, scope og planstyring.\u00a0<\/li>\n<li>Ansvarlig for kvalitet i studierapporter og beslutningsunderlag.\u00a0<\/li>\n<li>Ansvarlig for \u00e5 bygge og vedlikeholde velfungerende prosjektteam og sikre l\u00e6ring og erfarings overf\u00f8ring.\u00a0<\/li>\n<li>Ansvarlig for- og oppf\u00f8lging av risikostyring.\u00a0<\/li>\n<li>Ansvarlig for rapportering og strategivalg (anskaffelses plan).\u00a0<\/li>\n<li>Ansvarlig for stakeholder management.\u00a0<\/li>\n<li>Ansvarlig for produksjon, installasjon, ferdigstillelse og oppl\u00e6ring.\u00a0<\/li>\n<li>Ansvarlig for oppf\u00f8lging av kontrakt\u00f8rer.\u00a0<\/li>\n<li>Ansvarlig p\u00e5driver for etablering og oppf\u00f8lging av kvalitetsavvik.\u00a0<\/li>\n<li>Ansvarlig for endringsh\u00e5ndtering under installasjon.\u00a0<\/li>\n<li>Ansvarlig for varemottak og logistikk\/materiell p\u00e5 site.<\/li>\n<\/ul>\n<h3><strong>Competence <\/strong><\/h3>\n<ul>\n<li>En ressurs med gode kommunikasjon&#8217;s og administrative evner med prosjektleder erfaring, Helst innenfor olje og Gass industrien.\u00a0<\/li>\n<li>Det vil v\u00e6re \u00f8nskelig med Teknisk bakgrunn p\u00e5 ingeni\u00f8r niv\u00e5.\u00a0<\/li>\n<li>Kunne kommunisere p\u00e5 b\u00e5de Norsk og Engelsk.<\/li>\n<\/ul>\n<p><\/p>\n<h3><\/h3>\n<p>Does this sound like something for you? Contact Sarah at Sarah.svabo@vegaconsultants.no to hear what we can offer!<\/p>\n<\/div>\n<div class='vega-button'><span><a href='https:\/\/secure.webtemp.no\/WebtempCVPortal\/startsession.aspx?page=stillingsingle&amp;k=169&amp;id_utleie=3003914'>More info\/search here<\/a><\/span><\/div>\n<p><\/p>\n<hr>\n<div>\n<h4>REFNR<\/h4>\n<p>402819<\/p><\/div>\n<div>\n<h4>POSITION TYPE<\/h4>\n<p>Full-time<br \/>Temporary position\/engagement<\/div>\n<div>\n<h4>APPLICATION DEADLINE<\/h4>\n<p>Asap<\/p><\/div>\n<div class='vacancy-consultant'>\n<h4>CONTACT PERSON(S)<\/h4>\n<div>Sarah Svab\u00f8<\/div>\n<div>45 68 08 50<\/div>\n<div>sarah.svabo@vegaconsultants.no<\/div>\n<\/div>\n<\/div>","protected":false},"excerpt":{"rendered":"<p>Vega Consultants AS Prosjektleder Sted: M\u00f8re og Romsdal &#8211; Tjeldbergodden Periode: 05.01.2025-18.12.2025 Arbeidsoppgaver Overordnet ansvarlig for alle leveranser inkludert HMS i prosjektet\u00a0 Ansvarlig for kost, scope og planstyring.\u00a0 Ansvarlig for kvalitet i studierapporter og beslutningsunderlag.\u00a0 Ansvarlig for \u00e5 bygge og vedlikeholde velfungerende prosjektteam og sikre l\u00e6ring og erfarings overf\u00f8ring.\u00a0 Ansvarlig for- og oppf\u00f8lging av risikostyring.\u00a0 [&hellip;]<\/p>\n","protected":false},"author":1,"featured_media":0,"parent":4051,"menu_order":0,"comment_status":"closed","ping_status":"closed","template":"","meta":{"_et_pb_use_builder":"","_et_pb_old_content":"","_et_gb_content_width":"","footnotes":""},"class_list":["post-21444","page","type-page","status-publish","hentry"],"yoast_head":"<!-- This site is optimized with the Yoast SEO plugin v27.4 - https:\/\/yoast.com\/product\/yoast-seo-wordpress\/ -->\n<title>Prosjektleder - Vega Consultants<\/title>\n<meta name=\"robots\" content=\"index, follow, max-snippet:-1, max-image-preview:large, max-video-preview:-1\" \/>\n<link rel=\"canonical\" href=\"https:\/\/vegaconsultants.no\/en\/jobbsoker\/ledige-stillinger\/prosjektleder-3003914\/\" \/>\n<meta property=\"og:locale\" content=\"en_GB\" \/>\n<meta property=\"og:type\" content=\"article\" \/>\n<meta property=\"og:title\" content=\"Prosjektleder - Vega Consultants\" \/>\n<meta property=\"og:description\" content=\"Vega Consultants AS Prosjektleder Sted: M\u00f8re og Romsdal &#8211; Tjeldbergodden Periode: 05.01.2025-18.12.2025 Arbeidsoppgaver Overordnet ansvarlig for alle leveranser inkludert HMS i prosjektet\u00a0 Ansvarlig for kost, scope og planstyring.\u00a0 Ansvarlig for kvalitet i studierapporter og beslutningsunderlag.\u00a0 Ansvarlig for \u00e5 bygge og vedlikeholde velfungerende prosjektteam og sikre l\u00e6ring og erfarings overf\u00f8ring.\u00a0 Ansvarlig for- og oppf\u00f8lging av risikostyring.\u00a0 [&hellip;]\" \/>\n<meta property=\"og:url\" content=\"https:\/\/vegaconsultants.no\/en\/jobbsoker\/ledige-stillinger\/prosjektleder-3003914\/\" \/>\n<meta property=\"og:site_name\" content=\"Vega Consultants\" \/>\n<meta name=\"twitter:card\" content=\"summary_large_image\" \/>\n<meta name=\"twitter:label1\" content=\"Estimated reading time\" \/>\n\t<meta name=\"twitter:data1\" content=\"1 minute\" \/>\n<script type=\"application\/ld+json\" class=\"yoast-schema-graph\">{\"@context\":\"https:\\\/\\\/schema.org\",\"@graph\":[{\"@type\":\"WebPage\",\"@id\":\"https:\\\/\\\/vegaconsultants.no\\\/jobbsoker\\\/ledige-stillinger\\\/prosjektleder-3003914\\\/\",\"url\":\"https:\\\/\\\/vegaconsultants.no\\\/jobbsoker\\\/ledige-stillinger\\\/prosjektleder-3003914\\\/\",\"name\":\"Prosjektleder - Vega Consultants\",\"isPartOf\":{\"@id\":\"https:\\\/\\\/vegaconsultants.no\\\/#website\"},\"datePublished\":\"2024-12-31T22:14:27+00:00\",\"breadcrumb\":{\"@id\":\"https:\\\/\\\/vegaconsultants.no\\\/jobbsoker\\\/ledige-stillinger\\\/prosjektleder-3003914\\\/#breadcrumb\"},\"inLanguage\":\"en-GB\",\"potentialAction\":[{\"@type\":\"ReadAction\",\"target\":[\"https:\\\/\\\/vegaconsultants.no\\\/jobbsoker\\\/ledige-stillinger\\\/prosjektleder-3003914\\\/\"]}]},{\"@type\":\"BreadcrumbList\",\"@id\":\"https:\\\/\\\/vegaconsultants.no\\\/jobbsoker\\\/ledige-stillinger\\\/prosjektleder-3003914\\\/#breadcrumb\",\"itemListElement\":[{\"@type\":\"ListItem\",\"position\":1,\"name\":\"Home\",\"item\":\"https:\\\/\\\/vegaconsultants.no\\\/\"},{\"@type\":\"ListItem\",\"position\":2,\"name\":\"Jobbs\u00f8ker\",\"item\":\"https:\\\/\\\/vegaconsultants.no\\\/jobbsoker\\\/\"},{\"@type\":\"ListItem\",\"position\":3,\"name\":\"Ledige stillinger\",\"item\":\"https:\\\/\\\/vegaconsultants.no\\\/jobbsoker\\\/ledige-stillinger\\\/\"},{\"@type\":\"ListItem\",\"position\":4,\"name\":\"Prosjektleder\"}]},{\"@type\":\"WebSite\",\"@id\":\"https:\\\/\\\/vegaconsultants.no\\\/#website\",\"url\":\"https:\\\/\\\/vegaconsultants.no\\\/\",\"name\":\"Vega Consultants\",\"description\":\"Rett person p\u00e5 rett plass\",\"potentialAction\":[{\"@type\":\"SearchAction\",\"target\":{\"@type\":\"EntryPoint\",\"urlTemplate\":\"https:\\\/\\\/vegaconsultants.no\\\/?s={search_term_string}\"},\"query-input\":{\"@type\":\"PropertyValueSpecification\",\"valueRequired\":true,\"valueName\":\"search_term_string\"}}],\"inLanguage\":\"en-GB\"}]}<\/script>\n<!-- \/ Yoast SEO plugin. -->","yoast_head_json":{"title":"Prosjektleder - Vega Consultants","robots":{"index":"index","follow":"follow","max-snippet":"max-snippet:-1","max-image-preview":"max-image-preview:large","max-video-preview":"max-video-preview:-1"},"canonical":"https:\/\/vegaconsultants.no\/en\/jobbsoker\/ledige-stillinger\/prosjektleder-3003914\/","og_locale":"en_GB","og_type":"article","og_title":"Prosjektleder - Vega Consultants","og_description":"Vega Consultants AS Prosjektleder Sted: M\u00f8re og Romsdal &#8211; Tjeldbergodden Periode: 05.01.2025-18.12.2025 Arbeidsoppgaver Overordnet ansvarlig for alle leveranser inkludert HMS i prosjektet\u00a0 Ansvarlig for kost, scope og planstyring.\u00a0 Ansvarlig for kvalitet i studierapporter og beslutningsunderlag.\u00a0 Ansvarlig for \u00e5 bygge og vedlikeholde velfungerende prosjektteam og sikre l\u00e6ring og erfarings overf\u00f8ring.\u00a0 Ansvarlig for- og oppf\u00f8lging av risikostyring.\u00a0 [&hellip;]","og_url":"https:\/\/vegaconsultants.no\/en\/jobbsoker\/ledige-stillinger\/prosjektleder-3003914\/","og_site_name":"Vega Consultants","twitter_card":"summary_large_image","twitter_misc":{"Estimated reading time":"1 minute"},"schema":{"@context":"https:\/\/schema.org","@graph":[{"@type":"WebPage","@id":"https:\/\/vegaconsultants.no\/jobbsoker\/ledige-stillinger\/prosjektleder-3003914\/","url":"https:\/\/vegaconsultants.no\/jobbsoker\/ledige-stillinger\/prosjektleder-3003914\/","name":"Prosjektleder - Vega Consultants","isPartOf":{"@id":"https:\/\/vegaconsultants.no\/#website"},"datePublished":"2024-12-31T22:14:27+00:00","breadcrumb":{"@id":"https:\/\/vegaconsultants.no\/jobbsoker\/ledige-stillinger\/prosjektleder-3003914\/#breadcrumb"},"inLanguage":"en-GB","potentialAction":[{"@type":"ReadAction","target":["https:\/\/vegaconsultants.no\/jobbsoker\/ledige-stillinger\/prosjektleder-3003914\/"]}]},{"@type":"BreadcrumbList","@id":"https:\/\/vegaconsultants.no\/jobbsoker\/ledige-stillinger\/prosjektleder-3003914\/#breadcrumb","itemListElement":[{"@type":"ListItem","position":1,"name":"Home","item":"https:\/\/vegaconsultants.no\/"},{"@type":"ListItem","position":2,"name":"Jobbs\u00f8ker","item":"https:\/\/vegaconsultants.no\/jobbsoker\/"},{"@type":"ListItem","position":3,"name":"Ledige stillinger","item":"https:\/\/vegaconsultants.no\/jobbsoker\/ledige-stillinger\/"},{"@type":"ListItem","position":4,"name":"Prosjektleder"}]},{"@type":"WebSite","@id":"https:\/\/vegaconsultants.no\/#website","url":"https:\/\/vegaconsultants.no\/","name":"Vega Consultants","description":"The right person for the right job","potentialAction":[{"@type":"SearchAction","target":{"@type":"EntryPoint","urlTemplate":"https:\/\/vegaconsultants.no\/?s={search_term_string}"},"query-input":{"@type":"PropertyValueSpecification","valueRequired":true,"valueName":"search_term_string"}}],"inLanguage":"en-GB"}]}},"_links":{"self":[{"href":"https:\/\/vegaconsultants.no\/en\/wp-json\/wp\/v2\/pages\/21444","targetHints":{"allow":["GET"]}}],"collection":[{"href":"https:\/\/vegaconsultants.no\/en\/wp-json\/wp\/v2\/pages"}],"about":[{"href":"https:\/\/vegaconsultants.no\/en\/wp-json\/wp\/v2\/types\/page"}],"author":[{"embeddable":true,"href":"https:\/\/vegaconsultants.no\/en\/wp-json\/wp\/v2\/users\/1"}],"replies":[{"embeddable":true,"href":"https:\/\/vegaconsultants.no\/en\/wp-json\/wp\/v2\/comments?post=21444"}],"version-history":[{"count":0,"href":"https:\/\/vegaconsultants.no\/en\/wp-json\/wp\/v2\/pages\/21444\/revisions"}],"up":[{"embeddable":true,"href":"https:\/\/vegaconsultants.no\/en\/wp-json\/wp\/v2\/pages\/4051"}],"wp:attachment":[{"href":"https:\/\/vegaconsultants.no\/en\/wp-json\/wp\/v2\/media?parent=21444"}],"curies":[{"name":"wp","href":"https:\/\/api.w.org\/{rel}","templated":true}]}}