{"id":21462,"date":"2024-12-05T10:14:41","date_gmt":"2024-12-05T09:14:41","guid":{"rendered":"https:\/\/vegaconsultants.no\/jobbsoker\/ledige-stillinger\/metode-workprep-mekanisk-3003932\/"},"modified":"2024-12-05T10:14:41","modified_gmt":"2024-12-05T09:14:41","slug":"metode-workprep-mekanisk-3003932","status":"publish","type":"page","link":"https:\/\/vegaconsultants.no\/en\/jobbsoker\/ledige-stillinger\/metode-workprep-mekanisk-3003932\/","title":{"rendered":"Metode &#8211; Workprep Mekanisk"},"content":{"rendered":"<div class='vacancy-detail'>\n<div class='bold'>Vega Consultants AS<\/div>\n<div class='bold'>Metode &#8211; Workprep Mekanisk<\/div>\n<div class='bold'>NES Advantage Fircroft (Aibel Bergen)<\/div>\n<div class='vacancy-body'>\n<h3>En av v\u00e5re kunder s\u00f8ker etter en med mekanisk bakgrunn og erfaring fra Construction!<\/h3>\n<p><\/p>\n<p>Vi trenger \u00e5 styrke Construction innen metode og arbeidspakker innen mekanisk\u00a0<\/p>\n<p>Kandidaten m\u00e5 ha construction erfaring fra landanlegg eller offshore.<\/p>\n<p>En som liker \u00e5 jobbe i team, v\u00e6re fremover lent og aktiv deltager mot de andre avdelingene i prosjektet.<\/p>\n<p><strong>Arbeidsoppgaver:<\/strong><\/p>\n<ul>\n<li>Beskrive metode og arbeidspakker innen mekanisk\u00a0<\/li>\n<li>Beskrive jobbene i arbeidspakken p\u00e5 en slik m\u00e5te at den blir utf\u00f8rt p\u00e5 en sikker og god m\u00e5te.<\/li>\n<li>Input til plan<\/li>\n<li>Kunne ta ut n\u00f8dvendig dokumentasjon \u2013 plot planer \u2013 3D bilder etc.<\/li>\n<li>Utarbeide arbeidspakker, beskrivelse p\u00e5 norsk.<\/li>\n<\/ul>\n<p><strong>Utdannelse og erfaring:<\/strong><\/p>\n<ul>\n<li>Fagbrev innen et mekanisk fag<\/li>\n<li>Ha erfaring fra industrien hvor jobbe etter arbeidspakker er kjent<\/li>\n<li>Ha Construction erfaring fra offshore \/ onshore<\/li>\n<\/ul>\n<p><strong>Personlige egenskaper:<\/strong><\/p>\n<ul>\n<li>Like \u00e5 jobbe i team<\/li>\n<li>Godt hum\u00f8r<\/li>\n<li>Gode engelsk- og norskkunnskaper, muntlig og skriftlig<\/li>\n<li>Gode data kunnskaper<\/li>\n<\/ul>\n<p><\/p>\n<h3>Avsluttende tekst<\/h3>\n<p>Ikke n\u00f8l med \u00e5 ta kontakt med Kim Olav Svines p\u00e5 48218203, om dette virker interessant.<\/p>\n<\/div>\n<div class='vega-button'><span><a href='https:\/\/secure.webtemp.no\/WebtempCVPortal\/startsession.aspx?page=stillingsingle&amp;k=169&amp;id_utleie=3003932'>Mer info\/s\u00f8k her<\/a><\/span><\/div>\n<p><\/p>\n<hr>\n<div>\n<h4>REFNR<\/h4>\n<p>402836<\/p><\/div>\n<div>\n<h4>STILLINGSTYPE<\/h4>\n<p>Heltid<br \/>Vikariat\/engasjement<\/div>\n<div>\n<h4>S\u00d8KNADSFRIST<\/h4>\n<p>08.12.2024<\/p><\/div>\n<div class='vacancy-consultant'>\n<h4>KONTAKTPERSON(ER)<\/h4>\n<div>Kim Olav Svines<\/div>\n<div>48 21 82 03<\/div>\n<div>kim.olav.svines@vegaconsultants.no<\/div>\n<\/div>\n<\/div>","protected":false},"excerpt":{"rendered":"<p>Vega Consultants AS Metode &#8211; Workprep Mekanisk NES Advantage Fircroft (Aibel Bergen) En av v\u00e5re kunder s\u00f8ker etter en med mekanisk bakgrunn og erfaring fra Construction! Vi trenger \u00e5 styrke Construction innen metode og arbeidspakker innen mekanisk\u00a0 Kandidaten m\u00e5 ha construction erfaring fra landanlegg eller offshore. En som liker \u00e5 jobbe i team, v\u00e6re fremover [&hellip;]<\/p>\n","protected":false},"author":1,"featured_media":0,"parent":4051,"menu_order":0,"comment_status":"closed","ping_status":"closed","template":"","meta":{"_et_pb_use_builder":"","_et_pb_old_content":"","_et_gb_content_width":"","footnotes":""},"class_list":["post-21462","page","type-page","status-publish","hentry"],"yoast_head":"<!-- This site is optimized with the Yoast SEO plugin v27.3 - https:\/\/yoast.com\/product\/yoast-seo-wordpress\/ -->\n<title>Metode - Workprep Mekanisk - Vega Consultants<\/title>\n<meta name=\"robots\" content=\"index, follow, max-snippet:-1, max-image-preview:large, max-video-preview:-1\" \/>\n<link rel=\"canonical\" href=\"https:\/\/vegaconsultants.no\/en\/jobbsoker\/ledige-stillinger\/metode-workprep-mekanisk-3003932\/\" \/>\n<meta property=\"og:locale\" content=\"en_GB\" \/>\n<meta property=\"og:type\" content=\"article\" \/>\n<meta property=\"og:title\" content=\"Metode - Workprep Mekanisk - Vega Consultants\" \/>\n<meta property=\"og:description\" content=\"Vega Consultants AS Metode &#8211; Workprep Mekanisk NES Advantage Fircroft (Aibel Bergen) En av v\u00e5re kunder s\u00f8ker etter en med mekanisk bakgrunn og erfaring fra Construction! Vi trenger \u00e5 styrke Construction innen metode og arbeidspakker innen mekanisk\u00a0 Kandidaten m\u00e5 ha construction erfaring fra landanlegg eller offshore. En som liker \u00e5 jobbe i team, v\u00e6re fremover [&hellip;]\" \/>\n<meta property=\"og:url\" content=\"https:\/\/vegaconsultants.no\/en\/jobbsoker\/ledige-stillinger\/metode-workprep-mekanisk-3003932\/\" \/>\n<meta property=\"og:site_name\" content=\"Vega Consultants\" \/>\n<meta name=\"twitter:card\" content=\"summary_large_image\" \/>\n<meta name=\"twitter:label1\" content=\"Estimated reading time\" \/>\n\t<meta name=\"twitter:data1\" content=\"1 minute\" \/>\n<script type=\"application\/ld+json\" class=\"yoast-schema-graph\">{\"@context\":\"https:\\\/\\\/schema.org\",\"@graph\":[{\"@type\":\"WebPage\",\"@id\":\"https:\\\/\\\/vegaconsultants.no\\\/jobbsoker\\\/ledige-stillinger\\\/metode-workprep-mekanisk-3003932\\\/\",\"url\":\"https:\\\/\\\/vegaconsultants.no\\\/jobbsoker\\\/ledige-stillinger\\\/metode-workprep-mekanisk-3003932\\\/\",\"name\":\"Metode - Workprep Mekanisk - Vega Consultants\",\"isPartOf\":{\"@id\":\"https:\\\/\\\/vegaconsultants.no\\\/#website\"},\"datePublished\":\"2024-12-05T09:14:41+00:00\",\"breadcrumb\":{\"@id\":\"https:\\\/\\\/vegaconsultants.no\\\/jobbsoker\\\/ledige-stillinger\\\/metode-workprep-mekanisk-3003932\\\/#breadcrumb\"},\"inLanguage\":\"en-GB\",\"potentialAction\":[{\"@type\":\"ReadAction\",\"target\":[\"https:\\\/\\\/vegaconsultants.no\\\/jobbsoker\\\/ledige-stillinger\\\/metode-workprep-mekanisk-3003932\\\/\"]}]},{\"@type\":\"BreadcrumbList\",\"@id\":\"https:\\\/\\\/vegaconsultants.no\\\/jobbsoker\\\/ledige-stillinger\\\/metode-workprep-mekanisk-3003932\\\/#breadcrumb\",\"itemListElement\":[{\"@type\":\"ListItem\",\"position\":1,\"name\":\"Home\",\"item\":\"https:\\\/\\\/vegaconsultants.no\\\/\"},{\"@type\":\"ListItem\",\"position\":2,\"name\":\"Jobbs\u00f8ker\",\"item\":\"https:\\\/\\\/vegaconsultants.no\\\/jobbsoker\\\/\"},{\"@type\":\"ListItem\",\"position\":3,\"name\":\"Ledige stillinger\",\"item\":\"https:\\\/\\\/vegaconsultants.no\\\/jobbsoker\\\/ledige-stillinger\\\/\"},{\"@type\":\"ListItem\",\"position\":4,\"name\":\"Metode &#8211; Workprep Mekanisk\"}]},{\"@type\":\"WebSite\",\"@id\":\"https:\\\/\\\/vegaconsultants.no\\\/#website\",\"url\":\"https:\\\/\\\/vegaconsultants.no\\\/\",\"name\":\"Vega Consultants\",\"description\":\"Rett person p\u00e5 rett plass\",\"potentialAction\":[{\"@type\":\"SearchAction\",\"target\":{\"@type\":\"EntryPoint\",\"urlTemplate\":\"https:\\\/\\\/vegaconsultants.no\\\/?s={search_term_string}\"},\"query-input\":{\"@type\":\"PropertyValueSpecification\",\"valueRequired\":true,\"valueName\":\"search_term_string\"}}],\"inLanguage\":\"en-GB\"}]}<\/script>\n<!-- \/ Yoast SEO plugin. -->","yoast_head_json":{"title":"Metode - Workprep Mekanisk - Vega Consultants","robots":{"index":"index","follow":"follow","max-snippet":"max-snippet:-1","max-image-preview":"max-image-preview:large","max-video-preview":"max-video-preview:-1"},"canonical":"https:\/\/vegaconsultants.no\/en\/jobbsoker\/ledige-stillinger\/metode-workprep-mekanisk-3003932\/","og_locale":"en_GB","og_type":"article","og_title":"Metode - Workprep Mekanisk - Vega Consultants","og_description":"Vega Consultants AS Metode &#8211; Workprep Mekanisk NES Advantage Fircroft (Aibel Bergen) En av v\u00e5re kunder s\u00f8ker etter en med mekanisk bakgrunn og erfaring fra Construction! Vi trenger \u00e5 styrke Construction innen metode og arbeidspakker innen mekanisk\u00a0 Kandidaten m\u00e5 ha construction erfaring fra landanlegg eller offshore. En som liker \u00e5 jobbe i team, v\u00e6re fremover [&hellip;]","og_url":"https:\/\/vegaconsultants.no\/en\/jobbsoker\/ledige-stillinger\/metode-workprep-mekanisk-3003932\/","og_site_name":"Vega Consultants","twitter_card":"summary_large_image","twitter_misc":{"Estimated reading time":"1 minute"},"schema":{"@context":"https:\/\/schema.org","@graph":[{"@type":"WebPage","@id":"https:\/\/vegaconsultants.no\/jobbsoker\/ledige-stillinger\/metode-workprep-mekanisk-3003932\/","url":"https:\/\/vegaconsultants.no\/jobbsoker\/ledige-stillinger\/metode-workprep-mekanisk-3003932\/","name":"Metode - Workprep Mekanisk - Vega Consultants","isPartOf":{"@id":"https:\/\/vegaconsultants.no\/#website"},"datePublished":"2024-12-05T09:14:41+00:00","breadcrumb":{"@id":"https:\/\/vegaconsultants.no\/jobbsoker\/ledige-stillinger\/metode-workprep-mekanisk-3003932\/#breadcrumb"},"inLanguage":"en-GB","potentialAction":[{"@type":"ReadAction","target":["https:\/\/vegaconsultants.no\/jobbsoker\/ledige-stillinger\/metode-workprep-mekanisk-3003932\/"]}]},{"@type":"BreadcrumbList","@id":"https:\/\/vegaconsultants.no\/jobbsoker\/ledige-stillinger\/metode-workprep-mekanisk-3003932\/#breadcrumb","itemListElement":[{"@type":"ListItem","position":1,"name":"Home","item":"https:\/\/vegaconsultants.no\/"},{"@type":"ListItem","position":2,"name":"Jobbs\u00f8ker","item":"https:\/\/vegaconsultants.no\/jobbsoker\/"},{"@type":"ListItem","position":3,"name":"Ledige stillinger","item":"https:\/\/vegaconsultants.no\/jobbsoker\/ledige-stillinger\/"},{"@type":"ListItem","position":4,"name":"Metode &#8211; Workprep Mekanisk"}]},{"@type":"WebSite","@id":"https:\/\/vegaconsultants.no\/#website","url":"https:\/\/vegaconsultants.no\/","name":"Vega Consultants","description":"The right person for the right job","potentialAction":[{"@type":"SearchAction","target":{"@type":"EntryPoint","urlTemplate":"https:\/\/vegaconsultants.no\/?s={search_term_string}"},"query-input":{"@type":"PropertyValueSpecification","valueRequired":true,"valueName":"search_term_string"}}],"inLanguage":"en-GB"}]}},"_links":{"self":[{"href":"https:\/\/vegaconsultants.no\/en\/wp-json\/wp\/v2\/pages\/21462","targetHints":{"allow":["GET"]}}],"collection":[{"href":"https:\/\/vegaconsultants.no\/en\/wp-json\/wp\/v2\/pages"}],"about":[{"href":"https:\/\/vegaconsultants.no\/en\/wp-json\/wp\/v2\/types\/page"}],"author":[{"embeddable":true,"href":"https:\/\/vegaconsultants.no\/en\/wp-json\/wp\/v2\/users\/1"}],"replies":[{"embeddable":true,"href":"https:\/\/vegaconsultants.no\/en\/wp-json\/wp\/v2\/comments?post=21462"}],"version-history":[{"count":0,"href":"https:\/\/vegaconsultants.no\/en\/wp-json\/wp\/v2\/pages\/21462\/revisions"}],"up":[{"embeddable":true,"href":"https:\/\/vegaconsultants.no\/en\/wp-json\/wp\/v2\/pages\/4051"}],"wp:attachment":[{"href":"https:\/\/vegaconsultants.no\/en\/wp-json\/wp\/v2\/media?parent=21462"}],"curies":[{"name":"wp","href":"https:\/\/api.w.org\/{rel}","templated":true}]}}