{"id":21466,"date":"2024-12-16T08:15:15","date_gmt":"2024-12-16T07:15:15","guid":{"rendered":"https:\/\/vegaconsultants.no\/jobbsoker\/ledige-stillinger\/lci-coordinator-3003937\/"},"modified":"2024-12-16T08:15:15","modified_gmt":"2024-12-16T07:15:15","slug":"lci-coordinator-3003937","status":"publish","type":"page","link":"https:\/\/vegaconsultants.no\/en\/jobbsoker\/ledige-stillinger\/lci-coordinator-3003937\/","title":{"rendered":"LCI Coordinator"},"content":{"rendered":"<div class='vacancy-detail'>\n<div class='bold'>Vega Consultants AS<\/div>\n<div class='bold'>LCI Coordinator<\/div>\n<div class='vacancy-body'>\n<ul>\n<li><strong>Tittel<\/strong>: LCI Coordinator<\/li>\n<li><strong>Varighet<\/strong>: 1 \u00e5r<\/li>\n<li><strong>Mulige lokasjoner<\/strong>: Bergen, Stavanger, Stj\u00f8rdal, eller Harstad<\/li>\n<\/ul>\n<h3><\/h3>\n<h3>Innledning<\/h3>\n<p>P\u00e5 vegne av kunde, s\u00f8ker vi en LCI Coordinator til \u00e5 bist\u00e5 i investeringsprosjekt hos en operat\u00f8r.\u00a0<\/p>\n<h3><\/h3>\n<h3>Arbeidsoppgaver<\/h3>\n<ul>\n<li>Sikre LCI leveranser i prosjektet.\u00a0<\/li>\n<li>F\u00f8lg opp LCI prosesser og informasjonsflyt i prosjektet ihht prosjektkrav og spesifikasjoner.\u00a0<\/li>\n<\/ul>\n<p><\/p>\n<h3>Kvalifikasjonskrav<\/h3>\n<ul>\n<li>Erfaring med LCI\/DCC i st\u00f8rre prosjekt i olje og gass er et krav, herunder minimum 8 \u00e5r.\u00a0<\/li>\n<li>Erfaring med bruk av STID og TIME.\u00a0<\/li>\n<\/ul>\n<\/div>\n<div class='vega-button'><span><a href='https:\/\/secure.webtemp.no\/WebtempCVPortal\/startsession.aspx?page=stillingsingle&amp;k=169&amp;id_utleie=3003937'>Mer info\/s\u00f8k her<\/a><\/span><\/div>\n<p><\/p>\n<hr>\n<div>\n<h4>REFNR<\/h4>\n<p>402842<\/p><\/div>\n<div>\n<h4>STILLINGSTYPE<\/h4>\n<p>Heltid<br \/>Vikariat\/engasjement<\/div>\n<div>\n<h4>S\u00d8KNADSFRIST<\/h4>\n<p>Kandidater vil bli vurdert fortl\u00f8pende<\/p><\/div>\n<div class='vacancy-consultant'>\n<h4>KONTAKTPERSON(ER)<\/h4>\n<div>Leah Jespersen<\/div>\n<div>41 33 29 39<\/div>\n<div>leah.jespersen@vegaconsultants.no<\/div>\n<\/div>\n<\/div>","protected":false},"excerpt":{"rendered":"<p>Vega Consultants AS LCI Coordinator Tittel: LCI Coordinator Varighet: 1 \u00e5r Mulige lokasjoner: Bergen, Stavanger, Stj\u00f8rdal, eller Harstad Innledning P\u00e5 vegne av kunde, s\u00f8ker vi en LCI Coordinator til \u00e5 bist\u00e5 i investeringsprosjekt hos en operat\u00f8r.\u00a0 Arbeidsoppgaver Sikre LCI leveranser i prosjektet.\u00a0 F\u00f8lg opp LCI prosesser og informasjonsflyt i prosjektet ihht prosjektkrav og spesifikasjoner.\u00a0 Kvalifikasjonskrav [&hellip;]<\/p>\n","protected":false},"author":1,"featured_media":0,"parent":4051,"menu_order":0,"comment_status":"closed","ping_status":"closed","template":"","meta":{"_et_pb_use_builder":"","_et_pb_old_content":"","_et_gb_content_width":"","footnotes":""},"class_list":["post-21466","page","type-page","status-publish","hentry"],"yoast_head":"<!-- This site is optimized with the Yoast SEO plugin v27.3 - https:\/\/yoast.com\/product\/yoast-seo-wordpress\/ -->\n<title>LCI Coordinator - Vega Consultants<\/title>\n<meta name=\"robots\" content=\"index, follow, max-snippet:-1, max-image-preview:large, max-video-preview:-1\" \/>\n<link rel=\"canonical\" href=\"https:\/\/vegaconsultants.no\/en\/jobbsoker\/ledige-stillinger\/lci-coordinator-3003937\/\" \/>\n<meta property=\"og:locale\" content=\"en_GB\" \/>\n<meta property=\"og:type\" content=\"article\" \/>\n<meta property=\"og:title\" content=\"LCI Coordinator - Vega Consultants\" \/>\n<meta property=\"og:description\" content=\"Vega Consultants AS LCI Coordinator Tittel: LCI Coordinator Varighet: 1 \u00e5r Mulige lokasjoner: Bergen, Stavanger, Stj\u00f8rdal, eller Harstad Innledning P\u00e5 vegne av kunde, s\u00f8ker vi en LCI Coordinator til \u00e5 bist\u00e5 i investeringsprosjekt hos en operat\u00f8r.\u00a0 Arbeidsoppgaver Sikre LCI leveranser i prosjektet.\u00a0 F\u00f8lg opp LCI prosesser og informasjonsflyt i prosjektet ihht prosjektkrav og spesifikasjoner.\u00a0 Kvalifikasjonskrav [&hellip;]\" \/>\n<meta property=\"og:url\" content=\"https:\/\/vegaconsultants.no\/en\/jobbsoker\/ledige-stillinger\/lci-coordinator-3003937\/\" \/>\n<meta property=\"og:site_name\" content=\"Vega Consultants\" \/>\n<meta name=\"twitter:card\" content=\"summary_large_image\" \/>\n<meta name=\"twitter:label1\" content=\"Estimated reading time\" \/>\n\t<meta name=\"twitter:data1\" content=\"1 minute\" \/>\n<script type=\"application\/ld+json\" class=\"yoast-schema-graph\">{\"@context\":\"https:\\\/\\\/schema.org\",\"@graph\":[{\"@type\":\"WebPage\",\"@id\":\"https:\\\/\\\/vegaconsultants.no\\\/jobbsoker\\\/ledige-stillinger\\\/lci-coordinator-3003937\\\/\",\"url\":\"https:\\\/\\\/vegaconsultants.no\\\/jobbsoker\\\/ledige-stillinger\\\/lci-coordinator-3003937\\\/\",\"name\":\"LCI Coordinator - Vega Consultants\",\"isPartOf\":{\"@id\":\"https:\\\/\\\/vegaconsultants.no\\\/#website\"},\"datePublished\":\"2024-12-16T07:15:15+00:00\",\"breadcrumb\":{\"@id\":\"https:\\\/\\\/vegaconsultants.no\\\/jobbsoker\\\/ledige-stillinger\\\/lci-coordinator-3003937\\\/#breadcrumb\"},\"inLanguage\":\"en-GB\",\"potentialAction\":[{\"@type\":\"ReadAction\",\"target\":[\"https:\\\/\\\/vegaconsultants.no\\\/jobbsoker\\\/ledige-stillinger\\\/lci-coordinator-3003937\\\/\"]}]},{\"@type\":\"BreadcrumbList\",\"@id\":\"https:\\\/\\\/vegaconsultants.no\\\/jobbsoker\\\/ledige-stillinger\\\/lci-coordinator-3003937\\\/#breadcrumb\",\"itemListElement\":[{\"@type\":\"ListItem\",\"position\":1,\"name\":\"Home\",\"item\":\"https:\\\/\\\/vegaconsultants.no\\\/\"},{\"@type\":\"ListItem\",\"position\":2,\"name\":\"Jobbs\u00f8ker\",\"item\":\"https:\\\/\\\/vegaconsultants.no\\\/jobbsoker\\\/\"},{\"@type\":\"ListItem\",\"position\":3,\"name\":\"Ledige stillinger\",\"item\":\"https:\\\/\\\/vegaconsultants.no\\\/jobbsoker\\\/ledige-stillinger\\\/\"},{\"@type\":\"ListItem\",\"position\":4,\"name\":\"LCI Coordinator\"}]},{\"@type\":\"WebSite\",\"@id\":\"https:\\\/\\\/vegaconsultants.no\\\/#website\",\"url\":\"https:\\\/\\\/vegaconsultants.no\\\/\",\"name\":\"Vega Consultants\",\"description\":\"Rett person p\u00e5 rett plass\",\"potentialAction\":[{\"@type\":\"SearchAction\",\"target\":{\"@type\":\"EntryPoint\",\"urlTemplate\":\"https:\\\/\\\/vegaconsultants.no\\\/?s={search_term_string}\"},\"query-input\":{\"@type\":\"PropertyValueSpecification\",\"valueRequired\":true,\"valueName\":\"search_term_string\"}}],\"inLanguage\":\"en-GB\"}]}<\/script>\n<!-- \/ Yoast SEO plugin. -->","yoast_head_json":{"title":"LCI Coordinator - Vega Consultants","robots":{"index":"index","follow":"follow","max-snippet":"max-snippet:-1","max-image-preview":"max-image-preview:large","max-video-preview":"max-video-preview:-1"},"canonical":"https:\/\/vegaconsultants.no\/en\/jobbsoker\/ledige-stillinger\/lci-coordinator-3003937\/","og_locale":"en_GB","og_type":"article","og_title":"LCI Coordinator - Vega Consultants","og_description":"Vega Consultants AS LCI Coordinator Tittel: LCI Coordinator Varighet: 1 \u00e5r Mulige lokasjoner: Bergen, Stavanger, Stj\u00f8rdal, eller Harstad Innledning P\u00e5 vegne av kunde, s\u00f8ker vi en LCI Coordinator til \u00e5 bist\u00e5 i investeringsprosjekt hos en operat\u00f8r.\u00a0 Arbeidsoppgaver Sikre LCI leveranser i prosjektet.\u00a0 F\u00f8lg opp LCI prosesser og informasjonsflyt i prosjektet ihht prosjektkrav og spesifikasjoner.\u00a0 Kvalifikasjonskrav [&hellip;]","og_url":"https:\/\/vegaconsultants.no\/en\/jobbsoker\/ledige-stillinger\/lci-coordinator-3003937\/","og_site_name":"Vega Consultants","twitter_card":"summary_large_image","twitter_misc":{"Estimated reading time":"1 minute"},"schema":{"@context":"https:\/\/schema.org","@graph":[{"@type":"WebPage","@id":"https:\/\/vegaconsultants.no\/jobbsoker\/ledige-stillinger\/lci-coordinator-3003937\/","url":"https:\/\/vegaconsultants.no\/jobbsoker\/ledige-stillinger\/lci-coordinator-3003937\/","name":"LCI Coordinator - Vega Consultants","isPartOf":{"@id":"https:\/\/vegaconsultants.no\/#website"},"datePublished":"2024-12-16T07:15:15+00:00","breadcrumb":{"@id":"https:\/\/vegaconsultants.no\/jobbsoker\/ledige-stillinger\/lci-coordinator-3003937\/#breadcrumb"},"inLanguage":"en-GB","potentialAction":[{"@type":"ReadAction","target":["https:\/\/vegaconsultants.no\/jobbsoker\/ledige-stillinger\/lci-coordinator-3003937\/"]}]},{"@type":"BreadcrumbList","@id":"https:\/\/vegaconsultants.no\/jobbsoker\/ledige-stillinger\/lci-coordinator-3003937\/#breadcrumb","itemListElement":[{"@type":"ListItem","position":1,"name":"Home","item":"https:\/\/vegaconsultants.no\/"},{"@type":"ListItem","position":2,"name":"Jobbs\u00f8ker","item":"https:\/\/vegaconsultants.no\/jobbsoker\/"},{"@type":"ListItem","position":3,"name":"Ledige stillinger","item":"https:\/\/vegaconsultants.no\/jobbsoker\/ledige-stillinger\/"},{"@type":"ListItem","position":4,"name":"LCI Coordinator"}]},{"@type":"WebSite","@id":"https:\/\/vegaconsultants.no\/#website","url":"https:\/\/vegaconsultants.no\/","name":"Vega Consultants","description":"The right person for the right job","potentialAction":[{"@type":"SearchAction","target":{"@type":"EntryPoint","urlTemplate":"https:\/\/vegaconsultants.no\/?s={search_term_string}"},"query-input":{"@type":"PropertyValueSpecification","valueRequired":true,"valueName":"search_term_string"}}],"inLanguage":"en-GB"}]}},"_links":{"self":[{"href":"https:\/\/vegaconsultants.no\/en\/wp-json\/wp\/v2\/pages\/21466","targetHints":{"allow":["GET"]}}],"collection":[{"href":"https:\/\/vegaconsultants.no\/en\/wp-json\/wp\/v2\/pages"}],"about":[{"href":"https:\/\/vegaconsultants.no\/en\/wp-json\/wp\/v2\/types\/page"}],"author":[{"embeddable":true,"href":"https:\/\/vegaconsultants.no\/en\/wp-json\/wp\/v2\/users\/1"}],"replies":[{"embeddable":true,"href":"https:\/\/vegaconsultants.no\/en\/wp-json\/wp\/v2\/comments?post=21466"}],"version-history":[{"count":0,"href":"https:\/\/vegaconsultants.no\/en\/wp-json\/wp\/v2\/pages\/21466\/revisions"}],"up":[{"embeddable":true,"href":"https:\/\/vegaconsultants.no\/en\/wp-json\/wp\/v2\/pages\/4051"}],"wp:attachment":[{"href":"https:\/\/vegaconsultants.no\/en\/wp-json\/wp\/v2\/media?parent=21466"}],"curies":[{"name":"wp","href":"https:\/\/api.w.org\/{rel}","templated":true}]}}