{"id":21499,"date":"2025-01-27T23:19:47","date_gmt":"2025-01-27T22:19:47","guid":{"rendered":"https:\/\/vegaconsultants.no\/jobbsoker\/ledige-stillinger\/senior-electrical-engineer-3003961\/"},"modified":"2025-01-27T23:19:47","modified_gmt":"2025-01-27T22:19:47","slug":"senior-electrical-engineer-3003961","status":"publish","type":"page","link":"https:\/\/vegaconsultants.no\/en\/jobbsoker\/ledige-stillinger\/senior-electrical-engineer-3003961\/","title":{"rendered":"Senior Electrical Engineer"},"content":{"rendered":"<div class='vacancy-detail'>\n<div class='bold'>Vega Consultants AS<\/div>\n<div class='bold'>Senior Electrical Engineer<\/div>\n<div class='vacancy-body'>\n<p><strong>Location : Asker <\/strong><\/p>\n<p><strong>Period: 03.02.2025 &#8211; 31.12.2026<\/strong><\/p>\n<p><em>We are looking for a skilled electrical engineer to work in a large EPC onshore project for our client.\u202f\u202f <\/em><\/p>\n<p><em>The right candidate will join a major greenfield and integration project and will have the opportunity to develop his\/her skills with respect to electrical  engineering.\u202f <\/em><\/p>\n<p><\/p>\n<h3><strong>Typical tasks will be:<\/strong><\/h3>\n<ul>\n<li>Main tasks will be to act as coordinator between Engineering, Modification team,  fabrication and site.\u00a0\u00a0<\/li>\n<li>Handling of technical questions from installation team<\/li>\n<li>Participate in meetings between fabrication and engineering<\/li>\n<li>Assist the site support team manager in ensuring that the communication between the different parties flows well and clarify any misunderstandings<\/li>\n<li>Interface with other disciplines, client, existing plant, other contractors and supplier<\/li>\n<li>Coordination of electrical engineering changes<\/li>\n<\/ul>\n<p><\/p>\n<h3><strong>Required Education:<\/strong><\/h3>\n<ul>\n<li>Education Bachelor degree or Technical College combined with minimum 4 years\u2019 relevant background\u00a0\u00a0<\/li>\n<li>FSE course<\/li>\n<li>Ex course<\/li>\n<\/ul>\n<p><\/p>\n<h3><strong>Required Work Experience:<\/strong><\/h3>\n<ul>\n<li>Minimum 6 years\u2019 experience from electrical engineering in green field NCS projects<\/li>\n<li>Minimum 3 years\u2019 experience with Electrical Site Coordination responsibilities from green field projects<\/li>\n<li>Experience and deep knowledge of electrical and cable design, mechanical completion and installation according to relevant standards such as NORSOK, ISO, ATEX and IEC.<\/li>\n<\/ul>\n<p><\/p>\n<h3><strong>Required Qualifications: <\/strong><\/h3>\n<ul>\n<li>\u00a0Efficient communicator, who communicates well in English &#8211; Both orally and in writing\u00a0<\/li>\n<li>Cooperative working attitude and acceptance for multicultural team environment\u00a0<\/li>\n<li>A natural team player, but possess the ability to work independently\u00a0<\/li>\n<li>Systematic and accurate, with high loyalty to deadline and quality requirements\u00a0<\/li>\n<li>Proactive, seeking advice and sharing own experiences with others\u00a0<\/li>\n<\/ul>\n<p><\/p>\n<p>Syns du dette h\u00f8res som noe for deg? Ta kontakt for \u00e5 h\u00f8re hva vi kan tilby!<\/p>\n<\/div>\n<div class='vega-button'><span><a href='https:\/\/secure.webtemp.no\/WebtempCVPortal\/startsession.aspx?page=stillingsingle&amp;k=169&amp;id_utleie=3003961'>Mer info\/s\u00f8k her<\/a><\/span><\/div>\n<p><\/p>\n<hr>\n<div>\n<h4>REFNR<\/h4>\n<p>402866<\/p><\/div>\n<div>\n<h4>STILLINGSTYPE<\/h4>\n<p>Heltid<br \/>Vikariat\/engasjement<\/div>\n<div>\n<h4>S\u00d8KNADSFRIST<\/h4>\n<p>27.01.2025<\/p><\/div>\n<div class='vacancy-consultant'>\n<h4>KONTAKTPERSON(ER)<\/h4>\n<div>Leah Jespersen<\/div>\n<div>41 33 29 39<\/div>\n<div>leah.jespersen@vegaconsultants.no<\/div>\n<\/div>\n<\/div>","protected":false},"excerpt":{"rendered":"<p>Vega Consultants AS Senior Electrical Engineer Location : Asker Period: 03.02.2025 &#8211; 31.12.2026 We are looking for a skilled electrical engineer to work in a large EPC onshore project for our client.\u202f\u202f The right candidate will join a major greenfield and integration project and will have the opportunity to develop his\/her skills with respect to [&hellip;]<\/p>\n","protected":false},"author":1,"featured_media":0,"parent":4051,"menu_order":0,"comment_status":"closed","ping_status":"closed","template":"","meta":{"_et_pb_use_builder":"","_et_pb_old_content":"","_et_gb_content_width":"","footnotes":""},"class_list":["post-21499","page","type-page","status-publish","hentry"],"yoast_head":"<!-- This site is optimized with the Yoast SEO plugin v27.3 - https:\/\/yoast.com\/product\/yoast-seo-wordpress\/ -->\n<title>Senior Electrical Engineer - Vega Consultants<\/title>\n<meta name=\"robots\" content=\"index, follow, max-snippet:-1, max-image-preview:large, max-video-preview:-1\" \/>\n<link rel=\"canonical\" href=\"https:\/\/vegaconsultants.no\/en\/jobbsoker\/ledige-stillinger\/senior-electrical-engineer-3003961\/\" \/>\n<meta property=\"og:locale\" content=\"en_GB\" \/>\n<meta property=\"og:type\" content=\"article\" \/>\n<meta property=\"og:title\" content=\"Senior Electrical Engineer - Vega Consultants\" \/>\n<meta property=\"og:description\" content=\"Vega Consultants AS Senior Electrical Engineer Location : Asker Period: 03.02.2025 &#8211; 31.12.2026 We are looking for a skilled electrical engineer to work in a large EPC onshore project for our client.\u202f\u202f The right candidate will join a major greenfield and integration project and will have the opportunity to develop his\/her skills with respect to [&hellip;]\" \/>\n<meta property=\"og:url\" content=\"https:\/\/vegaconsultants.no\/en\/jobbsoker\/ledige-stillinger\/senior-electrical-engineer-3003961\/\" \/>\n<meta property=\"og:site_name\" content=\"Vega Consultants\" \/>\n<meta name=\"twitter:card\" content=\"summary_large_image\" \/>\n<meta name=\"twitter:label1\" content=\"Estimated reading time\" \/>\n\t<meta name=\"twitter:data1\" content=\"1 minute\" \/>\n<script type=\"application\/ld+json\" class=\"yoast-schema-graph\">{\"@context\":\"https:\\\/\\\/schema.org\",\"@graph\":[{\"@type\":\"WebPage\",\"@id\":\"https:\\\/\\\/vegaconsultants.no\\\/jobbsoker\\\/ledige-stillinger\\\/senior-electrical-engineer-3003961\\\/\",\"url\":\"https:\\\/\\\/vegaconsultants.no\\\/jobbsoker\\\/ledige-stillinger\\\/senior-electrical-engineer-3003961\\\/\",\"name\":\"Senior Electrical Engineer - Vega Consultants\",\"isPartOf\":{\"@id\":\"https:\\\/\\\/vegaconsultants.no\\\/#website\"},\"datePublished\":\"2025-01-27T22:19:47+00:00\",\"breadcrumb\":{\"@id\":\"https:\\\/\\\/vegaconsultants.no\\\/jobbsoker\\\/ledige-stillinger\\\/senior-electrical-engineer-3003961\\\/#breadcrumb\"},\"inLanguage\":\"en-GB\",\"potentialAction\":[{\"@type\":\"ReadAction\",\"target\":[\"https:\\\/\\\/vegaconsultants.no\\\/jobbsoker\\\/ledige-stillinger\\\/senior-electrical-engineer-3003961\\\/\"]}]},{\"@type\":\"BreadcrumbList\",\"@id\":\"https:\\\/\\\/vegaconsultants.no\\\/jobbsoker\\\/ledige-stillinger\\\/senior-electrical-engineer-3003961\\\/#breadcrumb\",\"itemListElement\":[{\"@type\":\"ListItem\",\"position\":1,\"name\":\"Home\",\"item\":\"https:\\\/\\\/vegaconsultants.no\\\/\"},{\"@type\":\"ListItem\",\"position\":2,\"name\":\"Jobbs\u00f8ker\",\"item\":\"https:\\\/\\\/vegaconsultants.no\\\/jobbsoker\\\/\"},{\"@type\":\"ListItem\",\"position\":3,\"name\":\"Ledige stillinger\",\"item\":\"https:\\\/\\\/vegaconsultants.no\\\/jobbsoker\\\/ledige-stillinger\\\/\"},{\"@type\":\"ListItem\",\"position\":4,\"name\":\"Senior Electrical Engineer\"}]},{\"@type\":\"WebSite\",\"@id\":\"https:\\\/\\\/vegaconsultants.no\\\/#website\",\"url\":\"https:\\\/\\\/vegaconsultants.no\\\/\",\"name\":\"Vega Consultants\",\"description\":\"Rett person p\u00e5 rett plass\",\"potentialAction\":[{\"@type\":\"SearchAction\",\"target\":{\"@type\":\"EntryPoint\",\"urlTemplate\":\"https:\\\/\\\/vegaconsultants.no\\\/?s={search_term_string}\"},\"query-input\":{\"@type\":\"PropertyValueSpecification\",\"valueRequired\":true,\"valueName\":\"search_term_string\"}}],\"inLanguage\":\"en-GB\"}]}<\/script>\n<!-- \/ Yoast SEO plugin. -->","yoast_head_json":{"title":"Senior Electrical Engineer - Vega Consultants","robots":{"index":"index","follow":"follow","max-snippet":"max-snippet:-1","max-image-preview":"max-image-preview:large","max-video-preview":"max-video-preview:-1"},"canonical":"https:\/\/vegaconsultants.no\/en\/jobbsoker\/ledige-stillinger\/senior-electrical-engineer-3003961\/","og_locale":"en_GB","og_type":"article","og_title":"Senior Electrical Engineer - Vega Consultants","og_description":"Vega Consultants AS Senior Electrical Engineer Location : Asker Period: 03.02.2025 &#8211; 31.12.2026 We are looking for a skilled electrical engineer to work in a large EPC onshore project for our client.\u202f\u202f The right candidate will join a major greenfield and integration project and will have the opportunity to develop his\/her skills with respect to [&hellip;]","og_url":"https:\/\/vegaconsultants.no\/en\/jobbsoker\/ledige-stillinger\/senior-electrical-engineer-3003961\/","og_site_name":"Vega Consultants","twitter_card":"summary_large_image","twitter_misc":{"Estimated reading time":"1 minute"},"schema":{"@context":"https:\/\/schema.org","@graph":[{"@type":"WebPage","@id":"https:\/\/vegaconsultants.no\/jobbsoker\/ledige-stillinger\/senior-electrical-engineer-3003961\/","url":"https:\/\/vegaconsultants.no\/jobbsoker\/ledige-stillinger\/senior-electrical-engineer-3003961\/","name":"Senior Electrical Engineer - Vega Consultants","isPartOf":{"@id":"https:\/\/vegaconsultants.no\/#website"},"datePublished":"2025-01-27T22:19:47+00:00","breadcrumb":{"@id":"https:\/\/vegaconsultants.no\/jobbsoker\/ledige-stillinger\/senior-electrical-engineer-3003961\/#breadcrumb"},"inLanguage":"en-GB","potentialAction":[{"@type":"ReadAction","target":["https:\/\/vegaconsultants.no\/jobbsoker\/ledige-stillinger\/senior-electrical-engineer-3003961\/"]}]},{"@type":"BreadcrumbList","@id":"https:\/\/vegaconsultants.no\/jobbsoker\/ledige-stillinger\/senior-electrical-engineer-3003961\/#breadcrumb","itemListElement":[{"@type":"ListItem","position":1,"name":"Home","item":"https:\/\/vegaconsultants.no\/"},{"@type":"ListItem","position":2,"name":"Jobbs\u00f8ker","item":"https:\/\/vegaconsultants.no\/jobbsoker\/"},{"@type":"ListItem","position":3,"name":"Ledige stillinger","item":"https:\/\/vegaconsultants.no\/jobbsoker\/ledige-stillinger\/"},{"@type":"ListItem","position":4,"name":"Senior Electrical Engineer"}]},{"@type":"WebSite","@id":"https:\/\/vegaconsultants.no\/#website","url":"https:\/\/vegaconsultants.no\/","name":"Vega Consultants","description":"The right person for the right job","potentialAction":[{"@type":"SearchAction","target":{"@type":"EntryPoint","urlTemplate":"https:\/\/vegaconsultants.no\/?s={search_term_string}"},"query-input":{"@type":"PropertyValueSpecification","valueRequired":true,"valueName":"search_term_string"}}],"inLanguage":"en-GB"}]}},"_links":{"self":[{"href":"https:\/\/vegaconsultants.no\/en\/wp-json\/wp\/v2\/pages\/21499","targetHints":{"allow":["GET"]}}],"collection":[{"href":"https:\/\/vegaconsultants.no\/en\/wp-json\/wp\/v2\/pages"}],"about":[{"href":"https:\/\/vegaconsultants.no\/en\/wp-json\/wp\/v2\/types\/page"}],"author":[{"embeddable":true,"href":"https:\/\/vegaconsultants.no\/en\/wp-json\/wp\/v2\/users\/1"}],"replies":[{"embeddable":true,"href":"https:\/\/vegaconsultants.no\/en\/wp-json\/wp\/v2\/comments?post=21499"}],"version-history":[{"count":0,"href":"https:\/\/vegaconsultants.no\/en\/wp-json\/wp\/v2\/pages\/21499\/revisions"}],"up":[{"embeddable":true,"href":"https:\/\/vegaconsultants.no\/en\/wp-json\/wp\/v2\/pages\/4051"}],"wp:attachment":[{"href":"https:\/\/vegaconsultants.no\/en\/wp-json\/wp\/v2\/media?parent=21499"}],"curies":[{"name":"wp","href":"https:\/\/api.w.org\/{rel}","templated":true}]}}