{"id":21507,"date":"2025-02-02T23:12:09","date_gmt":"2025-02-02T22:12:09","guid":{"rendered":"https:\/\/vegaconsultants.no\/jobbsoker\/ledige-stillinger\/senior-planlegger-3003972\/"},"modified":"2025-02-02T23:12:09","modified_gmt":"2025-02-02T22:12:09","slug":"senior-planlegger-3003972","status":"publish","type":"page","link":"https:\/\/vegaconsultants.no\/en\/jobbsoker\/ledige-stillinger\/senior-planlegger-3003972\/","title":{"rendered":"Senior Planlegger"},"content":{"rendered":"<div class='vacancy-detail'>\n<div class='bold'>Vega Consultants AS<\/div>\n<div class='bold'>Senior Planlegger<\/div>\n<div class='vacancy-body'>\n<h3><strong>Planlegger \u2013 Vil du v\u00e6re med p\u00e5 laget?<\/strong><\/h3>\n<p>Vi ser etter en engasjert og strukturert planlegger med 2\u20135 \u00e5rs erfaring som \u00f8nsker \u00e5 bidra til \u00e5 forme fremdriften i spennende prosjekter innen olje- og gassbransjen. Selv om du ikke oppfyller alle kvalifikasjonene nedenfor, vil vi gjerne h\u00f8re fra deg likevel \u2013 vi verdsetter engasjement og vilje til \u00e5 l\u00e6re!<\/p>\n<p><\/p>\n<h3><strong>Work tasks<\/strong><\/h3>\n<ul>\n<li>Utarbeidelse og oppf\u00f8lging av Engineering- og Construction-planer.<\/li>\n<li>Aktiv oppf\u00f8lging av planer, analyse av fremdriftsutvikling, milep\u00e6ler og kritisk linje.<\/li>\n<li>Evaluering av plankonsekvenser relatert til endringer.<\/li>\n<li>Utarbeidelse av planrapporter til b\u00e5de interne og eksterne kunder.<\/li>\n<li>Qualifications<\/li>\n<li>Minimum 2 \u00e5rs erfaring med multidisiplin planlegging i olje- og gassbransjen.<\/li>\n<li>Erfaring med bruk av Safran Project til planlegging og styring av EPCI-prosjekter.<\/li>\n<\/ul>\n<p><\/p>\n<h3><strong>Personal characteristics<\/strong><\/h3>\n<ul>\n<li>Du har stor fokus p\u00e5 ryddighet og struktur i arbeidet.<\/li>\n<li>Du har gode samarbeidsevner, men ogs\u00e5 evne til \u00e5 jobbe selvstendig.<\/li>\n<li>Du er proaktiv, m\u00e5lrettet og kvalitetsbevisst.<\/li>\n<\/ul>\n<p><\/p>\n<p>Does this sound like something for you? Get in touch to hear what we can offer!<\/p>\n<\/div>\n<div class='vega-button'><span><a href='https:\/\/secure.webtemp.no\/WebtempCVPortal\/startsession.aspx?page=stillingsingle&amp;k=169&amp;id_utleie=3003972'>More info\/search here<\/a><\/span><\/div>\n<p><\/p>\n<hr>\n<div>\n<h4>REFNR<\/h4>\n<p>402877<\/p><\/div>\n<div>\n<h4>POSITION TYPE<\/h4>\n<p>Full-time<br \/>Temporary position\/engagement<\/div>\n<div>\n<h4>APPLICATION DEADLINE<\/h4>\n<\/div>\n<div class='vacancy-consultant'>\n<h4>CONTACT PERSON(S)<\/h4>\n<div>Sarah Svab\u00f8<\/div>\n<div>45 68 08 50<\/div>\n<div>sarah.svabo@vegaconsultants.no<\/div>\n<\/div>\n<\/div>","protected":false},"excerpt":{"rendered":"<p>Vega Consultants AS Senior Planlegger Planlegger \u2013 Vil du v\u00e6re med p\u00e5 laget? Vi ser etter en engasjert og strukturert planlegger med 2\u20135 \u00e5rs erfaring som \u00f8nsker \u00e5 bidra til \u00e5 forme fremdriften i spennende prosjekter innen olje- og gassbransjen. Selv om du ikke oppfyller alle kvalifikasjonene nedenfor, vil vi gjerne h\u00f8re fra deg likevel [&hellip;]<\/p>\n","protected":false},"author":1,"featured_media":0,"parent":4051,"menu_order":0,"comment_status":"closed","ping_status":"closed","template":"","meta":{"_et_pb_use_builder":"","_et_pb_old_content":"","_et_gb_content_width":"","footnotes":""},"class_list":["post-21507","page","type-page","status-publish","hentry"],"yoast_head":"<!-- This site is optimized with the Yoast SEO plugin v27.4 - https:\/\/yoast.com\/product\/yoast-seo-wordpress\/ -->\n<title>Senior Planlegger - Vega Consultants<\/title>\n<meta name=\"robots\" content=\"index, follow, max-snippet:-1, max-image-preview:large, max-video-preview:-1\" \/>\n<link rel=\"canonical\" href=\"https:\/\/vegaconsultants.no\/en\/jobbsoker\/ledige-stillinger\/senior-planlegger-3003972\/\" \/>\n<meta property=\"og:locale\" content=\"en_GB\" \/>\n<meta property=\"og:type\" content=\"article\" \/>\n<meta property=\"og:title\" content=\"Senior Planlegger - Vega Consultants\" \/>\n<meta property=\"og:description\" content=\"Vega Consultants AS Senior Planlegger Planlegger \u2013 Vil du v\u00e6re med p\u00e5 laget? Vi ser etter en engasjert og strukturert planlegger med 2\u20135 \u00e5rs erfaring som \u00f8nsker \u00e5 bidra til \u00e5 forme fremdriften i spennende prosjekter innen olje- og gassbransjen. Selv om du ikke oppfyller alle kvalifikasjonene nedenfor, vil vi gjerne h\u00f8re fra deg likevel [&hellip;]\" \/>\n<meta property=\"og:url\" content=\"https:\/\/vegaconsultants.no\/en\/jobbsoker\/ledige-stillinger\/senior-planlegger-3003972\/\" \/>\n<meta property=\"og:site_name\" content=\"Vega Consultants\" \/>\n<meta name=\"twitter:card\" content=\"summary_large_image\" \/>\n<meta name=\"twitter:label1\" content=\"Estimated reading time\" \/>\n\t<meta name=\"twitter:data1\" content=\"1 minute\" \/>\n<script type=\"application\/ld+json\" class=\"yoast-schema-graph\">{\"@context\":\"https:\\\/\\\/schema.org\",\"@graph\":[{\"@type\":\"WebPage\",\"@id\":\"https:\\\/\\\/vegaconsultants.no\\\/jobbsoker\\\/ledige-stillinger\\\/senior-planlegger-3003972\\\/\",\"url\":\"https:\\\/\\\/vegaconsultants.no\\\/jobbsoker\\\/ledige-stillinger\\\/senior-planlegger-3003972\\\/\",\"name\":\"Senior Planlegger - Vega Consultants\",\"isPartOf\":{\"@id\":\"https:\\\/\\\/vegaconsultants.no\\\/#website\"},\"datePublished\":\"2025-02-02T22:12:09+00:00\",\"breadcrumb\":{\"@id\":\"https:\\\/\\\/vegaconsultants.no\\\/jobbsoker\\\/ledige-stillinger\\\/senior-planlegger-3003972\\\/#breadcrumb\"},\"inLanguage\":\"en-GB\",\"potentialAction\":[{\"@type\":\"ReadAction\",\"target\":[\"https:\\\/\\\/vegaconsultants.no\\\/jobbsoker\\\/ledige-stillinger\\\/senior-planlegger-3003972\\\/\"]}]},{\"@type\":\"BreadcrumbList\",\"@id\":\"https:\\\/\\\/vegaconsultants.no\\\/jobbsoker\\\/ledige-stillinger\\\/senior-planlegger-3003972\\\/#breadcrumb\",\"itemListElement\":[{\"@type\":\"ListItem\",\"position\":1,\"name\":\"Home\",\"item\":\"https:\\\/\\\/vegaconsultants.no\\\/\"},{\"@type\":\"ListItem\",\"position\":2,\"name\":\"Jobbs\u00f8ker\",\"item\":\"https:\\\/\\\/vegaconsultants.no\\\/jobbsoker\\\/\"},{\"@type\":\"ListItem\",\"position\":3,\"name\":\"Ledige stillinger\",\"item\":\"https:\\\/\\\/vegaconsultants.no\\\/jobbsoker\\\/ledige-stillinger\\\/\"},{\"@type\":\"ListItem\",\"position\":4,\"name\":\"Senior Planlegger\"}]},{\"@type\":\"WebSite\",\"@id\":\"https:\\\/\\\/vegaconsultants.no\\\/#website\",\"url\":\"https:\\\/\\\/vegaconsultants.no\\\/\",\"name\":\"Vega Consultants\",\"description\":\"Rett person p\u00e5 rett plass\",\"potentialAction\":[{\"@type\":\"SearchAction\",\"target\":{\"@type\":\"EntryPoint\",\"urlTemplate\":\"https:\\\/\\\/vegaconsultants.no\\\/?s={search_term_string}\"},\"query-input\":{\"@type\":\"PropertyValueSpecification\",\"valueRequired\":true,\"valueName\":\"search_term_string\"}}],\"inLanguage\":\"en-GB\"}]}<\/script>\n<!-- \/ Yoast SEO plugin. -->","yoast_head_json":{"title":"Senior Planlegger - Vega Consultants","robots":{"index":"index","follow":"follow","max-snippet":"max-snippet:-1","max-image-preview":"max-image-preview:large","max-video-preview":"max-video-preview:-1"},"canonical":"https:\/\/vegaconsultants.no\/en\/jobbsoker\/ledige-stillinger\/senior-planlegger-3003972\/","og_locale":"en_GB","og_type":"article","og_title":"Senior Planlegger - Vega Consultants","og_description":"Vega Consultants AS Senior Planlegger Planlegger \u2013 Vil du v\u00e6re med p\u00e5 laget? Vi ser etter en engasjert og strukturert planlegger med 2\u20135 \u00e5rs erfaring som \u00f8nsker \u00e5 bidra til \u00e5 forme fremdriften i spennende prosjekter innen olje- og gassbransjen. Selv om du ikke oppfyller alle kvalifikasjonene nedenfor, vil vi gjerne h\u00f8re fra deg likevel [&hellip;]","og_url":"https:\/\/vegaconsultants.no\/en\/jobbsoker\/ledige-stillinger\/senior-planlegger-3003972\/","og_site_name":"Vega Consultants","twitter_card":"summary_large_image","twitter_misc":{"Estimated reading time":"1 minute"},"schema":{"@context":"https:\/\/schema.org","@graph":[{"@type":"WebPage","@id":"https:\/\/vegaconsultants.no\/jobbsoker\/ledige-stillinger\/senior-planlegger-3003972\/","url":"https:\/\/vegaconsultants.no\/jobbsoker\/ledige-stillinger\/senior-planlegger-3003972\/","name":"Senior Planlegger - Vega Consultants","isPartOf":{"@id":"https:\/\/vegaconsultants.no\/#website"},"datePublished":"2025-02-02T22:12:09+00:00","breadcrumb":{"@id":"https:\/\/vegaconsultants.no\/jobbsoker\/ledige-stillinger\/senior-planlegger-3003972\/#breadcrumb"},"inLanguage":"en-GB","potentialAction":[{"@type":"ReadAction","target":["https:\/\/vegaconsultants.no\/jobbsoker\/ledige-stillinger\/senior-planlegger-3003972\/"]}]},{"@type":"BreadcrumbList","@id":"https:\/\/vegaconsultants.no\/jobbsoker\/ledige-stillinger\/senior-planlegger-3003972\/#breadcrumb","itemListElement":[{"@type":"ListItem","position":1,"name":"Home","item":"https:\/\/vegaconsultants.no\/"},{"@type":"ListItem","position":2,"name":"Jobbs\u00f8ker","item":"https:\/\/vegaconsultants.no\/jobbsoker\/"},{"@type":"ListItem","position":3,"name":"Ledige stillinger","item":"https:\/\/vegaconsultants.no\/jobbsoker\/ledige-stillinger\/"},{"@type":"ListItem","position":4,"name":"Senior Planlegger"}]},{"@type":"WebSite","@id":"https:\/\/vegaconsultants.no\/#website","url":"https:\/\/vegaconsultants.no\/","name":"Vega Consultants","description":"The right person for the right job","potentialAction":[{"@type":"SearchAction","target":{"@type":"EntryPoint","urlTemplate":"https:\/\/vegaconsultants.no\/?s={search_term_string}"},"query-input":{"@type":"PropertyValueSpecification","valueRequired":true,"valueName":"search_term_string"}}],"inLanguage":"en-GB"}]}},"_links":{"self":[{"href":"https:\/\/vegaconsultants.no\/en\/wp-json\/wp\/v2\/pages\/21507","targetHints":{"allow":["GET"]}}],"collection":[{"href":"https:\/\/vegaconsultants.no\/en\/wp-json\/wp\/v2\/pages"}],"about":[{"href":"https:\/\/vegaconsultants.no\/en\/wp-json\/wp\/v2\/types\/page"}],"author":[{"embeddable":true,"href":"https:\/\/vegaconsultants.no\/en\/wp-json\/wp\/v2\/users\/1"}],"replies":[{"embeddable":true,"href":"https:\/\/vegaconsultants.no\/en\/wp-json\/wp\/v2\/comments?post=21507"}],"version-history":[{"count":0,"href":"https:\/\/vegaconsultants.no\/en\/wp-json\/wp\/v2\/pages\/21507\/revisions"}],"up":[{"embeddable":true,"href":"https:\/\/vegaconsultants.no\/en\/wp-json\/wp\/v2\/pages\/4051"}],"wp:attachment":[{"href":"https:\/\/vegaconsultants.no\/en\/wp-json\/wp\/v2\/media?parent=21507"}],"curies":[{"name":"wp","href":"https:\/\/api.w.org\/{rel}","templated":true}]}}