{"id":21508,"date":"2025-01-31T23:12:22","date_gmt":"2025-01-31T22:12:22","guid":{"rendered":"https:\/\/vegaconsultants.no\/jobbsoker\/ledige-stillinger\/logistikk-koordinator-3003970\/"},"modified":"2025-01-31T23:12:22","modified_gmt":"2025-01-31T22:12:22","slug":"logistikk-koordinator-3003970","status":"publish","type":"page","link":"https:\/\/vegaconsultants.no\/en\/jobbsoker\/ledige-stillinger\/logistikk-koordinator-3003970\/","title":{"rendered":"Logistics coordinator"},"content":{"rendered":"<div class='vacancy-detail'>\n<div class='bold'>Vega Consultants AS<\/div>\n<div class='bold'>Logistics coordinator<\/div>\n<div class='vacancy-body'>\n<h3><strong>Introduction<\/strong><\/h3>\n<p>P\u00e5 vegne av kunde, s\u00f8ker vi en junior logistikkkoordinator\/innkj\u00f8per til \u00e5 bist\u00e5 deres SCM avdeling. Dette er et 5 mnds oppdrag, med mulighet for forlengelse.\u00a0<\/p>\n<p>Du er gjerne i begynnelsen av logistikk karrieren din og har relevant utdanning innen logistikk, innkj\u00f8p, \u00f8konomi og administrasjon eller lignende, og gjerne litt relevant erfaring fra deltidsjobb eller praksisplasser.<\/p>\n<p><\/p>\n<h3><strong>Work tasks<\/strong><\/h3>\n<p><strong>Varekortbehandling<\/strong><\/p>\n<ul>\n<li>Oppdatere og vedlikeholde varekort regelmessig for \u00e5 sikre n\u00f8yaktige data for innkj\u00f8p, lagerstyring og ordreoppfyllelse.<\/li>\n<li>Sikre rettidig oppdatering av kostpriser i systemet i henhold til leverand\u00f8rendringer eller prisgjennomganger.<\/li>\n<\/ul>\n<p><strong>ERP 3.0 Implementeringsst\u00f8tte<\/strong><\/p>\n<ul>\n<li>Assistere i overgangen til ERP 3.0, og sikre at varekort, kostpriser og andre forsyningskjededata blir riktig migrert og oppdatert.<\/li>\n<li>Gi st\u00f8tte til oppl\u00e6ring av teammedlemmer i nye ERP-funksjoner og prosesser.<\/li>\n<\/ul>\n<p><strong>Kitting og emballasjest\u00f8tte<\/strong><\/p>\n<ul>\n<li>Bidra til \u00e5 sette sammen integratorpakker, og sikre at alle komponentene er n\u00f8yaktig montert og pakket for distribusjon.<\/li>\n<li>Oppretthold inventar over materialer som brukes i kitting og s\u00f8rg for at materialene blir omordnet n\u00e5r det er n\u00f8dvendig.<\/li>\n<\/ul>\n<p><strong>Firmware oppdateringer for selskapets maskinvare<\/strong><\/p>\n<ul>\n<li>St\u00f8tte teamet med \u00e5 oppdatere og administrere firmware i selskapets maskinvareprodukter, og sikre at enhetene er klare for distribusjon eller forsendelse.<\/li>\n<li>Koordinere med andre avdelinger (f.eks. maskinvareutvikling, kvalitetssikring) for \u00e5 sikre riktig firmware kontroll.<\/li>\n<\/ul>\n<p><strong>Koordinering av logistikk og lager<\/strong><\/p>\n<ul>\n<li>Bist\u00e5 med logistikkstyring og sikre s\u00f8ml\u00f8s integrasjon med tredjeparts lagere i Europa.<\/li>\n<li>St\u00f8tte koordineringen av inng\u00e5ende og utg\u00e5ende forsendelser, i tett samarbeid med tredjeparts logistikkleverand\u00f8rer.<\/li>\n<\/ul>\n<p><strong>Kostnadskontroll og prosessoptimalisering<\/strong><\/p>\n<ul>\n<li>Opprettholde n\u00f8yaktig data om fraktkostnader, leverand\u00f8rgebyrer og lageromsetning for \u00e5 optimalisere kostnadseffektiviteten i hele forsyningskjeden.<\/li>\n<li>Identifisere muligheter for prosessforbedringer og bist\u00e5 med \u00e5 implementere mer effektive m\u00e5ter \u00e5 administrere varelager, logistikk og innkj\u00f8p.<\/li>\n<\/ul>\n<p><strong>Tverrfunksjonelt samarbeid<\/strong><\/p>\n<ul>\n<li>Arbeide tett med innkj\u00f8p, drift, salg og andre avdelinger for \u00e5 sikre at alle innkj\u00f8psaktiviteter er i tr\u00e5d med forretningsm\u00e5l og kundenes forventninger.<\/li>\n<li>Bidra til \u00e5 l\u00f8se forsyningskjedeproblemer etter hvert som de oppst\u00e5r, og sikre minimal innvirkning p\u00e5 kundenes leveringsplaner.<\/li>\n<\/ul>\n<h3><\/h3>\n<h3><strong>\u00d8nsket erfaring, kvalifikasjoner og egenskaper <\/strong><\/h3>\n<ul>\n<li>Bachelor innen logistikk, innkj\u00f8p, \u00f8konomi og administrasjon eller lignende. Relevant erfaring kan kompensere for manglende utdanning.<\/li>\n<li>Gjerne 1-2 \u00e5rs erfaring i forsyningskjede-, logistikk- eller driftsst\u00f8tteroller. Gunstig med slik erfaring i et h\u00f8yt-tempo, teknologidrevet milj\u00f8.<\/li>\n<li>Kjennskap til ERP-systemer (gjerne ERP 3.0 eller lignende) er en fordel.<\/li>\n<li>Du jobber n\u00f8yaktig og er oppmerksom p\u00e5 detaljer.\u00a0<\/li>\n<li>Du har gode organisasjonsevner, og evnen til \u00e5 m\u00f8te stramme tidsfrister.\u00a0<\/li>\n<li>Du er fleksibel og kan endre prioriteringer ved behov.<\/li>\n<\/ul>\n<h3><\/h3>\n<h3><strong>Interested?<\/strong><\/h3>\n<p><strong><em>For sp\u00f8rsm\u00e5l ang\u00e5ende stillingen, ta kontakt med Leah Jespersen p\u00e5 tlf. 41 33 29 39<\/em><\/strong><\/p>\n<\/div>\n<div class='vega-button'><span><a href='https:\/\/secure.webtemp.no\/WebtempCVPortal\/startsession.aspx?page=stillingsingle&amp;k=169&amp;id_utleie=3003970'>More info\/search here<\/a><\/span><\/div>\n<p><\/p>\n<hr>\n<div>\n<h4>REFNR<\/h4>\n<p>402875<\/p><\/div>\n<div>\n<h4>POSITION TYPE<\/h4>\n<p>Full-time<br \/>Temporary position\/engagement<\/div>\n<div>\n<h4>APPLICATION DEADLINE<\/h4>\n<p>Candidates will be assessed on an ongoing basis.<\/p><\/div>\n<div class='vacancy-consultant'>\n<h4>CONTACT PERSON(S)<\/h4>\n<div>Leah Jespersen<\/div>\n<div>41 33 29 39<\/div>\n<div>leah.jespersen@vegaconsultants.no<\/div>\n<\/div>\n<\/div>","protected":false},"excerpt":{"rendered":"<p>Vega Consultants AS Logistikk koordinator Innledning P\u00e5 vegne av kunde, s\u00f8ker vi en junior logistikkkoordinator\/innkj\u00f8per til \u00e5 bist\u00e5 deres SCM avdeling. Dette er et 5 mnds oppdrag, med mulighet for forlengelse.\u00a0 Du er gjerne i begynnelsen av logistikk karrieren din og har relevant utdanning innen logistikk, innkj\u00f8p, \u00f8konomi og administrasjon eller lignende, og gjerne litt [&hellip;]<\/p>\n","protected":false},"author":1,"featured_media":0,"parent":4051,"menu_order":0,"comment_status":"closed","ping_status":"closed","template":"","meta":{"_et_pb_use_builder":"","_et_pb_old_content":"","_et_gb_content_width":"","footnotes":""},"class_list":["post-21508","page","type-page","status-publish","hentry"],"yoast_head":"<!-- This site is optimized with the Yoast SEO plugin v27.4 - https:\/\/yoast.com\/product\/yoast-seo-wordpress\/ -->\n<title>Logistikk koordinator - Vega Consultants<\/title>\n<meta name=\"robots\" content=\"index, follow, max-snippet:-1, max-image-preview:large, max-video-preview:-1\" \/>\n<link rel=\"canonical\" href=\"https:\/\/vegaconsultants.no\/en\/jobbsoker\/ledige-stillinger\/logistikk-koordinator-3003970\/\" \/>\n<meta property=\"og:locale\" content=\"en_GB\" \/>\n<meta property=\"og:type\" content=\"article\" \/>\n<meta property=\"og:title\" content=\"Logistikk koordinator - Vega Consultants\" \/>\n<meta property=\"og:description\" content=\"Vega Consultants AS Logistikk koordinator Innledning P\u00e5 vegne av kunde, s\u00f8ker vi en junior logistikkkoordinator\/innkj\u00f8per til \u00e5 bist\u00e5 deres SCM avdeling. Dette er et 5 mnds oppdrag, med mulighet for forlengelse.\u00a0 Du er gjerne i begynnelsen av logistikk karrieren din og har relevant utdanning innen logistikk, innkj\u00f8p, \u00f8konomi og administrasjon eller lignende, og gjerne litt [&hellip;]\" \/>\n<meta property=\"og:url\" content=\"https:\/\/vegaconsultants.no\/en\/jobbsoker\/ledige-stillinger\/logistikk-koordinator-3003970\/\" \/>\n<meta property=\"og:site_name\" content=\"Vega Consultants\" \/>\n<meta name=\"twitter:card\" content=\"summary_large_image\" \/>\n<meta name=\"twitter:label1\" content=\"Estimated reading time\" \/>\n\t<meta name=\"twitter:data1\" content=\"2 minutes\" \/>\n<script type=\"application\/ld+json\" class=\"yoast-schema-graph\">{\"@context\":\"https:\\\/\\\/schema.org\",\"@graph\":[{\"@type\":\"WebPage\",\"@id\":\"https:\\\/\\\/vegaconsultants.no\\\/jobbsoker\\\/ledige-stillinger\\\/logistikk-koordinator-3003970\\\/\",\"url\":\"https:\\\/\\\/vegaconsultants.no\\\/jobbsoker\\\/ledige-stillinger\\\/logistikk-koordinator-3003970\\\/\",\"name\":\"Logistikk koordinator - Vega Consultants\",\"isPartOf\":{\"@id\":\"https:\\\/\\\/vegaconsultants.no\\\/#website\"},\"datePublished\":\"2025-01-31T22:12:22+00:00\",\"breadcrumb\":{\"@id\":\"https:\\\/\\\/vegaconsultants.no\\\/jobbsoker\\\/ledige-stillinger\\\/logistikk-koordinator-3003970\\\/#breadcrumb\"},\"inLanguage\":\"en-GB\",\"potentialAction\":[{\"@type\":\"ReadAction\",\"target\":[\"https:\\\/\\\/vegaconsultants.no\\\/jobbsoker\\\/ledige-stillinger\\\/logistikk-koordinator-3003970\\\/\"]}]},{\"@type\":\"BreadcrumbList\",\"@id\":\"https:\\\/\\\/vegaconsultants.no\\\/jobbsoker\\\/ledige-stillinger\\\/logistikk-koordinator-3003970\\\/#breadcrumb\",\"itemListElement\":[{\"@type\":\"ListItem\",\"position\":1,\"name\":\"Home\",\"item\":\"https:\\\/\\\/vegaconsultants.no\\\/\"},{\"@type\":\"ListItem\",\"position\":2,\"name\":\"Jobbs\u00f8ker\",\"item\":\"https:\\\/\\\/vegaconsultants.no\\\/jobbsoker\\\/\"},{\"@type\":\"ListItem\",\"position\":3,\"name\":\"Ledige stillinger\",\"item\":\"https:\\\/\\\/vegaconsultants.no\\\/jobbsoker\\\/ledige-stillinger\\\/\"},{\"@type\":\"ListItem\",\"position\":4,\"name\":\"Logistikk koordinator\"}]},{\"@type\":\"WebSite\",\"@id\":\"https:\\\/\\\/vegaconsultants.no\\\/#website\",\"url\":\"https:\\\/\\\/vegaconsultants.no\\\/\",\"name\":\"Vega Consultants\",\"description\":\"Rett person p\u00e5 rett plass\",\"potentialAction\":[{\"@type\":\"SearchAction\",\"target\":{\"@type\":\"EntryPoint\",\"urlTemplate\":\"https:\\\/\\\/vegaconsultants.no\\\/?s={search_term_string}\"},\"query-input\":{\"@type\":\"PropertyValueSpecification\",\"valueRequired\":true,\"valueName\":\"search_term_string\"}}],\"inLanguage\":\"en-GB\"}]}<\/script>\n<!-- \/ Yoast SEO plugin. -->","yoast_head_json":{"title":"Logistikk koordinator - Vega Consultants","robots":{"index":"index","follow":"follow","max-snippet":"max-snippet:-1","max-image-preview":"max-image-preview:large","max-video-preview":"max-video-preview:-1"},"canonical":"https:\/\/vegaconsultants.no\/en\/jobbsoker\/ledige-stillinger\/logistikk-koordinator-3003970\/","og_locale":"en_GB","og_type":"article","og_title":"Logistikk koordinator - Vega Consultants","og_description":"Vega Consultants AS Logistikk koordinator Innledning P\u00e5 vegne av kunde, s\u00f8ker vi en junior logistikkkoordinator\/innkj\u00f8per til \u00e5 bist\u00e5 deres SCM avdeling. Dette er et 5 mnds oppdrag, med mulighet for forlengelse.\u00a0 Du er gjerne i begynnelsen av logistikk karrieren din og har relevant utdanning innen logistikk, innkj\u00f8p, \u00f8konomi og administrasjon eller lignende, og gjerne litt [&hellip;]","og_url":"https:\/\/vegaconsultants.no\/en\/jobbsoker\/ledige-stillinger\/logistikk-koordinator-3003970\/","og_site_name":"Vega Consultants","twitter_card":"summary_large_image","twitter_misc":{"Estimated reading time":"2 minutes"},"schema":{"@context":"https:\/\/schema.org","@graph":[{"@type":"WebPage","@id":"https:\/\/vegaconsultants.no\/jobbsoker\/ledige-stillinger\/logistikk-koordinator-3003970\/","url":"https:\/\/vegaconsultants.no\/jobbsoker\/ledige-stillinger\/logistikk-koordinator-3003970\/","name":"Logistikk koordinator - Vega Consultants","isPartOf":{"@id":"https:\/\/vegaconsultants.no\/#website"},"datePublished":"2025-01-31T22:12:22+00:00","breadcrumb":{"@id":"https:\/\/vegaconsultants.no\/jobbsoker\/ledige-stillinger\/logistikk-koordinator-3003970\/#breadcrumb"},"inLanguage":"en-GB","potentialAction":[{"@type":"ReadAction","target":["https:\/\/vegaconsultants.no\/jobbsoker\/ledige-stillinger\/logistikk-koordinator-3003970\/"]}]},{"@type":"BreadcrumbList","@id":"https:\/\/vegaconsultants.no\/jobbsoker\/ledige-stillinger\/logistikk-koordinator-3003970\/#breadcrumb","itemListElement":[{"@type":"ListItem","position":1,"name":"Home","item":"https:\/\/vegaconsultants.no\/"},{"@type":"ListItem","position":2,"name":"Jobbs\u00f8ker","item":"https:\/\/vegaconsultants.no\/jobbsoker\/"},{"@type":"ListItem","position":3,"name":"Ledige stillinger","item":"https:\/\/vegaconsultants.no\/jobbsoker\/ledige-stillinger\/"},{"@type":"ListItem","position":4,"name":"Logistikk koordinator"}]},{"@type":"WebSite","@id":"https:\/\/vegaconsultants.no\/#website","url":"https:\/\/vegaconsultants.no\/","name":"Vega Consultants","description":"The right person for the right job","potentialAction":[{"@type":"SearchAction","target":{"@type":"EntryPoint","urlTemplate":"https:\/\/vegaconsultants.no\/?s={search_term_string}"},"query-input":{"@type":"PropertyValueSpecification","valueRequired":true,"valueName":"search_term_string"}}],"inLanguage":"en-GB"}]}},"_links":{"self":[{"href":"https:\/\/vegaconsultants.no\/en\/wp-json\/wp\/v2\/pages\/21508","targetHints":{"allow":["GET"]}}],"collection":[{"href":"https:\/\/vegaconsultants.no\/en\/wp-json\/wp\/v2\/pages"}],"about":[{"href":"https:\/\/vegaconsultants.no\/en\/wp-json\/wp\/v2\/types\/page"}],"author":[{"embeddable":true,"href":"https:\/\/vegaconsultants.no\/en\/wp-json\/wp\/v2\/users\/1"}],"replies":[{"embeddable":true,"href":"https:\/\/vegaconsultants.no\/en\/wp-json\/wp\/v2\/comments?post=21508"}],"version-history":[{"count":0,"href":"https:\/\/vegaconsultants.no\/en\/wp-json\/wp\/v2\/pages\/21508\/revisions"}],"up":[{"embeddable":true,"href":"https:\/\/vegaconsultants.no\/en\/wp-json\/wp\/v2\/pages\/4051"}],"wp:attachment":[{"href":"https:\/\/vegaconsultants.no\/en\/wp-json\/wp\/v2\/media?parent=21508"}],"curies":[{"name":"wp","href":"https:\/\/api.w.org\/{rel}","templated":true}]}}