{"id":21510,"date":"2025-01-11T23:17:08","date_gmt":"2025-01-11T22:17:08","guid":{"rendered":"https:\/\/vegaconsultants.no\/jobbsoker\/ledige-stillinger\/senior-external-environment-climate-professional-3003978\/"},"modified":"2025-01-11T23:17:08","modified_gmt":"2025-01-11T22:17:08","slug":"senior-external-environment-climate-professional-3003978","status":"publish","type":"page","link":"https:\/\/vegaconsultants.no\/en\/jobbsoker\/ledige-stillinger\/senior-external-environment-climate-professional-3003978\/","title":{"rendered":"Senior External Environment &amp; Climate Professional"},"content":{"rendered":"<div class='vacancy-detail'>\n<div class='bold'>Vega Consultants AS<\/div>\n<div class='bold'>Senior External Environment &amp; Climate Professional <\/div>\n<div class='vacancy-body'>\n<h3><\/h3>\n<h3>Arbeidsoppgaver:<\/h3>\n<ul>\n<li>Skrive s\u00f8knad for boreaktivitet p\u00e5 SSP<\/li>\n<li>Oppf\u00f8lging av oms\u00f8kte prosjekt aktiviteter i 2025 og rapportering.<\/li>\n<li>Sjekke behov for endringer i tillatelse rammer og f\u00f8lge med p\u00e5 fremdrift og eventuelt endringer i planer<\/li>\n<li>Ytre milj\u00f8 r\u00e5dgiving til prosjektene<\/li>\n<li>BAT vurderinger for Volare<\/li>\n<li>Milj\u00f8risiko oppdateringer<\/li>\n<\/ul>\n<h3>60% stilling<\/h3>\n<h3><\/h3>\n<p>For mer informasjon om stillingen kan du ringe Grethe Borg p\u00e5 905 21 929<\/p>\n<\/div>\n<div class='vega-button'><span><a href='https:\/\/secure.webtemp.no\/WebtempCVPortal\/startsession.aspx?page=stillingsingle&amp;k=169&amp;id_utleie=3003978'>Mer info\/s\u00f8k her<\/a><\/span><\/div>\n<p><\/p>\n<hr>\n<div>\n<h4>REFNR<\/h4>\n<p>402882<\/p><\/div>\n<div>\n<h4>STILLINGSTYPE<\/h4>\n<p>Heltid<br \/>Vikariat\/engasjement<\/div>\n<div>\n<h4>S\u00d8KNADSFRIST<\/h4>\n<p>11.01.2025<\/p><\/div>\n<div class='vacancy-consultant'>\n<h4>KONTAKTPERSON(ER)<\/h4>\n<div>Grethe Borg<\/div>\n<div>90 52 19 29<\/div>\n<div>grethe.borg@vegaconsultants.no<\/div>\n<\/div>\n<\/div>","protected":false},"excerpt":{"rendered":"<p>Vega Consultants AS Senior External Environment &amp; Climate Professional Arbeidsoppgaver: Skrive s\u00f8knad for boreaktivitet p\u00e5 SSP Oppf\u00f8lging av oms\u00f8kte prosjekt aktiviteter i 2025 og rapportering. Sjekke behov for endringer i tillatelse rammer og f\u00f8lge med p\u00e5 fremdrift og eventuelt endringer i planer Ytre milj\u00f8 r\u00e5dgiving til prosjektene BAT vurderinger for Volare Milj\u00f8risiko oppdateringer 60% stilling [&hellip;]<\/p>\n","protected":false},"author":1,"featured_media":0,"parent":4051,"menu_order":0,"comment_status":"closed","ping_status":"closed","template":"","meta":{"_et_pb_use_builder":"","_et_pb_old_content":"","_et_gb_content_width":"","footnotes":""},"class_list":["post-21510","page","type-page","status-publish","hentry"],"yoast_head":"<!-- This site is optimized with the Yoast SEO plugin v27.3 - https:\/\/yoast.com\/product\/yoast-seo-wordpress\/ -->\n<title>Senior External Environment &amp; Climate Professional - Vega Consultants<\/title>\n<meta name=\"robots\" content=\"index, follow, max-snippet:-1, max-image-preview:large, max-video-preview:-1\" \/>\n<link rel=\"canonical\" href=\"https:\/\/vegaconsultants.no\/en\/jobbsoker\/ledige-stillinger\/senior-external-environment-climate-professional-3003978\/\" \/>\n<meta property=\"og:locale\" content=\"en_GB\" \/>\n<meta property=\"og:type\" content=\"article\" \/>\n<meta property=\"og:title\" content=\"Senior External Environment &amp; Climate Professional - Vega Consultants\" \/>\n<meta property=\"og:description\" content=\"Vega Consultants AS Senior External Environment &amp; Climate Professional Arbeidsoppgaver: Skrive s\u00f8knad for boreaktivitet p\u00e5 SSP Oppf\u00f8lging av oms\u00f8kte prosjekt aktiviteter i 2025 og rapportering. Sjekke behov for endringer i tillatelse rammer og f\u00f8lge med p\u00e5 fremdrift og eventuelt endringer i planer Ytre milj\u00f8 r\u00e5dgiving til prosjektene BAT vurderinger for Volare Milj\u00f8risiko oppdateringer 60% stilling [&hellip;]\" \/>\n<meta property=\"og:url\" content=\"https:\/\/vegaconsultants.no\/en\/jobbsoker\/ledige-stillinger\/senior-external-environment-climate-professional-3003978\/\" \/>\n<meta property=\"og:site_name\" content=\"Vega Consultants\" \/>\n<meta name=\"twitter:card\" content=\"summary_large_image\" \/>\n<script type=\"application\/ld+json\" class=\"yoast-schema-graph\">{\"@context\":\"https:\\\/\\\/schema.org\",\"@graph\":[{\"@type\":\"WebPage\",\"@id\":\"https:\\\/\\\/vegaconsultants.no\\\/jobbsoker\\\/ledige-stillinger\\\/senior-external-environment-climate-professional-3003978\\\/\",\"url\":\"https:\\\/\\\/vegaconsultants.no\\\/jobbsoker\\\/ledige-stillinger\\\/senior-external-environment-climate-professional-3003978\\\/\",\"name\":\"Senior External Environment &amp; Climate Professional - Vega Consultants\",\"isPartOf\":{\"@id\":\"https:\\\/\\\/vegaconsultants.no\\\/#website\"},\"datePublished\":\"2025-01-11T22:17:08+00:00\",\"breadcrumb\":{\"@id\":\"https:\\\/\\\/vegaconsultants.no\\\/jobbsoker\\\/ledige-stillinger\\\/senior-external-environment-climate-professional-3003978\\\/#breadcrumb\"},\"inLanguage\":\"en-GB\",\"potentialAction\":[{\"@type\":\"ReadAction\",\"target\":[\"https:\\\/\\\/vegaconsultants.no\\\/jobbsoker\\\/ledige-stillinger\\\/senior-external-environment-climate-professional-3003978\\\/\"]}]},{\"@type\":\"BreadcrumbList\",\"@id\":\"https:\\\/\\\/vegaconsultants.no\\\/jobbsoker\\\/ledige-stillinger\\\/senior-external-environment-climate-professional-3003978\\\/#breadcrumb\",\"itemListElement\":[{\"@type\":\"ListItem\",\"position\":1,\"name\":\"Home\",\"item\":\"https:\\\/\\\/vegaconsultants.no\\\/\"},{\"@type\":\"ListItem\",\"position\":2,\"name\":\"Jobbs\u00f8ker\",\"item\":\"https:\\\/\\\/vegaconsultants.no\\\/jobbsoker\\\/\"},{\"@type\":\"ListItem\",\"position\":3,\"name\":\"Ledige stillinger\",\"item\":\"https:\\\/\\\/vegaconsultants.no\\\/jobbsoker\\\/ledige-stillinger\\\/\"},{\"@type\":\"ListItem\",\"position\":4,\"name\":\"Senior External Environment &amp; Climate Professional\"}]},{\"@type\":\"WebSite\",\"@id\":\"https:\\\/\\\/vegaconsultants.no\\\/#website\",\"url\":\"https:\\\/\\\/vegaconsultants.no\\\/\",\"name\":\"Vega Consultants\",\"description\":\"Rett person p\u00e5 rett plass\",\"potentialAction\":[{\"@type\":\"SearchAction\",\"target\":{\"@type\":\"EntryPoint\",\"urlTemplate\":\"https:\\\/\\\/vegaconsultants.no\\\/?s={search_term_string}\"},\"query-input\":{\"@type\":\"PropertyValueSpecification\",\"valueRequired\":true,\"valueName\":\"search_term_string\"}}],\"inLanguage\":\"en-GB\"}]}<\/script>\n<!-- \/ Yoast SEO plugin. -->","yoast_head_json":{"title":"Senior External Environment &amp; Climate Professional - Vega Consultants","robots":{"index":"index","follow":"follow","max-snippet":"max-snippet:-1","max-image-preview":"max-image-preview:large","max-video-preview":"max-video-preview:-1"},"canonical":"https:\/\/vegaconsultants.no\/en\/jobbsoker\/ledige-stillinger\/senior-external-environment-climate-professional-3003978\/","og_locale":"en_GB","og_type":"article","og_title":"Senior External Environment &amp; Climate Professional - Vega Consultants","og_description":"Vega Consultants AS Senior External Environment &amp; Climate Professional Arbeidsoppgaver: Skrive s\u00f8knad for boreaktivitet p\u00e5 SSP Oppf\u00f8lging av oms\u00f8kte prosjekt aktiviteter i 2025 og rapportering. Sjekke behov for endringer i tillatelse rammer og f\u00f8lge med p\u00e5 fremdrift og eventuelt endringer i planer Ytre milj\u00f8 r\u00e5dgiving til prosjektene BAT vurderinger for Volare Milj\u00f8risiko oppdateringer 60% stilling [&hellip;]","og_url":"https:\/\/vegaconsultants.no\/en\/jobbsoker\/ledige-stillinger\/senior-external-environment-climate-professional-3003978\/","og_site_name":"Vega Consultants","twitter_card":"summary_large_image","schema":{"@context":"https:\/\/schema.org","@graph":[{"@type":"WebPage","@id":"https:\/\/vegaconsultants.no\/jobbsoker\/ledige-stillinger\/senior-external-environment-climate-professional-3003978\/","url":"https:\/\/vegaconsultants.no\/jobbsoker\/ledige-stillinger\/senior-external-environment-climate-professional-3003978\/","name":"Senior External Environment &amp; Climate Professional - Vega Consultants","isPartOf":{"@id":"https:\/\/vegaconsultants.no\/#website"},"datePublished":"2025-01-11T22:17:08+00:00","breadcrumb":{"@id":"https:\/\/vegaconsultants.no\/jobbsoker\/ledige-stillinger\/senior-external-environment-climate-professional-3003978\/#breadcrumb"},"inLanguage":"en-GB","potentialAction":[{"@type":"ReadAction","target":["https:\/\/vegaconsultants.no\/jobbsoker\/ledige-stillinger\/senior-external-environment-climate-professional-3003978\/"]}]},{"@type":"BreadcrumbList","@id":"https:\/\/vegaconsultants.no\/jobbsoker\/ledige-stillinger\/senior-external-environment-climate-professional-3003978\/#breadcrumb","itemListElement":[{"@type":"ListItem","position":1,"name":"Home","item":"https:\/\/vegaconsultants.no\/"},{"@type":"ListItem","position":2,"name":"Jobbs\u00f8ker","item":"https:\/\/vegaconsultants.no\/jobbsoker\/"},{"@type":"ListItem","position":3,"name":"Ledige stillinger","item":"https:\/\/vegaconsultants.no\/jobbsoker\/ledige-stillinger\/"},{"@type":"ListItem","position":4,"name":"Senior External Environment &amp; Climate Professional"}]},{"@type":"WebSite","@id":"https:\/\/vegaconsultants.no\/#website","url":"https:\/\/vegaconsultants.no\/","name":"Vega Consultants","description":"The right person for the right job","potentialAction":[{"@type":"SearchAction","target":{"@type":"EntryPoint","urlTemplate":"https:\/\/vegaconsultants.no\/?s={search_term_string}"},"query-input":{"@type":"PropertyValueSpecification","valueRequired":true,"valueName":"search_term_string"}}],"inLanguage":"en-GB"}]}},"_links":{"self":[{"href":"https:\/\/vegaconsultants.no\/en\/wp-json\/wp\/v2\/pages\/21510","targetHints":{"allow":["GET"]}}],"collection":[{"href":"https:\/\/vegaconsultants.no\/en\/wp-json\/wp\/v2\/pages"}],"about":[{"href":"https:\/\/vegaconsultants.no\/en\/wp-json\/wp\/v2\/types\/page"}],"author":[{"embeddable":true,"href":"https:\/\/vegaconsultants.no\/en\/wp-json\/wp\/v2\/users\/1"}],"replies":[{"embeddable":true,"href":"https:\/\/vegaconsultants.no\/en\/wp-json\/wp\/v2\/comments?post=21510"}],"version-history":[{"count":0,"href":"https:\/\/vegaconsultants.no\/en\/wp-json\/wp\/v2\/pages\/21510\/revisions"}],"up":[{"embeddable":true,"href":"https:\/\/vegaconsultants.no\/en\/wp-json\/wp\/v2\/pages\/4051"}],"wp:attachment":[{"href":"https:\/\/vegaconsultants.no\/en\/wp-json\/wp\/v2\/media?parent=21510"}],"curies":[{"name":"wp","href":"https:\/\/api.w.org\/{rel}","templated":true}]}}