{"id":21538,"date":"2025-02-27T23:12:22","date_gmt":"2025-02-27T22:12:22","guid":{"rendered":"https:\/\/vegaconsultants.no\/jobbsoker\/ledige-stillinger\/planlegger-revisjonsstans-og-hoyaktivitetsperiode-3004015\/"},"modified":"2025-02-27T23:12:22","modified_gmt":"2025-02-27T22:12:22","slug":"planlegger-revisjonsstans-og-hoyaktivitetsperiode-3004015","status":"publish","type":"page","link":"https:\/\/vegaconsultants.no\/en\/jobbsoker\/ledige-stillinger\/planlegger-revisjonsstans-og-hoyaktivitetsperiode-3004015\/","title":{"rendered":"Planning audit shutdowns and peak activity periods"},"content":{"rendered":"<div class='vacancy-detail'>\n<div class='bold'>Vega Consultants AS<\/div>\n<div class='bold'>Planning audit shutdowns and peak activity periods<\/div>\n<div class='vacancy-body'>\n<p><strong>Place: <\/strong>Stavanger\u00a0<\/p>\n<p><strong>Period:<\/strong> 28.02.2025 \u2013 30.03.2026<\/p>\n<p><\/p>\n<p><em>The Audit Outage Services unit is responsible for preparing, planning and implementing audit outages on the Norwegian continental shelf. Audit outages result in a shutdown of production on the installation and therefore also loss of production\/income. Implementing audit outages without safety incidents and within the specified duration is a high priority. The role of the audit outage\/high activity period planner is a central part of the audit outage team, which is responsible for maturing, planning and coordinating the implementation of the audit outage. The role reports to the audit outage manager. The position is in Stavanger and will work towards one of the facilities supported from the operations office in Stavanger.<\/em><\/p>\n<p><\/p>\n<h3><strong>Work tasks <\/strong><\/h3>\n<ul>\n<li>Ensure compliance with established planning processes for the audit suspension and contribute to their further development\u00a0<\/li>\n<li>Establish a detailed network plan for the audit stoppage through interaction with internal and external stakeholders\u00a0<\/li>\n<li>Ensure optimal utilization of resources for efficient implementation of audit shutdowns\u00a0<\/li>\n<li>Establish and implement routines for progress reporting in the implementation of audit stops\u00a0<\/li>\n<li>Analyze progress and identify necessary actions to ensure goal achievement for the audit stoppage\u00a0<\/li>\n<li>Communicate plan status to involved stakeholders and provide support for prioritization during the audit shutdown\u00a0<\/li>\n<li>Contribute to the development of best practices for audit planning and in the unit&#039;s improvement activities<\/li>\n<\/ul>\n<h3><strong>Competencies<\/strong><\/h3>\n<ul>\n<li>Good English and Norwegian skills, oral and written\u00a0<\/li>\n<li>Good knowledge of using Safran and SAP\u00a0<\/li>\n<li>Experience as a planner\u00a0<\/li>\n<li>Relationship builder with good collaboration skills in interdisciplinary teams\u00a0<\/li>\n<li>Accurate and systematic (experience in systematizing large amounts of information)\u00a0<\/li>\n<li>Proactive and results-oriented\u00a0<\/li>\n<li>Flexible (Will require travel offshore in connection with audit shutdown, as well as be able to handle periods of high workload during the shutdown)<\/li>\n<\/ul>\n<p><\/p>\n<p>Does this sound like something for you? Get in touch to hear what we can offer!<\/p>\n<\/div>\n<div class='vega-button'><span><a href='https:\/\/secure.webtemp.no\/WebtempCVPortal\/startsession.aspx?page=stillingsingle&amp;k=169&amp;id_utleie=3004015'>More info\/search here<\/a><\/span><\/div>\n<p><\/p>\n<hr>\n<div>\n<h4>REFNR<\/h4>\n<p>402915<\/p><\/div>\n<div>\n<h4>POSITION TYPE<\/h4>\n<p>Full-time<br \/>Temporary position\/engagement<\/div>\n<div>\n<h4>APPLICATION DEADLINE<\/h4>\n<p>ASAP<\/p><\/div>\n<div class='vacancy-consultant'>\n<h4>CONTACT PERSON(S)<\/h4>\n<div>Sarah Svab\u00f8<\/div>\n<div>45 68 08 50<\/div>\n<div>sarah.svabo@vegaconsultants.no<\/div>\n<\/div>\n<\/div>","protected":false},"excerpt":{"rendered":"<p>Vega Consultants AS Planlegger revisjonsstans og h\u00f8yaktivitetsperiode Sted: Stavanger\u00a0 Periode: 28.02.2025 &#8211; 30.03.2026 Enheten revisjonsstanstjenester har ansvar for forberede, planlegge og gjennomf\u00f8re revisjonsstanser p\u00e5 norsk sokkel. Revisjonsstanser medf\u00f8rer nedstening av produksjonen p\u00e5 installasjonen og derfor ogs\u00e5 produksjonstap\/inntektstap. Gjennomf\u00f8ring av revisjonsstanser uten sikkerhetshendelser og innenfor angitt varighet er h\u00f8yt prioritert. Rollen som planlegger for revisjonsstans\/h\u00f8yaktivitetsperiode er [&hellip;]<\/p>\n","protected":false},"author":1,"featured_media":0,"parent":4051,"menu_order":0,"comment_status":"closed","ping_status":"closed","template":"","meta":{"_et_pb_use_builder":"","_et_pb_old_content":"","_et_gb_content_width":"","footnotes":""},"class_list":["post-21538","page","type-page","status-publish","hentry"],"yoast_head":"<!-- This site is optimized with the Yoast SEO plugin v27.4 - https:\/\/yoast.com\/product\/yoast-seo-wordpress\/ -->\n<title>Planlegger revisjonsstans og h\u00f8yaktivitetsperiode - Vega Consultants<\/title>\n<meta name=\"robots\" content=\"index, follow, max-snippet:-1, max-image-preview:large, max-video-preview:-1\" \/>\n<link rel=\"canonical\" href=\"https:\/\/vegaconsultants.no\/en\/jobbsoker\/ledige-stillinger\/planlegger-revisjonsstans-og-hoyaktivitetsperiode-3004015\/\" \/>\n<meta property=\"og:locale\" content=\"en_GB\" \/>\n<meta property=\"og:type\" content=\"article\" \/>\n<meta property=\"og:title\" content=\"Planlegger revisjonsstans og h\u00f8yaktivitetsperiode - Vega Consultants\" \/>\n<meta property=\"og:description\" content=\"Vega Consultants AS Planlegger revisjonsstans og h\u00f8yaktivitetsperiode Sted: Stavanger\u00a0 Periode: 28.02.2025 &#8211; 30.03.2026 Enheten revisjonsstanstjenester har ansvar for forberede, planlegge og gjennomf\u00f8re revisjonsstanser p\u00e5 norsk sokkel. Revisjonsstanser medf\u00f8rer nedstening av produksjonen p\u00e5 installasjonen og derfor ogs\u00e5 produksjonstap\/inntektstap. Gjennomf\u00f8ring av revisjonsstanser uten sikkerhetshendelser og innenfor angitt varighet er h\u00f8yt prioritert. Rollen som planlegger for revisjonsstans\/h\u00f8yaktivitetsperiode er [&hellip;]\" \/>\n<meta property=\"og:url\" content=\"https:\/\/vegaconsultants.no\/en\/jobbsoker\/ledige-stillinger\/planlegger-revisjonsstans-og-hoyaktivitetsperiode-3004015\/\" \/>\n<meta property=\"og:site_name\" content=\"Vega Consultants\" \/>\n<meta name=\"twitter:card\" content=\"summary_large_image\" \/>\n<meta name=\"twitter:label1\" content=\"Estimated reading time\" \/>\n\t<meta name=\"twitter:data1\" content=\"1 minute\" \/>\n<script type=\"application\/ld+json\" class=\"yoast-schema-graph\">{\"@context\":\"https:\\\/\\\/schema.org\",\"@graph\":[{\"@type\":\"WebPage\",\"@id\":\"https:\\\/\\\/vegaconsultants.no\\\/jobbsoker\\\/ledige-stillinger\\\/planlegger-revisjonsstans-og-hoyaktivitetsperiode-3004015\\\/\",\"url\":\"https:\\\/\\\/vegaconsultants.no\\\/jobbsoker\\\/ledige-stillinger\\\/planlegger-revisjonsstans-og-hoyaktivitetsperiode-3004015\\\/\",\"name\":\"Planlegger revisjonsstans og h\u00f8yaktivitetsperiode - Vega Consultants\",\"isPartOf\":{\"@id\":\"https:\\\/\\\/vegaconsultants.no\\\/#website\"},\"datePublished\":\"2025-02-27T22:12:22+00:00\",\"breadcrumb\":{\"@id\":\"https:\\\/\\\/vegaconsultants.no\\\/jobbsoker\\\/ledige-stillinger\\\/planlegger-revisjonsstans-og-hoyaktivitetsperiode-3004015\\\/#breadcrumb\"},\"inLanguage\":\"en-GB\",\"potentialAction\":[{\"@type\":\"ReadAction\",\"target\":[\"https:\\\/\\\/vegaconsultants.no\\\/jobbsoker\\\/ledige-stillinger\\\/planlegger-revisjonsstans-og-hoyaktivitetsperiode-3004015\\\/\"]}]},{\"@type\":\"BreadcrumbList\",\"@id\":\"https:\\\/\\\/vegaconsultants.no\\\/jobbsoker\\\/ledige-stillinger\\\/planlegger-revisjonsstans-og-hoyaktivitetsperiode-3004015\\\/#breadcrumb\",\"itemListElement\":[{\"@type\":\"ListItem\",\"position\":1,\"name\":\"Home\",\"item\":\"https:\\\/\\\/vegaconsultants.no\\\/\"},{\"@type\":\"ListItem\",\"position\":2,\"name\":\"Jobbs\u00f8ker\",\"item\":\"https:\\\/\\\/vegaconsultants.no\\\/jobbsoker\\\/\"},{\"@type\":\"ListItem\",\"position\":3,\"name\":\"Ledige stillinger\",\"item\":\"https:\\\/\\\/vegaconsultants.no\\\/jobbsoker\\\/ledige-stillinger\\\/\"},{\"@type\":\"ListItem\",\"position\":4,\"name\":\"Planlegger revisjonsstans og h\u00f8yaktivitetsperiode\"}]},{\"@type\":\"WebSite\",\"@id\":\"https:\\\/\\\/vegaconsultants.no\\\/#website\",\"url\":\"https:\\\/\\\/vegaconsultants.no\\\/\",\"name\":\"Vega Consultants\",\"description\":\"Rett person p\u00e5 rett plass\",\"potentialAction\":[{\"@type\":\"SearchAction\",\"target\":{\"@type\":\"EntryPoint\",\"urlTemplate\":\"https:\\\/\\\/vegaconsultants.no\\\/?s={search_term_string}\"},\"query-input\":{\"@type\":\"PropertyValueSpecification\",\"valueRequired\":true,\"valueName\":\"search_term_string\"}}],\"inLanguage\":\"en-GB\"}]}<\/script>\n<!-- \/ Yoast SEO plugin. -->","yoast_head_json":{"title":"Planlegger revisjonsstans og h\u00f8yaktivitetsperiode - Vega Consultants","robots":{"index":"index","follow":"follow","max-snippet":"max-snippet:-1","max-image-preview":"max-image-preview:large","max-video-preview":"max-video-preview:-1"},"canonical":"https:\/\/vegaconsultants.no\/en\/jobbsoker\/ledige-stillinger\/planlegger-revisjonsstans-og-hoyaktivitetsperiode-3004015\/","og_locale":"en_GB","og_type":"article","og_title":"Planlegger revisjonsstans og h\u00f8yaktivitetsperiode - Vega Consultants","og_description":"Vega Consultants AS Planlegger revisjonsstans og h\u00f8yaktivitetsperiode Sted: Stavanger\u00a0 Periode: 28.02.2025 &#8211; 30.03.2026 Enheten revisjonsstanstjenester har ansvar for forberede, planlegge og gjennomf\u00f8re revisjonsstanser p\u00e5 norsk sokkel. Revisjonsstanser medf\u00f8rer nedstening av produksjonen p\u00e5 installasjonen og derfor ogs\u00e5 produksjonstap\/inntektstap. Gjennomf\u00f8ring av revisjonsstanser uten sikkerhetshendelser og innenfor angitt varighet er h\u00f8yt prioritert. Rollen som planlegger for revisjonsstans\/h\u00f8yaktivitetsperiode er [&hellip;]","og_url":"https:\/\/vegaconsultants.no\/en\/jobbsoker\/ledige-stillinger\/planlegger-revisjonsstans-og-hoyaktivitetsperiode-3004015\/","og_site_name":"Vega Consultants","twitter_card":"summary_large_image","twitter_misc":{"Estimated reading time":"1 minute"},"schema":{"@context":"https:\/\/schema.org","@graph":[{"@type":"WebPage","@id":"https:\/\/vegaconsultants.no\/jobbsoker\/ledige-stillinger\/planlegger-revisjonsstans-og-hoyaktivitetsperiode-3004015\/","url":"https:\/\/vegaconsultants.no\/jobbsoker\/ledige-stillinger\/planlegger-revisjonsstans-og-hoyaktivitetsperiode-3004015\/","name":"Planlegger revisjonsstans og h\u00f8yaktivitetsperiode - Vega Consultants","isPartOf":{"@id":"https:\/\/vegaconsultants.no\/#website"},"datePublished":"2025-02-27T22:12:22+00:00","breadcrumb":{"@id":"https:\/\/vegaconsultants.no\/jobbsoker\/ledige-stillinger\/planlegger-revisjonsstans-og-hoyaktivitetsperiode-3004015\/#breadcrumb"},"inLanguage":"en-GB","potentialAction":[{"@type":"ReadAction","target":["https:\/\/vegaconsultants.no\/jobbsoker\/ledige-stillinger\/planlegger-revisjonsstans-og-hoyaktivitetsperiode-3004015\/"]}]},{"@type":"BreadcrumbList","@id":"https:\/\/vegaconsultants.no\/jobbsoker\/ledige-stillinger\/planlegger-revisjonsstans-og-hoyaktivitetsperiode-3004015\/#breadcrumb","itemListElement":[{"@type":"ListItem","position":1,"name":"Home","item":"https:\/\/vegaconsultants.no\/"},{"@type":"ListItem","position":2,"name":"Jobbs\u00f8ker","item":"https:\/\/vegaconsultants.no\/jobbsoker\/"},{"@type":"ListItem","position":3,"name":"Ledige stillinger","item":"https:\/\/vegaconsultants.no\/jobbsoker\/ledige-stillinger\/"},{"@type":"ListItem","position":4,"name":"Planlegger revisjonsstans og h\u00f8yaktivitetsperiode"}]},{"@type":"WebSite","@id":"https:\/\/vegaconsultants.no\/#website","url":"https:\/\/vegaconsultants.no\/","name":"Vega Consultants","description":"The right person for the right job","potentialAction":[{"@type":"SearchAction","target":{"@type":"EntryPoint","urlTemplate":"https:\/\/vegaconsultants.no\/?s={search_term_string}"},"query-input":{"@type":"PropertyValueSpecification","valueRequired":true,"valueName":"search_term_string"}}],"inLanguage":"en-GB"}]}},"_links":{"self":[{"href":"https:\/\/vegaconsultants.no\/en\/wp-json\/wp\/v2\/pages\/21538","targetHints":{"allow":["GET"]}}],"collection":[{"href":"https:\/\/vegaconsultants.no\/en\/wp-json\/wp\/v2\/pages"}],"about":[{"href":"https:\/\/vegaconsultants.no\/en\/wp-json\/wp\/v2\/types\/page"}],"author":[{"embeddable":true,"href":"https:\/\/vegaconsultants.no\/en\/wp-json\/wp\/v2\/users\/1"}],"replies":[{"embeddable":true,"href":"https:\/\/vegaconsultants.no\/en\/wp-json\/wp\/v2\/comments?post=21538"}],"version-history":[{"count":0,"href":"https:\/\/vegaconsultants.no\/en\/wp-json\/wp\/v2\/pages\/21538\/revisions"}],"up":[{"embeddable":true,"href":"https:\/\/vegaconsultants.no\/en\/wp-json\/wp\/v2\/pages\/4051"}],"wp:attachment":[{"href":"https:\/\/vegaconsultants.no\/en\/wp-json\/wp\/v2\/media?parent=21538"}],"curies":[{"name":"wp","href":"https:\/\/api.w.org\/{rel}","templated":true}]}}