{"id":21561,"date":"2025-02-04T23:17:46","date_gmt":"2025-02-04T22:17:46","guid":{"rendered":"https:\/\/vegaconsultants.no\/jobbsoker\/ledige-stillinger\/hr-operations-consultant-3004036\/"},"modified":"2025-02-04T23:17:46","modified_gmt":"2025-02-04T22:17:46","slug":"hr-operations-consultant-3004036","status":"publish","type":"page","link":"https:\/\/vegaconsultants.no\/en\/jobbsoker\/ledige-stillinger\/hr-operations-consultant-3004036\/","title":{"rendered":"HR Operations Consultant"},"content":{"rendered":"<div class='vacancy-detail'>\n<div class='bold'>Vega Consultants AS<\/div>\n<div class='bold'>HR Operations Consultant<\/div>\n<div class='vacancy-body'>\n<h3><strong>Description about project\/department<\/strong><\/h3>\n<p><em>HR Operations People Administration department is responsible for Core HR Master Data and People Administration. We deliver PO services to leaders and employees accross the organisation in close cooperation with other PO units and external vendors.<\/em><\/p>\n<h3><strong>Description about task and responsibilities \t<\/strong><\/h3>\n<ul>\n<li>Part of an operational team with a wide range of tasks.\u00a0<\/li>\n<li>Our responsibility includes amongs others onboarding and offboarding of employees in our systems, writing employee contracts, updating employee related information in our HCM solutions (Workday, SAP, Service NOw)<\/li>\n<li>providing support and guidance to leaders and employees (e.g. timewriting according to guidelines).<\/li>\n<li>Provide support and advice to our organisation within offshore, onshore and onshore plants and mobility in Norway.\u00a0<\/li>\n<\/ul>\n<h3><strong>Competence Requirements \t<\/strong><\/h3>\n<ul>\n<li>Knowledge of SAP,Service Now and Workday\u00a0<\/li>\n<li>Excellent communication skills: ability to communicate effectively with employees at all levels, both verbally and in writing\u00a0<\/li>\n<li>Strong attention to details: Ability to maintain accurate records and ensure data is entered corectly\u00a0<\/li>\n<li>Confidentiality: Ability to maintain confidentiality and sensitive employee information<\/li>\n<\/ul>\n<p><\/p>\n<p>Syns du dette h\u00f8res som noe for deg? Ta kontakt med Sarah p\u00e5 Sarah.svabo@vegaconsultants.no eller 456 80 850 for \u00e5 h\u00f8re hva vi kan tilby!<\/p>\n<\/div>\n<div class='vega-button'><span><a href='https:\/\/secure.webtemp.no\/WebtempCVPortal\/startsession.aspx?page=stillingsingle&amp;k=169&amp;id_utleie=3004036'>Mer info\/s\u00f8k her<\/a><\/span><\/div>\n<p><\/p>\n<hr>\n<div>\n<h4>REFNR<\/h4>\n<p>402935<\/p><\/div>\n<div>\n<h4>STILLINGSTYPE<\/h4>\n<p>Heltid<br \/>Vikariat\/engasjement<\/div>\n<div>\n<h4>S\u00d8KNADSFRIST<\/h4>\n<p>04.02.2025<\/p><\/div>\n<div class='vacancy-consultant'>\n<h4>KONTAKTPERSON(ER)<\/h4>\n<div>Sarah Svab\u00f8<\/div>\n<div>45 68 08 50<\/div>\n<div>sarah.svabo@vegaconsultants.no<\/div>\n<\/div>\n<\/div>","protected":false},"excerpt":{"rendered":"<p>Vega Consultants AS HR Operations Consultant Description about project\/department HR Operations People Administration department is responsible for Core HR Master Data and People Administration. We deliver PO services to leaders and employees accross the organisation in close cooperation with other PO units and external vendors. Description about task and responsibilities Part of an operational team [&hellip;]<\/p>\n","protected":false},"author":1,"featured_media":0,"parent":4051,"menu_order":0,"comment_status":"closed","ping_status":"closed","template":"","meta":{"_et_pb_use_builder":"","_et_pb_old_content":"","_et_gb_content_width":"","footnotes":""},"class_list":["post-21561","page","type-page","status-publish","hentry"],"yoast_head":"<!-- This site is optimized with the Yoast SEO plugin v27.2 - https:\/\/yoast.com\/product\/yoast-seo-wordpress\/ -->\n<title>HR Operations Consultant - Vega Consultants<\/title>\n<meta name=\"robots\" content=\"index, follow, max-snippet:-1, max-image-preview:large, max-video-preview:-1\" \/>\n<link rel=\"canonical\" href=\"https:\/\/vegaconsultants.no\/en\/jobbsoker\/ledige-stillinger\/hr-operations-consultant-3004036\/\" \/>\n<meta property=\"og:locale\" content=\"en_GB\" \/>\n<meta property=\"og:type\" content=\"article\" \/>\n<meta property=\"og:title\" content=\"HR Operations Consultant - Vega Consultants\" \/>\n<meta property=\"og:description\" content=\"Vega Consultants AS HR Operations Consultant Description about project\/department HR Operations People Administration department is responsible for Core HR Master Data and People Administration. We deliver PO services to leaders and employees accross the organisation in close cooperation with other PO units and external vendors. Description about task and responsibilities Part of an operational team [&hellip;]\" \/>\n<meta property=\"og:url\" content=\"https:\/\/vegaconsultants.no\/en\/jobbsoker\/ledige-stillinger\/hr-operations-consultant-3004036\/\" \/>\n<meta property=\"og:site_name\" content=\"Vega Consultants\" \/>\n<meta name=\"twitter:card\" content=\"summary_large_image\" \/>\n<meta name=\"twitter:label1\" content=\"Estimated reading time\" \/>\n\t<meta name=\"twitter:data1\" content=\"1 minute\" \/>\n<script type=\"application\/ld+json\" class=\"yoast-schema-graph\">{\"@context\":\"https:\/\/schema.org\",\"@graph\":[{\"@type\":\"WebPage\",\"@id\":\"https:\/\/vegaconsultants.no\/jobbsoker\/ledige-stillinger\/hr-operations-consultant-3004036\/\",\"url\":\"https:\/\/vegaconsultants.no\/jobbsoker\/ledige-stillinger\/hr-operations-consultant-3004036\/\",\"name\":\"HR Operations Consultant - Vega Consultants\",\"isPartOf\":{\"@id\":\"https:\/\/vegaconsultants.no\/#website\"},\"datePublished\":\"2025-02-04T22:17:46+00:00\",\"breadcrumb\":{\"@id\":\"https:\/\/vegaconsultants.no\/jobbsoker\/ledige-stillinger\/hr-operations-consultant-3004036\/#breadcrumb\"},\"inLanguage\":\"en-GB\",\"potentialAction\":[{\"@type\":\"ReadAction\",\"target\":[\"https:\/\/vegaconsultants.no\/jobbsoker\/ledige-stillinger\/hr-operations-consultant-3004036\/\"]}]},{\"@type\":\"BreadcrumbList\",\"@id\":\"https:\/\/vegaconsultants.no\/jobbsoker\/ledige-stillinger\/hr-operations-consultant-3004036\/#breadcrumb\",\"itemListElement\":[{\"@type\":\"ListItem\",\"position\":1,\"name\":\"Home\",\"item\":\"https:\/\/vegaconsultants.no\/\"},{\"@type\":\"ListItem\",\"position\":2,\"name\":\"Jobbs\u00f8ker\",\"item\":\"https:\/\/vegaconsultants.no\/jobbsoker\/\"},{\"@type\":\"ListItem\",\"position\":3,\"name\":\"Ledige stillinger\",\"item\":\"https:\/\/vegaconsultants.no\/jobbsoker\/ledige-stillinger\/\"},{\"@type\":\"ListItem\",\"position\":4,\"name\":\"HR Operations Consultant\"}]},{\"@type\":\"WebSite\",\"@id\":\"https:\/\/vegaconsultants.no\/#website\",\"url\":\"https:\/\/vegaconsultants.no\/\",\"name\":\"Vega Consultants\",\"description\":\"Rett person p\u00e5 rett plass\",\"potentialAction\":[{\"@type\":\"SearchAction\",\"target\":{\"@type\":\"EntryPoint\",\"urlTemplate\":\"https:\/\/vegaconsultants.no\/?s={search_term_string}\"},\"query-input\":{\"@type\":\"PropertyValueSpecification\",\"valueRequired\":true,\"valueName\":\"search_term_string\"}}],\"inLanguage\":\"en-GB\"}]}<\/script>\n<!-- \/ Yoast SEO plugin. -->","yoast_head_json":{"title":"HR Operations Consultant - Vega Consultants","robots":{"index":"index","follow":"follow","max-snippet":"max-snippet:-1","max-image-preview":"max-image-preview:large","max-video-preview":"max-video-preview:-1"},"canonical":"https:\/\/vegaconsultants.no\/en\/jobbsoker\/ledige-stillinger\/hr-operations-consultant-3004036\/","og_locale":"en_GB","og_type":"article","og_title":"HR Operations Consultant - Vega Consultants","og_description":"Vega Consultants AS HR Operations Consultant Description about project\/department HR Operations People Administration department is responsible for Core HR Master Data and People Administration. We deliver PO services to leaders and employees accross the organisation in close cooperation with other PO units and external vendors. Description about task and responsibilities Part of an operational team [&hellip;]","og_url":"https:\/\/vegaconsultants.no\/en\/jobbsoker\/ledige-stillinger\/hr-operations-consultant-3004036\/","og_site_name":"Vega Consultants","twitter_card":"summary_large_image","twitter_misc":{"Estimated reading time":"1 minute"},"schema":{"@context":"https:\/\/schema.org","@graph":[{"@type":"WebPage","@id":"https:\/\/vegaconsultants.no\/jobbsoker\/ledige-stillinger\/hr-operations-consultant-3004036\/","url":"https:\/\/vegaconsultants.no\/jobbsoker\/ledige-stillinger\/hr-operations-consultant-3004036\/","name":"HR Operations Consultant - Vega Consultants","isPartOf":{"@id":"https:\/\/vegaconsultants.no\/#website"},"datePublished":"2025-02-04T22:17:46+00:00","breadcrumb":{"@id":"https:\/\/vegaconsultants.no\/jobbsoker\/ledige-stillinger\/hr-operations-consultant-3004036\/#breadcrumb"},"inLanguage":"en-GB","potentialAction":[{"@type":"ReadAction","target":["https:\/\/vegaconsultants.no\/jobbsoker\/ledige-stillinger\/hr-operations-consultant-3004036\/"]}]},{"@type":"BreadcrumbList","@id":"https:\/\/vegaconsultants.no\/jobbsoker\/ledige-stillinger\/hr-operations-consultant-3004036\/#breadcrumb","itemListElement":[{"@type":"ListItem","position":1,"name":"Home","item":"https:\/\/vegaconsultants.no\/"},{"@type":"ListItem","position":2,"name":"Jobbs\u00f8ker","item":"https:\/\/vegaconsultants.no\/jobbsoker\/"},{"@type":"ListItem","position":3,"name":"Ledige stillinger","item":"https:\/\/vegaconsultants.no\/jobbsoker\/ledige-stillinger\/"},{"@type":"ListItem","position":4,"name":"HR Operations Consultant"}]},{"@type":"WebSite","@id":"https:\/\/vegaconsultants.no\/#website","url":"https:\/\/vegaconsultants.no\/","name":"Vega Consultants","description":"The right person for the right job","potentialAction":[{"@type":"SearchAction","target":{"@type":"EntryPoint","urlTemplate":"https:\/\/vegaconsultants.no\/?s={search_term_string}"},"query-input":{"@type":"PropertyValueSpecification","valueRequired":true,"valueName":"search_term_string"}}],"inLanguage":"en-GB"}]}},"_links":{"self":[{"href":"https:\/\/vegaconsultants.no\/en\/wp-json\/wp\/v2\/pages\/21561","targetHints":{"allow":["GET"]}}],"collection":[{"href":"https:\/\/vegaconsultants.no\/en\/wp-json\/wp\/v2\/pages"}],"about":[{"href":"https:\/\/vegaconsultants.no\/en\/wp-json\/wp\/v2\/types\/page"}],"author":[{"embeddable":true,"href":"https:\/\/vegaconsultants.no\/en\/wp-json\/wp\/v2\/users\/1"}],"replies":[{"embeddable":true,"href":"https:\/\/vegaconsultants.no\/en\/wp-json\/wp\/v2\/comments?post=21561"}],"version-history":[{"count":0,"href":"https:\/\/vegaconsultants.no\/en\/wp-json\/wp\/v2\/pages\/21561\/revisions"}],"up":[{"embeddable":true,"href":"https:\/\/vegaconsultants.no\/en\/wp-json\/wp\/v2\/pages\/4051"}],"wp:attachment":[{"href":"https:\/\/vegaconsultants.no\/en\/wp-json\/wp\/v2\/media?parent=21561"}],"curies":[{"name":"wp","href":"https:\/\/api.w.org\/{rel}","templated":true}]}}