{"id":21562,"date":"2025-03-24T13:16:54","date_gmt":"2025-03-24T12:16:54","guid":{"rendered":"https:\/\/vegaconsultants.no\/jobbsoker\/ledige-stillinger\/mechanical-engineer-pre-3004037\/"},"modified":"2025-03-24T13:16:54","modified_gmt":"2025-03-24T12:16:54","slug":"mechanical-engineer-pre-3004037","status":"publish","type":"page","link":"https:\/\/vegaconsultants.no\/en\/jobbsoker\/ledige-stillinger\/mechanical-engineer-pre-3004037\/","title":{"rendered":"Mechanical engineer PRE"},"content":{"rendered":"<div class='vacancy-detail'>\n<div class='bold'>Vega Consultants AS<\/div>\n<div class='bold'>Mechanical engineer PRE <\/div>\n<div class='vacancy-body'>\n<p><\/p>\n<h3><strong>Job Responsibilities: <\/strong><\/h3>\n<ul>\n<li>PRE (package responsible engineer)  in studies and execution projects<\/li>\n<li>Development of technical requisitions<\/li>\n<li>Evaluate bids from vendors<\/li>\n<li>Package follow-up<\/li>\n<li>Follow-up equipment overhaul by manufacturer<\/li>\n<li>Inspections and FAT<\/li>\n<li>Input to Work Packages\u00a0<\/li>\n<\/ul>\n<h3><strong>Required Education:<\/strong><\/h3>\n<ul>\n<li>Bachelor  or masters degree within mechanical engineering is preferable<\/li>\n<li>Technical college or similar may be acceptable\u00a0\u00a0<\/li>\n<\/ul>\n<h3><strong>Required Work Experience:<\/strong><\/h3>\n<ul>\n<li>Experience as PRE (package responsible engineer)<\/li>\n<li>Detailed knowledge of Statoil technical requirements<\/li>\n<\/ul>\n<p><\/p>\n<h3><strong>Required Qualifications: <\/strong><\/h3>\n<ul>\n<li>Able to work independently as well as a part of a team<\/li>\n<li>Multidiscipline understanding<\/li>\n<li>Good communicating skills<\/li>\n<li>A cooperative working attitude<\/li>\n<li>Be systematic, accurate and efficient<\/li>\n<li>Creative and solution-oriented<\/li>\n<li>Have a high loyalty to deadlines and quality requirements<\/li>\n<li>Be proactive, seeking advice and share own experience with others<\/li>\n<li>Communicate well in English, both orally and in writing. Norwegian is an advantage.<\/li>\n<li>Creative thinking skills<\/li>\n<\/ul>\n<p>Syns du dette h\u00f8res som noe for deg? Ta kontakt for \u00e5 h\u00f8re hva vi kan tilby!<\/p>\n<\/div>\n<div class='vega-button'><span><a href='https:\/\/secure.webtemp.no\/WebtempCVPortal\/startsession.aspx?page=stillingsingle&amp;k=169&amp;id_utleie=3004037'>Mer info\/s\u00f8k her<\/a><\/span><\/div>\n<p><\/p>\n<hr>\n<div>\n<h4>REFNR<\/h4>\n<p>402936<\/p><\/div>\n<div>\n<h4>STILLINGSTYPE<\/h4>\n<p>Heltid<br \/>Vikariat\/engasjement<\/div>\n<div>\n<h4>S\u00d8KNADSFRIST<\/h4>\n<p>Asap<\/p><\/div>\n<div class='vacancy-consultant'>\n<h4>KONTAKTPERSON(ER)<\/h4>\n<div>Sarah Svab\u00f8<\/div>\n<div>45 68 08 50<\/div>\n<div>sarah.svabo@vegaconsultants.no<\/div>\n<\/div>\n<\/div>","protected":false},"excerpt":{"rendered":"<p>Vega Consultants AS Mechanical engineer PRE Job Responsibilities: PRE (package responsible engineer) in studies and execution projects Development of technical requisitions Evaluate bids from vendors Package follow-up Follow-up equipment overhaul by manufacturer Inspections and FAT Input to Work Packages\u00a0 Required Education: Bachelor or masters degree within mechanical engineering is preferable Technical college or similar may [&hellip;]<\/p>\n","protected":false},"author":1,"featured_media":0,"parent":4051,"menu_order":0,"comment_status":"closed","ping_status":"closed","template":"","meta":{"_et_pb_use_builder":"","_et_pb_old_content":"","_et_gb_content_width":"","footnotes":""},"class_list":["post-21562","page","type-page","status-publish","hentry"],"yoast_head":"<!-- This site is optimized with the Yoast SEO plugin v27.3 - https:\/\/yoast.com\/product\/yoast-seo-wordpress\/ -->\n<title>Mechanical engineer PRE - Vega Consultants<\/title>\n<meta name=\"robots\" content=\"index, follow, max-snippet:-1, max-image-preview:large, max-video-preview:-1\" \/>\n<link rel=\"canonical\" href=\"https:\/\/vegaconsultants.no\/en\/jobbsoker\/ledige-stillinger\/mechanical-engineer-pre-3004037\/\" \/>\n<meta property=\"og:locale\" content=\"en_GB\" \/>\n<meta property=\"og:type\" content=\"article\" \/>\n<meta property=\"og:title\" content=\"Mechanical engineer PRE - Vega Consultants\" \/>\n<meta property=\"og:description\" content=\"Vega Consultants AS Mechanical engineer PRE Job Responsibilities: PRE (package responsible engineer) in studies and execution projects Development of technical requisitions Evaluate bids from vendors Package follow-up Follow-up equipment overhaul by manufacturer Inspections and FAT Input to Work Packages\u00a0 Required Education: Bachelor or masters degree within mechanical engineering is preferable Technical college or similar may [&hellip;]\" \/>\n<meta property=\"og:url\" content=\"https:\/\/vegaconsultants.no\/en\/jobbsoker\/ledige-stillinger\/mechanical-engineer-pre-3004037\/\" \/>\n<meta property=\"og:site_name\" content=\"Vega Consultants\" \/>\n<meta name=\"twitter:card\" content=\"summary_large_image\" \/>\n<meta name=\"twitter:label1\" content=\"Estimated reading time\" \/>\n\t<meta name=\"twitter:data1\" content=\"1 minute\" \/>\n<script type=\"application\/ld+json\" class=\"yoast-schema-graph\">{\"@context\":\"https:\\\/\\\/schema.org\",\"@graph\":[{\"@type\":\"WebPage\",\"@id\":\"https:\\\/\\\/vegaconsultants.no\\\/jobbsoker\\\/ledige-stillinger\\\/mechanical-engineer-pre-3004037\\\/\",\"url\":\"https:\\\/\\\/vegaconsultants.no\\\/jobbsoker\\\/ledige-stillinger\\\/mechanical-engineer-pre-3004037\\\/\",\"name\":\"Mechanical engineer PRE - Vega Consultants\",\"isPartOf\":{\"@id\":\"https:\\\/\\\/vegaconsultants.no\\\/#website\"},\"datePublished\":\"2025-03-24T12:16:54+00:00\",\"breadcrumb\":{\"@id\":\"https:\\\/\\\/vegaconsultants.no\\\/jobbsoker\\\/ledige-stillinger\\\/mechanical-engineer-pre-3004037\\\/#breadcrumb\"},\"inLanguage\":\"en-GB\",\"potentialAction\":[{\"@type\":\"ReadAction\",\"target\":[\"https:\\\/\\\/vegaconsultants.no\\\/jobbsoker\\\/ledige-stillinger\\\/mechanical-engineer-pre-3004037\\\/\"]}]},{\"@type\":\"BreadcrumbList\",\"@id\":\"https:\\\/\\\/vegaconsultants.no\\\/jobbsoker\\\/ledige-stillinger\\\/mechanical-engineer-pre-3004037\\\/#breadcrumb\",\"itemListElement\":[{\"@type\":\"ListItem\",\"position\":1,\"name\":\"Home\",\"item\":\"https:\\\/\\\/vegaconsultants.no\\\/\"},{\"@type\":\"ListItem\",\"position\":2,\"name\":\"Jobbs\u00f8ker\",\"item\":\"https:\\\/\\\/vegaconsultants.no\\\/jobbsoker\\\/\"},{\"@type\":\"ListItem\",\"position\":3,\"name\":\"Ledige stillinger\",\"item\":\"https:\\\/\\\/vegaconsultants.no\\\/jobbsoker\\\/ledige-stillinger\\\/\"},{\"@type\":\"ListItem\",\"position\":4,\"name\":\"Mechanical engineer PRE\"}]},{\"@type\":\"WebSite\",\"@id\":\"https:\\\/\\\/vegaconsultants.no\\\/#website\",\"url\":\"https:\\\/\\\/vegaconsultants.no\\\/\",\"name\":\"Vega Consultants\",\"description\":\"Rett person p\u00e5 rett plass\",\"potentialAction\":[{\"@type\":\"SearchAction\",\"target\":{\"@type\":\"EntryPoint\",\"urlTemplate\":\"https:\\\/\\\/vegaconsultants.no\\\/?s={search_term_string}\"},\"query-input\":{\"@type\":\"PropertyValueSpecification\",\"valueRequired\":true,\"valueName\":\"search_term_string\"}}],\"inLanguage\":\"en-GB\"}]}<\/script>\n<!-- \/ Yoast SEO plugin. -->","yoast_head_json":{"title":"Mechanical engineer PRE - Vega Consultants","robots":{"index":"index","follow":"follow","max-snippet":"max-snippet:-1","max-image-preview":"max-image-preview:large","max-video-preview":"max-video-preview:-1"},"canonical":"https:\/\/vegaconsultants.no\/en\/jobbsoker\/ledige-stillinger\/mechanical-engineer-pre-3004037\/","og_locale":"en_GB","og_type":"article","og_title":"Mechanical engineer PRE - Vega Consultants","og_description":"Vega Consultants AS Mechanical engineer PRE Job Responsibilities: PRE (package responsible engineer) in studies and execution projects Development of technical requisitions Evaluate bids from vendors Package follow-up Follow-up equipment overhaul by manufacturer Inspections and FAT Input to Work Packages\u00a0 Required Education: Bachelor or masters degree within mechanical engineering is preferable Technical college or similar may [&hellip;]","og_url":"https:\/\/vegaconsultants.no\/en\/jobbsoker\/ledige-stillinger\/mechanical-engineer-pre-3004037\/","og_site_name":"Vega Consultants","twitter_card":"summary_large_image","twitter_misc":{"Estimated reading time":"1 minute"},"schema":{"@context":"https:\/\/schema.org","@graph":[{"@type":"WebPage","@id":"https:\/\/vegaconsultants.no\/jobbsoker\/ledige-stillinger\/mechanical-engineer-pre-3004037\/","url":"https:\/\/vegaconsultants.no\/jobbsoker\/ledige-stillinger\/mechanical-engineer-pre-3004037\/","name":"Mechanical engineer PRE - Vega Consultants","isPartOf":{"@id":"https:\/\/vegaconsultants.no\/#website"},"datePublished":"2025-03-24T12:16:54+00:00","breadcrumb":{"@id":"https:\/\/vegaconsultants.no\/jobbsoker\/ledige-stillinger\/mechanical-engineer-pre-3004037\/#breadcrumb"},"inLanguage":"en-GB","potentialAction":[{"@type":"ReadAction","target":["https:\/\/vegaconsultants.no\/jobbsoker\/ledige-stillinger\/mechanical-engineer-pre-3004037\/"]}]},{"@type":"BreadcrumbList","@id":"https:\/\/vegaconsultants.no\/jobbsoker\/ledige-stillinger\/mechanical-engineer-pre-3004037\/#breadcrumb","itemListElement":[{"@type":"ListItem","position":1,"name":"Home","item":"https:\/\/vegaconsultants.no\/"},{"@type":"ListItem","position":2,"name":"Jobbs\u00f8ker","item":"https:\/\/vegaconsultants.no\/jobbsoker\/"},{"@type":"ListItem","position":3,"name":"Ledige stillinger","item":"https:\/\/vegaconsultants.no\/jobbsoker\/ledige-stillinger\/"},{"@type":"ListItem","position":4,"name":"Mechanical engineer PRE"}]},{"@type":"WebSite","@id":"https:\/\/vegaconsultants.no\/#website","url":"https:\/\/vegaconsultants.no\/","name":"Vega Consultants","description":"The right person for the right job","potentialAction":[{"@type":"SearchAction","target":{"@type":"EntryPoint","urlTemplate":"https:\/\/vegaconsultants.no\/?s={search_term_string}"},"query-input":{"@type":"PropertyValueSpecification","valueRequired":true,"valueName":"search_term_string"}}],"inLanguage":"en-GB"}]}},"_links":{"self":[{"href":"https:\/\/vegaconsultants.no\/en\/wp-json\/wp\/v2\/pages\/21562","targetHints":{"allow":["GET"]}}],"collection":[{"href":"https:\/\/vegaconsultants.no\/en\/wp-json\/wp\/v2\/pages"}],"about":[{"href":"https:\/\/vegaconsultants.no\/en\/wp-json\/wp\/v2\/types\/page"}],"author":[{"embeddable":true,"href":"https:\/\/vegaconsultants.no\/en\/wp-json\/wp\/v2\/users\/1"}],"replies":[{"embeddable":true,"href":"https:\/\/vegaconsultants.no\/en\/wp-json\/wp\/v2\/comments?post=21562"}],"version-history":[{"count":0,"href":"https:\/\/vegaconsultants.no\/en\/wp-json\/wp\/v2\/pages\/21562\/revisions"}],"up":[{"embeddable":true,"href":"https:\/\/vegaconsultants.no\/en\/wp-json\/wp\/v2\/pages\/4051"}],"wp:attachment":[{"href":"https:\/\/vegaconsultants.no\/en\/wp-json\/wp\/v2\/media?parent=21562"}],"curies":[{"name":"wp","href":"https:\/\/api.w.org\/{rel}","templated":true}]}}