{"id":21565,"date":"2025-02-10T23:21:15","date_gmt":"2025-02-10T22:21:15","guid":{"rendered":"https:\/\/vegaconsultants.no\/jobbsoker\/ledige-stillinger\/logistikk-koordinator-3004042\/"},"modified":"2025-02-10T23:21:15","modified_gmt":"2025-02-10T22:21:15","slug":"logistikk-koordinator-3004042","status":"publish","type":"page","link":"https:\/\/vegaconsultants.no\/en\/jobbsoker\/ledige-stillinger\/logistikk-koordinator-3004042\/","title":{"rendered":"Logistikk koordinator"},"content":{"rendered":"<div class='vacancy-detail'>\n<div class='bold'>Vega Consultants AS<\/div>\n<div class='bold'>Logistikk koordinator<\/div>\n<div class='vacancy-body'>\n<h3><strong>Innledning<\/strong><\/h3>\n<p>P\u00e5 vegne av kunde, leter vi etter en varestr\u00f8mskoordinator til et oppdrag ut 2025 med mulighet for forlengelse.\u00a0<\/p>\n<p>Som varestr\u00f8mskoordinator, vil du jobbe med \u00e5 ivareta operasjonelle grensesnitt innenfor fagomr\u00e5dene terminallogistikk, varestr\u00f8m og tekniske tjenester. Avdelingen samhandler daglig med b\u00e5de interne og eksterne stakeholders\/parter, ogs\u00e5 andre forsyningsbaser, for \u00e5 sikre lik praksis, dele erfaringer og ta l\u00e6ring av hendelser uavhengig av hvor de inntreffer.\u00a0<\/p>\n<p>Dette er en junior stilling og gir deg muligheten til \u00e5 utvikle deg faglig innen logistikk, og gjennom varierte arbeidsoppgaver og opparbeide deg breddekompetanse.\u00a0<\/p>\n<p><\/p>\n<h3><strong>Work tasks<\/strong><\/h3>\n<ul>\n<li>Koordinere dagens aktiviteter p\u00e5 kaien i samr\u00e5d med kunder, fart\u00f8y og leverand\u00f8rer.\u00a0<\/li>\n<li>S\u00f8rge for effektiv liggetid ved kai\u00a0<\/li>\n<li>Utarbeide plan for baseleveranser\u00a0<\/li>\n<li>Koordinere tankvaskoperasjoner p\u00e5 fart\u00f8y.\u00a0<\/li>\n<li>Oppf\u00f8lgning av bulk-operasjoner.\u00a0<\/li>\n<li>Bidra aktivt til forbedringsarbeid.\u00a0<\/li>\n<li>Bidra til sikker og effektiv drift\u00a0<\/li>\n<li>P\u00e5se og sikre at relevante arbeidsprosesser etterleves\u00a0<\/li>\n<li>Utf\u00f8re andre oppgaver innenfor basedrift, for eksempel innenfor terminal og tekniske tjenester ved behov.\u00a0<\/li>\n<li>Deltakelse i vaktordning kan bli aktuelt<\/li>\n<\/ul>\n<p><\/p>\n<h3><strong>N\u00f8dvendige kvalifikasjoner<\/strong><\/h3>\n<ul>\n<li>ENTEN mastergrad innen logistikkfag og lignende, ELLER bachelorgrad med 2-3 \u00e5rs relevant erfaring.\u00a0<\/li>\n<li>Gode samarbeidsevner og \u00f8nske om \u00e5 bidra til et positivt arbeidsmilj\u00f8\u00a0<\/li>\n<li>H\u00f8y integritet og evne til \u00e5 ta ansvar, arbeide selvstendig, samt \u00e5 ta initiativ til forbedring\u00a0<\/li>\n<li>Gode IT\/digitaliserings kunnskaper \u2013 Eks. SAP &amp; Kabal kompetanse\u00a0<\/li>\n<li>Strukturert og fleksibel\u00a0<\/li>\n<li>Gode kommunikasjonsevner<\/li>\n<\/ul>\n<p>Dette oppdraget er basert i Kristiansund, og kunden \u00f8nsker snarlig oppstart.\u00a0<\/p>\n<p><\/p>\n<h3><strong>Interessert? <\/strong><\/h3>\n<p>Hvis dette h\u00f8res ut som stillingen for deg, ser vi fram til \u00e5 motta CVen din! For sp\u00f8rsm\u00e5l ang\u00e5ende stillingen, ta kontakt med Leah Jespersen p\u00e5 413 32 939.\u00a0<\/p>\n<\/div>\n<div class='vega-button'><span><a href='https:\/\/secure.webtemp.no\/WebtempCVPortal\/startsession.aspx?page=stillingsingle&amp;k=169&amp;id_utleie=3004042'>More info\/search here<\/a><\/span><\/div>\n<p><\/p>\n<hr>\n<div>\n<h4>REFNR<\/h4>\n<p>402939<\/p><\/div>\n<div>\n<h4>POSITION TYPE<\/h4>\n<p>Full-time<br \/>Temporary position\/engagement<\/div>\n<div>\n<h4>APPLICATION DEADLINE<\/h4>\n<p>10.02.2025<\/p><\/div>\n<div class='vacancy-consultant'>\n<h4>CONTACT PERSON(S)<\/h4>\n<div>Leah Jespersen<\/div>\n<div>41 33 29 39<\/div>\n<div>leah.jespersen@vegaconsultants.no<\/div>\n<\/div>\n<\/div>","protected":false},"excerpt":{"rendered":"<p>Vega Consultants AS Logistikk koordinator Innledning P\u00e5 vegne av kunde, leter vi etter en varestr\u00f8mskoordinator til et oppdrag ut 2025 med mulighet for forlengelse.\u00a0 Som varestr\u00f8mskoordinator, vil du jobbe med \u00e5 ivareta operasjonelle grensesnitt innenfor fagomr\u00e5dene terminallogistikk, varestr\u00f8m og tekniske tjenester. Avdelingen samhandler daglig med b\u00e5de interne og eksterne stakeholders\/parter, ogs\u00e5 andre forsyningsbaser, for \u00e5 [&hellip;]<\/p>\n","protected":false},"author":1,"featured_media":0,"parent":4051,"menu_order":0,"comment_status":"closed","ping_status":"closed","template":"","meta":{"_et_pb_use_builder":"","_et_pb_old_content":"","_et_gb_content_width":"","footnotes":""},"class_list":["post-21565","page","type-page","status-publish","hentry"],"yoast_head":"<!-- This site is optimized with the Yoast SEO plugin v27.4 - https:\/\/yoast.com\/product\/yoast-seo-wordpress\/ -->\n<title>Logistikk koordinator - Vega Consultants<\/title>\n<meta name=\"robots\" content=\"index, follow, max-snippet:-1, max-image-preview:large, max-video-preview:-1\" \/>\n<link rel=\"canonical\" href=\"https:\/\/vegaconsultants.no\/en\/jobbsoker\/ledige-stillinger\/logistikk-koordinator-3004042\/\" \/>\n<meta property=\"og:locale\" content=\"en_GB\" \/>\n<meta property=\"og:type\" content=\"article\" \/>\n<meta property=\"og:title\" content=\"Logistikk koordinator - Vega Consultants\" \/>\n<meta property=\"og:description\" content=\"Vega Consultants AS Logistikk koordinator Innledning P\u00e5 vegne av kunde, leter vi etter en varestr\u00f8mskoordinator til et oppdrag ut 2025 med mulighet for forlengelse.\u00a0 Som varestr\u00f8mskoordinator, vil du jobbe med \u00e5 ivareta operasjonelle grensesnitt innenfor fagomr\u00e5dene terminallogistikk, varestr\u00f8m og tekniske tjenester. Avdelingen samhandler daglig med b\u00e5de interne og eksterne stakeholders\/parter, ogs\u00e5 andre forsyningsbaser, for \u00e5 [&hellip;]\" \/>\n<meta property=\"og:url\" content=\"https:\/\/vegaconsultants.no\/en\/jobbsoker\/ledige-stillinger\/logistikk-koordinator-3004042\/\" \/>\n<meta property=\"og:site_name\" content=\"Vega Consultants\" \/>\n<meta name=\"twitter:card\" content=\"summary_large_image\" \/>\n<meta name=\"twitter:label1\" content=\"Estimated reading time\" \/>\n\t<meta name=\"twitter:data1\" content=\"1 minute\" \/>\n<script type=\"application\/ld+json\" class=\"yoast-schema-graph\">{\"@context\":\"https:\\\/\\\/schema.org\",\"@graph\":[{\"@type\":\"WebPage\",\"@id\":\"https:\\\/\\\/vegaconsultants.no\\\/jobbsoker\\\/ledige-stillinger\\\/logistikk-koordinator-3004042\\\/\",\"url\":\"https:\\\/\\\/vegaconsultants.no\\\/jobbsoker\\\/ledige-stillinger\\\/logistikk-koordinator-3004042\\\/\",\"name\":\"Logistikk koordinator - Vega Consultants\",\"isPartOf\":{\"@id\":\"https:\\\/\\\/vegaconsultants.no\\\/#website\"},\"datePublished\":\"2025-02-10T22:21:15+00:00\",\"breadcrumb\":{\"@id\":\"https:\\\/\\\/vegaconsultants.no\\\/jobbsoker\\\/ledige-stillinger\\\/logistikk-koordinator-3004042\\\/#breadcrumb\"},\"inLanguage\":\"en-GB\",\"potentialAction\":[{\"@type\":\"ReadAction\",\"target\":[\"https:\\\/\\\/vegaconsultants.no\\\/jobbsoker\\\/ledige-stillinger\\\/logistikk-koordinator-3004042\\\/\"]}]},{\"@type\":\"BreadcrumbList\",\"@id\":\"https:\\\/\\\/vegaconsultants.no\\\/jobbsoker\\\/ledige-stillinger\\\/logistikk-koordinator-3004042\\\/#breadcrumb\",\"itemListElement\":[{\"@type\":\"ListItem\",\"position\":1,\"name\":\"Home\",\"item\":\"https:\\\/\\\/vegaconsultants.no\\\/\"},{\"@type\":\"ListItem\",\"position\":2,\"name\":\"Jobbs\u00f8ker\",\"item\":\"https:\\\/\\\/vegaconsultants.no\\\/jobbsoker\\\/\"},{\"@type\":\"ListItem\",\"position\":3,\"name\":\"Ledige stillinger\",\"item\":\"https:\\\/\\\/vegaconsultants.no\\\/jobbsoker\\\/ledige-stillinger\\\/\"},{\"@type\":\"ListItem\",\"position\":4,\"name\":\"Logistikk koordinator\"}]},{\"@type\":\"WebSite\",\"@id\":\"https:\\\/\\\/vegaconsultants.no\\\/#website\",\"url\":\"https:\\\/\\\/vegaconsultants.no\\\/\",\"name\":\"Vega Consultants\",\"description\":\"Rett person p\u00e5 rett plass\",\"potentialAction\":[{\"@type\":\"SearchAction\",\"target\":{\"@type\":\"EntryPoint\",\"urlTemplate\":\"https:\\\/\\\/vegaconsultants.no\\\/?s={search_term_string}\"},\"query-input\":{\"@type\":\"PropertyValueSpecification\",\"valueRequired\":true,\"valueName\":\"search_term_string\"}}],\"inLanguage\":\"en-GB\"}]}<\/script>\n<!-- \/ Yoast SEO plugin. -->","yoast_head_json":{"title":"Logistikk koordinator - Vega Consultants","robots":{"index":"index","follow":"follow","max-snippet":"max-snippet:-1","max-image-preview":"max-image-preview:large","max-video-preview":"max-video-preview:-1"},"canonical":"https:\/\/vegaconsultants.no\/en\/jobbsoker\/ledige-stillinger\/logistikk-koordinator-3004042\/","og_locale":"en_GB","og_type":"article","og_title":"Logistikk koordinator - Vega Consultants","og_description":"Vega Consultants AS Logistikk koordinator Innledning P\u00e5 vegne av kunde, leter vi etter en varestr\u00f8mskoordinator til et oppdrag ut 2025 med mulighet for forlengelse.\u00a0 Som varestr\u00f8mskoordinator, vil du jobbe med \u00e5 ivareta operasjonelle grensesnitt innenfor fagomr\u00e5dene terminallogistikk, varestr\u00f8m og tekniske tjenester. Avdelingen samhandler daglig med b\u00e5de interne og eksterne stakeholders\/parter, ogs\u00e5 andre forsyningsbaser, for \u00e5 [&hellip;]","og_url":"https:\/\/vegaconsultants.no\/en\/jobbsoker\/ledige-stillinger\/logistikk-koordinator-3004042\/","og_site_name":"Vega Consultants","twitter_card":"summary_large_image","twitter_misc":{"Estimated reading time":"1 minute"},"schema":{"@context":"https:\/\/schema.org","@graph":[{"@type":"WebPage","@id":"https:\/\/vegaconsultants.no\/jobbsoker\/ledige-stillinger\/logistikk-koordinator-3004042\/","url":"https:\/\/vegaconsultants.no\/jobbsoker\/ledige-stillinger\/logistikk-koordinator-3004042\/","name":"Logistikk koordinator - Vega Consultants","isPartOf":{"@id":"https:\/\/vegaconsultants.no\/#website"},"datePublished":"2025-02-10T22:21:15+00:00","breadcrumb":{"@id":"https:\/\/vegaconsultants.no\/jobbsoker\/ledige-stillinger\/logistikk-koordinator-3004042\/#breadcrumb"},"inLanguage":"en-GB","potentialAction":[{"@type":"ReadAction","target":["https:\/\/vegaconsultants.no\/jobbsoker\/ledige-stillinger\/logistikk-koordinator-3004042\/"]}]},{"@type":"BreadcrumbList","@id":"https:\/\/vegaconsultants.no\/jobbsoker\/ledige-stillinger\/logistikk-koordinator-3004042\/#breadcrumb","itemListElement":[{"@type":"ListItem","position":1,"name":"Home","item":"https:\/\/vegaconsultants.no\/"},{"@type":"ListItem","position":2,"name":"Jobbs\u00f8ker","item":"https:\/\/vegaconsultants.no\/jobbsoker\/"},{"@type":"ListItem","position":3,"name":"Ledige stillinger","item":"https:\/\/vegaconsultants.no\/jobbsoker\/ledige-stillinger\/"},{"@type":"ListItem","position":4,"name":"Logistikk koordinator"}]},{"@type":"WebSite","@id":"https:\/\/vegaconsultants.no\/#website","url":"https:\/\/vegaconsultants.no\/","name":"Vega Consultants","description":"The right person for the right job","potentialAction":[{"@type":"SearchAction","target":{"@type":"EntryPoint","urlTemplate":"https:\/\/vegaconsultants.no\/?s={search_term_string}"},"query-input":{"@type":"PropertyValueSpecification","valueRequired":true,"valueName":"search_term_string"}}],"inLanguage":"en-GB"}]}},"_links":{"self":[{"href":"https:\/\/vegaconsultants.no\/en\/wp-json\/wp\/v2\/pages\/21565","targetHints":{"allow":["GET"]}}],"collection":[{"href":"https:\/\/vegaconsultants.no\/en\/wp-json\/wp\/v2\/pages"}],"about":[{"href":"https:\/\/vegaconsultants.no\/en\/wp-json\/wp\/v2\/types\/page"}],"author":[{"embeddable":true,"href":"https:\/\/vegaconsultants.no\/en\/wp-json\/wp\/v2\/users\/1"}],"replies":[{"embeddable":true,"href":"https:\/\/vegaconsultants.no\/en\/wp-json\/wp\/v2\/comments?post=21565"}],"version-history":[{"count":0,"href":"https:\/\/vegaconsultants.no\/en\/wp-json\/wp\/v2\/pages\/21565\/revisions"}],"up":[{"embeddable":true,"href":"https:\/\/vegaconsultants.no\/en\/wp-json\/wp\/v2\/pages\/4051"}],"wp:attachment":[{"href":"https:\/\/vegaconsultants.no\/en\/wp-json\/wp\/v2\/media?parent=21565"}],"curies":[{"name":"wp","href":"https:\/\/api.w.org\/{rel}","templated":true}]}}