{"id":21587,"date":"2025-03-09T23:15:43","date_gmt":"2025-03-09T22:15:43","guid":{"rendered":"https:\/\/vegaconsultants.no\/jobbsoker\/ledige-stillinger\/junior-innkjoper-3004053\/"},"modified":"2025-03-09T23:15:43","modified_gmt":"2025-03-09T22:15:43","slug":"junior-innkjoper-3004053","status":"publish","type":"page","link":"https:\/\/vegaconsultants.no\/en\/jobbsoker\/ledige-stillinger\/junior-innkjoper-3004053\/","title":{"rendered":"Junior Innkj\u00f8per"},"content":{"rendered":"<div class='vacancy-detail'>\n<div class='bold'>Vega Consultants AS<\/div>\n<div class='bold'>Junior Innkj\u00f8per<\/div>\n<div class='vacancy-body'>\n<h3>Innledning<\/h3>\n<p>P\u00e5 vegne av kunde, s\u00f8ker vi etter en junior innkj\u00f8per som kan bist\u00e5 Supply Chain avdelingen med administrering av innkj\u00f8psavtaler.\u00a0<\/p>\n<p><\/p>\n<h3>Arbeidsoppgaver<\/h3>\n<p>Typiske arbeidsoppgaver vil v\u00e6re:<\/p>\n<ul>\n<li>Lage POer\/rekvisisjoner p\u00e5 tvers av bedriften<\/li>\n<li>St\u00f8tte implementering, forbedring og oppl\u00e6ring i rekvisisjonsprogrammet<\/li>\n<li>Delta aktivt i forbedringsarbeid ved behov.\u00a0<\/li>\n<\/ul>\n<p><\/p>\n<h3>\u00d8nskede kvalifikasjoner<\/h3>\n<ul>\n<li>Formell h\u00f8yere utdanning innen logistikk, innkj\u00f8p, business eller lignende.\u00a0<\/li>\n<li>0-3 \u00e5rs erfaring med relevante innkj\u00f8psroller<\/li>\n<li>Erfaring med SAP er en fordel.<\/li>\n<li>Gode kompetanser med de vanligste MS Office applikasjonene (Excel, PowerPoint, Word).\u00a0<\/li>\n<li>Flytende norsk og engelsk er et krav.\u00a0<\/li>\n<\/ul>\n<h3><\/h3>\n<h3>\u00d8nskede personlige egenskaper\u00a0<\/h3>\n<ul>\n<li>Du har gode organisering-, planlegging- og rapporteringsevner.\u00a0<\/li>\n<li>Du er flink til \u00e5 kommunisere\u00a0<\/li>\n<li>Du er selvg\u00e5ende\u00a0<\/li>\n<li>Du er fleksibel og liker \u00e5 hjelpe til \u00e5 forbedre arbeidsprosesser<\/li>\n<\/ul>\n<p><\/p>\n<p>Dette er et oppdrag med varighet ut juni 2026, og kunden v\u00e5r \u00f8nsker snarlig oppstart. Stillingen er basert i Stavanger.\u00a0<\/p>\n<p><\/p>\n<h3>Interessert?\u00a0<\/h3>\n<p>Hvis dette h\u00f8res ut som noe for deg, ser vi fram til \u00e5 motta CVen din. For sp\u00f8rsm\u00e5l ang\u00e5ende stillingen, ta kontakt med Leah Jespersen p\u00e5 413 32 939.\u00a0<\/p>\n<\/div>\n<div class='vega-button'><span><a href='https:\/\/secure.webtemp.no\/WebtempCVPortal\/startsession.aspx?page=stillingsingle&amp;k=169&amp;id_utleie=3004053'>Mer info\/s\u00f8k her<\/a><\/span><\/div>\n<p><\/p>\n<hr>\n<div>\n<h4>REFNR<\/h4>\n<p>402949<\/p><\/div>\n<div>\n<h4>STILLINGSTYPE<\/h4>\n<p>Heltid<br \/>Vikariat\/engasjement<\/div>\n<div>\n<h4>S\u00d8KNADSFRIST<\/h4>\n<\/div>\n<div class='vacancy-consultant'>\n<h4>KONTAKTPERSON(ER)<\/h4>\n<div>Leah Jespersen<\/div>\n<div>41 33 29 39<\/div>\n<div>leah.jespersen@vegaconsultants.no<\/div>\n<\/div>\n<\/div>","protected":false},"excerpt":{"rendered":"<p>Vega Consultants AS Junior Innkj\u00f8per Innledning P\u00e5 vegne av kunde, s\u00f8ker vi etter en junior innkj\u00f8per som kan bist\u00e5 Supply Chain avdelingen med administrering av innkj\u00f8psavtaler.\u00a0 Arbeidsoppgaver Typiske arbeidsoppgaver vil v\u00e6re: Lage POer\/rekvisisjoner p\u00e5 tvers av bedriften St\u00f8tte implementering, forbedring og oppl\u00e6ring i rekvisisjonsprogrammet Delta aktivt i forbedringsarbeid ved behov.\u00a0 \u00d8nskede kvalifikasjoner Formell h\u00f8yere utdanning [&hellip;]<\/p>\n","protected":false},"author":1,"featured_media":0,"parent":4051,"menu_order":0,"comment_status":"closed","ping_status":"closed","template":"","meta":{"_et_pb_use_builder":"","_et_pb_old_content":"","_et_gb_content_width":"","footnotes":""},"class_list":["post-21587","page","type-page","status-publish","hentry"],"yoast_head":"<!-- This site is optimized with the Yoast SEO plugin v27.3 - https:\/\/yoast.com\/product\/yoast-seo-wordpress\/ -->\n<title>Junior Innkj\u00f8per - Vega Consultants<\/title>\n<meta name=\"robots\" content=\"index, follow, max-snippet:-1, max-image-preview:large, max-video-preview:-1\" \/>\n<link rel=\"canonical\" href=\"https:\/\/vegaconsultants.no\/en\/jobbsoker\/ledige-stillinger\/junior-innkjoper-3004053\/\" \/>\n<meta property=\"og:locale\" content=\"en_GB\" \/>\n<meta property=\"og:type\" content=\"article\" \/>\n<meta property=\"og:title\" content=\"Junior Innkj\u00f8per - Vega Consultants\" \/>\n<meta property=\"og:description\" content=\"Vega Consultants AS Junior Innkj\u00f8per Innledning P\u00e5 vegne av kunde, s\u00f8ker vi etter en junior innkj\u00f8per som kan bist\u00e5 Supply Chain avdelingen med administrering av innkj\u00f8psavtaler.\u00a0 Arbeidsoppgaver Typiske arbeidsoppgaver vil v\u00e6re: Lage POer\/rekvisisjoner p\u00e5 tvers av bedriften St\u00f8tte implementering, forbedring og oppl\u00e6ring i rekvisisjonsprogrammet Delta aktivt i forbedringsarbeid ved behov.\u00a0 \u00d8nskede kvalifikasjoner Formell h\u00f8yere utdanning [&hellip;]\" \/>\n<meta property=\"og:url\" content=\"https:\/\/vegaconsultants.no\/en\/jobbsoker\/ledige-stillinger\/junior-innkjoper-3004053\/\" \/>\n<meta property=\"og:site_name\" content=\"Vega Consultants\" \/>\n<meta name=\"twitter:card\" content=\"summary_large_image\" \/>\n<meta name=\"twitter:label1\" content=\"Estimated reading time\" \/>\n\t<meta name=\"twitter:data1\" content=\"1 minute\" \/>\n<script type=\"application\/ld+json\" class=\"yoast-schema-graph\">{\"@context\":\"https:\\\/\\\/schema.org\",\"@graph\":[{\"@type\":\"WebPage\",\"@id\":\"https:\\\/\\\/vegaconsultants.no\\\/jobbsoker\\\/ledige-stillinger\\\/junior-innkjoper-3004053\\\/\",\"url\":\"https:\\\/\\\/vegaconsultants.no\\\/jobbsoker\\\/ledige-stillinger\\\/junior-innkjoper-3004053\\\/\",\"name\":\"Junior Innkj\u00f8per - Vega Consultants\",\"isPartOf\":{\"@id\":\"https:\\\/\\\/vegaconsultants.no\\\/#website\"},\"datePublished\":\"2025-03-09T22:15:43+00:00\",\"breadcrumb\":{\"@id\":\"https:\\\/\\\/vegaconsultants.no\\\/jobbsoker\\\/ledige-stillinger\\\/junior-innkjoper-3004053\\\/#breadcrumb\"},\"inLanguage\":\"en-GB\",\"potentialAction\":[{\"@type\":\"ReadAction\",\"target\":[\"https:\\\/\\\/vegaconsultants.no\\\/jobbsoker\\\/ledige-stillinger\\\/junior-innkjoper-3004053\\\/\"]}]},{\"@type\":\"BreadcrumbList\",\"@id\":\"https:\\\/\\\/vegaconsultants.no\\\/jobbsoker\\\/ledige-stillinger\\\/junior-innkjoper-3004053\\\/#breadcrumb\",\"itemListElement\":[{\"@type\":\"ListItem\",\"position\":1,\"name\":\"Home\",\"item\":\"https:\\\/\\\/vegaconsultants.no\\\/\"},{\"@type\":\"ListItem\",\"position\":2,\"name\":\"Jobbs\u00f8ker\",\"item\":\"https:\\\/\\\/vegaconsultants.no\\\/jobbsoker\\\/\"},{\"@type\":\"ListItem\",\"position\":3,\"name\":\"Ledige stillinger\",\"item\":\"https:\\\/\\\/vegaconsultants.no\\\/jobbsoker\\\/ledige-stillinger\\\/\"},{\"@type\":\"ListItem\",\"position\":4,\"name\":\"Junior Innkj\u00f8per\"}]},{\"@type\":\"WebSite\",\"@id\":\"https:\\\/\\\/vegaconsultants.no\\\/#website\",\"url\":\"https:\\\/\\\/vegaconsultants.no\\\/\",\"name\":\"Vega Consultants\",\"description\":\"Rett person p\u00e5 rett plass\",\"potentialAction\":[{\"@type\":\"SearchAction\",\"target\":{\"@type\":\"EntryPoint\",\"urlTemplate\":\"https:\\\/\\\/vegaconsultants.no\\\/?s={search_term_string}\"},\"query-input\":{\"@type\":\"PropertyValueSpecification\",\"valueRequired\":true,\"valueName\":\"search_term_string\"}}],\"inLanguage\":\"en-GB\"}]}<\/script>\n<!-- \/ Yoast SEO plugin. -->","yoast_head_json":{"title":"Junior Innkj\u00f8per - Vega Consultants","robots":{"index":"index","follow":"follow","max-snippet":"max-snippet:-1","max-image-preview":"max-image-preview:large","max-video-preview":"max-video-preview:-1"},"canonical":"https:\/\/vegaconsultants.no\/en\/jobbsoker\/ledige-stillinger\/junior-innkjoper-3004053\/","og_locale":"en_GB","og_type":"article","og_title":"Junior Innkj\u00f8per - Vega Consultants","og_description":"Vega Consultants AS Junior Innkj\u00f8per Innledning P\u00e5 vegne av kunde, s\u00f8ker vi etter en junior innkj\u00f8per som kan bist\u00e5 Supply Chain avdelingen med administrering av innkj\u00f8psavtaler.\u00a0 Arbeidsoppgaver Typiske arbeidsoppgaver vil v\u00e6re: Lage POer\/rekvisisjoner p\u00e5 tvers av bedriften St\u00f8tte implementering, forbedring og oppl\u00e6ring i rekvisisjonsprogrammet Delta aktivt i forbedringsarbeid ved behov.\u00a0 \u00d8nskede kvalifikasjoner Formell h\u00f8yere utdanning [&hellip;]","og_url":"https:\/\/vegaconsultants.no\/en\/jobbsoker\/ledige-stillinger\/junior-innkjoper-3004053\/","og_site_name":"Vega Consultants","twitter_card":"summary_large_image","twitter_misc":{"Estimated reading time":"1 minute"},"schema":{"@context":"https:\/\/schema.org","@graph":[{"@type":"WebPage","@id":"https:\/\/vegaconsultants.no\/jobbsoker\/ledige-stillinger\/junior-innkjoper-3004053\/","url":"https:\/\/vegaconsultants.no\/jobbsoker\/ledige-stillinger\/junior-innkjoper-3004053\/","name":"Junior Innkj\u00f8per - Vega Consultants","isPartOf":{"@id":"https:\/\/vegaconsultants.no\/#website"},"datePublished":"2025-03-09T22:15:43+00:00","breadcrumb":{"@id":"https:\/\/vegaconsultants.no\/jobbsoker\/ledige-stillinger\/junior-innkjoper-3004053\/#breadcrumb"},"inLanguage":"en-GB","potentialAction":[{"@type":"ReadAction","target":["https:\/\/vegaconsultants.no\/jobbsoker\/ledige-stillinger\/junior-innkjoper-3004053\/"]}]},{"@type":"BreadcrumbList","@id":"https:\/\/vegaconsultants.no\/jobbsoker\/ledige-stillinger\/junior-innkjoper-3004053\/#breadcrumb","itemListElement":[{"@type":"ListItem","position":1,"name":"Home","item":"https:\/\/vegaconsultants.no\/"},{"@type":"ListItem","position":2,"name":"Jobbs\u00f8ker","item":"https:\/\/vegaconsultants.no\/jobbsoker\/"},{"@type":"ListItem","position":3,"name":"Ledige stillinger","item":"https:\/\/vegaconsultants.no\/jobbsoker\/ledige-stillinger\/"},{"@type":"ListItem","position":4,"name":"Junior Innkj\u00f8per"}]},{"@type":"WebSite","@id":"https:\/\/vegaconsultants.no\/#website","url":"https:\/\/vegaconsultants.no\/","name":"Vega Consultants","description":"The right person for the right job","potentialAction":[{"@type":"SearchAction","target":{"@type":"EntryPoint","urlTemplate":"https:\/\/vegaconsultants.no\/?s={search_term_string}"},"query-input":{"@type":"PropertyValueSpecification","valueRequired":true,"valueName":"search_term_string"}}],"inLanguage":"en-GB"}]}},"_links":{"self":[{"href":"https:\/\/vegaconsultants.no\/en\/wp-json\/wp\/v2\/pages\/21587","targetHints":{"allow":["GET"]}}],"collection":[{"href":"https:\/\/vegaconsultants.no\/en\/wp-json\/wp\/v2\/pages"}],"about":[{"href":"https:\/\/vegaconsultants.no\/en\/wp-json\/wp\/v2\/types\/page"}],"author":[{"embeddable":true,"href":"https:\/\/vegaconsultants.no\/en\/wp-json\/wp\/v2\/users\/1"}],"replies":[{"embeddable":true,"href":"https:\/\/vegaconsultants.no\/en\/wp-json\/wp\/v2\/comments?post=21587"}],"version-history":[{"count":0,"href":"https:\/\/vegaconsultants.no\/en\/wp-json\/wp\/v2\/pages\/21587\/revisions"}],"up":[{"embeddable":true,"href":"https:\/\/vegaconsultants.no\/en\/wp-json\/wp\/v2\/pages\/4051"}],"wp:attachment":[{"href":"https:\/\/vegaconsultants.no\/en\/wp-json\/wp\/v2\/media?parent=21587"}],"curies":[{"name":"wp","href":"https:\/\/api.w.org\/{rel}","templated":true}]}}