{"id":21593,"date":"2025-02-23T23:12:26","date_gmt":"2025-02-23T22:12:26","guid":{"rendered":"https:\/\/vegaconsultants.no\/jobbsoker\/ledige-stillinger\/ressurskoordinator-3004059\/"},"modified":"2025-02-23T23:12:26","modified_gmt":"2025-02-23T22:12:26","slug":"ressurskoordinator-3004059","status":"publish","type":"page","link":"https:\/\/vegaconsultants.no\/en\/jobbsoker\/ledige-stillinger\/ressurskoordinator-3004059\/","title":{"rendered":"Resource Coordinator"},"content":{"rendered":"<div class='vacancy-detail'>\n<div class='bold'>Vega Consultants AS<\/div>\n<div class='bold'>Resource Coordinator<\/div>\n<div class='vacancy-body'>\n<p><strong>Place:<\/strong> Stavanger\u00a0<\/p>\n<p>The resource coordinator has the daily responsibility for mobilizing personnel for their assigned projects in the cheapest possible way in accordance with received mobilization letters, and ensuring that the mobilized employees have the qualifications, courses and contracts required in accordance with applicable legislation, regulations and entered into contracts.<\/p>\n<p>The Resource Coordinator will assist in achieving the department&#039;s goals, within the financial framework and budget set by the company&#039;s management. This includes, but is not limited to:<\/p>\n<ul>\n<li>Rotation planning for projects in the department. Ensure that personnel in the department are used optimally in relation to annual accounting and expenses related to travel\/accommodation.<\/li>\n<li>The company&#039;s computer-based personnel system (OCS) must be updated with all activities at all times, as well as archive and maintain the company&#039;s central archive for personnel information.<\/li>\n<li>The Resource Coordinator is responsible for booking flights\/hotels for all personnel on their assigned projects.<\/li>\n<li>The resource coordinator must ensure that personnel who are mobilized have the necessary certificates\/courses, as well as that they have an employment contract and have undergone the necessary internal training.<\/li>\n<li>Responsible for ensuring that all competence\/course certificates are registered in Trainingportal\/OCS.<\/li>\n<li>The resource coordinator must provide information about who is the safety representative on the projects at any given time and that they have the necessary training in accordance with applicable laws and internal regulations.<\/li>\n<li>The resource coordinator is responsible for arranging necessary mandatory courses and certificates for project personnel.<\/li>\n<li>Check invoices in connection with travel\/stays, and assist the operations manager with invoicing in accordance with customer contracts.<\/li>\n<li>Hiring, receiving and terminating operational personnel associated with the project<\/li>\n<li>Sickness absence follow-up\/statistics<\/li>\n<li>Assist the HR manager with annual accounting for operational personnel<\/li>\n<li>General personnel management towards projects<\/li>\n<li>Layoffs\/termination of operational personnel<\/li>\n<\/ul>\n<p><\/p>\n<p>Does this sound like something for you? Contact Sarah on 456 80 850 or Sarah.svabo@vegaconsultants.no to hear what we can offer!<\/p>\n<\/div>\n<div class='vega-button'><span><a href='https:\/\/secure.webtemp.no\/WebtempCVPortal\/startsession.aspx?page=stillingsingle&amp;k=169&amp;id_utleie=3004059'>More info\/search here<\/a><\/span><\/div>\n<p><\/p>\n<hr>\n<div>\n<h4>REFNR<\/h4>\n<p>402956<\/p><\/div>\n<div>\n<h4>POSITION TYPE<\/h4>\n<p>Full-time<br \/>Temporary position\/engagement<\/div>\n<div>\n<h4>APPLICATION DEADLINE<\/h4>\n<\/div>\n<div class='vacancy-consultant'>\n<h4>CONTACT PERSON(S)<\/h4>\n<div>Sarah Svab\u00f8<\/div>\n<div>45 68 08 50<\/div>\n<div>sarah.svabo@vegaconsultants.no<\/div>\n<\/div>\n<\/div>","protected":false},"excerpt":{"rendered":"<p>Vega Consultants AS Ressurskoordinator Sted: Stavanger\u00a0 Ressurskoordinator har det daglige ansvaret for \u00e5 mobilisere personell til sine angitte prosjekter p\u00e5 billigste mulig m\u00e5te i henhold til mottatte mobiliseringsbrev, og at de mobiliserte ansatte har de kvalifikasjoner, kurser og kontrakter som trengs i henhold til gjeldende lovverk, regler og inng\u00e5tte kontrakter. Ressurskoordinator skal bist\u00e5 for \u00e5 [&hellip;]<\/p>\n","protected":false},"author":1,"featured_media":0,"parent":4051,"menu_order":0,"comment_status":"closed","ping_status":"closed","template":"","meta":{"_et_pb_use_builder":"","_et_pb_old_content":"","_et_gb_content_width":"","footnotes":""},"class_list":["post-21593","page","type-page","status-publish","hentry"],"yoast_head":"<!-- This site is optimized with the Yoast SEO plugin v27.4 - https:\/\/yoast.com\/product\/yoast-seo-wordpress\/ -->\n<title>Ressurskoordinator - Vega Consultants<\/title>\n<meta name=\"robots\" content=\"index, follow, max-snippet:-1, max-image-preview:large, max-video-preview:-1\" \/>\n<link rel=\"canonical\" href=\"https:\/\/vegaconsultants.no\/en\/jobbsoker\/ledige-stillinger\/ressurskoordinator-3004059\/\" \/>\n<meta property=\"og:locale\" content=\"en_GB\" \/>\n<meta property=\"og:type\" content=\"article\" \/>\n<meta property=\"og:title\" content=\"Ressurskoordinator - Vega Consultants\" \/>\n<meta property=\"og:description\" content=\"Vega Consultants AS Ressurskoordinator Sted: Stavanger\u00a0 Ressurskoordinator har det daglige ansvaret for \u00e5 mobilisere personell til sine angitte prosjekter p\u00e5 billigste mulig m\u00e5te i henhold til mottatte mobiliseringsbrev, og at de mobiliserte ansatte har de kvalifikasjoner, kurser og kontrakter som trengs i henhold til gjeldende lovverk, regler og inng\u00e5tte kontrakter. Ressurskoordinator skal bist\u00e5 for \u00e5 [&hellip;]\" \/>\n<meta property=\"og:url\" content=\"https:\/\/vegaconsultants.no\/en\/jobbsoker\/ledige-stillinger\/ressurskoordinator-3004059\/\" \/>\n<meta property=\"og:site_name\" content=\"Vega Consultants\" \/>\n<meta name=\"twitter:card\" content=\"summary_large_image\" \/>\n<meta name=\"twitter:label1\" content=\"Estimated reading time\" \/>\n\t<meta name=\"twitter:data1\" content=\"2 minutes\" \/>\n<script type=\"application\/ld+json\" class=\"yoast-schema-graph\">{\"@context\":\"https:\\\/\\\/schema.org\",\"@graph\":[{\"@type\":\"WebPage\",\"@id\":\"https:\\\/\\\/vegaconsultants.no\\\/jobbsoker\\\/ledige-stillinger\\\/ressurskoordinator-3004059\\\/\",\"url\":\"https:\\\/\\\/vegaconsultants.no\\\/jobbsoker\\\/ledige-stillinger\\\/ressurskoordinator-3004059\\\/\",\"name\":\"Ressurskoordinator - Vega Consultants\",\"isPartOf\":{\"@id\":\"https:\\\/\\\/vegaconsultants.no\\\/#website\"},\"datePublished\":\"2025-02-23T22:12:26+00:00\",\"breadcrumb\":{\"@id\":\"https:\\\/\\\/vegaconsultants.no\\\/jobbsoker\\\/ledige-stillinger\\\/ressurskoordinator-3004059\\\/#breadcrumb\"},\"inLanguage\":\"en-GB\",\"potentialAction\":[{\"@type\":\"ReadAction\",\"target\":[\"https:\\\/\\\/vegaconsultants.no\\\/jobbsoker\\\/ledige-stillinger\\\/ressurskoordinator-3004059\\\/\"]}]},{\"@type\":\"BreadcrumbList\",\"@id\":\"https:\\\/\\\/vegaconsultants.no\\\/jobbsoker\\\/ledige-stillinger\\\/ressurskoordinator-3004059\\\/#breadcrumb\",\"itemListElement\":[{\"@type\":\"ListItem\",\"position\":1,\"name\":\"Home\",\"item\":\"https:\\\/\\\/vegaconsultants.no\\\/\"},{\"@type\":\"ListItem\",\"position\":2,\"name\":\"Jobbs\u00f8ker\",\"item\":\"https:\\\/\\\/vegaconsultants.no\\\/jobbsoker\\\/\"},{\"@type\":\"ListItem\",\"position\":3,\"name\":\"Ledige stillinger\",\"item\":\"https:\\\/\\\/vegaconsultants.no\\\/jobbsoker\\\/ledige-stillinger\\\/\"},{\"@type\":\"ListItem\",\"position\":4,\"name\":\"Ressurskoordinator\"}]},{\"@type\":\"WebSite\",\"@id\":\"https:\\\/\\\/vegaconsultants.no\\\/#website\",\"url\":\"https:\\\/\\\/vegaconsultants.no\\\/\",\"name\":\"Vega Consultants\",\"description\":\"Rett person p\u00e5 rett plass\",\"potentialAction\":[{\"@type\":\"SearchAction\",\"target\":{\"@type\":\"EntryPoint\",\"urlTemplate\":\"https:\\\/\\\/vegaconsultants.no\\\/?s={search_term_string}\"},\"query-input\":{\"@type\":\"PropertyValueSpecification\",\"valueRequired\":true,\"valueName\":\"search_term_string\"}}],\"inLanguage\":\"en-GB\"}]}<\/script>\n<!-- \/ Yoast SEO plugin. -->","yoast_head_json":{"title":"Ressurskoordinator - Vega Consultants","robots":{"index":"index","follow":"follow","max-snippet":"max-snippet:-1","max-image-preview":"max-image-preview:large","max-video-preview":"max-video-preview:-1"},"canonical":"https:\/\/vegaconsultants.no\/en\/jobbsoker\/ledige-stillinger\/ressurskoordinator-3004059\/","og_locale":"en_GB","og_type":"article","og_title":"Ressurskoordinator - Vega Consultants","og_description":"Vega Consultants AS Ressurskoordinator Sted: Stavanger\u00a0 Ressurskoordinator har det daglige ansvaret for \u00e5 mobilisere personell til sine angitte prosjekter p\u00e5 billigste mulig m\u00e5te i henhold til mottatte mobiliseringsbrev, og at de mobiliserte ansatte har de kvalifikasjoner, kurser og kontrakter som trengs i henhold til gjeldende lovverk, regler og inng\u00e5tte kontrakter. Ressurskoordinator skal bist\u00e5 for \u00e5 [&hellip;]","og_url":"https:\/\/vegaconsultants.no\/en\/jobbsoker\/ledige-stillinger\/ressurskoordinator-3004059\/","og_site_name":"Vega Consultants","twitter_card":"summary_large_image","twitter_misc":{"Estimated reading time":"2 minutes"},"schema":{"@context":"https:\/\/schema.org","@graph":[{"@type":"WebPage","@id":"https:\/\/vegaconsultants.no\/jobbsoker\/ledige-stillinger\/ressurskoordinator-3004059\/","url":"https:\/\/vegaconsultants.no\/jobbsoker\/ledige-stillinger\/ressurskoordinator-3004059\/","name":"Ressurskoordinator - Vega Consultants","isPartOf":{"@id":"https:\/\/vegaconsultants.no\/#website"},"datePublished":"2025-02-23T22:12:26+00:00","breadcrumb":{"@id":"https:\/\/vegaconsultants.no\/jobbsoker\/ledige-stillinger\/ressurskoordinator-3004059\/#breadcrumb"},"inLanguage":"en-GB","potentialAction":[{"@type":"ReadAction","target":["https:\/\/vegaconsultants.no\/jobbsoker\/ledige-stillinger\/ressurskoordinator-3004059\/"]}]},{"@type":"BreadcrumbList","@id":"https:\/\/vegaconsultants.no\/jobbsoker\/ledige-stillinger\/ressurskoordinator-3004059\/#breadcrumb","itemListElement":[{"@type":"ListItem","position":1,"name":"Home","item":"https:\/\/vegaconsultants.no\/"},{"@type":"ListItem","position":2,"name":"Jobbs\u00f8ker","item":"https:\/\/vegaconsultants.no\/jobbsoker\/"},{"@type":"ListItem","position":3,"name":"Ledige stillinger","item":"https:\/\/vegaconsultants.no\/jobbsoker\/ledige-stillinger\/"},{"@type":"ListItem","position":4,"name":"Ressurskoordinator"}]},{"@type":"WebSite","@id":"https:\/\/vegaconsultants.no\/#website","url":"https:\/\/vegaconsultants.no\/","name":"Vega Consultants","description":"The right person for the right job","potentialAction":[{"@type":"SearchAction","target":{"@type":"EntryPoint","urlTemplate":"https:\/\/vegaconsultants.no\/?s={search_term_string}"},"query-input":{"@type":"PropertyValueSpecification","valueRequired":true,"valueName":"search_term_string"}}],"inLanguage":"en-GB"}]}},"_links":{"self":[{"href":"https:\/\/vegaconsultants.no\/en\/wp-json\/wp\/v2\/pages\/21593","targetHints":{"allow":["GET"]}}],"collection":[{"href":"https:\/\/vegaconsultants.no\/en\/wp-json\/wp\/v2\/pages"}],"about":[{"href":"https:\/\/vegaconsultants.no\/en\/wp-json\/wp\/v2\/types\/page"}],"author":[{"embeddable":true,"href":"https:\/\/vegaconsultants.no\/en\/wp-json\/wp\/v2\/users\/1"}],"replies":[{"embeddable":true,"href":"https:\/\/vegaconsultants.no\/en\/wp-json\/wp\/v2\/comments?post=21593"}],"version-history":[{"count":0,"href":"https:\/\/vegaconsultants.no\/en\/wp-json\/wp\/v2\/pages\/21593\/revisions"}],"up":[{"embeddable":true,"href":"https:\/\/vegaconsultants.no\/en\/wp-json\/wp\/v2\/pages\/4051"}],"wp:attachment":[{"href":"https:\/\/vegaconsultants.no\/en\/wp-json\/wp\/v2\/media?parent=21593"}],"curies":[{"name":"wp","href":"https:\/\/api.w.org\/{rel}","templated":true}]}}