{"id":21595,"date":"2025-05-22T15:16:21","date_gmt":"2025-05-22T13:16:21","guid":{"rendered":"https:\/\/vegaconsultants.no\/jobbsoker\/ledige-stillinger\/senior-electrical-engineer-3004061\/"},"modified":"2025-05-22T15:16:21","modified_gmt":"2025-05-22T13:16:21","slug":"senior-electrical-engineer-3004061","status":"publish","type":"page","link":"https:\/\/vegaconsultants.no\/en\/jobbsoker\/ledige-stillinger\/senior-electrical-engineer-3004061\/","title":{"rendered":"Senior Electrical Engineer"},"content":{"rendered":"<div class='vacancy-detail'>\n<div class='bold'>Vega Consultants AS<\/div>\n<div class='bold'>Senior Electrical Engineer<\/div>\n<div class='vacancy-body'>\n<h3><strong>Introduction<\/strong><\/h3>\n<p>On behalf of a client, we are looking for an electrical project engineer who will primarily work with detail\/system engineering and calculations.\u00a0<\/p>\n<p><\/p>\n<h3><strong>Work tasks<\/strong><\/h3>\n<ul>\n<li>Independent, responsible project engineer in project<\/li>\n<li>Self-inspection and check of documents<\/li>\n<li>Supplier follow-up<\/li>\n<li>Input and preparation of installation packages<\/li>\n<\/ul>\n<p>&nbsp;<\/p>\n<h3><strong>Required qualifications<\/strong><\/h3>\n<ul>\n<li>Technical college or Bachelor\/Master of science<\/li>\n<li>Minimum 5 years of experience from offshore\/onshore projects on the Norwegian continental shelf<\/li>\n<li>Experience with LCI is an advantage<\/li>\n<li>Basic EX course \u2013 6-8 hours online, or 22.5 hours in the classroom<\/li>\n<li>FSE course \u2013 High and low voltage with first aid<\/li>\n<li>Experience with CompuTrace, TRacecalc, FEBDOK is an advantage<\/li>\n<li>Experience with ProCoSys and STID is an advantage<\/li>\n<li>Knowledge of E3D and Microstation desirable<\/li>\n<li>Fluent Norwegian and English is desirable<\/li>\n<li>Multidisciplinary understanding and good collaboration skills\u00a0<\/li>\n<\/ul>\n<p><\/p>\n<p>This is an assignment lasting until 2026, and you will work on site in Stj\u00f8rdal (not rotation).\u00a0<\/p>\n<p><\/p>\n<h3><strong>Interested?<\/strong><\/h3>\n<p>If this sounds like the job for you, we look forward to hearing from you! Candidates will be considered on an ongoing basis.\u00a0<\/p>\n<p>If you have any questions regarding the position, please contact Grethe Borg on tel. +45 905 21 929<\/p>\n<p>\n<\/div>\n<div class='vega-button'><span><a href='https:\/\/secure.webtemp.no\/WebtempCVPortal\/startsession.aspx?page=stillingsingle&amp;k=169&amp;id_utleie=3004061'>More info\/search here<\/a><\/span><\/div>\n<p><\/p>\n<hr>\n<div>\n<h4>REFNR<\/h4>\n<p>402958<\/p><\/div>\n<div>\n<h4>POSITION TYPE<\/h4>\n<p>Full-time<br \/>Temporary position\/engagement<\/div>\n<div>\n<h4>APPLICATION DEADLINE<\/h4>\n<p>30.05.2025<\/p><\/div>\n<div class='vacancy-consultant'>\n<h4>CONTACT PERSON(S)<\/h4>\n<div>Grethe Borg<\/div>\n<div>90 52 19 29<\/div>\n<div>grethe.borg@vegaconsultants.no<\/div>\n<\/div>\n<\/div>","protected":false},"excerpt":{"rendered":"<p>Vega Consultants AS Senior Electrical Engineer Innledning P\u00e5 vegne av kunde ser vi etter en elektro prosjektingeni\u00f8r som i hovedsak skal jobbe med detalj\/system engineering og beregninger.\u00a0 Arbeidsoppgaver Selvstendig, ansvarlig prosjektingeni\u00f8r i prosjekt Egenkontroll og sjekk av dokumenter Leverand\u00f8roppf\u00f8lging Innspill og utarbeidelse av installasjonspakker &nbsp; N\u00f8dvendige kvalifikasjoner Teknisk fagskole eller Bachelor-\/Master of science Minimum 5 [&hellip;]<\/p>\n","protected":false},"author":1,"featured_media":0,"parent":4051,"menu_order":0,"comment_status":"closed","ping_status":"closed","template":"","meta":{"_et_pb_use_builder":"","_et_pb_old_content":"","_et_gb_content_width":"","footnotes":""},"class_list":["post-21595","page","type-page","status-publish","hentry"],"yoast_head":"<!-- This site is optimized with the Yoast SEO plugin v27.4 - https:\/\/yoast.com\/product\/yoast-seo-wordpress\/ -->\n<title>Senior Electrical Engineer - Vega Consultants<\/title>\n<meta name=\"robots\" content=\"index, follow, max-snippet:-1, max-image-preview:large, max-video-preview:-1\" \/>\n<link rel=\"canonical\" href=\"https:\/\/vegaconsultants.no\/en\/jobbsoker\/ledige-stillinger\/senior-electrical-engineer-3004061\/\" \/>\n<meta property=\"og:locale\" content=\"en_GB\" \/>\n<meta property=\"og:type\" content=\"article\" \/>\n<meta property=\"og:title\" content=\"Senior Electrical Engineer - Vega Consultants\" \/>\n<meta property=\"og:description\" content=\"Vega Consultants AS Senior Electrical Engineer Innledning P\u00e5 vegne av kunde ser vi etter en elektro prosjektingeni\u00f8r som i hovedsak skal jobbe med detalj\/system engineering og beregninger.\u00a0 Arbeidsoppgaver Selvstendig, ansvarlig prosjektingeni\u00f8r i prosjekt Egenkontroll og sjekk av dokumenter Leverand\u00f8roppf\u00f8lging Innspill og utarbeidelse av installasjonspakker &nbsp; N\u00f8dvendige kvalifikasjoner Teknisk fagskole eller Bachelor-\/Master of science Minimum 5 [&hellip;]\" \/>\n<meta property=\"og:url\" content=\"https:\/\/vegaconsultants.no\/en\/jobbsoker\/ledige-stillinger\/senior-electrical-engineer-3004061\/\" \/>\n<meta property=\"og:site_name\" content=\"Vega Consultants\" \/>\n<meta name=\"twitter:card\" content=\"summary_large_image\" \/>\n<meta name=\"twitter:label1\" content=\"Estimated reading time\" \/>\n\t<meta name=\"twitter:data1\" content=\"1 minute\" \/>\n<script type=\"application\/ld+json\" class=\"yoast-schema-graph\">{\"@context\":\"https:\\\/\\\/schema.org\",\"@graph\":[{\"@type\":\"WebPage\",\"@id\":\"https:\\\/\\\/vegaconsultants.no\\\/jobbsoker\\\/ledige-stillinger\\\/senior-electrical-engineer-3004061\\\/\",\"url\":\"https:\\\/\\\/vegaconsultants.no\\\/jobbsoker\\\/ledige-stillinger\\\/senior-electrical-engineer-3004061\\\/\",\"name\":\"Senior Electrical Engineer - Vega Consultants\",\"isPartOf\":{\"@id\":\"https:\\\/\\\/vegaconsultants.no\\\/#website\"},\"datePublished\":\"2025-05-22T13:16:21+00:00\",\"breadcrumb\":{\"@id\":\"https:\\\/\\\/vegaconsultants.no\\\/jobbsoker\\\/ledige-stillinger\\\/senior-electrical-engineer-3004061\\\/#breadcrumb\"},\"inLanguage\":\"en-GB\",\"potentialAction\":[{\"@type\":\"ReadAction\",\"target\":[\"https:\\\/\\\/vegaconsultants.no\\\/jobbsoker\\\/ledige-stillinger\\\/senior-electrical-engineer-3004061\\\/\"]}]},{\"@type\":\"BreadcrumbList\",\"@id\":\"https:\\\/\\\/vegaconsultants.no\\\/jobbsoker\\\/ledige-stillinger\\\/senior-electrical-engineer-3004061\\\/#breadcrumb\",\"itemListElement\":[{\"@type\":\"ListItem\",\"position\":1,\"name\":\"Home\",\"item\":\"https:\\\/\\\/vegaconsultants.no\\\/\"},{\"@type\":\"ListItem\",\"position\":2,\"name\":\"Jobbs\u00f8ker\",\"item\":\"https:\\\/\\\/vegaconsultants.no\\\/jobbsoker\\\/\"},{\"@type\":\"ListItem\",\"position\":3,\"name\":\"Ledige stillinger\",\"item\":\"https:\\\/\\\/vegaconsultants.no\\\/jobbsoker\\\/ledige-stillinger\\\/\"},{\"@type\":\"ListItem\",\"position\":4,\"name\":\"Senior Electrical Engineer\"}]},{\"@type\":\"WebSite\",\"@id\":\"https:\\\/\\\/vegaconsultants.no\\\/#website\",\"url\":\"https:\\\/\\\/vegaconsultants.no\\\/\",\"name\":\"Vega Consultants\",\"description\":\"Rett person p\u00e5 rett plass\",\"potentialAction\":[{\"@type\":\"SearchAction\",\"target\":{\"@type\":\"EntryPoint\",\"urlTemplate\":\"https:\\\/\\\/vegaconsultants.no\\\/?s={search_term_string}\"},\"query-input\":{\"@type\":\"PropertyValueSpecification\",\"valueRequired\":true,\"valueName\":\"search_term_string\"}}],\"inLanguage\":\"en-GB\"}]}<\/script>\n<!-- \/ Yoast SEO plugin. -->","yoast_head_json":{"title":"Senior Electrical Engineer - Vega Consultants","robots":{"index":"index","follow":"follow","max-snippet":"max-snippet:-1","max-image-preview":"max-image-preview:large","max-video-preview":"max-video-preview:-1"},"canonical":"https:\/\/vegaconsultants.no\/en\/jobbsoker\/ledige-stillinger\/senior-electrical-engineer-3004061\/","og_locale":"en_GB","og_type":"article","og_title":"Senior Electrical Engineer - Vega Consultants","og_description":"Vega Consultants AS Senior Electrical Engineer Innledning P\u00e5 vegne av kunde ser vi etter en elektro prosjektingeni\u00f8r som i hovedsak skal jobbe med detalj\/system engineering og beregninger.\u00a0 Arbeidsoppgaver Selvstendig, ansvarlig prosjektingeni\u00f8r i prosjekt Egenkontroll og sjekk av dokumenter Leverand\u00f8roppf\u00f8lging Innspill og utarbeidelse av installasjonspakker &nbsp; N\u00f8dvendige kvalifikasjoner Teknisk fagskole eller Bachelor-\/Master of science Minimum 5 [&hellip;]","og_url":"https:\/\/vegaconsultants.no\/en\/jobbsoker\/ledige-stillinger\/senior-electrical-engineer-3004061\/","og_site_name":"Vega Consultants","twitter_card":"summary_large_image","twitter_misc":{"Estimated reading time":"1 minute"},"schema":{"@context":"https:\/\/schema.org","@graph":[{"@type":"WebPage","@id":"https:\/\/vegaconsultants.no\/jobbsoker\/ledige-stillinger\/senior-electrical-engineer-3004061\/","url":"https:\/\/vegaconsultants.no\/jobbsoker\/ledige-stillinger\/senior-electrical-engineer-3004061\/","name":"Senior Electrical Engineer - Vega Consultants","isPartOf":{"@id":"https:\/\/vegaconsultants.no\/#website"},"datePublished":"2025-05-22T13:16:21+00:00","breadcrumb":{"@id":"https:\/\/vegaconsultants.no\/jobbsoker\/ledige-stillinger\/senior-electrical-engineer-3004061\/#breadcrumb"},"inLanguage":"en-GB","potentialAction":[{"@type":"ReadAction","target":["https:\/\/vegaconsultants.no\/jobbsoker\/ledige-stillinger\/senior-electrical-engineer-3004061\/"]}]},{"@type":"BreadcrumbList","@id":"https:\/\/vegaconsultants.no\/jobbsoker\/ledige-stillinger\/senior-electrical-engineer-3004061\/#breadcrumb","itemListElement":[{"@type":"ListItem","position":1,"name":"Home","item":"https:\/\/vegaconsultants.no\/"},{"@type":"ListItem","position":2,"name":"Jobbs\u00f8ker","item":"https:\/\/vegaconsultants.no\/jobbsoker\/"},{"@type":"ListItem","position":3,"name":"Ledige stillinger","item":"https:\/\/vegaconsultants.no\/jobbsoker\/ledige-stillinger\/"},{"@type":"ListItem","position":4,"name":"Senior Electrical Engineer"}]},{"@type":"WebSite","@id":"https:\/\/vegaconsultants.no\/#website","url":"https:\/\/vegaconsultants.no\/","name":"Vega Consultants","description":"The right person for the right job","potentialAction":[{"@type":"SearchAction","target":{"@type":"EntryPoint","urlTemplate":"https:\/\/vegaconsultants.no\/?s={search_term_string}"},"query-input":{"@type":"PropertyValueSpecification","valueRequired":true,"valueName":"search_term_string"}}],"inLanguage":"en-GB"}]}},"_links":{"self":[{"href":"https:\/\/vegaconsultants.no\/en\/wp-json\/wp\/v2\/pages\/21595","targetHints":{"allow":["GET"]}}],"collection":[{"href":"https:\/\/vegaconsultants.no\/en\/wp-json\/wp\/v2\/pages"}],"about":[{"href":"https:\/\/vegaconsultants.no\/en\/wp-json\/wp\/v2\/types\/page"}],"author":[{"embeddable":true,"href":"https:\/\/vegaconsultants.no\/en\/wp-json\/wp\/v2\/users\/1"}],"replies":[{"embeddable":true,"href":"https:\/\/vegaconsultants.no\/en\/wp-json\/wp\/v2\/comments?post=21595"}],"version-history":[{"count":0,"href":"https:\/\/vegaconsultants.no\/en\/wp-json\/wp\/v2\/pages\/21595\/revisions"}],"up":[{"embeddable":true,"href":"https:\/\/vegaconsultants.no\/en\/wp-json\/wp\/v2\/pages\/4051"}],"wp:attachment":[{"href":"https:\/\/vegaconsultants.no\/en\/wp-json\/wp\/v2\/media?parent=21595"}],"curies":[{"name":"wp","href":"https:\/\/api.w.org\/{rel}","templated":true}]}}