{"id":21597,"date":"2025-02-28T23:19:33","date_gmt":"2025-02-28T22:19:33","guid":{"rendered":"https:\/\/vegaconsultants.no\/jobbsoker\/ledige-stillinger\/senior-subsea-engineer-3004063\/"},"modified":"2025-02-28T23:19:33","modified_gmt":"2025-02-28T22:19:33","slug":"senior-subsea-engineer-3004063","status":"publish","type":"page","link":"https:\/\/vegaconsultants.no\/en\/jobbsoker\/ledige-stillinger\/senior-subsea-engineer-3004063\/","title":{"rendered":"Senior Subsea Engineer"},"content":{"rendered":"<div class='vacancy-detail'>\n<div class='bold'>Vega Consultants AS<\/div>\n<div class='bold'>Senior Subsea Engineer<\/div>\n<div class='vacancy-body'>\n<h3><strong>Typiske arbeidsoppgaver (avhengig av tidligere erfaringer): <\/strong><\/h3>\n<ul>\n<li>Sikre subsea feltet er hensyntatt i de nye produksjons-optimaliserings verkt\u00f8yene som utvikles.&nbsp;<\/li>\n<li>Utarbeide ideer for best mulig drift av subsea-installasjonene hvor man tar hensyn til produksjon og rammebetingelser gitt for subsea-installasjonene<\/li>\n<li>Kontinuerlig s\u00f8ke etter muligheter for \u00e5 optimalisere subsea anlegget mtp produksjons effektivitet.<\/li>\n<li>Lede subsea initiativer som kan muliggj\u00f8r \u00f8kning av eksisterende driftsgrenser vha. systematiske prosesser.<\/li>\n<li>Bidra med \u00e5 integrere subsea disiplinen i Integrated Operations Center (IOC) for \u00e5 maksimere effektivitet for produksjons optimaliserings teamet i drift.<\/li>\n<li>St\u00f8tte clean-up og oppstarts teamene fra et subsea perspektiv, inkludert subsea input mot tilh\u00f8rende prosedyre-sett.<\/li>\n<li>Bidra inn mot utarbeidelse av prosedyreverk for normal drift. St\u00f8tte prosedyreutf\u00f8relse direkte i kontrollrommet i oppstartsfasen.<\/li>\n<li>St\u00f8tte handover fra prosjekt til drift&nbsp;<\/li>\n<li>Delta i operasjonelle risikovurderinger<\/li>\n<\/ul>\n<h3><strong>Kompetanse og kvalifikasjoner:  <\/strong><\/h3>\n<ul>\n<li>Minimum 3 \u00e5r subsea operasjonell erfaring.<\/li>\n<li>Minimum Bachelor grad&nbsp;<\/li>\n<li>Relevant erfaring kan kompensere for utdanning<\/li>\n<li>Krav til flytende i norsk og god i engelsk, b\u00e5de muntlig og skriftlig&nbsp;<\/li>\n<\/ul>\n<h3><strong>Vi tror du vil trives hvis du kjenner deg igjen i dette: <\/strong><\/h3>\n<ul>\n<li>Samarbeid er selve kjernen hos v\u00e5r kunde. \u00c5 jobbe hos oss betyr at du \u00f8nsker \u00e5 v\u00e6re en del av OneTeam-kulturen v\u00e5r.&nbsp;<\/li>\n<li>Du er p\u00e5litelig og liker \u00e5 levere det du har p\u00e5begynt.<\/li>\n<li>Du s\u00f8ker nye perspektiver, ser nye vinkler og muligheter for forbedring<\/li>\n<li>Du liker \u00e5 se det store bildet og hvordan ting henger sammen.<\/li>\n<\/ul>\n<h3>Lokasjon: Stavanger eller Oslo<\/h3>\n<h3>For mer informasjon om stillingen er det bare \u00e5 ringe til Grethe Borg p\u00e5 905 21 929<\/h3>\n<\/div>\n<div class='vega-button'><span><a href='https:\/\/secure.webtemp.no\/WebtempCVPortal\/startsession.aspx?page=stillingsingle&amp;k=169&amp;id_utleie=3004063'>Mer info\/s\u00f8k her<\/a><\/span><\/div>\n<p><\/p>\n<hr>\n<div>\n<h4>REFNR<\/h4>\n<p>402960<\/p><\/div>\n<div>\n<h4>STILLINGSTYPE<\/h4>\n<p>Heltid<br \/>Vikariat\/engasjement<\/div>\n<div>\n<h4>S\u00d8KNADSFRIST<\/h4>\n<p>asap<\/p><\/div>\n<div class='vacancy-consultant'>\n<h4>KONTAKTPERSON(ER)<\/h4>\n<div>Grethe Borg<\/div>\n<div>90 52 19 29<\/div>\n<div>grethe.borg@vegaconsultants.no<\/div>\n<\/div>\n<\/div>","protected":false},"excerpt":{"rendered":"<p>Vega Consultants AS Senior Subsea Engineer Typiske arbeidsoppgaver (avhengig av tidligere erfaringer): Sikre subsea feltet er hensyntatt i de nye produksjons-optimaliserings verkt\u00f8yene som utvikles.&nbsp; Utarbeide ideer for best mulig drift av subsea-installasjonene hvor man tar hensyn til produksjon og rammebetingelser gitt for subsea-installasjonene Kontinuerlig s\u00f8ke etter muligheter for \u00e5 optimalisere subsea anlegget mtp produksjons effektivitet. [&hellip;]<\/p>\n","protected":false},"author":1,"featured_media":0,"parent":4051,"menu_order":0,"comment_status":"closed","ping_status":"closed","template":"","meta":{"_et_pb_use_builder":"","_et_pb_old_content":"","_et_gb_content_width":"","footnotes":""},"class_list":["post-21597","page","type-page","status-publish","hentry"],"yoast_head":"<!-- This site is optimized with the Yoast SEO plugin v27.3 - https:\/\/yoast.com\/product\/yoast-seo-wordpress\/ -->\n<title>Senior Subsea Engineer - Vega Consultants<\/title>\n<meta name=\"robots\" content=\"index, follow, max-snippet:-1, max-image-preview:large, max-video-preview:-1\" \/>\n<link rel=\"canonical\" href=\"https:\/\/vegaconsultants.no\/en\/jobbsoker\/ledige-stillinger\/senior-subsea-engineer-3004063\/\" \/>\n<meta property=\"og:locale\" content=\"en_GB\" \/>\n<meta property=\"og:type\" content=\"article\" \/>\n<meta property=\"og:title\" content=\"Senior Subsea Engineer - Vega Consultants\" \/>\n<meta property=\"og:description\" content=\"Vega Consultants AS Senior Subsea Engineer Typiske arbeidsoppgaver (avhengig av tidligere erfaringer): Sikre subsea feltet er hensyntatt i de nye produksjons-optimaliserings verkt\u00f8yene som utvikles.&nbsp; Utarbeide ideer for best mulig drift av subsea-installasjonene hvor man tar hensyn til produksjon og rammebetingelser gitt for subsea-installasjonene Kontinuerlig s\u00f8ke etter muligheter for \u00e5 optimalisere subsea anlegget mtp produksjons effektivitet. [&hellip;]\" \/>\n<meta property=\"og:url\" content=\"https:\/\/vegaconsultants.no\/en\/jobbsoker\/ledige-stillinger\/senior-subsea-engineer-3004063\/\" \/>\n<meta property=\"og:site_name\" content=\"Vega Consultants\" \/>\n<meta name=\"twitter:card\" content=\"summary_large_image\" \/>\n<meta name=\"twitter:label1\" content=\"Estimated reading time\" \/>\n\t<meta name=\"twitter:data1\" content=\"1 minute\" \/>\n<script type=\"application\/ld+json\" class=\"yoast-schema-graph\">{\"@context\":\"https:\\\/\\\/schema.org\",\"@graph\":[{\"@type\":\"WebPage\",\"@id\":\"https:\\\/\\\/vegaconsultants.no\\\/jobbsoker\\\/ledige-stillinger\\\/senior-subsea-engineer-3004063\\\/\",\"url\":\"https:\\\/\\\/vegaconsultants.no\\\/jobbsoker\\\/ledige-stillinger\\\/senior-subsea-engineer-3004063\\\/\",\"name\":\"Senior Subsea Engineer - Vega Consultants\",\"isPartOf\":{\"@id\":\"https:\\\/\\\/vegaconsultants.no\\\/#website\"},\"datePublished\":\"2025-02-28T22:19:33+00:00\",\"breadcrumb\":{\"@id\":\"https:\\\/\\\/vegaconsultants.no\\\/jobbsoker\\\/ledige-stillinger\\\/senior-subsea-engineer-3004063\\\/#breadcrumb\"},\"inLanguage\":\"en-GB\",\"potentialAction\":[{\"@type\":\"ReadAction\",\"target\":[\"https:\\\/\\\/vegaconsultants.no\\\/jobbsoker\\\/ledige-stillinger\\\/senior-subsea-engineer-3004063\\\/\"]}]},{\"@type\":\"BreadcrumbList\",\"@id\":\"https:\\\/\\\/vegaconsultants.no\\\/jobbsoker\\\/ledige-stillinger\\\/senior-subsea-engineer-3004063\\\/#breadcrumb\",\"itemListElement\":[{\"@type\":\"ListItem\",\"position\":1,\"name\":\"Home\",\"item\":\"https:\\\/\\\/vegaconsultants.no\\\/\"},{\"@type\":\"ListItem\",\"position\":2,\"name\":\"Jobbs\u00f8ker\",\"item\":\"https:\\\/\\\/vegaconsultants.no\\\/jobbsoker\\\/\"},{\"@type\":\"ListItem\",\"position\":3,\"name\":\"Ledige stillinger\",\"item\":\"https:\\\/\\\/vegaconsultants.no\\\/jobbsoker\\\/ledige-stillinger\\\/\"},{\"@type\":\"ListItem\",\"position\":4,\"name\":\"Senior Subsea Engineer\"}]},{\"@type\":\"WebSite\",\"@id\":\"https:\\\/\\\/vegaconsultants.no\\\/#website\",\"url\":\"https:\\\/\\\/vegaconsultants.no\\\/\",\"name\":\"Vega Consultants\",\"description\":\"Rett person p\u00e5 rett plass\",\"potentialAction\":[{\"@type\":\"SearchAction\",\"target\":{\"@type\":\"EntryPoint\",\"urlTemplate\":\"https:\\\/\\\/vegaconsultants.no\\\/?s={search_term_string}\"},\"query-input\":{\"@type\":\"PropertyValueSpecification\",\"valueRequired\":true,\"valueName\":\"search_term_string\"}}],\"inLanguage\":\"en-GB\"}]}<\/script>\n<!-- \/ Yoast SEO plugin. -->","yoast_head_json":{"title":"Senior Subsea Engineer - Vega Consultants","robots":{"index":"index","follow":"follow","max-snippet":"max-snippet:-1","max-image-preview":"max-image-preview:large","max-video-preview":"max-video-preview:-1"},"canonical":"https:\/\/vegaconsultants.no\/en\/jobbsoker\/ledige-stillinger\/senior-subsea-engineer-3004063\/","og_locale":"en_GB","og_type":"article","og_title":"Senior Subsea Engineer - Vega Consultants","og_description":"Vega Consultants AS Senior Subsea Engineer Typiske arbeidsoppgaver (avhengig av tidligere erfaringer): Sikre subsea feltet er hensyntatt i de nye produksjons-optimaliserings verkt\u00f8yene som utvikles.&nbsp; Utarbeide ideer for best mulig drift av subsea-installasjonene hvor man tar hensyn til produksjon og rammebetingelser gitt for subsea-installasjonene Kontinuerlig s\u00f8ke etter muligheter for \u00e5 optimalisere subsea anlegget mtp produksjons effektivitet. [&hellip;]","og_url":"https:\/\/vegaconsultants.no\/en\/jobbsoker\/ledige-stillinger\/senior-subsea-engineer-3004063\/","og_site_name":"Vega Consultants","twitter_card":"summary_large_image","twitter_misc":{"Estimated reading time":"1 minute"},"schema":{"@context":"https:\/\/schema.org","@graph":[{"@type":"WebPage","@id":"https:\/\/vegaconsultants.no\/jobbsoker\/ledige-stillinger\/senior-subsea-engineer-3004063\/","url":"https:\/\/vegaconsultants.no\/jobbsoker\/ledige-stillinger\/senior-subsea-engineer-3004063\/","name":"Senior Subsea Engineer - Vega Consultants","isPartOf":{"@id":"https:\/\/vegaconsultants.no\/#website"},"datePublished":"2025-02-28T22:19:33+00:00","breadcrumb":{"@id":"https:\/\/vegaconsultants.no\/jobbsoker\/ledige-stillinger\/senior-subsea-engineer-3004063\/#breadcrumb"},"inLanguage":"en-GB","potentialAction":[{"@type":"ReadAction","target":["https:\/\/vegaconsultants.no\/jobbsoker\/ledige-stillinger\/senior-subsea-engineer-3004063\/"]}]},{"@type":"BreadcrumbList","@id":"https:\/\/vegaconsultants.no\/jobbsoker\/ledige-stillinger\/senior-subsea-engineer-3004063\/#breadcrumb","itemListElement":[{"@type":"ListItem","position":1,"name":"Home","item":"https:\/\/vegaconsultants.no\/"},{"@type":"ListItem","position":2,"name":"Jobbs\u00f8ker","item":"https:\/\/vegaconsultants.no\/jobbsoker\/"},{"@type":"ListItem","position":3,"name":"Ledige stillinger","item":"https:\/\/vegaconsultants.no\/jobbsoker\/ledige-stillinger\/"},{"@type":"ListItem","position":4,"name":"Senior Subsea Engineer"}]},{"@type":"WebSite","@id":"https:\/\/vegaconsultants.no\/#website","url":"https:\/\/vegaconsultants.no\/","name":"Vega Consultants","description":"The right person for the right job","potentialAction":[{"@type":"SearchAction","target":{"@type":"EntryPoint","urlTemplate":"https:\/\/vegaconsultants.no\/?s={search_term_string}"},"query-input":{"@type":"PropertyValueSpecification","valueRequired":true,"valueName":"search_term_string"}}],"inLanguage":"en-GB"}]}},"_links":{"self":[{"href":"https:\/\/vegaconsultants.no\/en\/wp-json\/wp\/v2\/pages\/21597","targetHints":{"allow":["GET"]}}],"collection":[{"href":"https:\/\/vegaconsultants.no\/en\/wp-json\/wp\/v2\/pages"}],"about":[{"href":"https:\/\/vegaconsultants.no\/en\/wp-json\/wp\/v2\/types\/page"}],"author":[{"embeddable":true,"href":"https:\/\/vegaconsultants.no\/en\/wp-json\/wp\/v2\/users\/1"}],"replies":[{"embeddable":true,"href":"https:\/\/vegaconsultants.no\/en\/wp-json\/wp\/v2\/comments?post=21597"}],"version-history":[{"count":0,"href":"https:\/\/vegaconsultants.no\/en\/wp-json\/wp\/v2\/pages\/21597\/revisions"}],"up":[{"embeddable":true,"href":"https:\/\/vegaconsultants.no\/en\/wp-json\/wp\/v2\/pages\/4051"}],"wp:attachment":[{"href":"https:\/\/vegaconsultants.no\/en\/wp-json\/wp\/v2\/media?parent=21597"}],"curies":[{"name":"wp","href":"https:\/\/api.w.org\/{rel}","templated":true}]}}