{"id":21633,"date":"2025-04-06T23:12:57","date_gmt":"2025-04-06T21:12:57","guid":{"rendered":"https:\/\/vegaconsultants.no\/jobbsoker\/ledige-stillinger\/material-handler-3004099\/"},"modified":"2025-04-06T23:12:57","modified_gmt":"2025-04-06T21:12:57","slug":"material-handler-3004099","status":"publish","type":"page","link":"https:\/\/vegaconsultants.no\/en\/jobbsoker\/ledige-stillinger\/material-handler-3004099\/","title":{"rendered":"Material Handler"},"content":{"rendered":"<div class='vacancy-detail'>\n<div class='bold'>Vega Consultants AS<\/div>\n<div class='bold'>Material Handler<\/div>\n<div class='vacancy-body'>\n<h3><strong>Introduction<\/strong><\/h3>\n<p>P\u00e5 vegne av kunde, ser vi etter en materialkoordinator med erfaring fra olje og gass bransjen. Dette er en senior rolle, hvor du blant annet vil jobbe med:\u00a0<\/p>\n<p><\/p>\n<h3><strong>Tasks and responsibilities<\/strong><\/h3>\n<ul>\n<li>Ansvarlig for materialflyt i prosjektet<\/li>\n<li>Koordinering av materiell og utstyr<\/li>\n<li>F\u00f8lge opp planer \u2013 delta i planm\u00f8ter<\/li>\n<li>F\u00f8lge opp statuser i SAP<\/li>\n<li>Bindeledd mellom enginering, construction og andre lokasjoner<\/li>\n<li>Sette opp systemer<\/li>\n<li>Koordinering av transport<\/li>\n<li>Bestilling og ledelse av personell<\/li>\n<li>Oppf\u00f8lging av andre lokasjoner\/siter<\/li>\n<\/ul>\n<p>&nbsp;<\/p>\n<h3><strong>Required qualifications<\/strong><\/h3>\n<ul>\n<li>H\u00f8yere utdanning eller fagbrev innen material og logistikkfaget er \u00f8nskelig. Lang relevant erfaring kan kompensere for manglende formell utdannelse.\u00a0<\/li>\n<li>Leder erfaring<\/li>\n<li>Erfaring fra arbeid innen material faget<\/li>\n<li>\u00d8nskelig med erfaring fra oljeindustrien<\/li>\n<li>Erfaring med SAP i materialflyt er en fordel.\u00a0<\/li>\n<li>Du er selvstendig, serviceinnstilt, effektiv og n\u00f8yaktig<\/li>\n<li>Fluent Norwegian is a requirement.\u00a0<\/li>\n<\/ul>\n<p><\/p>\n<p>Dette er et oppdrag med varighet ut august 2026, og kunden v\u00e5r \u00f8nsker snarlig oppstart.\u00a0<\/p>\n<p><\/p>\n<h3><strong>Interested?<\/strong><\/h3>\n<p>If this sounds like the position for you, we look forward to receiving your CV! Candidates will be considered on an ongoing basis.\u00a0<\/p>\n<p>For sp\u00f8rsm\u00e5l ang\u00e5ende stillingen, ta kontakt med Sarah Svab\u00f8 p\u00e5 tlf. 456 80 850.&nbsp;&nbsp;<\/p>\n<\/div>\n<div class='vega-button'><span><a href='https:\/\/secure.webtemp.no\/WebtempCVPortal\/startsession.aspx?page=stillingsingle&amp;k=169&amp;id_utleie=3004099'>More info\/search here<\/a><\/span><\/div>\n<p><\/p>\n<hr>\n<div>\n<h4>REFNR<\/h4>\n<p>402995<\/p><\/div>\n<div>\n<h4>POSITION TYPE<\/h4>\n<p>Full-time<br \/>Temporary position\/engagement<\/div>\n<div>\n<h4>APPLICATION DEADLINE<\/h4>\n<p>31.12.2025<\/p><\/div>\n<div class='vacancy-consultant'>\n<h4>CONTACT PERSON(S)<\/h4>\n<div>Sarah Svab\u00f8<\/div>\n<div>45 68 08 50<\/div>\n<div>sarah.svabo@vegaconsultants.no<\/div>\n<\/div>\n<\/div>","protected":false},"excerpt":{"rendered":"<p>Vega Consultants AS Material Handler Innledning P\u00e5 vegne av kunde, ser vi etter en materialkoordinator med erfaring fra olje og gass bransjen. Dette er en senior rolle, hvor du blant annet vil jobbe med:\u00a0 Oppgaver og ansvarsomr\u00e5der Ansvarlig for materialflyt i prosjektet Koordinering av materiell og utstyr F\u00f8lge opp planer \u2013 delta i planm\u00f8ter F\u00f8lge [&hellip;]<\/p>\n","protected":false},"author":1,"featured_media":0,"parent":4051,"menu_order":0,"comment_status":"closed","ping_status":"closed","template":"","meta":{"_et_pb_use_builder":"","_et_pb_old_content":"","_et_gb_content_width":"","footnotes":""},"class_list":["post-21633","page","type-page","status-publish","hentry"],"yoast_head":"<!-- This site is optimized with the Yoast SEO plugin v27.4 - https:\/\/yoast.com\/product\/yoast-seo-wordpress\/ -->\n<title>Material Handler - Vega Consultants<\/title>\n<meta name=\"robots\" content=\"index, follow, max-snippet:-1, max-image-preview:large, max-video-preview:-1\" \/>\n<link rel=\"canonical\" href=\"https:\/\/vegaconsultants.no\/en\/jobbsoker\/ledige-stillinger\/material-handler-3004099\/\" \/>\n<meta property=\"og:locale\" content=\"en_GB\" \/>\n<meta property=\"og:type\" content=\"article\" \/>\n<meta property=\"og:title\" content=\"Material Handler - Vega Consultants\" \/>\n<meta property=\"og:description\" content=\"Vega Consultants AS Material Handler Innledning P\u00e5 vegne av kunde, ser vi etter en materialkoordinator med erfaring fra olje og gass bransjen. Dette er en senior rolle, hvor du blant annet vil jobbe med:\u00a0 Oppgaver og ansvarsomr\u00e5der Ansvarlig for materialflyt i prosjektet Koordinering av materiell og utstyr F\u00f8lge opp planer \u2013 delta i planm\u00f8ter F\u00f8lge [&hellip;]\" \/>\n<meta property=\"og:url\" content=\"https:\/\/vegaconsultants.no\/en\/jobbsoker\/ledige-stillinger\/material-handler-3004099\/\" \/>\n<meta property=\"og:site_name\" content=\"Vega Consultants\" \/>\n<meta name=\"twitter:card\" content=\"summary_large_image\" \/>\n<meta name=\"twitter:label1\" content=\"Estimated reading time\" \/>\n\t<meta name=\"twitter:data1\" content=\"1 minute\" \/>\n<script type=\"application\/ld+json\" class=\"yoast-schema-graph\">{\"@context\":\"https:\\\/\\\/schema.org\",\"@graph\":[{\"@type\":\"WebPage\",\"@id\":\"https:\\\/\\\/vegaconsultants.no\\\/jobbsoker\\\/ledige-stillinger\\\/material-handler-3004099\\\/\",\"url\":\"https:\\\/\\\/vegaconsultants.no\\\/jobbsoker\\\/ledige-stillinger\\\/material-handler-3004099\\\/\",\"name\":\"Material Handler - Vega Consultants\",\"isPartOf\":{\"@id\":\"https:\\\/\\\/vegaconsultants.no\\\/#website\"},\"datePublished\":\"2025-04-06T21:12:57+00:00\",\"breadcrumb\":{\"@id\":\"https:\\\/\\\/vegaconsultants.no\\\/jobbsoker\\\/ledige-stillinger\\\/material-handler-3004099\\\/#breadcrumb\"},\"inLanguage\":\"en-GB\",\"potentialAction\":[{\"@type\":\"ReadAction\",\"target\":[\"https:\\\/\\\/vegaconsultants.no\\\/jobbsoker\\\/ledige-stillinger\\\/material-handler-3004099\\\/\"]}]},{\"@type\":\"BreadcrumbList\",\"@id\":\"https:\\\/\\\/vegaconsultants.no\\\/jobbsoker\\\/ledige-stillinger\\\/material-handler-3004099\\\/#breadcrumb\",\"itemListElement\":[{\"@type\":\"ListItem\",\"position\":1,\"name\":\"Home\",\"item\":\"https:\\\/\\\/vegaconsultants.no\\\/\"},{\"@type\":\"ListItem\",\"position\":2,\"name\":\"Jobbs\u00f8ker\",\"item\":\"https:\\\/\\\/vegaconsultants.no\\\/jobbsoker\\\/\"},{\"@type\":\"ListItem\",\"position\":3,\"name\":\"Ledige stillinger\",\"item\":\"https:\\\/\\\/vegaconsultants.no\\\/jobbsoker\\\/ledige-stillinger\\\/\"},{\"@type\":\"ListItem\",\"position\":4,\"name\":\"Material Handler\"}]},{\"@type\":\"WebSite\",\"@id\":\"https:\\\/\\\/vegaconsultants.no\\\/#website\",\"url\":\"https:\\\/\\\/vegaconsultants.no\\\/\",\"name\":\"Vega Consultants\",\"description\":\"Rett person p\u00e5 rett plass\",\"potentialAction\":[{\"@type\":\"SearchAction\",\"target\":{\"@type\":\"EntryPoint\",\"urlTemplate\":\"https:\\\/\\\/vegaconsultants.no\\\/?s={search_term_string}\"},\"query-input\":{\"@type\":\"PropertyValueSpecification\",\"valueRequired\":true,\"valueName\":\"search_term_string\"}}],\"inLanguage\":\"en-GB\"}]}<\/script>\n<!-- \/ Yoast SEO plugin. -->","yoast_head_json":{"title":"Material Handler - Vega Consultants","robots":{"index":"index","follow":"follow","max-snippet":"max-snippet:-1","max-image-preview":"max-image-preview:large","max-video-preview":"max-video-preview:-1"},"canonical":"https:\/\/vegaconsultants.no\/en\/jobbsoker\/ledige-stillinger\/material-handler-3004099\/","og_locale":"en_GB","og_type":"article","og_title":"Material Handler - Vega Consultants","og_description":"Vega Consultants AS Material Handler Innledning P\u00e5 vegne av kunde, ser vi etter en materialkoordinator med erfaring fra olje og gass bransjen. Dette er en senior rolle, hvor du blant annet vil jobbe med:\u00a0 Oppgaver og ansvarsomr\u00e5der Ansvarlig for materialflyt i prosjektet Koordinering av materiell og utstyr F\u00f8lge opp planer \u2013 delta i planm\u00f8ter F\u00f8lge [&hellip;]","og_url":"https:\/\/vegaconsultants.no\/en\/jobbsoker\/ledige-stillinger\/material-handler-3004099\/","og_site_name":"Vega Consultants","twitter_card":"summary_large_image","twitter_misc":{"Estimated reading time":"1 minute"},"schema":{"@context":"https:\/\/schema.org","@graph":[{"@type":"WebPage","@id":"https:\/\/vegaconsultants.no\/jobbsoker\/ledige-stillinger\/material-handler-3004099\/","url":"https:\/\/vegaconsultants.no\/jobbsoker\/ledige-stillinger\/material-handler-3004099\/","name":"Material Handler - Vega Consultants","isPartOf":{"@id":"https:\/\/vegaconsultants.no\/#website"},"datePublished":"2025-04-06T21:12:57+00:00","breadcrumb":{"@id":"https:\/\/vegaconsultants.no\/jobbsoker\/ledige-stillinger\/material-handler-3004099\/#breadcrumb"},"inLanguage":"en-GB","potentialAction":[{"@type":"ReadAction","target":["https:\/\/vegaconsultants.no\/jobbsoker\/ledige-stillinger\/material-handler-3004099\/"]}]},{"@type":"BreadcrumbList","@id":"https:\/\/vegaconsultants.no\/jobbsoker\/ledige-stillinger\/material-handler-3004099\/#breadcrumb","itemListElement":[{"@type":"ListItem","position":1,"name":"Home","item":"https:\/\/vegaconsultants.no\/"},{"@type":"ListItem","position":2,"name":"Jobbs\u00f8ker","item":"https:\/\/vegaconsultants.no\/jobbsoker\/"},{"@type":"ListItem","position":3,"name":"Ledige stillinger","item":"https:\/\/vegaconsultants.no\/jobbsoker\/ledige-stillinger\/"},{"@type":"ListItem","position":4,"name":"Material Handler"}]},{"@type":"WebSite","@id":"https:\/\/vegaconsultants.no\/#website","url":"https:\/\/vegaconsultants.no\/","name":"Vega Consultants","description":"The right person for the right job","potentialAction":[{"@type":"SearchAction","target":{"@type":"EntryPoint","urlTemplate":"https:\/\/vegaconsultants.no\/?s={search_term_string}"},"query-input":{"@type":"PropertyValueSpecification","valueRequired":true,"valueName":"search_term_string"}}],"inLanguage":"en-GB"}]}},"_links":{"self":[{"href":"https:\/\/vegaconsultants.no\/en\/wp-json\/wp\/v2\/pages\/21633","targetHints":{"allow":["GET"]}}],"collection":[{"href":"https:\/\/vegaconsultants.no\/en\/wp-json\/wp\/v2\/pages"}],"about":[{"href":"https:\/\/vegaconsultants.no\/en\/wp-json\/wp\/v2\/types\/page"}],"author":[{"embeddable":true,"href":"https:\/\/vegaconsultants.no\/en\/wp-json\/wp\/v2\/users\/1"}],"replies":[{"embeddable":true,"href":"https:\/\/vegaconsultants.no\/en\/wp-json\/wp\/v2\/comments?post=21633"}],"version-history":[{"count":0,"href":"https:\/\/vegaconsultants.no\/en\/wp-json\/wp\/v2\/pages\/21633\/revisions"}],"up":[{"embeddable":true,"href":"https:\/\/vegaconsultants.no\/en\/wp-json\/wp\/v2\/pages\/4051"}],"wp:attachment":[{"href":"https:\/\/vegaconsultants.no\/en\/wp-json\/wp\/v2\/media?parent=21633"}],"curies":[{"name":"wp","href":"https:\/\/api.w.org\/{rel}","templated":true}]}}