{"id":21658,"date":"2025-03-31T23:12:13","date_gmt":"2025-03-31T21:12:13","guid":{"rendered":"https:\/\/vegaconsultants.no\/jobbsoker\/ledige-stillinger\/subsea-material-ingenior-3004126\/"},"modified":"2025-03-31T23:12:13","modified_gmt":"2025-03-31T21:12:13","slug":"subsea-material-ingenior-3004126","status":"publish","type":"page","link":"https:\/\/vegaconsultants.no\/en\/jobbsoker\/ledige-stillinger\/subsea-material-ingenior-3004126\/","title":{"rendered":"Subsea material ingeni\u00f8r"},"content":{"rendered":"<div class='vacancy-detail'>\n<div class='bold'>Vega Consultants AS<\/div>\n<div class='bold'>Subsea material ingeni\u00f8r<\/div>\n<div class='vacancy-body'>\n<ul>\n<li><strong>Tittel<\/strong>: Subsea material ingeni\u00f8r<\/li>\n<li><strong>Lokasjon<\/strong>: Stavanger eller Bergen<\/li>\n<li><strong>Varighet<\/strong>: ASAP &#8211; 31.12.2025<\/li>\n<\/ul>\n<p><\/p>\n<h3><strong>Innledning<\/strong><\/h3>\n<p>P\u00e5 vegne av kunde, s\u00f8ker vi en subsea material ingeni\u00f8r til et subsea bypass prosjekt.\u00a0<\/p>\n<p><\/p>\n<h3><strong>Ansvarsomr\u00e5der og arbeidsoppgaver<\/strong><\/h3>\n<p>Prosjektet er i innkj\u00f8psfase n\u00e5, hvor det er behov for dokument review av spesifikasjoner mottatt fra Marine kontrakt\u00f8r. Det er videre behov for Materials support gjennom tekniske m\u00f8ter med Marine kontrakt\u00f8r, m\u00f8ter med underleverand\u00f8rer, bes\u00f8k og evt opp\u00f8lging etter behov p\u00e5 fabrikasjon sites etc etter behov.\u00a0<\/p>\n<p><\/p>\n<h3><strong>N\u00f8dvendige kvalifikasjoner<\/strong><\/h3>\n<ul>\n<li>Master&#8217;s eller Bachleor grad innen Marine og Subsea teknologi med material fagomr\u00e5de<\/li>\n<li>Minimum 12 \u00e5rs erfaring innen material engineering p\u00e5 undervannsinstallasjoner i norsk olje og gass prosjekt.<\/li>\n<li>Kompetanse p\u00e5 forskjellige metall legeringer, sveise prosedyrer, fleksible\/rigide r\u00f8r, Spools, Sealign flenser, Morgrips, PLET for SIPS r\u00f8r.\u00a0<\/li>\n<li>Kompetanse innen SAP og Microsoft office.\u00a0<\/li>\n<li>Flytende norsk og engelsk er et krav.\u00a0<\/li>\n<\/ul>\n<p><\/p>\n<p>Dette er et oppdrag med varighet ut 2025, med mulighet for forlengelse, og kunden \u00f8nsker snarlig oppstart.\u00a0<\/p>\n<p><\/p>\n<h3><strong>Interessert?<\/strong><\/h3>\n<p>Hvis dette h\u00f8res ut som noe for deg, ser vi fram til \u00e5 motta CVen din! Kandidater vil bli vurdert fortl\u00f8pende.\u00a0<\/p>\n<p>Med sp\u00f8rsm\u00e5l ang\u00e5ende stillingen, ta kontakt med Grethe Borg p\u00e5 tlf. 905 21 929.\u00a0<\/p>\n<\/div>\n<div class='vega-button'><span><a href='https:\/\/secure.webtemp.no\/WebtempCVPortal\/startsession.aspx?page=stillingsingle&amp;k=169&amp;id_utleie=3004126'>Mer info\/s\u00f8k her<\/a><\/span><\/div>\n<p><\/p>\n<hr>\n<div>\n<h4>REFNR<\/h4>\n<p>403022<\/p><\/div>\n<div>\n<h4>STILLINGSTYPE<\/h4>\n<p>Heltid<br \/>Vikariat\/engasjement<\/div>\n<div>\n<h4>S\u00d8KNADSFRIST<\/h4>\n<p>14.04.2025<\/p><\/div>\n<div class='vacancy-consultant'>\n<h4>KONTAKTPERSON(ER)<\/h4>\n<div>Kjersti Jonker<\/div>\n<div>97 70 44 46<\/div>\n<div>kjersti.jonker@vegaconsultants.no<\/div>\n<\/div>\n<\/div>","protected":false},"excerpt":{"rendered":"<p>Vega Consultants AS Subsea material ingeni\u00f8r Tittel: Subsea material ingeni\u00f8r Lokasjon: Stavanger eller Bergen Varighet: ASAP &#8211; 31.12.2025 Innledning P\u00e5 vegne av kunde, s\u00f8ker vi en subsea material ingeni\u00f8r til et subsea bypass prosjekt.\u00a0 Ansvarsomr\u00e5der og arbeidsoppgaver Prosjektet er i innkj\u00f8psfase n\u00e5, hvor det er behov for dokument review av spesifikasjoner mottatt fra Marine kontrakt\u00f8r. [&hellip;]<\/p>\n","protected":false},"author":1,"featured_media":0,"parent":4051,"menu_order":0,"comment_status":"closed","ping_status":"closed","template":"","meta":{"_et_pb_use_builder":"","_et_pb_old_content":"","_et_gb_content_width":"","footnotes":""},"class_list":["post-21658","page","type-page","status-publish","hentry"],"yoast_head":"<!-- This site is optimized with the Yoast SEO plugin v27.3 - https:\/\/yoast.com\/product\/yoast-seo-wordpress\/ -->\n<title>Subsea material ingeni\u00f8r - Vega Consultants<\/title>\n<meta name=\"robots\" content=\"index, follow, max-snippet:-1, max-image-preview:large, max-video-preview:-1\" \/>\n<link rel=\"canonical\" href=\"https:\/\/vegaconsultants.no\/en\/jobbsoker\/ledige-stillinger\/subsea-material-ingenior-3004126\/\" \/>\n<meta property=\"og:locale\" content=\"en_GB\" \/>\n<meta property=\"og:type\" content=\"article\" \/>\n<meta property=\"og:title\" content=\"Subsea material ingeni\u00f8r - Vega Consultants\" \/>\n<meta property=\"og:description\" content=\"Vega Consultants AS Subsea material ingeni\u00f8r Tittel: Subsea material ingeni\u00f8r Lokasjon: Stavanger eller Bergen Varighet: ASAP &#8211; 31.12.2025 Innledning P\u00e5 vegne av kunde, s\u00f8ker vi en subsea material ingeni\u00f8r til et subsea bypass prosjekt.\u00a0 Ansvarsomr\u00e5der og arbeidsoppgaver Prosjektet er i innkj\u00f8psfase n\u00e5, hvor det er behov for dokument review av spesifikasjoner mottatt fra Marine kontrakt\u00f8r. [&hellip;]\" \/>\n<meta property=\"og:url\" content=\"https:\/\/vegaconsultants.no\/en\/jobbsoker\/ledige-stillinger\/subsea-material-ingenior-3004126\/\" \/>\n<meta property=\"og:site_name\" content=\"Vega Consultants\" \/>\n<meta name=\"twitter:card\" content=\"summary_large_image\" \/>\n<meta name=\"twitter:label1\" content=\"Estimated reading time\" \/>\n\t<meta name=\"twitter:data1\" content=\"1 minute\" \/>\n<script type=\"application\/ld+json\" class=\"yoast-schema-graph\">{\"@context\":\"https:\\\/\\\/schema.org\",\"@graph\":[{\"@type\":\"WebPage\",\"@id\":\"https:\\\/\\\/vegaconsultants.no\\\/jobbsoker\\\/ledige-stillinger\\\/subsea-material-ingenior-3004126\\\/\",\"url\":\"https:\\\/\\\/vegaconsultants.no\\\/jobbsoker\\\/ledige-stillinger\\\/subsea-material-ingenior-3004126\\\/\",\"name\":\"Subsea material ingeni\u00f8r - Vega Consultants\",\"isPartOf\":{\"@id\":\"https:\\\/\\\/vegaconsultants.no\\\/#website\"},\"datePublished\":\"2025-03-31T21:12:13+00:00\",\"breadcrumb\":{\"@id\":\"https:\\\/\\\/vegaconsultants.no\\\/jobbsoker\\\/ledige-stillinger\\\/subsea-material-ingenior-3004126\\\/#breadcrumb\"},\"inLanguage\":\"en-GB\",\"potentialAction\":[{\"@type\":\"ReadAction\",\"target\":[\"https:\\\/\\\/vegaconsultants.no\\\/jobbsoker\\\/ledige-stillinger\\\/subsea-material-ingenior-3004126\\\/\"]}]},{\"@type\":\"BreadcrumbList\",\"@id\":\"https:\\\/\\\/vegaconsultants.no\\\/jobbsoker\\\/ledige-stillinger\\\/subsea-material-ingenior-3004126\\\/#breadcrumb\",\"itemListElement\":[{\"@type\":\"ListItem\",\"position\":1,\"name\":\"Home\",\"item\":\"https:\\\/\\\/vegaconsultants.no\\\/\"},{\"@type\":\"ListItem\",\"position\":2,\"name\":\"Jobbs\u00f8ker\",\"item\":\"https:\\\/\\\/vegaconsultants.no\\\/jobbsoker\\\/\"},{\"@type\":\"ListItem\",\"position\":3,\"name\":\"Ledige stillinger\",\"item\":\"https:\\\/\\\/vegaconsultants.no\\\/jobbsoker\\\/ledige-stillinger\\\/\"},{\"@type\":\"ListItem\",\"position\":4,\"name\":\"Subsea material ingeni\u00f8r\"}]},{\"@type\":\"WebSite\",\"@id\":\"https:\\\/\\\/vegaconsultants.no\\\/#website\",\"url\":\"https:\\\/\\\/vegaconsultants.no\\\/\",\"name\":\"Vega Consultants\",\"description\":\"Rett person p\u00e5 rett plass\",\"potentialAction\":[{\"@type\":\"SearchAction\",\"target\":{\"@type\":\"EntryPoint\",\"urlTemplate\":\"https:\\\/\\\/vegaconsultants.no\\\/?s={search_term_string}\"},\"query-input\":{\"@type\":\"PropertyValueSpecification\",\"valueRequired\":true,\"valueName\":\"search_term_string\"}}],\"inLanguage\":\"en-GB\"}]}<\/script>\n<!-- \/ Yoast SEO plugin. -->","yoast_head_json":{"title":"Subsea material ingeni\u00f8r - Vega Consultants","robots":{"index":"index","follow":"follow","max-snippet":"max-snippet:-1","max-image-preview":"max-image-preview:large","max-video-preview":"max-video-preview:-1"},"canonical":"https:\/\/vegaconsultants.no\/en\/jobbsoker\/ledige-stillinger\/subsea-material-ingenior-3004126\/","og_locale":"en_GB","og_type":"article","og_title":"Subsea material ingeni\u00f8r - Vega Consultants","og_description":"Vega Consultants AS Subsea material ingeni\u00f8r Tittel: Subsea material ingeni\u00f8r Lokasjon: Stavanger eller Bergen Varighet: ASAP &#8211; 31.12.2025 Innledning P\u00e5 vegne av kunde, s\u00f8ker vi en subsea material ingeni\u00f8r til et subsea bypass prosjekt.\u00a0 Ansvarsomr\u00e5der og arbeidsoppgaver Prosjektet er i innkj\u00f8psfase n\u00e5, hvor det er behov for dokument review av spesifikasjoner mottatt fra Marine kontrakt\u00f8r. [&hellip;]","og_url":"https:\/\/vegaconsultants.no\/en\/jobbsoker\/ledige-stillinger\/subsea-material-ingenior-3004126\/","og_site_name":"Vega Consultants","twitter_card":"summary_large_image","twitter_misc":{"Estimated reading time":"1 minute"},"schema":{"@context":"https:\/\/schema.org","@graph":[{"@type":"WebPage","@id":"https:\/\/vegaconsultants.no\/jobbsoker\/ledige-stillinger\/subsea-material-ingenior-3004126\/","url":"https:\/\/vegaconsultants.no\/jobbsoker\/ledige-stillinger\/subsea-material-ingenior-3004126\/","name":"Subsea material ingeni\u00f8r - Vega Consultants","isPartOf":{"@id":"https:\/\/vegaconsultants.no\/#website"},"datePublished":"2025-03-31T21:12:13+00:00","breadcrumb":{"@id":"https:\/\/vegaconsultants.no\/jobbsoker\/ledige-stillinger\/subsea-material-ingenior-3004126\/#breadcrumb"},"inLanguage":"en-GB","potentialAction":[{"@type":"ReadAction","target":["https:\/\/vegaconsultants.no\/jobbsoker\/ledige-stillinger\/subsea-material-ingenior-3004126\/"]}]},{"@type":"BreadcrumbList","@id":"https:\/\/vegaconsultants.no\/jobbsoker\/ledige-stillinger\/subsea-material-ingenior-3004126\/#breadcrumb","itemListElement":[{"@type":"ListItem","position":1,"name":"Home","item":"https:\/\/vegaconsultants.no\/"},{"@type":"ListItem","position":2,"name":"Jobbs\u00f8ker","item":"https:\/\/vegaconsultants.no\/jobbsoker\/"},{"@type":"ListItem","position":3,"name":"Ledige stillinger","item":"https:\/\/vegaconsultants.no\/jobbsoker\/ledige-stillinger\/"},{"@type":"ListItem","position":4,"name":"Subsea material ingeni\u00f8r"}]},{"@type":"WebSite","@id":"https:\/\/vegaconsultants.no\/#website","url":"https:\/\/vegaconsultants.no\/","name":"Vega Consultants","description":"The right person for the right job","potentialAction":[{"@type":"SearchAction","target":{"@type":"EntryPoint","urlTemplate":"https:\/\/vegaconsultants.no\/?s={search_term_string}"},"query-input":{"@type":"PropertyValueSpecification","valueRequired":true,"valueName":"search_term_string"}}],"inLanguage":"en-GB"}]}},"_links":{"self":[{"href":"https:\/\/vegaconsultants.no\/en\/wp-json\/wp\/v2\/pages\/21658","targetHints":{"allow":["GET"]}}],"collection":[{"href":"https:\/\/vegaconsultants.no\/en\/wp-json\/wp\/v2\/pages"}],"about":[{"href":"https:\/\/vegaconsultants.no\/en\/wp-json\/wp\/v2\/types\/page"}],"author":[{"embeddable":true,"href":"https:\/\/vegaconsultants.no\/en\/wp-json\/wp\/v2\/users\/1"}],"replies":[{"embeddable":true,"href":"https:\/\/vegaconsultants.no\/en\/wp-json\/wp\/v2\/comments?post=21658"}],"version-history":[{"count":0,"href":"https:\/\/vegaconsultants.no\/en\/wp-json\/wp\/v2\/pages\/21658\/revisions"}],"up":[{"embeddable":true,"href":"https:\/\/vegaconsultants.no\/en\/wp-json\/wp\/v2\/pages\/4051"}],"wp:attachment":[{"href":"https:\/\/vegaconsultants.no\/en\/wp-json\/wp\/v2\/media?parent=21658"}],"curies":[{"name":"wp","href":"https:\/\/api.w.org\/{rel}","templated":true}]}}