{"id":21659,"date":"2025-03-31T23:12:15","date_gmt":"2025-03-31T21:12:15","guid":{"rendered":"https:\/\/vegaconsultants.no\/jobbsoker\/ledige-stillinger\/metode-workprep-mekanisk-3004127\/"},"modified":"2025-03-31T23:12:15","modified_gmt":"2025-03-31T21:12:15","slug":"metode-workprep-mekanisk-3004127","status":"publish","type":"page","link":"https:\/\/vegaconsultants.no\/en\/jobbsoker\/ledige-stillinger\/metode-workprep-mekanisk-3004127\/","title":{"rendered":"Method \u2013 Workprep Mechanical"},"content":{"rendered":"<div class='vacancy-detail'>\n<div class='bold'>Vega Consultants AS<\/div>\n<div class='bold'>Method \u2013 Workprep Mechanical<\/div>\n<div class='vacancy-body'>\n<p><\/p>\n<p>Periode:01.04.2025 &#8211; 28.02.2026<\/p>\n<h3><strong>Job duties:<\/strong><\/h3>\n<p>Kunde \u00f8nsker \u00e5 styrke Construction innen metode og arbeidspakker innen mekanisk.<\/p>\n<p>Candidates must have construction experience from onshore or offshore.<\/p>\n<p>Someone who likes to work in a team, be forward-thinking and an active participant in the other departments in the project.<\/p>\n<p>\u2022 Describe methods and work packages within mechanical engineering<\/p>\n<p>\u2022 Describe the jobs in the work package in such a way that it is carried out in a safe and good manner.<\/p>\n<p>\u2022 Input to plan<\/p>\n<p>\u2022 Be able to produce necessary documentation \u2013 plot plans \u2013 3D images etc.<\/p>\n<p>\u2022 Prepare work packages, description in Norwegian.<\/p>\n<p>&nbsp;<\/p>\n<h3><strong>Qualifications:<\/strong><\/h3>\n<p>\u2022 Certificate in a mechanical subject<\/p>\n<p>\u2022 Ha erfaring fra industrien hvor arbeidspakker er kjent<\/p>\n<p>\u2022 Have Construction experience from offshore \/ onshore<\/p>\n<p>\u2022 Like to work in a team<\/p>\n<p>\u2022 Good mood<\/p>\n<p>Good English and Norwegian skills, oral and written<\/p>\n<p>\u2022 Good computer skills<\/p>\n<p><\/p>\n<p>Does this sound like something for you? Get in touch to hear what we can offer!<\/p>\n<\/div>\n<div class='vega-button'><span><a href='https:\/\/secure.webtemp.no\/WebtempCVPortal\/startsession.aspx?page=stillingsingle&amp;k=169&amp;id_utleie=3004127'>More info\/search here<\/a><\/span><\/div>\n<p><\/p>\n<hr>\n<div>\n<h4>REFNR<\/h4>\n<p>403023<\/p><\/div>\n<div>\n<h4>POSITION TYPE<\/h4>\n<p>Full-time<br \/>Temporary position\/engagement<\/div>\n<div>\n<h4>APPLICATION DEADLINE<\/h4>\n<\/div>\n<div class='vacancy-consultant'>\n<h4>CONTACT PERSON(S)<\/h4>\n<div>Sarah Svab\u00f8<\/div>\n<div>45 68 08 50<\/div>\n<div>sarah.svabo@vegaconsultants.no<\/div>\n<\/div>\n<\/div>","protected":false},"excerpt":{"rendered":"<p>Vega Consultants AS Metode &#8211; Workprep Mekanisk Periode:01.04.2025 &#8211; 28.02.2026 Arbeidsoppgaver: Kunde \u00f8nsker \u00e5 styrke Construction innen metode og arbeidspakker innen mekanisk. Kandidaten m\u00e5 ha construction erfaring fra landanlegg eller offshore. liker \u00e5 jobbe i team, v\u00e6re fremover lent og aktiv deltager mot de andre avdelingene i prosjektet. \u2022 Beskrive metode og arbeidspakker innen mekanisk [&hellip;]<\/p>\n","protected":false},"author":1,"featured_media":0,"parent":4051,"menu_order":0,"comment_status":"closed","ping_status":"closed","template":"","meta":{"_et_pb_use_builder":"","_et_pb_old_content":"","_et_gb_content_width":"","footnotes":""},"class_list":["post-21659","page","type-page","status-publish","hentry"],"yoast_head":"<!-- This site is optimized with the Yoast SEO plugin v27.4 - https:\/\/yoast.com\/product\/yoast-seo-wordpress\/ -->\n<title>Metode - Workprep Mekanisk - Vega Consultants<\/title>\n<meta name=\"robots\" content=\"index, follow, max-snippet:-1, max-image-preview:large, max-video-preview:-1\" \/>\n<link rel=\"canonical\" href=\"https:\/\/vegaconsultants.no\/en\/jobbsoker\/ledige-stillinger\/metode-workprep-mekanisk-3004127\/\" \/>\n<meta property=\"og:locale\" content=\"en_GB\" \/>\n<meta property=\"og:type\" content=\"article\" \/>\n<meta property=\"og:title\" content=\"Metode - Workprep Mekanisk - Vega Consultants\" \/>\n<meta property=\"og:description\" content=\"Vega Consultants AS Metode &#8211; Workprep Mekanisk Periode:01.04.2025 &#8211; 28.02.2026 Arbeidsoppgaver: Kunde \u00f8nsker \u00e5 styrke Construction innen metode og arbeidspakker innen mekanisk. Kandidaten m\u00e5 ha construction erfaring fra landanlegg eller offshore. liker \u00e5 jobbe i team, v\u00e6re fremover lent og aktiv deltager mot de andre avdelingene i prosjektet. \u2022 Beskrive metode og arbeidspakker innen mekanisk [&hellip;]\" \/>\n<meta property=\"og:url\" content=\"https:\/\/vegaconsultants.no\/en\/jobbsoker\/ledige-stillinger\/metode-workprep-mekanisk-3004127\/\" \/>\n<meta property=\"og:site_name\" content=\"Vega Consultants\" \/>\n<meta name=\"twitter:card\" content=\"summary_large_image\" \/>\n<meta name=\"twitter:label1\" content=\"Estimated reading time\" \/>\n\t<meta name=\"twitter:data1\" content=\"1 minute\" \/>\n<script type=\"application\/ld+json\" class=\"yoast-schema-graph\">{\"@context\":\"https:\\\/\\\/schema.org\",\"@graph\":[{\"@type\":\"WebPage\",\"@id\":\"https:\\\/\\\/vegaconsultants.no\\\/jobbsoker\\\/ledige-stillinger\\\/metode-workprep-mekanisk-3004127\\\/\",\"url\":\"https:\\\/\\\/vegaconsultants.no\\\/jobbsoker\\\/ledige-stillinger\\\/metode-workprep-mekanisk-3004127\\\/\",\"name\":\"Metode - Workprep Mekanisk - Vega Consultants\",\"isPartOf\":{\"@id\":\"https:\\\/\\\/vegaconsultants.no\\\/#website\"},\"datePublished\":\"2025-03-31T21:12:15+00:00\",\"breadcrumb\":{\"@id\":\"https:\\\/\\\/vegaconsultants.no\\\/jobbsoker\\\/ledige-stillinger\\\/metode-workprep-mekanisk-3004127\\\/#breadcrumb\"},\"inLanguage\":\"en-GB\",\"potentialAction\":[{\"@type\":\"ReadAction\",\"target\":[\"https:\\\/\\\/vegaconsultants.no\\\/jobbsoker\\\/ledige-stillinger\\\/metode-workprep-mekanisk-3004127\\\/\"]}]},{\"@type\":\"BreadcrumbList\",\"@id\":\"https:\\\/\\\/vegaconsultants.no\\\/jobbsoker\\\/ledige-stillinger\\\/metode-workprep-mekanisk-3004127\\\/#breadcrumb\",\"itemListElement\":[{\"@type\":\"ListItem\",\"position\":1,\"name\":\"Home\",\"item\":\"https:\\\/\\\/vegaconsultants.no\\\/\"},{\"@type\":\"ListItem\",\"position\":2,\"name\":\"Jobbs\u00f8ker\",\"item\":\"https:\\\/\\\/vegaconsultants.no\\\/jobbsoker\\\/\"},{\"@type\":\"ListItem\",\"position\":3,\"name\":\"Ledige stillinger\",\"item\":\"https:\\\/\\\/vegaconsultants.no\\\/jobbsoker\\\/ledige-stillinger\\\/\"},{\"@type\":\"ListItem\",\"position\":4,\"name\":\"Metode &#8211; Workprep Mekanisk\"}]},{\"@type\":\"WebSite\",\"@id\":\"https:\\\/\\\/vegaconsultants.no\\\/#website\",\"url\":\"https:\\\/\\\/vegaconsultants.no\\\/\",\"name\":\"Vega Consultants\",\"description\":\"Rett person p\u00e5 rett plass\",\"potentialAction\":[{\"@type\":\"SearchAction\",\"target\":{\"@type\":\"EntryPoint\",\"urlTemplate\":\"https:\\\/\\\/vegaconsultants.no\\\/?s={search_term_string}\"},\"query-input\":{\"@type\":\"PropertyValueSpecification\",\"valueRequired\":true,\"valueName\":\"search_term_string\"}}],\"inLanguage\":\"en-GB\"}]}<\/script>\n<!-- \/ Yoast SEO plugin. -->","yoast_head_json":{"title":"Metode - Workprep Mekanisk - Vega Consultants","robots":{"index":"index","follow":"follow","max-snippet":"max-snippet:-1","max-image-preview":"max-image-preview:large","max-video-preview":"max-video-preview:-1"},"canonical":"https:\/\/vegaconsultants.no\/en\/jobbsoker\/ledige-stillinger\/metode-workprep-mekanisk-3004127\/","og_locale":"en_GB","og_type":"article","og_title":"Metode - Workprep Mekanisk - Vega Consultants","og_description":"Vega Consultants AS Metode &#8211; Workprep Mekanisk Periode:01.04.2025 &#8211; 28.02.2026 Arbeidsoppgaver: Kunde \u00f8nsker \u00e5 styrke Construction innen metode og arbeidspakker innen mekanisk. Kandidaten m\u00e5 ha construction erfaring fra landanlegg eller offshore. liker \u00e5 jobbe i team, v\u00e6re fremover lent og aktiv deltager mot de andre avdelingene i prosjektet. \u2022 Beskrive metode og arbeidspakker innen mekanisk [&hellip;]","og_url":"https:\/\/vegaconsultants.no\/en\/jobbsoker\/ledige-stillinger\/metode-workprep-mekanisk-3004127\/","og_site_name":"Vega Consultants","twitter_card":"summary_large_image","twitter_misc":{"Estimated reading time":"1 minute"},"schema":{"@context":"https:\/\/schema.org","@graph":[{"@type":"WebPage","@id":"https:\/\/vegaconsultants.no\/jobbsoker\/ledige-stillinger\/metode-workprep-mekanisk-3004127\/","url":"https:\/\/vegaconsultants.no\/jobbsoker\/ledige-stillinger\/metode-workprep-mekanisk-3004127\/","name":"Metode - Workprep Mekanisk - Vega Consultants","isPartOf":{"@id":"https:\/\/vegaconsultants.no\/#website"},"datePublished":"2025-03-31T21:12:15+00:00","breadcrumb":{"@id":"https:\/\/vegaconsultants.no\/jobbsoker\/ledige-stillinger\/metode-workprep-mekanisk-3004127\/#breadcrumb"},"inLanguage":"en-GB","potentialAction":[{"@type":"ReadAction","target":["https:\/\/vegaconsultants.no\/jobbsoker\/ledige-stillinger\/metode-workprep-mekanisk-3004127\/"]}]},{"@type":"BreadcrumbList","@id":"https:\/\/vegaconsultants.no\/jobbsoker\/ledige-stillinger\/metode-workprep-mekanisk-3004127\/#breadcrumb","itemListElement":[{"@type":"ListItem","position":1,"name":"Home","item":"https:\/\/vegaconsultants.no\/"},{"@type":"ListItem","position":2,"name":"Jobbs\u00f8ker","item":"https:\/\/vegaconsultants.no\/jobbsoker\/"},{"@type":"ListItem","position":3,"name":"Ledige stillinger","item":"https:\/\/vegaconsultants.no\/jobbsoker\/ledige-stillinger\/"},{"@type":"ListItem","position":4,"name":"Metode &#8211; Workprep Mekanisk"}]},{"@type":"WebSite","@id":"https:\/\/vegaconsultants.no\/#website","url":"https:\/\/vegaconsultants.no\/","name":"Vega Consultants","description":"The right person for the right job","potentialAction":[{"@type":"SearchAction","target":{"@type":"EntryPoint","urlTemplate":"https:\/\/vegaconsultants.no\/?s={search_term_string}"},"query-input":{"@type":"PropertyValueSpecification","valueRequired":true,"valueName":"search_term_string"}}],"inLanguage":"en-GB"}]}},"_links":{"self":[{"href":"https:\/\/vegaconsultants.no\/en\/wp-json\/wp\/v2\/pages\/21659","targetHints":{"allow":["GET"]}}],"collection":[{"href":"https:\/\/vegaconsultants.no\/en\/wp-json\/wp\/v2\/pages"}],"about":[{"href":"https:\/\/vegaconsultants.no\/en\/wp-json\/wp\/v2\/types\/page"}],"author":[{"embeddable":true,"href":"https:\/\/vegaconsultants.no\/en\/wp-json\/wp\/v2\/users\/1"}],"replies":[{"embeddable":true,"href":"https:\/\/vegaconsultants.no\/en\/wp-json\/wp\/v2\/comments?post=21659"}],"version-history":[{"count":0,"href":"https:\/\/vegaconsultants.no\/en\/wp-json\/wp\/v2\/pages\/21659\/revisions"}],"up":[{"embeddable":true,"href":"https:\/\/vegaconsultants.no\/en\/wp-json\/wp\/v2\/pages\/4051"}],"wp:attachment":[{"href":"https:\/\/vegaconsultants.no\/en\/wp-json\/wp\/v2\/media?parent=21659"}],"curies":[{"name":"wp","href":"https:\/\/api.w.org\/{rel}","templated":true}]}}