{"id":21675,"date":"2025-06-16T08:14:30","date_gmt":"2025-06-16T06:14:30","guid":{"rendered":"https:\/\/vegaconsultants.no\/jobbsoker\/ledige-stillinger\/commercial-subcontract-coordinator-3004151\/"},"modified":"2025-06-16T08:14:30","modified_gmt":"2025-06-16T06:14:30","slug":"commercial-subcontract-coordinator-3004151","status":"publish","type":"page","link":"https:\/\/vegaconsultants.no\/en\/jobbsoker\/ledige-stillinger\/commercial-subcontract-coordinator-3004151\/","title":{"rendered":"Commercial\/Subcontract Coordinator"},"content":{"rendered":"<div class='vacancy-detail'>\n<div class='bold'>Vega Consultants AS<\/div>\n<div class='bold'>Commercial\/Subcontract Coordinator<\/div>\n<div class='vacancy-body'>\n<p><strong>Period: <\/strong>01.05.2025 &#8211; 30.06.2026<\/p>\n<p><strong>Location:<\/strong> Asker<\/p>\n<p><em>Looking for a Subcontract Coordinator to join our Field Development organization and support our expanding oil &amp; gas project portfolio. In this role, you will be responsible for coordinating subcontractors, ensuring contract compliance, mitigating risks, and optimizing subcontractor performance throughout project execution.<\/em><\/p>\n<h3><strong>Key Responsibilities:<\/strong><\/h3>\n<ul>\n<li>Coordinate relationships with subcontractors, ensuring alignment with project requirements and establishing clear communication.<\/li>\n<li>Provide subcontract-related support and advisory services to project management and other functions.<\/li>\n<li>Conduct Subcontract Awareness sessions.<\/li>\n<li>Identify opportunities to optimize subcontractor utilization within projects.<\/li>\n<li>Oversee the preparation, negotiation, and administration of subcontract amendments and variations (VO\/VOR).<\/li>\n<li>Seek legal advice when necessary to ensure compliance with contractual and regulatory requirements.<\/li>\n<\/ul>\n<p>&nbsp;<\/p>\n<h3><strong>Required Education: <\/strong><\/h3>\n<ul>\n<li>Bachelor Degree or Master in engineering, business administration or legal.\u00a0<\/li>\n<\/ul>\n<h3><strong>Required Work Experience:<\/strong><\/h3>\n<ul>\n<li>At least 2 years experience with subcontracting for scaffolding, surface touch-up, insulation, architectural works on existing substations, prefabrication of structures, lifting services, weighing and load-out, and power supply is an advantage.<\/li>\n<\/ul>\n<h3><strong>Required Qualifications: <\/strong><\/h3>\n<ul>\n<li>Possess strong communication skills.<\/li>\n<li>Demonstrate a collaborative and team-oriented mindset.<\/li>\n<li>Work systematically, with accuracy and independence.<\/li>\n<li>Commit to meeting deadlines and maintaining high-quality standards.<\/li>\n<li>Take a proactive approach, seeking guidance when needed and sharing knowledge with others.<\/li>\n<li>Fluency in Norwegian, both spoken and written, is essential.<\/li>\n<\/ul>\n<p><\/p>\n<p>Syns du dette h\u00f8res som noe for deg? Ta kontakt med Sarah p\u00e5 456 80 850 for \u00e5 h\u00f8re hva vi kan tilby!<\/p>\n<\/div>\n<div class='vega-button'><span><a href='https:\/\/secure.webtemp.no\/WebtempCVPortal\/startsession.aspx?page=stillingsingle&amp;k=169&amp;id_utleie=3004151'>Mer info\/s\u00f8k her<\/a><\/span><\/div>\n<p><\/p>\n<hr>\n<div>\n<h4>REFNR<\/h4>\n<p>403043<\/p><\/div>\n<div>\n<h4>STILLINGSTYPE<\/h4>\n<p>Heltid<br \/>Vikariat\/engasjement<\/div>\n<div>\n<h4>S\u00d8KNADSFRIST<\/h4>\n<p>Asap<\/p><\/div>\n<div class='vacancy-consultant'>\n<h4>KONTAKTPERSON(ER)<\/h4>\n<div>Sarah Svab\u00f8<\/div>\n<div>45 68 08 50<\/div>\n<div>sarah.svabo@vegaconsultants.no<\/div>\n<\/div>\n<\/div>","protected":false},"excerpt":{"rendered":"<p>Vega Consultants AS Commercial\/Subcontract Coordinator Period: 01.05.2025 &#8211; 30.06.2026 Location: Asker Looking for a Subcontract Coordinator to join our Field Development organization and support our expanding oil &amp; gas project portfolio. In this role, you will be responsible for coordinating subcontractors, ensuring contract compliance, mitigating risks, and optimizing subcontractor performance throughout project execution. Key Responsibilities: [&hellip;]<\/p>\n","protected":false},"author":1,"featured_media":0,"parent":4051,"menu_order":0,"comment_status":"closed","ping_status":"closed","template":"","meta":{"_et_pb_use_builder":"","_et_pb_old_content":"","_et_gb_content_width":"","footnotes":""},"class_list":["post-21675","page","type-page","status-publish","hentry"],"yoast_head":"<!-- This site is optimized with the Yoast SEO plugin v27.3 - https:\/\/yoast.com\/product\/yoast-seo-wordpress\/ -->\n<title>Commercial\/Subcontract Coordinator - Vega Consultants<\/title>\n<meta name=\"robots\" content=\"index, follow, max-snippet:-1, max-image-preview:large, max-video-preview:-1\" \/>\n<link rel=\"canonical\" href=\"https:\/\/vegaconsultants.no\/en\/jobbsoker\/ledige-stillinger\/commercial-subcontract-coordinator-3004151\/\" \/>\n<meta property=\"og:locale\" content=\"en_GB\" \/>\n<meta property=\"og:type\" content=\"article\" \/>\n<meta property=\"og:title\" content=\"Commercial\/Subcontract Coordinator - Vega Consultants\" \/>\n<meta property=\"og:description\" content=\"Vega Consultants AS Commercial\/Subcontract Coordinator Period: 01.05.2025 &#8211; 30.06.2026 Location: Asker Looking for a Subcontract Coordinator to join our Field Development organization and support our expanding oil &amp; gas project portfolio. In this role, you will be responsible for coordinating subcontractors, ensuring contract compliance, mitigating risks, and optimizing subcontractor performance throughout project execution. Key Responsibilities: [&hellip;]\" \/>\n<meta property=\"og:url\" content=\"https:\/\/vegaconsultants.no\/en\/jobbsoker\/ledige-stillinger\/commercial-subcontract-coordinator-3004151\/\" \/>\n<meta property=\"og:site_name\" content=\"Vega Consultants\" \/>\n<meta name=\"twitter:card\" content=\"summary_large_image\" \/>\n<meta name=\"twitter:label1\" content=\"Estimated reading time\" \/>\n\t<meta name=\"twitter:data1\" content=\"1 minute\" \/>\n<script type=\"application\/ld+json\" class=\"yoast-schema-graph\">{\"@context\":\"https:\\\/\\\/schema.org\",\"@graph\":[{\"@type\":\"WebPage\",\"@id\":\"https:\\\/\\\/vegaconsultants.no\\\/jobbsoker\\\/ledige-stillinger\\\/commercial-subcontract-coordinator-3004151\\\/\",\"url\":\"https:\\\/\\\/vegaconsultants.no\\\/jobbsoker\\\/ledige-stillinger\\\/commercial-subcontract-coordinator-3004151\\\/\",\"name\":\"Commercial\\\/Subcontract Coordinator - Vega Consultants\",\"isPartOf\":{\"@id\":\"https:\\\/\\\/vegaconsultants.no\\\/#website\"},\"datePublished\":\"2025-06-16T06:14:30+00:00\",\"breadcrumb\":{\"@id\":\"https:\\\/\\\/vegaconsultants.no\\\/jobbsoker\\\/ledige-stillinger\\\/commercial-subcontract-coordinator-3004151\\\/#breadcrumb\"},\"inLanguage\":\"en-GB\",\"potentialAction\":[{\"@type\":\"ReadAction\",\"target\":[\"https:\\\/\\\/vegaconsultants.no\\\/jobbsoker\\\/ledige-stillinger\\\/commercial-subcontract-coordinator-3004151\\\/\"]}]},{\"@type\":\"BreadcrumbList\",\"@id\":\"https:\\\/\\\/vegaconsultants.no\\\/jobbsoker\\\/ledige-stillinger\\\/commercial-subcontract-coordinator-3004151\\\/#breadcrumb\",\"itemListElement\":[{\"@type\":\"ListItem\",\"position\":1,\"name\":\"Home\",\"item\":\"https:\\\/\\\/vegaconsultants.no\\\/\"},{\"@type\":\"ListItem\",\"position\":2,\"name\":\"Jobbs\u00f8ker\",\"item\":\"https:\\\/\\\/vegaconsultants.no\\\/jobbsoker\\\/\"},{\"@type\":\"ListItem\",\"position\":3,\"name\":\"Ledige stillinger\",\"item\":\"https:\\\/\\\/vegaconsultants.no\\\/jobbsoker\\\/ledige-stillinger\\\/\"},{\"@type\":\"ListItem\",\"position\":4,\"name\":\"Commercial\\\/Subcontract Coordinator\"}]},{\"@type\":\"WebSite\",\"@id\":\"https:\\\/\\\/vegaconsultants.no\\\/#website\",\"url\":\"https:\\\/\\\/vegaconsultants.no\\\/\",\"name\":\"Vega Consultants\",\"description\":\"Rett person p\u00e5 rett plass\",\"potentialAction\":[{\"@type\":\"SearchAction\",\"target\":{\"@type\":\"EntryPoint\",\"urlTemplate\":\"https:\\\/\\\/vegaconsultants.no\\\/?s={search_term_string}\"},\"query-input\":{\"@type\":\"PropertyValueSpecification\",\"valueRequired\":true,\"valueName\":\"search_term_string\"}}],\"inLanguage\":\"en-GB\"}]}<\/script>\n<!-- \/ Yoast SEO plugin. -->","yoast_head_json":{"title":"Commercial\/Subcontract Coordinator - Vega Consultants","robots":{"index":"index","follow":"follow","max-snippet":"max-snippet:-1","max-image-preview":"max-image-preview:large","max-video-preview":"max-video-preview:-1"},"canonical":"https:\/\/vegaconsultants.no\/en\/jobbsoker\/ledige-stillinger\/commercial-subcontract-coordinator-3004151\/","og_locale":"en_GB","og_type":"article","og_title":"Commercial\/Subcontract Coordinator - Vega Consultants","og_description":"Vega Consultants AS Commercial\/Subcontract Coordinator Period: 01.05.2025 &#8211; 30.06.2026 Location: Asker Looking for a Subcontract Coordinator to join our Field Development organization and support our expanding oil &amp; gas project portfolio. In this role, you will be responsible for coordinating subcontractors, ensuring contract compliance, mitigating risks, and optimizing subcontractor performance throughout project execution. Key Responsibilities: [&hellip;]","og_url":"https:\/\/vegaconsultants.no\/en\/jobbsoker\/ledige-stillinger\/commercial-subcontract-coordinator-3004151\/","og_site_name":"Vega Consultants","twitter_card":"summary_large_image","twitter_misc":{"Estimated reading time":"1 minute"},"schema":{"@context":"https:\/\/schema.org","@graph":[{"@type":"WebPage","@id":"https:\/\/vegaconsultants.no\/jobbsoker\/ledige-stillinger\/commercial-subcontract-coordinator-3004151\/","url":"https:\/\/vegaconsultants.no\/jobbsoker\/ledige-stillinger\/commercial-subcontract-coordinator-3004151\/","name":"Commercial\/Subcontract Coordinator - Vega Consultants","isPartOf":{"@id":"https:\/\/vegaconsultants.no\/#website"},"datePublished":"2025-06-16T06:14:30+00:00","breadcrumb":{"@id":"https:\/\/vegaconsultants.no\/jobbsoker\/ledige-stillinger\/commercial-subcontract-coordinator-3004151\/#breadcrumb"},"inLanguage":"en-GB","potentialAction":[{"@type":"ReadAction","target":["https:\/\/vegaconsultants.no\/jobbsoker\/ledige-stillinger\/commercial-subcontract-coordinator-3004151\/"]}]},{"@type":"BreadcrumbList","@id":"https:\/\/vegaconsultants.no\/jobbsoker\/ledige-stillinger\/commercial-subcontract-coordinator-3004151\/#breadcrumb","itemListElement":[{"@type":"ListItem","position":1,"name":"Home","item":"https:\/\/vegaconsultants.no\/"},{"@type":"ListItem","position":2,"name":"Jobbs\u00f8ker","item":"https:\/\/vegaconsultants.no\/jobbsoker\/"},{"@type":"ListItem","position":3,"name":"Ledige stillinger","item":"https:\/\/vegaconsultants.no\/jobbsoker\/ledige-stillinger\/"},{"@type":"ListItem","position":4,"name":"Commercial\/Subcontract Coordinator"}]},{"@type":"WebSite","@id":"https:\/\/vegaconsultants.no\/#website","url":"https:\/\/vegaconsultants.no\/","name":"Vega Consultants","description":"The right person for the right job","potentialAction":[{"@type":"SearchAction","target":{"@type":"EntryPoint","urlTemplate":"https:\/\/vegaconsultants.no\/?s={search_term_string}"},"query-input":{"@type":"PropertyValueSpecification","valueRequired":true,"valueName":"search_term_string"}}],"inLanguage":"en-GB"}]}},"_links":{"self":[{"href":"https:\/\/vegaconsultants.no\/en\/wp-json\/wp\/v2\/pages\/21675","targetHints":{"allow":["GET"]}}],"collection":[{"href":"https:\/\/vegaconsultants.no\/en\/wp-json\/wp\/v2\/pages"}],"about":[{"href":"https:\/\/vegaconsultants.no\/en\/wp-json\/wp\/v2\/types\/page"}],"author":[{"embeddable":true,"href":"https:\/\/vegaconsultants.no\/en\/wp-json\/wp\/v2\/users\/1"}],"replies":[{"embeddable":true,"href":"https:\/\/vegaconsultants.no\/en\/wp-json\/wp\/v2\/comments?post=21675"}],"version-history":[{"count":0,"href":"https:\/\/vegaconsultants.no\/en\/wp-json\/wp\/v2\/pages\/21675\/revisions"}],"up":[{"embeddable":true,"href":"https:\/\/vegaconsultants.no\/en\/wp-json\/wp\/v2\/pages\/4051"}],"wp:attachment":[{"href":"https:\/\/vegaconsultants.no\/en\/wp-json\/wp\/v2\/media?parent=21675"}],"curies":[{"name":"wp","href":"https:\/\/api.w.org\/{rel}","templated":true}]}}