{"id":21696,"date":"2025-05-22T15:16:42","date_gmt":"2025-05-22T13:16:42","guid":{"rendered":"https:\/\/vegaconsultants.no\/jobbsoker\/ledige-stillinger\/teknisk-sikkerhet-3004170\/"},"modified":"2025-05-22T15:16:42","modified_gmt":"2025-05-22T13:16:42","slug":"teknisk-sikkerhet-3004170","status":"publish","type":"page","link":"https:\/\/vegaconsultants.no\/en\/jobbsoker\/ledige-stillinger\/teknisk-sikkerhet-3004170\/","title":{"rendered":"Teknisk sikkerhet"},"content":{"rendered":"<div class='vacancy-detail'>\n<div class='bold'>Vega Consultants AS<\/div>\n<div class='bold'>Teknisk sikkerhet<\/div>\n<div class='vacancy-body'>\n<h3><strong>Arbeidsoppgaver:<\/strong><\/h3>\n<ul>\n<li>Posisjonen skal delta i prosjekter og studier for \u00e5 ivareta sikkerhetssp\u00f8rsm\u00e5l, avdekke potensielle farer, foresl\u00e5 gode og teknisk sikre l\u00f8sninger i design, installasjon og under drift av anleggene. Deltakelse i multidisipline gjennomganger og verifikasjonsaktiviteter inng\u00e5r i arbeidsoppgavene.\u00a0<\/li>\n<\/ul>\n<p><strong>Eksempel p\u00e5 ansvarsomr\u00e5der i studie- og prosjekteringsfase av prosjekter:<\/strong><\/p>\n<ul>\n<li>Aktiv, passiv brannbeskyttelse, omr\u00e5deklassifisering og r\u00f8mningsveier<\/li>\n<li>Deteksjon, tennkildekontroll, SIL og n\u00f8davstenging<\/li>\n<li>Teknisk arbeidsmilj\u00f8 og ytre milj\u00f8\u00a0<\/li>\n<li>Erfaring med \u00e5 holde review (design review, HAZOP, HAZID, Wehra etc.)<\/li>\n<\/ul>\n<h3><strong>Utdannelse:<\/strong><\/h3>\n<ul>\n<li>Bachelor eller master innenfor relevante fagomr\u00e5der<\/li>\n<\/ul>\n<h3><strong>Arbeidserfaring \u00f8nskelig:<\/strong><\/h3>\n<ul>\n<li>5 \u00e5rs erfaring innen olje- og gassrelatert virksomhet\u00a0<\/li>\n<li>Kjennskap til relevante regelverk og standarder, som eksempel PTIL, NORSOK og ISO standard<\/li>\n<li>Erfaring fra vedlikeholds- og modifikasjonsarbeid\u00a0<\/li>\n<li>Erfaring fra gjennomf\u00f8ring av HAZID, WEHRA og Design Review\u00a0<\/li>\n<li>Kunnskap om teknisk arbeidsmilj\u00f8 og ytre milj\u00f8\u00a0<\/li>\n<\/ul>\n<p><strong>Det vil v\u00e6re mulig \u00e5 jobbe fra f\u00f8lgende lokasjoner: Harstad, Hammerfest og Stj\u00f8rdal<\/strong><\/p>\n<p><strong>For mer informajson om denne stillingen kan du kontakte Grethe Borg p\u00e5 905 21 929<\/strong><\/p>\n<\/div>\n<div class='vega-button'><span><a href='https:\/\/secure.webtemp.no\/WebtempCVPortal\/startsession.aspx?page=stillingsingle&amp;k=169&amp;id_utleie=3004170'>Mer info\/s\u00f8k her<\/a><\/span><\/div>\n<p><\/p>\n<hr>\n<div>\n<h4>REFNR<\/h4>\n<p>403060<\/p><\/div>\n<div>\n<h4>STILLINGSTYPE<\/h4>\n<p>Heltid<br \/>Vikariat\/engasjement<\/div>\n<div>\n<h4>S\u00d8KNADSFRIST<\/h4>\n<p>30.05.2025<\/p><\/div>\n<div class='vacancy-consultant'>\n<h4>KONTAKTPERSON(ER)<\/h4>\n<div>Grethe Borg<\/div>\n<div>90 52 19 29<\/div>\n<div>grethe.borg@vegaconsultants.no<\/div>\n<\/div>\n<\/div>","protected":false},"excerpt":{"rendered":"<p>Vega Consultants AS Teknisk sikkerhet Arbeidsoppgaver: Posisjonen skal delta i prosjekter og studier for \u00e5 ivareta sikkerhetssp\u00f8rsm\u00e5l, avdekke potensielle farer, foresl\u00e5 gode og teknisk sikre l\u00f8sninger i design, installasjon og under drift av anleggene. Deltakelse i multidisipline gjennomganger og verifikasjonsaktiviteter inng\u00e5r i arbeidsoppgavene.\u00a0 Eksempel p\u00e5 ansvarsomr\u00e5der i studie- og prosjekteringsfase av prosjekter: Aktiv, passiv brannbeskyttelse, [&hellip;]<\/p>\n","protected":false},"author":1,"featured_media":0,"parent":4051,"menu_order":0,"comment_status":"closed","ping_status":"closed","template":"","meta":{"_et_pb_use_builder":"","_et_pb_old_content":"","_et_gb_content_width":"","footnotes":""},"class_list":["post-21696","page","type-page","status-publish","hentry"],"yoast_head":"<!-- This site is optimized with the Yoast SEO plugin v27.3 - https:\/\/yoast.com\/product\/yoast-seo-wordpress\/ -->\n<title>Teknisk sikkerhet - Vega Consultants<\/title>\n<meta name=\"robots\" content=\"index, follow, max-snippet:-1, max-image-preview:large, max-video-preview:-1\" \/>\n<link rel=\"canonical\" href=\"https:\/\/vegaconsultants.no\/en\/jobbsoker\/ledige-stillinger\/teknisk-sikkerhet-3004170\/\" \/>\n<meta property=\"og:locale\" content=\"en_GB\" \/>\n<meta property=\"og:type\" content=\"article\" \/>\n<meta property=\"og:title\" content=\"Teknisk sikkerhet - Vega Consultants\" \/>\n<meta property=\"og:description\" content=\"Vega Consultants AS Teknisk sikkerhet Arbeidsoppgaver: Posisjonen skal delta i prosjekter og studier for \u00e5 ivareta sikkerhetssp\u00f8rsm\u00e5l, avdekke potensielle farer, foresl\u00e5 gode og teknisk sikre l\u00f8sninger i design, installasjon og under drift av anleggene. Deltakelse i multidisipline gjennomganger og verifikasjonsaktiviteter inng\u00e5r i arbeidsoppgavene.\u00a0 Eksempel p\u00e5 ansvarsomr\u00e5der i studie- og prosjekteringsfase av prosjekter: Aktiv, passiv brannbeskyttelse, [&hellip;]\" \/>\n<meta property=\"og:url\" content=\"https:\/\/vegaconsultants.no\/en\/jobbsoker\/ledige-stillinger\/teknisk-sikkerhet-3004170\/\" \/>\n<meta property=\"og:site_name\" content=\"Vega Consultants\" \/>\n<meta name=\"twitter:card\" content=\"summary_large_image\" \/>\n<meta name=\"twitter:label1\" content=\"Estimated reading time\" \/>\n\t<meta name=\"twitter:data1\" content=\"1 minute\" \/>\n<script type=\"application\/ld+json\" class=\"yoast-schema-graph\">{\"@context\":\"https:\\\/\\\/schema.org\",\"@graph\":[{\"@type\":\"WebPage\",\"@id\":\"https:\\\/\\\/vegaconsultants.no\\\/jobbsoker\\\/ledige-stillinger\\\/teknisk-sikkerhet-3004170\\\/\",\"url\":\"https:\\\/\\\/vegaconsultants.no\\\/jobbsoker\\\/ledige-stillinger\\\/teknisk-sikkerhet-3004170\\\/\",\"name\":\"Teknisk sikkerhet - Vega Consultants\",\"isPartOf\":{\"@id\":\"https:\\\/\\\/vegaconsultants.no\\\/#website\"},\"datePublished\":\"2025-05-22T13:16:42+00:00\",\"breadcrumb\":{\"@id\":\"https:\\\/\\\/vegaconsultants.no\\\/jobbsoker\\\/ledige-stillinger\\\/teknisk-sikkerhet-3004170\\\/#breadcrumb\"},\"inLanguage\":\"en-GB\",\"potentialAction\":[{\"@type\":\"ReadAction\",\"target\":[\"https:\\\/\\\/vegaconsultants.no\\\/jobbsoker\\\/ledige-stillinger\\\/teknisk-sikkerhet-3004170\\\/\"]}]},{\"@type\":\"BreadcrumbList\",\"@id\":\"https:\\\/\\\/vegaconsultants.no\\\/jobbsoker\\\/ledige-stillinger\\\/teknisk-sikkerhet-3004170\\\/#breadcrumb\",\"itemListElement\":[{\"@type\":\"ListItem\",\"position\":1,\"name\":\"Home\",\"item\":\"https:\\\/\\\/vegaconsultants.no\\\/\"},{\"@type\":\"ListItem\",\"position\":2,\"name\":\"Jobbs\u00f8ker\",\"item\":\"https:\\\/\\\/vegaconsultants.no\\\/jobbsoker\\\/\"},{\"@type\":\"ListItem\",\"position\":3,\"name\":\"Ledige stillinger\",\"item\":\"https:\\\/\\\/vegaconsultants.no\\\/jobbsoker\\\/ledige-stillinger\\\/\"},{\"@type\":\"ListItem\",\"position\":4,\"name\":\"Teknisk sikkerhet\"}]},{\"@type\":\"WebSite\",\"@id\":\"https:\\\/\\\/vegaconsultants.no\\\/#website\",\"url\":\"https:\\\/\\\/vegaconsultants.no\\\/\",\"name\":\"Vega Consultants\",\"description\":\"Rett person p\u00e5 rett plass\",\"potentialAction\":[{\"@type\":\"SearchAction\",\"target\":{\"@type\":\"EntryPoint\",\"urlTemplate\":\"https:\\\/\\\/vegaconsultants.no\\\/?s={search_term_string}\"},\"query-input\":{\"@type\":\"PropertyValueSpecification\",\"valueRequired\":true,\"valueName\":\"search_term_string\"}}],\"inLanguage\":\"en-GB\"}]}<\/script>\n<!-- \/ Yoast SEO plugin. -->","yoast_head_json":{"title":"Teknisk sikkerhet - Vega Consultants","robots":{"index":"index","follow":"follow","max-snippet":"max-snippet:-1","max-image-preview":"max-image-preview:large","max-video-preview":"max-video-preview:-1"},"canonical":"https:\/\/vegaconsultants.no\/en\/jobbsoker\/ledige-stillinger\/teknisk-sikkerhet-3004170\/","og_locale":"en_GB","og_type":"article","og_title":"Teknisk sikkerhet - Vega Consultants","og_description":"Vega Consultants AS Teknisk sikkerhet Arbeidsoppgaver: Posisjonen skal delta i prosjekter og studier for \u00e5 ivareta sikkerhetssp\u00f8rsm\u00e5l, avdekke potensielle farer, foresl\u00e5 gode og teknisk sikre l\u00f8sninger i design, installasjon og under drift av anleggene. Deltakelse i multidisipline gjennomganger og verifikasjonsaktiviteter inng\u00e5r i arbeidsoppgavene.\u00a0 Eksempel p\u00e5 ansvarsomr\u00e5der i studie- og prosjekteringsfase av prosjekter: Aktiv, passiv brannbeskyttelse, [&hellip;]","og_url":"https:\/\/vegaconsultants.no\/en\/jobbsoker\/ledige-stillinger\/teknisk-sikkerhet-3004170\/","og_site_name":"Vega Consultants","twitter_card":"summary_large_image","twitter_misc":{"Estimated reading time":"1 minute"},"schema":{"@context":"https:\/\/schema.org","@graph":[{"@type":"WebPage","@id":"https:\/\/vegaconsultants.no\/jobbsoker\/ledige-stillinger\/teknisk-sikkerhet-3004170\/","url":"https:\/\/vegaconsultants.no\/jobbsoker\/ledige-stillinger\/teknisk-sikkerhet-3004170\/","name":"Teknisk sikkerhet - Vega Consultants","isPartOf":{"@id":"https:\/\/vegaconsultants.no\/#website"},"datePublished":"2025-05-22T13:16:42+00:00","breadcrumb":{"@id":"https:\/\/vegaconsultants.no\/jobbsoker\/ledige-stillinger\/teknisk-sikkerhet-3004170\/#breadcrumb"},"inLanguage":"en-GB","potentialAction":[{"@type":"ReadAction","target":["https:\/\/vegaconsultants.no\/jobbsoker\/ledige-stillinger\/teknisk-sikkerhet-3004170\/"]}]},{"@type":"BreadcrumbList","@id":"https:\/\/vegaconsultants.no\/jobbsoker\/ledige-stillinger\/teknisk-sikkerhet-3004170\/#breadcrumb","itemListElement":[{"@type":"ListItem","position":1,"name":"Home","item":"https:\/\/vegaconsultants.no\/"},{"@type":"ListItem","position":2,"name":"Jobbs\u00f8ker","item":"https:\/\/vegaconsultants.no\/jobbsoker\/"},{"@type":"ListItem","position":3,"name":"Ledige stillinger","item":"https:\/\/vegaconsultants.no\/jobbsoker\/ledige-stillinger\/"},{"@type":"ListItem","position":4,"name":"Teknisk sikkerhet"}]},{"@type":"WebSite","@id":"https:\/\/vegaconsultants.no\/#website","url":"https:\/\/vegaconsultants.no\/","name":"Vega Consultants","description":"The right person for the right job","potentialAction":[{"@type":"SearchAction","target":{"@type":"EntryPoint","urlTemplate":"https:\/\/vegaconsultants.no\/?s={search_term_string}"},"query-input":{"@type":"PropertyValueSpecification","valueRequired":true,"valueName":"search_term_string"}}],"inLanguage":"en-GB"}]}},"_links":{"self":[{"href":"https:\/\/vegaconsultants.no\/en\/wp-json\/wp\/v2\/pages\/21696","targetHints":{"allow":["GET"]}}],"collection":[{"href":"https:\/\/vegaconsultants.no\/en\/wp-json\/wp\/v2\/pages"}],"about":[{"href":"https:\/\/vegaconsultants.no\/en\/wp-json\/wp\/v2\/types\/page"}],"author":[{"embeddable":true,"href":"https:\/\/vegaconsultants.no\/en\/wp-json\/wp\/v2\/users\/1"}],"replies":[{"embeddable":true,"href":"https:\/\/vegaconsultants.no\/en\/wp-json\/wp\/v2\/comments?post=21696"}],"version-history":[{"count":0,"href":"https:\/\/vegaconsultants.no\/en\/wp-json\/wp\/v2\/pages\/21696\/revisions"}],"up":[{"embeddable":true,"href":"https:\/\/vegaconsultants.no\/en\/wp-json\/wp\/v2\/pages\/4051"}],"wp:attachment":[{"href":"https:\/\/vegaconsultants.no\/en\/wp-json\/wp\/v2\/media?parent=21696"}],"curies":[{"name":"wp","href":"https:\/\/api.w.org\/{rel}","templated":true}]}}