{"id":21701,"date":"2025-04-25T15:13:39","date_gmt":"2025-04-25T13:13:39","guid":{"rendered":"https:\/\/vegaconsultants.no\/jobbsoker\/ledige-stillinger\/adm-coordinator-rotation-3004176\/"},"modified":"2025-04-25T15:13:39","modified_gmt":"2025-04-25T13:13:39","slug":"adm-coordinator-rotation-3004176","status":"publish","type":"page","link":"https:\/\/vegaconsultants.no\/en\/jobbsoker\/ledige-stillinger\/adm-coordinator-rotation-3004176\/","title":{"rendered":"Adm coordinator rotation"},"content":{"rendered":"<div class='vacancy-detail'>\n<div class='bold'>Vega Consultants AS<\/div>\n<div class='bold'>Adm coordinator rotation <\/div>\n<div class='vacancy-body'>\n<p>Periode:30.04.2025 &#8211; 28.02.2026<\/p>\n<p>14\/21 rotasjon\u00a0<\/p>\n<h3><strong>Arbeidsoppgaver: <\/strong><\/h3>\n<ul>\n<li>Mobilisering\/demobilisering av personell, eget, innleie + 3.part koordinering<\/li>\n<li>Utarbeide informasjonsskriv og mobiliseringsinformasjon i forbindelse med nytt personell p\u00e5 anlegg.<\/li>\n<li>Tilgangs\u00f8king for fabrikk\/bygg + diverse IT programmer b\u00e5de i eget og Kunden sitt system\u00a0<\/li>\n<li>Bist\u00e5 med HMS rapportering\/HMS arbeid<\/li>\n<li>Kontroll p\u00e5 kontorplasser, rekvisita, IT-utstyr etc.<\/li>\n<li>Koordinere utsendelse av diverse rapporter<\/li>\n<li>Booke overnatting i Camp.<\/li>\n<\/ul>\n<p>&nbsp;<\/p>\n<h3><strong>Kvalifikasjoner:<\/strong><\/h3>\n<ul>\n<li>Relevant utdanning<\/li>\n<li>Lang og relevant erfaring kan kompensere for manglende formell utdanning<\/li>\n<li>\u00d8nskelig med erfaring fra prosjekt, helst samme type administrative oppgaver.<\/li>\n<li>Kunne jobbe i team og takle h\u00f8yt arbeidspress til tider.\u00a0<\/li>\n<li>Erfaring med administrative arbeidsoppgaver<\/li>\n<li>Kunne Excel, Word og Powerpoint<\/li>\n<li>\u00d8nskelig med kjennskap til SAP<\/li>\n<\/ul>\n<p>&nbsp;<\/p>\n<p><\/p>\n<p>Syns du dette h\u00f8res som noe for deg? Ta kontakt for \u00e5 h\u00f8re hva vi kan tilby!<\/p>\n<\/div>\n<div class='vega-button'><span><a href='https:\/\/secure.webtemp.no\/WebtempCVPortal\/startsession.aspx?page=stillingsingle&amp;k=169&amp;id_utleie=3004176'>Mer info\/s\u00f8k her<\/a><\/span><\/div>\n<p><\/p>\n<hr>\n<div>\n<h4>REFNR<\/h4>\n<p>403066<\/p><\/div>\n<div>\n<h4>STILLINGSTYPE<\/h4>\n<p>Heltid<br \/>Vikariat\/engasjement<\/div>\n<div>\n<h4>S\u00d8KNADSFRIST<\/h4>\n<p>29.04.2025<\/p><\/div>\n<div class='vacancy-consultant'>\n<h4>KONTAKTPERSON(ER)<\/h4>\n<div>Sarah Svab\u00f8<\/div>\n<div>45 68 08 50<\/div>\n<div>sarah.svabo@vegaconsultants.no<\/div>\n<\/div>\n<\/div>","protected":false},"excerpt":{"rendered":"<p>Vega Consultants AS Adm coordinator rotation Periode:30.04.2025 &#8211; 28.02.2026 14\/21 rotasjon\u00a0 Arbeidsoppgaver: Mobilisering\/demobilisering av personell, eget, innleie + 3.part koordinering Utarbeide informasjonsskriv og mobiliseringsinformasjon i forbindelse med nytt personell p\u00e5 anlegg. Tilgangs\u00f8king for fabrikk\/bygg + diverse IT programmer b\u00e5de i eget og Kunden sitt system\u00a0 Bist\u00e5 med HMS rapportering\/HMS arbeid Kontroll p\u00e5 kontorplasser, rekvisita, IT-utstyr [&hellip;]<\/p>\n","protected":false},"author":1,"featured_media":0,"parent":4051,"menu_order":0,"comment_status":"closed","ping_status":"closed","template":"","meta":{"_et_pb_use_builder":"","_et_pb_old_content":"","_et_gb_content_width":"","footnotes":""},"class_list":["post-21701","page","type-page","status-publish","hentry"],"yoast_head":"<!-- This site is optimized with the Yoast SEO plugin v27.3 - https:\/\/yoast.com\/product\/yoast-seo-wordpress\/ -->\n<title>Adm coordinator rotation - Vega Consultants<\/title>\n<meta name=\"robots\" content=\"index, follow, max-snippet:-1, max-image-preview:large, max-video-preview:-1\" \/>\n<link rel=\"canonical\" href=\"https:\/\/vegaconsultants.no\/en\/jobbsoker\/ledige-stillinger\/adm-coordinator-rotation-3004176\/\" \/>\n<meta property=\"og:locale\" content=\"en_GB\" \/>\n<meta property=\"og:type\" content=\"article\" \/>\n<meta property=\"og:title\" content=\"Adm coordinator rotation - Vega Consultants\" \/>\n<meta property=\"og:description\" content=\"Vega Consultants AS Adm coordinator rotation Periode:30.04.2025 &#8211; 28.02.2026 14\/21 rotasjon\u00a0 Arbeidsoppgaver: Mobilisering\/demobilisering av personell, eget, innleie + 3.part koordinering Utarbeide informasjonsskriv og mobiliseringsinformasjon i forbindelse med nytt personell p\u00e5 anlegg. Tilgangs\u00f8king for fabrikk\/bygg + diverse IT programmer b\u00e5de i eget og Kunden sitt system\u00a0 Bist\u00e5 med HMS rapportering\/HMS arbeid Kontroll p\u00e5 kontorplasser, rekvisita, IT-utstyr [&hellip;]\" \/>\n<meta property=\"og:url\" content=\"https:\/\/vegaconsultants.no\/en\/jobbsoker\/ledige-stillinger\/adm-coordinator-rotation-3004176\/\" \/>\n<meta property=\"og:site_name\" content=\"Vega Consultants\" \/>\n<meta name=\"twitter:card\" content=\"summary_large_image\" \/>\n<meta name=\"twitter:label1\" content=\"Estimated reading time\" \/>\n\t<meta name=\"twitter:data1\" content=\"1 minute\" \/>\n<script type=\"application\/ld+json\" class=\"yoast-schema-graph\">{\"@context\":\"https:\\\/\\\/schema.org\",\"@graph\":[{\"@type\":\"WebPage\",\"@id\":\"https:\\\/\\\/vegaconsultants.no\\\/jobbsoker\\\/ledige-stillinger\\\/adm-coordinator-rotation-3004176\\\/\",\"url\":\"https:\\\/\\\/vegaconsultants.no\\\/jobbsoker\\\/ledige-stillinger\\\/adm-coordinator-rotation-3004176\\\/\",\"name\":\"Adm coordinator rotation - Vega Consultants\",\"isPartOf\":{\"@id\":\"https:\\\/\\\/vegaconsultants.no\\\/#website\"},\"datePublished\":\"2025-04-25T13:13:39+00:00\",\"breadcrumb\":{\"@id\":\"https:\\\/\\\/vegaconsultants.no\\\/jobbsoker\\\/ledige-stillinger\\\/adm-coordinator-rotation-3004176\\\/#breadcrumb\"},\"inLanguage\":\"en-GB\",\"potentialAction\":[{\"@type\":\"ReadAction\",\"target\":[\"https:\\\/\\\/vegaconsultants.no\\\/jobbsoker\\\/ledige-stillinger\\\/adm-coordinator-rotation-3004176\\\/\"]}]},{\"@type\":\"BreadcrumbList\",\"@id\":\"https:\\\/\\\/vegaconsultants.no\\\/jobbsoker\\\/ledige-stillinger\\\/adm-coordinator-rotation-3004176\\\/#breadcrumb\",\"itemListElement\":[{\"@type\":\"ListItem\",\"position\":1,\"name\":\"Home\",\"item\":\"https:\\\/\\\/vegaconsultants.no\\\/\"},{\"@type\":\"ListItem\",\"position\":2,\"name\":\"Jobbs\u00f8ker\",\"item\":\"https:\\\/\\\/vegaconsultants.no\\\/jobbsoker\\\/\"},{\"@type\":\"ListItem\",\"position\":3,\"name\":\"Ledige stillinger\",\"item\":\"https:\\\/\\\/vegaconsultants.no\\\/jobbsoker\\\/ledige-stillinger\\\/\"},{\"@type\":\"ListItem\",\"position\":4,\"name\":\"Adm coordinator rotation\"}]},{\"@type\":\"WebSite\",\"@id\":\"https:\\\/\\\/vegaconsultants.no\\\/#website\",\"url\":\"https:\\\/\\\/vegaconsultants.no\\\/\",\"name\":\"Vega Consultants\",\"description\":\"Rett person p\u00e5 rett plass\",\"potentialAction\":[{\"@type\":\"SearchAction\",\"target\":{\"@type\":\"EntryPoint\",\"urlTemplate\":\"https:\\\/\\\/vegaconsultants.no\\\/?s={search_term_string}\"},\"query-input\":{\"@type\":\"PropertyValueSpecification\",\"valueRequired\":true,\"valueName\":\"search_term_string\"}}],\"inLanguage\":\"en-GB\"}]}<\/script>\n<!-- \/ Yoast SEO plugin. -->","yoast_head_json":{"title":"Adm coordinator rotation - Vega Consultants","robots":{"index":"index","follow":"follow","max-snippet":"max-snippet:-1","max-image-preview":"max-image-preview:large","max-video-preview":"max-video-preview:-1"},"canonical":"https:\/\/vegaconsultants.no\/en\/jobbsoker\/ledige-stillinger\/adm-coordinator-rotation-3004176\/","og_locale":"en_GB","og_type":"article","og_title":"Adm coordinator rotation - Vega Consultants","og_description":"Vega Consultants AS Adm coordinator rotation Periode:30.04.2025 &#8211; 28.02.2026 14\/21 rotasjon\u00a0 Arbeidsoppgaver: Mobilisering\/demobilisering av personell, eget, innleie + 3.part koordinering Utarbeide informasjonsskriv og mobiliseringsinformasjon i forbindelse med nytt personell p\u00e5 anlegg. Tilgangs\u00f8king for fabrikk\/bygg + diverse IT programmer b\u00e5de i eget og Kunden sitt system\u00a0 Bist\u00e5 med HMS rapportering\/HMS arbeid Kontroll p\u00e5 kontorplasser, rekvisita, IT-utstyr [&hellip;]","og_url":"https:\/\/vegaconsultants.no\/en\/jobbsoker\/ledige-stillinger\/adm-coordinator-rotation-3004176\/","og_site_name":"Vega Consultants","twitter_card":"summary_large_image","twitter_misc":{"Estimated reading time":"1 minute"},"schema":{"@context":"https:\/\/schema.org","@graph":[{"@type":"WebPage","@id":"https:\/\/vegaconsultants.no\/jobbsoker\/ledige-stillinger\/adm-coordinator-rotation-3004176\/","url":"https:\/\/vegaconsultants.no\/jobbsoker\/ledige-stillinger\/adm-coordinator-rotation-3004176\/","name":"Adm coordinator rotation - Vega Consultants","isPartOf":{"@id":"https:\/\/vegaconsultants.no\/#website"},"datePublished":"2025-04-25T13:13:39+00:00","breadcrumb":{"@id":"https:\/\/vegaconsultants.no\/jobbsoker\/ledige-stillinger\/adm-coordinator-rotation-3004176\/#breadcrumb"},"inLanguage":"en-GB","potentialAction":[{"@type":"ReadAction","target":["https:\/\/vegaconsultants.no\/jobbsoker\/ledige-stillinger\/adm-coordinator-rotation-3004176\/"]}]},{"@type":"BreadcrumbList","@id":"https:\/\/vegaconsultants.no\/jobbsoker\/ledige-stillinger\/adm-coordinator-rotation-3004176\/#breadcrumb","itemListElement":[{"@type":"ListItem","position":1,"name":"Home","item":"https:\/\/vegaconsultants.no\/"},{"@type":"ListItem","position":2,"name":"Jobbs\u00f8ker","item":"https:\/\/vegaconsultants.no\/jobbsoker\/"},{"@type":"ListItem","position":3,"name":"Ledige stillinger","item":"https:\/\/vegaconsultants.no\/jobbsoker\/ledige-stillinger\/"},{"@type":"ListItem","position":4,"name":"Adm coordinator rotation"}]},{"@type":"WebSite","@id":"https:\/\/vegaconsultants.no\/#website","url":"https:\/\/vegaconsultants.no\/","name":"Vega Consultants","description":"The right person for the right job","potentialAction":[{"@type":"SearchAction","target":{"@type":"EntryPoint","urlTemplate":"https:\/\/vegaconsultants.no\/?s={search_term_string}"},"query-input":{"@type":"PropertyValueSpecification","valueRequired":true,"valueName":"search_term_string"}}],"inLanguage":"en-GB"}]}},"_links":{"self":[{"href":"https:\/\/vegaconsultants.no\/en\/wp-json\/wp\/v2\/pages\/21701","targetHints":{"allow":["GET"]}}],"collection":[{"href":"https:\/\/vegaconsultants.no\/en\/wp-json\/wp\/v2\/pages"}],"about":[{"href":"https:\/\/vegaconsultants.no\/en\/wp-json\/wp\/v2\/types\/page"}],"author":[{"embeddable":true,"href":"https:\/\/vegaconsultants.no\/en\/wp-json\/wp\/v2\/users\/1"}],"replies":[{"embeddable":true,"href":"https:\/\/vegaconsultants.no\/en\/wp-json\/wp\/v2\/comments?post=21701"}],"version-history":[{"count":0,"href":"https:\/\/vegaconsultants.no\/en\/wp-json\/wp\/v2\/pages\/21701\/revisions"}],"up":[{"embeddable":true,"href":"https:\/\/vegaconsultants.no\/en\/wp-json\/wp\/v2\/pages\/4051"}],"wp:attachment":[{"href":"https:\/\/vegaconsultants.no\/en\/wp-json\/wp\/v2\/media?parent=21701"}],"curies":[{"name":"wp","href":"https:\/\/api.w.org\/{rel}","templated":true}]}}