{"id":21761,"date":"2025-05-13T15:12:35","date_gmt":"2025-05-13T13:12:35","guid":{"rendered":"https:\/\/vegaconsultants.no\/jobbsoker\/ledige-stillinger\/teknisk-sikkerhet-3004178\/"},"modified":"2025-05-13T15:12:35","modified_gmt":"2025-05-13T13:12:35","slug":"teknisk-sikkerhet-3004178","status":"publish","type":"page","link":"https:\/\/vegaconsultants.no\/en\/jobbsoker\/ledige-stillinger\/teknisk-sikkerhet-3004178\/","title":{"rendered":"Technical safety"},"content":{"rendered":"<div class='vacancy-detail'>\n<div class='bold'>Vega Consultants AS<\/div>\n<div class='bold'>Technical safety<\/div>\n<div class='vacancy-body'>\n<p><strong>Location: Harstad, Hammerfest or Stj\u00f8rdal<\/strong><\/p>\n<h3><strong>Job duties:<\/strong><\/h3>\n<p><em>The position will participate in projects and studies to address safety issues, identify potential hazards, and propose good and technically safe solutions in the design, installation, and operation of the facilities.<\/em><\/p>\n<ul>\n<li>Participation in multidisciplinary reviews and verification activities is included in the work tasks.<\/li>\n<li>Active, passive fire protection, area classification and escape routes<\/li>\n<li>Detection, ignition source control, SIL and emergency shutdown<\/li>\n<li>Technical working environment and external environment<\/li>\n<li>Experience in conducting reviews (design review, HAZOP, HAZID, Wehra etc.)<\/li>\n<\/ul>\n<h3><strong>Qualifications:<\/strong><\/h3>\n<ul>\n<li>Bachelor or Master in relevant fields<\/li>\n<li>5 years of experience in oil and gas-related activities Knowledge of relevant regulations and standards, such as PTIL, NORSOK and ISO standards<\/li>\n<li>Knowledge of leading players&#039; systems and company-specific requirements<\/li>\n<li>Experience from maintenance and modification work<\/li>\n<li>Experience from implementing HAZID, WEHRA and Design Review<\/li>\n<li>Knowledge of technical working environment and external environment<\/li>\n<\/ul>\n<h3><strong>Languages:<\/strong><\/h3>\n<ul>\n<li>Must have English Native or bilingual proficiency<\/li>\n<li>English B1<\/li>\n<\/ul>\n<p><strong><em>For more information about this role, please contact Grethe Borg on 905 21 929<\/em><\/strong><\/p>\n<\/div>\n<div class='vega-button'><span><a href='https:\/\/secure.webtemp.no\/WebtempCVPortal\/startsession.aspx?page=stillingsingle&amp;k=169&amp;id_utleie=3004178'>More info\/search here<\/a><\/span><\/div>\n<p><\/p>\n<hr>\n<div>\n<h4>REFNR<\/h4>\n<p>403068<\/p><\/div>\n<div>\n<h4>POSITION TYPE<\/h4>\n<p>Full-time<br \/>Temporary position\/engagement<\/div>\n<div>\n<h4>APPLICATION DEADLINE<\/h4>\n<p>23.05.2025<\/p><\/div>\n<div class='vacancy-consultant'>\n<h4>CONTACT PERSON(S)<\/h4>\n<div>Grethe Borg<\/div>\n<div>90 52 19 29<\/div>\n<div>grethe.borg@vegaconsultants.no<\/div>\n<\/div>\n<\/div>","protected":false},"excerpt":{"rendered":"<p>Vega Consultants AS Teknisk sikkerhet Lokasjon: Harstad, Hammerfest eller Stj\u00f8rdal Arbeidsoppgaver: Posisjonen skal delta i prosjekter og studier for \u00e5 ivareta sikkerhetssp\u00f8rsm\u00e5l, avdekke potensielle farer, foresl\u00e5 gode og teknisk sikre l\u00f8sninger i design, installasjon og under drift av anleggene. Deltakelse i multidisipline gjennomganger og verifikasjonsaktiviteter inng\u00e5r i arbeidsoppgavene. Aktiv, passiv brannbeskyttelse, omr\u00e5deklassifisering og r\u00f8mningsveier Deteksjon, [&hellip;]<\/p>\n","protected":false},"author":1,"featured_media":0,"parent":4051,"menu_order":0,"comment_status":"closed","ping_status":"closed","template":"","meta":{"_et_pb_use_builder":"","_et_pb_old_content":"","_et_gb_content_width":"","footnotes":""},"class_list":["post-21761","page","type-page","status-publish","hentry"],"yoast_head":"<!-- This site is optimized with the Yoast SEO plugin v27.4 - https:\/\/yoast.com\/product\/yoast-seo-wordpress\/ -->\n<title>Teknisk sikkerhet - Vega Consultants<\/title>\n<meta name=\"robots\" content=\"index, follow, max-snippet:-1, max-image-preview:large, max-video-preview:-1\" \/>\n<link rel=\"canonical\" href=\"https:\/\/vegaconsultants.no\/en\/jobbsoker\/ledige-stillinger\/teknisk-sikkerhet-3004178\/\" \/>\n<meta property=\"og:locale\" content=\"en_GB\" \/>\n<meta property=\"og:type\" content=\"article\" \/>\n<meta property=\"og:title\" content=\"Teknisk sikkerhet - Vega Consultants\" \/>\n<meta property=\"og:description\" content=\"Vega Consultants AS Teknisk sikkerhet Lokasjon: Harstad, Hammerfest eller Stj\u00f8rdal Arbeidsoppgaver: Posisjonen skal delta i prosjekter og studier for \u00e5 ivareta sikkerhetssp\u00f8rsm\u00e5l, avdekke potensielle farer, foresl\u00e5 gode og teknisk sikre l\u00f8sninger i design, installasjon og under drift av anleggene. Deltakelse i multidisipline gjennomganger og verifikasjonsaktiviteter inng\u00e5r i arbeidsoppgavene. Aktiv, passiv brannbeskyttelse, omr\u00e5deklassifisering og r\u00f8mningsveier Deteksjon, [&hellip;]\" \/>\n<meta property=\"og:url\" content=\"https:\/\/vegaconsultants.no\/en\/jobbsoker\/ledige-stillinger\/teknisk-sikkerhet-3004178\/\" \/>\n<meta property=\"og:site_name\" content=\"Vega Consultants\" \/>\n<meta name=\"twitter:card\" content=\"summary_large_image\" \/>\n<meta name=\"twitter:label1\" content=\"Estimated reading time\" \/>\n\t<meta name=\"twitter:data1\" content=\"1 minute\" \/>\n<script type=\"application\/ld+json\" class=\"yoast-schema-graph\">{\"@context\":\"https:\\\/\\\/schema.org\",\"@graph\":[{\"@type\":\"WebPage\",\"@id\":\"https:\\\/\\\/vegaconsultants.no\\\/jobbsoker\\\/ledige-stillinger\\\/teknisk-sikkerhet-3004178\\\/\",\"url\":\"https:\\\/\\\/vegaconsultants.no\\\/jobbsoker\\\/ledige-stillinger\\\/teknisk-sikkerhet-3004178\\\/\",\"name\":\"Teknisk sikkerhet - Vega Consultants\",\"isPartOf\":{\"@id\":\"https:\\\/\\\/vegaconsultants.no\\\/#website\"},\"datePublished\":\"2025-05-13T13:12:35+00:00\",\"breadcrumb\":{\"@id\":\"https:\\\/\\\/vegaconsultants.no\\\/jobbsoker\\\/ledige-stillinger\\\/teknisk-sikkerhet-3004178\\\/#breadcrumb\"},\"inLanguage\":\"en-GB\",\"potentialAction\":[{\"@type\":\"ReadAction\",\"target\":[\"https:\\\/\\\/vegaconsultants.no\\\/jobbsoker\\\/ledige-stillinger\\\/teknisk-sikkerhet-3004178\\\/\"]}]},{\"@type\":\"BreadcrumbList\",\"@id\":\"https:\\\/\\\/vegaconsultants.no\\\/jobbsoker\\\/ledige-stillinger\\\/teknisk-sikkerhet-3004178\\\/#breadcrumb\",\"itemListElement\":[{\"@type\":\"ListItem\",\"position\":1,\"name\":\"Home\",\"item\":\"https:\\\/\\\/vegaconsultants.no\\\/\"},{\"@type\":\"ListItem\",\"position\":2,\"name\":\"Jobbs\u00f8ker\",\"item\":\"https:\\\/\\\/vegaconsultants.no\\\/jobbsoker\\\/\"},{\"@type\":\"ListItem\",\"position\":3,\"name\":\"Ledige stillinger\",\"item\":\"https:\\\/\\\/vegaconsultants.no\\\/jobbsoker\\\/ledige-stillinger\\\/\"},{\"@type\":\"ListItem\",\"position\":4,\"name\":\"Teknisk sikkerhet\"}]},{\"@type\":\"WebSite\",\"@id\":\"https:\\\/\\\/vegaconsultants.no\\\/#website\",\"url\":\"https:\\\/\\\/vegaconsultants.no\\\/\",\"name\":\"Vega Consultants\",\"description\":\"Rett person p\u00e5 rett plass\",\"potentialAction\":[{\"@type\":\"SearchAction\",\"target\":{\"@type\":\"EntryPoint\",\"urlTemplate\":\"https:\\\/\\\/vegaconsultants.no\\\/?s={search_term_string}\"},\"query-input\":{\"@type\":\"PropertyValueSpecification\",\"valueRequired\":true,\"valueName\":\"search_term_string\"}}],\"inLanguage\":\"en-GB\"}]}<\/script>\n<!-- \/ Yoast SEO plugin. -->","yoast_head_json":{"title":"Teknisk sikkerhet - Vega Consultants","robots":{"index":"index","follow":"follow","max-snippet":"max-snippet:-1","max-image-preview":"max-image-preview:large","max-video-preview":"max-video-preview:-1"},"canonical":"https:\/\/vegaconsultants.no\/en\/jobbsoker\/ledige-stillinger\/teknisk-sikkerhet-3004178\/","og_locale":"en_GB","og_type":"article","og_title":"Teknisk sikkerhet - Vega Consultants","og_description":"Vega Consultants AS Teknisk sikkerhet Lokasjon: Harstad, Hammerfest eller Stj\u00f8rdal Arbeidsoppgaver: Posisjonen skal delta i prosjekter og studier for \u00e5 ivareta sikkerhetssp\u00f8rsm\u00e5l, avdekke potensielle farer, foresl\u00e5 gode og teknisk sikre l\u00f8sninger i design, installasjon og under drift av anleggene. Deltakelse i multidisipline gjennomganger og verifikasjonsaktiviteter inng\u00e5r i arbeidsoppgavene. Aktiv, passiv brannbeskyttelse, omr\u00e5deklassifisering og r\u00f8mningsveier Deteksjon, [&hellip;]","og_url":"https:\/\/vegaconsultants.no\/en\/jobbsoker\/ledige-stillinger\/teknisk-sikkerhet-3004178\/","og_site_name":"Vega Consultants","twitter_card":"summary_large_image","twitter_misc":{"Estimated reading time":"1 minute"},"schema":{"@context":"https:\/\/schema.org","@graph":[{"@type":"WebPage","@id":"https:\/\/vegaconsultants.no\/jobbsoker\/ledige-stillinger\/teknisk-sikkerhet-3004178\/","url":"https:\/\/vegaconsultants.no\/jobbsoker\/ledige-stillinger\/teknisk-sikkerhet-3004178\/","name":"Teknisk sikkerhet - Vega Consultants","isPartOf":{"@id":"https:\/\/vegaconsultants.no\/#website"},"datePublished":"2025-05-13T13:12:35+00:00","breadcrumb":{"@id":"https:\/\/vegaconsultants.no\/jobbsoker\/ledige-stillinger\/teknisk-sikkerhet-3004178\/#breadcrumb"},"inLanguage":"en-GB","potentialAction":[{"@type":"ReadAction","target":["https:\/\/vegaconsultants.no\/jobbsoker\/ledige-stillinger\/teknisk-sikkerhet-3004178\/"]}]},{"@type":"BreadcrumbList","@id":"https:\/\/vegaconsultants.no\/jobbsoker\/ledige-stillinger\/teknisk-sikkerhet-3004178\/#breadcrumb","itemListElement":[{"@type":"ListItem","position":1,"name":"Home","item":"https:\/\/vegaconsultants.no\/"},{"@type":"ListItem","position":2,"name":"Jobbs\u00f8ker","item":"https:\/\/vegaconsultants.no\/jobbsoker\/"},{"@type":"ListItem","position":3,"name":"Ledige stillinger","item":"https:\/\/vegaconsultants.no\/jobbsoker\/ledige-stillinger\/"},{"@type":"ListItem","position":4,"name":"Teknisk sikkerhet"}]},{"@type":"WebSite","@id":"https:\/\/vegaconsultants.no\/#website","url":"https:\/\/vegaconsultants.no\/","name":"Vega Consultants","description":"The right person for the right job","potentialAction":[{"@type":"SearchAction","target":{"@type":"EntryPoint","urlTemplate":"https:\/\/vegaconsultants.no\/?s={search_term_string}"},"query-input":{"@type":"PropertyValueSpecification","valueRequired":true,"valueName":"search_term_string"}}],"inLanguage":"en-GB"}]}},"_links":{"self":[{"href":"https:\/\/vegaconsultants.no\/en\/wp-json\/wp\/v2\/pages\/21761","targetHints":{"allow":["GET"]}}],"collection":[{"href":"https:\/\/vegaconsultants.no\/en\/wp-json\/wp\/v2\/pages"}],"about":[{"href":"https:\/\/vegaconsultants.no\/en\/wp-json\/wp\/v2\/types\/page"}],"author":[{"embeddable":true,"href":"https:\/\/vegaconsultants.no\/en\/wp-json\/wp\/v2\/users\/1"}],"replies":[{"embeddable":true,"href":"https:\/\/vegaconsultants.no\/en\/wp-json\/wp\/v2\/comments?post=21761"}],"version-history":[{"count":0,"href":"https:\/\/vegaconsultants.no\/en\/wp-json\/wp\/v2\/pages\/21761\/revisions"}],"up":[{"embeddable":true,"href":"https:\/\/vegaconsultants.no\/en\/wp-json\/wp\/v2\/pages\/4051"}],"wp:attachment":[{"href":"https:\/\/vegaconsultants.no\/en\/wp-json\/wp\/v2\/media?parent=21761"}],"curies":[{"name":"wp","href":"https:\/\/api.w.org\/{rel}","templated":true}]}}