{"id":21793,"date":"2025-07-29T10:16:37","date_gmt":"2025-07-29T08:16:37","guid":{"rendered":"https:\/\/vegaconsultants.no\/jobbsoker\/ledige-stillinger\/estimator-3004239\/"},"modified":"2025-07-29T10:16:37","modified_gmt":"2025-07-29T08:16:37","slug":"estimator-3004239","status":"publish","type":"page","link":"https:\/\/vegaconsultants.no\/en\/jobbsoker\/ledige-stillinger\/estimator-3004239\/","title":{"rendered":"Estimator"},"content":{"rendered":"<div class='vacancy-detail'>\n<div class='bold'>Vega Consultants AS<\/div>\n<div class='bold'>Estimator<\/div>\n<div class='vacancy-body'>\n<h3><strong>Oppgaver og ansvarsomr\u00e5der:<\/strong>&nbsp;<\/h3>\n<ul>\n<li>Utarbeide tidligfase-estimater for nye prosjekter\u00a0<\/li>\n<li>Sikre etterlevelse av krav relatert til prosjektstyring, estimering og kostnadskontroll\u00a0<\/li>\n<li>Ta en aktiv utfordrerrolle i prosjektteam, sikre en god balanse mellom teknisk l\u00f8sning, prosjekt gjennomf\u00f8ringsstrategi, prosjektplan og kostestimat\u00a0<\/li>\n<li>Utf\u00f8re kvalitetskontroll av estimater ved DG passeringer og teknisk input iht styrende dokumentasjon<\/li>\n<li>Etablere kontrollestimater etter behov\u00a0<\/li>\n<li>Delta i evaluering av estimat ved endringsordrer og r\u00e5dgi prosjektleder\u00a0<\/li>\n<li>Delta i utvikling av estimeringsmodeller, verkt\u00f8y og beste praksis sammen med estimeringsmilj\u00f8et for\u00f8vrig i selskapet\u00a0<\/li>\n<li>Jobbe tverrfaglig mot andre prosjektkontroll disipliner for \u00e5 sikre god prosjektstyring<\/li>\n<li>Ansvarlig for utf\u00f8relse av produktivitetsavregning mot leverand\u00f8rer\u00a0<\/li>\n<li>Bist\u00e5 ved tilbudsevaluering Konkurranseavtaler\u00a0<\/li>\n<li>Bidra i ulike forbedringsinitiativ\u00a0<\/li>\n<\/ul>\n<h3><strong>\u00d8nskerlig erfaring:<\/strong><\/h3>\n<ul>\n<li>Good computer skills\u00a0<\/li>\n<li>\u00d8nskelig med kjennskap til Norsok Z-014\u00a0<\/li>\n<li>\u00d8nskelig med fabrikasjon og\/eller installasjonserfaring\u00a0<\/li>\n<li>Erfaring innen estimering og kostkontroll\u00a0<\/li>\n<li>God kommersiell forst\u00e5else\u00a0<\/li>\n<li>Erfaring fra endringsarbeid\u00a0<\/li>\n<\/ul>\n<p><strong>For more information about this position, please contact Grethe Borg on 905 21 929.<\/strong><\/p>\n<\/div>\n<div class='vega-button'><span><a href='https:\/\/secure.webtemp.no\/WebtempCVPortal\/startsession.aspx?page=stillingsingle&amp;k=169&amp;id_utleie=3004239'>More info\/search here<\/a><\/span><\/div>\n<p><\/p>\n<hr>\n<div>\n<h4>REFNR<\/h4>\n<p>403120<\/p><\/div>\n<div>\n<h4>POSITION TYPE<\/h4>\n<p>Full-time<br \/>Temporary position\/engagement<\/div>\n<div>\n<h4>APPLICATION DEADLINE<\/h4>\n<p>asap<\/p><\/div>\n<div class='vacancy-consultant'>\n<h4>CONTACT PERSON(S)<\/h4>\n<div>Grethe Borg<\/div>\n<div>90 52 19 29<\/div>\n<div>grethe.borg@vegaconsultants.no<\/div>\n<\/div>\n<\/div>","protected":false},"excerpt":{"rendered":"<p>Vega Consultants AS Estimator Oppgaver og ansvarsomr\u00e5der:&nbsp; Utarbeide tidligfase-estimater for nye prosjekter\u00a0 Sikre etterlevelse av krav relatert til prosjektstyring, estimering og kostnadskontroll\u00a0 Ta en aktiv utfordrerrolle i prosjektteam, sikre en god balanse mellom teknisk l\u00f8sning, prosjekt gjennomf\u00f8ringsstrategi, prosjektplan og kostestimat\u00a0 Utf\u00f8re kvalitetskontroll av estimater ved DG passeringer og teknisk input iht styrende dokumentasjon Etablere kontrollestimater [&hellip;]<\/p>\n","protected":false},"author":1,"featured_media":0,"parent":4051,"menu_order":0,"comment_status":"closed","ping_status":"closed","template":"","meta":{"_et_pb_use_builder":"","_et_pb_old_content":"","_et_gb_content_width":"","footnotes":""},"class_list":["post-21793","page","type-page","status-publish","hentry"],"yoast_head":"<!-- This site is optimized with the Yoast SEO plugin v27.4 - https:\/\/yoast.com\/product\/yoast-seo-wordpress\/ -->\n<title>Estimator - Vega Consultants<\/title>\n<meta name=\"robots\" content=\"index, follow, max-snippet:-1, max-image-preview:large, max-video-preview:-1\" \/>\n<link rel=\"canonical\" href=\"https:\/\/vegaconsultants.no\/en\/jobbsoker\/ledige-stillinger\/estimator-3004239\/\" \/>\n<meta property=\"og:locale\" content=\"en_GB\" \/>\n<meta property=\"og:type\" content=\"article\" \/>\n<meta property=\"og:title\" content=\"Estimator - Vega Consultants\" \/>\n<meta property=\"og:description\" content=\"Vega Consultants AS Estimator Oppgaver og ansvarsomr\u00e5der:&nbsp; Utarbeide tidligfase-estimater for nye prosjekter\u00a0 Sikre etterlevelse av krav relatert til prosjektstyring, estimering og kostnadskontroll\u00a0 Ta en aktiv utfordrerrolle i prosjektteam, sikre en god balanse mellom teknisk l\u00f8sning, prosjekt gjennomf\u00f8ringsstrategi, prosjektplan og kostestimat\u00a0 Utf\u00f8re kvalitetskontroll av estimater ved DG passeringer og teknisk input iht styrende dokumentasjon Etablere kontrollestimater [&hellip;]\" \/>\n<meta property=\"og:url\" content=\"https:\/\/vegaconsultants.no\/en\/jobbsoker\/ledige-stillinger\/estimator-3004239\/\" \/>\n<meta property=\"og:site_name\" content=\"Vega Consultants\" \/>\n<meta name=\"twitter:card\" content=\"summary_large_image\" \/>\n<meta name=\"twitter:label1\" content=\"Estimated reading time\" \/>\n\t<meta name=\"twitter:data1\" content=\"1 minute\" \/>\n<script type=\"application\/ld+json\" class=\"yoast-schema-graph\">{\"@context\":\"https:\\\/\\\/schema.org\",\"@graph\":[{\"@type\":\"WebPage\",\"@id\":\"https:\\\/\\\/vegaconsultants.no\\\/jobbsoker\\\/ledige-stillinger\\\/estimator-3004239\\\/\",\"url\":\"https:\\\/\\\/vegaconsultants.no\\\/jobbsoker\\\/ledige-stillinger\\\/estimator-3004239\\\/\",\"name\":\"Estimator - Vega Consultants\",\"isPartOf\":{\"@id\":\"https:\\\/\\\/vegaconsultants.no\\\/#website\"},\"datePublished\":\"2025-07-29T08:16:37+00:00\",\"breadcrumb\":{\"@id\":\"https:\\\/\\\/vegaconsultants.no\\\/jobbsoker\\\/ledige-stillinger\\\/estimator-3004239\\\/#breadcrumb\"},\"inLanguage\":\"en-GB\",\"potentialAction\":[{\"@type\":\"ReadAction\",\"target\":[\"https:\\\/\\\/vegaconsultants.no\\\/jobbsoker\\\/ledige-stillinger\\\/estimator-3004239\\\/\"]}]},{\"@type\":\"BreadcrumbList\",\"@id\":\"https:\\\/\\\/vegaconsultants.no\\\/jobbsoker\\\/ledige-stillinger\\\/estimator-3004239\\\/#breadcrumb\",\"itemListElement\":[{\"@type\":\"ListItem\",\"position\":1,\"name\":\"Home\",\"item\":\"https:\\\/\\\/vegaconsultants.no\\\/\"},{\"@type\":\"ListItem\",\"position\":2,\"name\":\"Jobbs\u00f8ker\",\"item\":\"https:\\\/\\\/vegaconsultants.no\\\/jobbsoker\\\/\"},{\"@type\":\"ListItem\",\"position\":3,\"name\":\"Ledige stillinger\",\"item\":\"https:\\\/\\\/vegaconsultants.no\\\/jobbsoker\\\/ledige-stillinger\\\/\"},{\"@type\":\"ListItem\",\"position\":4,\"name\":\"Estimator\"}]},{\"@type\":\"WebSite\",\"@id\":\"https:\\\/\\\/vegaconsultants.no\\\/#website\",\"url\":\"https:\\\/\\\/vegaconsultants.no\\\/\",\"name\":\"Vega Consultants\",\"description\":\"Rett person p\u00e5 rett plass\",\"potentialAction\":[{\"@type\":\"SearchAction\",\"target\":{\"@type\":\"EntryPoint\",\"urlTemplate\":\"https:\\\/\\\/vegaconsultants.no\\\/?s={search_term_string}\"},\"query-input\":{\"@type\":\"PropertyValueSpecification\",\"valueRequired\":true,\"valueName\":\"search_term_string\"}}],\"inLanguage\":\"en-GB\"}]}<\/script>\n<!-- \/ Yoast SEO plugin. -->","yoast_head_json":{"title":"Estimator - Vega Consultants","robots":{"index":"index","follow":"follow","max-snippet":"max-snippet:-1","max-image-preview":"max-image-preview:large","max-video-preview":"max-video-preview:-1"},"canonical":"https:\/\/vegaconsultants.no\/en\/jobbsoker\/ledige-stillinger\/estimator-3004239\/","og_locale":"en_GB","og_type":"article","og_title":"Estimator - Vega Consultants","og_description":"Vega Consultants AS Estimator Oppgaver og ansvarsomr\u00e5der:&nbsp; Utarbeide tidligfase-estimater for nye prosjekter\u00a0 Sikre etterlevelse av krav relatert til prosjektstyring, estimering og kostnadskontroll\u00a0 Ta en aktiv utfordrerrolle i prosjektteam, sikre en god balanse mellom teknisk l\u00f8sning, prosjekt gjennomf\u00f8ringsstrategi, prosjektplan og kostestimat\u00a0 Utf\u00f8re kvalitetskontroll av estimater ved DG passeringer og teknisk input iht styrende dokumentasjon Etablere kontrollestimater [&hellip;]","og_url":"https:\/\/vegaconsultants.no\/en\/jobbsoker\/ledige-stillinger\/estimator-3004239\/","og_site_name":"Vega Consultants","twitter_card":"summary_large_image","twitter_misc":{"Estimated reading time":"1 minute"},"schema":{"@context":"https:\/\/schema.org","@graph":[{"@type":"WebPage","@id":"https:\/\/vegaconsultants.no\/jobbsoker\/ledige-stillinger\/estimator-3004239\/","url":"https:\/\/vegaconsultants.no\/jobbsoker\/ledige-stillinger\/estimator-3004239\/","name":"Estimator - Vega Consultants","isPartOf":{"@id":"https:\/\/vegaconsultants.no\/#website"},"datePublished":"2025-07-29T08:16:37+00:00","breadcrumb":{"@id":"https:\/\/vegaconsultants.no\/jobbsoker\/ledige-stillinger\/estimator-3004239\/#breadcrumb"},"inLanguage":"en-GB","potentialAction":[{"@type":"ReadAction","target":["https:\/\/vegaconsultants.no\/jobbsoker\/ledige-stillinger\/estimator-3004239\/"]}]},{"@type":"BreadcrumbList","@id":"https:\/\/vegaconsultants.no\/jobbsoker\/ledige-stillinger\/estimator-3004239\/#breadcrumb","itemListElement":[{"@type":"ListItem","position":1,"name":"Home","item":"https:\/\/vegaconsultants.no\/"},{"@type":"ListItem","position":2,"name":"Jobbs\u00f8ker","item":"https:\/\/vegaconsultants.no\/jobbsoker\/"},{"@type":"ListItem","position":3,"name":"Ledige stillinger","item":"https:\/\/vegaconsultants.no\/jobbsoker\/ledige-stillinger\/"},{"@type":"ListItem","position":4,"name":"Estimator"}]},{"@type":"WebSite","@id":"https:\/\/vegaconsultants.no\/#website","url":"https:\/\/vegaconsultants.no\/","name":"Vega Consultants","description":"The right person for the right job","potentialAction":[{"@type":"SearchAction","target":{"@type":"EntryPoint","urlTemplate":"https:\/\/vegaconsultants.no\/?s={search_term_string}"},"query-input":{"@type":"PropertyValueSpecification","valueRequired":true,"valueName":"search_term_string"}}],"inLanguage":"en-GB"}]}},"_links":{"self":[{"href":"https:\/\/vegaconsultants.no\/en\/wp-json\/wp\/v2\/pages\/21793","targetHints":{"allow":["GET"]}}],"collection":[{"href":"https:\/\/vegaconsultants.no\/en\/wp-json\/wp\/v2\/pages"}],"about":[{"href":"https:\/\/vegaconsultants.no\/en\/wp-json\/wp\/v2\/types\/page"}],"author":[{"embeddable":true,"href":"https:\/\/vegaconsultants.no\/en\/wp-json\/wp\/v2\/users\/1"}],"replies":[{"embeddable":true,"href":"https:\/\/vegaconsultants.no\/en\/wp-json\/wp\/v2\/comments?post=21793"}],"version-history":[{"count":0,"href":"https:\/\/vegaconsultants.no\/en\/wp-json\/wp\/v2\/pages\/21793\/revisions"}],"up":[{"embeddable":true,"href":"https:\/\/vegaconsultants.no\/en\/wp-json\/wp\/v2\/pages\/4051"}],"wp:attachment":[{"href":"https:\/\/vegaconsultants.no\/en\/wp-json\/wp\/v2\/media?parent=21793"}],"curies":[{"name":"wp","href":"https:\/\/api.w.org\/{rel}","templated":true}]}}