{"id":21857,"date":"2025-07-29T10:16:46","date_gmt":"2025-07-29T08:16:46","guid":{"rendered":"https:\/\/vegaconsultants.no\/jobbsoker\/ledige-stillinger\/prosjektingenior-instrument-automasjon-3004258\/"},"modified":"2025-07-29T10:16:46","modified_gmt":"2025-07-29T08:16:46","slug":"prosjektingenior-instrument-automasjon-3004258","status":"publish","type":"page","link":"https:\/\/vegaconsultants.no\/en\/jobbsoker\/ledige-stillinger\/prosjektingenior-instrument-automasjon-3004258\/","title":{"rendered":"Prosjektingeni\u00f8r instrument\/automasjon"},"content":{"rendered":"<div class='vacancy-detail'>\n<div class='bold'>Vega Consultants AS<\/div>\n<div class='bold'>Prosjektingeni\u00f8r instrument\/automasjon<\/div>\n<div class='vacancy-body'>\n<p>Vestland &#8211; Mongstad<\/p>\n<p><em>Technical and Plant Optimisation is part of Onshore Plant. Technical Project Support is responsible for the technical support for modifications and projects on land-based plants. We are a sector that works across our land-based plants, and towards renewable energy which is an important focus area for MMP. <\/em><\/p>\n<h3><strong>Work tasks <\/strong><\/h3>\n<ul>\n<li>Responsible for technical deliveries within the field, as well as assigned project tasks in the project.\u00a0<\/li>\n<li>Ensure that the company&#039;s requirements are understood by the supplier and implemented in the design\u00a0<\/li>\n<li>Provide input to and quality assure project plans\u00a0<\/li>\n<li>Process and recommend amendments\u00a0<\/li>\n<li>Contribute to procurement and tender evaluations\u00a0<\/li>\n<li>Contribute to the establishment of Assignment Agreement, Design Basis and TORG Managing risk and HSE in design\u00a0<\/li>\n<\/ul>\n<h3><strong>Qualifications<\/strong><\/h3>\n<ul>\n<li>Bachelor\/master innen instrument\/automasjon.\u00a0<\/li>\n<li>Experience with technical requirements and international standards\u00a0<\/li>\n<li>Gode kommunikasjonsevner i engelsk og skandinavisk, skriftlig og muntlig\u202f Innehar kompetansekrav innen faget som gjelder mot O&amp;G. (f.eks. EX\/Exi)\u00a0<\/li>\n<\/ul>\n<p><\/p>\n<p>Does this sound like something for you? Get in touch to hear what we can offer!<\/p>\n<\/div>\n<div class='vega-button'><span><a href='https:\/\/secure.webtemp.no\/WebtempCVPortal\/startsession.aspx?page=stillingsingle&amp;k=169&amp;id_utleie=3004258'>More info\/search here<\/a><\/span><\/div>\n<p><\/p>\n<hr>\n<div>\n<h4>REFNR<\/h4>\n<p>403137<\/p><\/div>\n<div>\n<h4>POSITION TYPE<\/h4>\n<p>Full-time<br \/>Temporary position\/engagement<\/div>\n<div>\n<h4>APPLICATION DEADLINE<\/h4>\n<p>08.08.2025<\/p><\/div>\n<div class='vacancy-consultant'>\n<h4>CONTACT PERSON(S)<\/h4>\n<div>Grethe Borg<\/div>\n<div>90 52 19 29<\/div>\n<div>grethe.borg@vegaconsultants.no<\/div>\n<\/div>\n<\/div>","protected":false},"excerpt":{"rendered":"<p>Vega Consultants AS Prosjektingeni\u00f8r instrument\/automasjon Vestland &#8211; Mongstad Technical and Plant Optimisation er en del av Onshore Plant. Teknisk prosjektst\u00f8tte har ansvar for den tekniske st\u00f8tten til modifikasjoner og prosjekter p\u00e5 landanlegg. Vi er en sektor som arbeider p\u00e5 tvers av v\u00e5re landanlegg, og mot fornybar energi som er et viktig satsingsomr\u00e5de for MMP. Arbeidsoppgaver [&hellip;]<\/p>\n","protected":false},"author":1,"featured_media":0,"parent":4051,"menu_order":0,"comment_status":"closed","ping_status":"closed","template":"","meta":{"_et_pb_use_builder":"","_et_pb_old_content":"","_et_gb_content_width":"","footnotes":""},"class_list":["post-21857","page","type-page","status-publish","hentry"],"yoast_head":"<!-- This site is optimized with the Yoast SEO plugin v27.4 - https:\/\/yoast.com\/product\/yoast-seo-wordpress\/ -->\n<title>Prosjektingeni\u00f8r instrument\/automasjon - Vega Consultants<\/title>\n<meta name=\"robots\" content=\"index, follow, max-snippet:-1, max-image-preview:large, max-video-preview:-1\" \/>\n<link rel=\"canonical\" href=\"https:\/\/vegaconsultants.no\/en\/jobbsoker\/ledige-stillinger\/prosjektingenior-instrument-automasjon-3004258\/\" \/>\n<meta property=\"og:locale\" content=\"en_GB\" \/>\n<meta property=\"og:type\" content=\"article\" \/>\n<meta property=\"og:title\" content=\"Prosjektingeni\u00f8r instrument\/automasjon - Vega Consultants\" \/>\n<meta property=\"og:description\" content=\"Vega Consultants AS Prosjektingeni\u00f8r instrument\/automasjon Vestland &#8211; Mongstad Technical and Plant Optimisation er en del av Onshore Plant. Teknisk prosjektst\u00f8tte har ansvar for den tekniske st\u00f8tten til modifikasjoner og prosjekter p\u00e5 landanlegg. Vi er en sektor som arbeider p\u00e5 tvers av v\u00e5re landanlegg, og mot fornybar energi som er et viktig satsingsomr\u00e5de for MMP. Arbeidsoppgaver [&hellip;]\" \/>\n<meta property=\"og:url\" content=\"https:\/\/vegaconsultants.no\/en\/jobbsoker\/ledige-stillinger\/prosjektingenior-instrument-automasjon-3004258\/\" \/>\n<meta property=\"og:site_name\" content=\"Vega Consultants\" \/>\n<meta name=\"twitter:card\" content=\"summary_large_image\" \/>\n<meta name=\"twitter:label1\" content=\"Estimated reading time\" \/>\n\t<meta name=\"twitter:data1\" content=\"1 minute\" \/>\n<script type=\"application\/ld+json\" class=\"yoast-schema-graph\">{\"@context\":\"https:\\\/\\\/schema.org\",\"@graph\":[{\"@type\":\"WebPage\",\"@id\":\"https:\\\/\\\/vegaconsultants.no\\\/jobbsoker\\\/ledige-stillinger\\\/prosjektingenior-instrument-automasjon-3004258\\\/\",\"url\":\"https:\\\/\\\/vegaconsultants.no\\\/jobbsoker\\\/ledige-stillinger\\\/prosjektingenior-instrument-automasjon-3004258\\\/\",\"name\":\"Prosjektingeni\u00f8r instrument\\\/automasjon - Vega Consultants\",\"isPartOf\":{\"@id\":\"https:\\\/\\\/vegaconsultants.no\\\/#website\"},\"datePublished\":\"2025-07-29T08:16:46+00:00\",\"breadcrumb\":{\"@id\":\"https:\\\/\\\/vegaconsultants.no\\\/jobbsoker\\\/ledige-stillinger\\\/prosjektingenior-instrument-automasjon-3004258\\\/#breadcrumb\"},\"inLanguage\":\"en-GB\",\"potentialAction\":[{\"@type\":\"ReadAction\",\"target\":[\"https:\\\/\\\/vegaconsultants.no\\\/jobbsoker\\\/ledige-stillinger\\\/prosjektingenior-instrument-automasjon-3004258\\\/\"]}]},{\"@type\":\"BreadcrumbList\",\"@id\":\"https:\\\/\\\/vegaconsultants.no\\\/jobbsoker\\\/ledige-stillinger\\\/prosjektingenior-instrument-automasjon-3004258\\\/#breadcrumb\",\"itemListElement\":[{\"@type\":\"ListItem\",\"position\":1,\"name\":\"Home\",\"item\":\"https:\\\/\\\/vegaconsultants.no\\\/\"},{\"@type\":\"ListItem\",\"position\":2,\"name\":\"Jobbs\u00f8ker\",\"item\":\"https:\\\/\\\/vegaconsultants.no\\\/jobbsoker\\\/\"},{\"@type\":\"ListItem\",\"position\":3,\"name\":\"Ledige stillinger\",\"item\":\"https:\\\/\\\/vegaconsultants.no\\\/jobbsoker\\\/ledige-stillinger\\\/\"},{\"@type\":\"ListItem\",\"position\":4,\"name\":\"Prosjektingeni\u00f8r instrument\\\/automasjon\"}]},{\"@type\":\"WebSite\",\"@id\":\"https:\\\/\\\/vegaconsultants.no\\\/#website\",\"url\":\"https:\\\/\\\/vegaconsultants.no\\\/\",\"name\":\"Vega Consultants\",\"description\":\"Rett person p\u00e5 rett plass\",\"potentialAction\":[{\"@type\":\"SearchAction\",\"target\":{\"@type\":\"EntryPoint\",\"urlTemplate\":\"https:\\\/\\\/vegaconsultants.no\\\/?s={search_term_string}\"},\"query-input\":{\"@type\":\"PropertyValueSpecification\",\"valueRequired\":true,\"valueName\":\"search_term_string\"}}],\"inLanguage\":\"en-GB\"}]}<\/script>\n<!-- \/ Yoast SEO plugin. -->","yoast_head_json":{"title":"Prosjektingeni\u00f8r instrument\/automasjon - Vega Consultants","robots":{"index":"index","follow":"follow","max-snippet":"max-snippet:-1","max-image-preview":"max-image-preview:large","max-video-preview":"max-video-preview:-1"},"canonical":"https:\/\/vegaconsultants.no\/en\/jobbsoker\/ledige-stillinger\/prosjektingenior-instrument-automasjon-3004258\/","og_locale":"en_GB","og_type":"article","og_title":"Prosjektingeni\u00f8r instrument\/automasjon - Vega Consultants","og_description":"Vega Consultants AS Prosjektingeni\u00f8r instrument\/automasjon Vestland &#8211; Mongstad Technical and Plant Optimisation er en del av Onshore Plant. Teknisk prosjektst\u00f8tte har ansvar for den tekniske st\u00f8tten til modifikasjoner og prosjekter p\u00e5 landanlegg. Vi er en sektor som arbeider p\u00e5 tvers av v\u00e5re landanlegg, og mot fornybar energi som er et viktig satsingsomr\u00e5de for MMP. Arbeidsoppgaver [&hellip;]","og_url":"https:\/\/vegaconsultants.no\/en\/jobbsoker\/ledige-stillinger\/prosjektingenior-instrument-automasjon-3004258\/","og_site_name":"Vega Consultants","twitter_card":"summary_large_image","twitter_misc":{"Estimated reading time":"1 minute"},"schema":{"@context":"https:\/\/schema.org","@graph":[{"@type":"WebPage","@id":"https:\/\/vegaconsultants.no\/jobbsoker\/ledige-stillinger\/prosjektingenior-instrument-automasjon-3004258\/","url":"https:\/\/vegaconsultants.no\/jobbsoker\/ledige-stillinger\/prosjektingenior-instrument-automasjon-3004258\/","name":"Prosjektingeni\u00f8r instrument\/automasjon - Vega Consultants","isPartOf":{"@id":"https:\/\/vegaconsultants.no\/#website"},"datePublished":"2025-07-29T08:16:46+00:00","breadcrumb":{"@id":"https:\/\/vegaconsultants.no\/jobbsoker\/ledige-stillinger\/prosjektingenior-instrument-automasjon-3004258\/#breadcrumb"},"inLanguage":"en-GB","potentialAction":[{"@type":"ReadAction","target":["https:\/\/vegaconsultants.no\/jobbsoker\/ledige-stillinger\/prosjektingenior-instrument-automasjon-3004258\/"]}]},{"@type":"BreadcrumbList","@id":"https:\/\/vegaconsultants.no\/jobbsoker\/ledige-stillinger\/prosjektingenior-instrument-automasjon-3004258\/#breadcrumb","itemListElement":[{"@type":"ListItem","position":1,"name":"Home","item":"https:\/\/vegaconsultants.no\/"},{"@type":"ListItem","position":2,"name":"Jobbs\u00f8ker","item":"https:\/\/vegaconsultants.no\/jobbsoker\/"},{"@type":"ListItem","position":3,"name":"Ledige stillinger","item":"https:\/\/vegaconsultants.no\/jobbsoker\/ledige-stillinger\/"},{"@type":"ListItem","position":4,"name":"Prosjektingeni\u00f8r instrument\/automasjon"}]},{"@type":"WebSite","@id":"https:\/\/vegaconsultants.no\/#website","url":"https:\/\/vegaconsultants.no\/","name":"Vega Consultants","description":"The right person for the right job","potentialAction":[{"@type":"SearchAction","target":{"@type":"EntryPoint","urlTemplate":"https:\/\/vegaconsultants.no\/?s={search_term_string}"},"query-input":{"@type":"PropertyValueSpecification","valueRequired":true,"valueName":"search_term_string"}}],"inLanguage":"en-GB"}]}},"_links":{"self":[{"href":"https:\/\/vegaconsultants.no\/en\/wp-json\/wp\/v2\/pages\/21857","targetHints":{"allow":["GET"]}}],"collection":[{"href":"https:\/\/vegaconsultants.no\/en\/wp-json\/wp\/v2\/pages"}],"about":[{"href":"https:\/\/vegaconsultants.no\/en\/wp-json\/wp\/v2\/types\/page"}],"author":[{"embeddable":true,"href":"https:\/\/vegaconsultants.no\/en\/wp-json\/wp\/v2\/users\/1"}],"replies":[{"embeddable":true,"href":"https:\/\/vegaconsultants.no\/en\/wp-json\/wp\/v2\/comments?post=21857"}],"version-history":[{"count":0,"href":"https:\/\/vegaconsultants.no\/en\/wp-json\/wp\/v2\/pages\/21857\/revisions"}],"up":[{"embeddable":true,"href":"https:\/\/vegaconsultants.no\/en\/wp-json\/wp\/v2\/pages\/4051"}],"wp:attachment":[{"href":"https:\/\/vegaconsultants.no\/en\/wp-json\/wp\/v2\/media?parent=21857"}],"curies":[{"name":"wp","href":"https:\/\/api.w.org\/{rel}","templated":true}]}}