{"id":21871,"date":"2025-09-09T13:17:27","date_gmt":"2025-09-09T11:17:27","guid":{"rendered":"https:\/\/vegaconsultants.no\/jobbsoker\/ledige-stillinger\/metode-workprep-elektro-3004312\/"},"modified":"2025-09-09T13:17:27","modified_gmt":"2025-09-09T11:17:27","slug":"metode-workprep-elektro-3004312","status":"publish","type":"page","link":"https:\/\/vegaconsultants.no\/en\/jobbsoker\/ledige-stillinger\/metode-workprep-elektro-3004312\/","title":{"rendered":"Method \u2013 Workprep Electrical"},"content":{"rendered":"<div class='vacancy-detail'>\n<div class='bold'>Vega Consultants AS<\/div>\n<div class='bold'>Method \u2013 Workprep Electrical <\/div>\n<div class='vacancy-body'>\n<h3><strong>Work tasks<\/strong><\/h3>\n<ul>\n<li>God forst\u00e5else for tegninger og arbeidspakke beskrivelser. God p\u00e5 kommunikasjon og samarbeid.<\/li>\n<li>Liker \u00e5 jobbe i team og ha kjennskap og erfaringer med arbeidspakker.&nbsp;<\/li>\n<li>Check drawings \u2013 check if materials have been ordered<\/li>\n<li>Focus on HSE<\/li>\n<li>Develop a good installation method<\/li>\n<li>Provide input on installation sequence plan<\/li>\n<li>Must be able to take occasional offshore trips<\/li>\n<li>Prepare work packages for offshore installation&nbsp;<\/li>\n<li>Provide input on time estimates for installation activities<\/li>\n<\/ul>\n<p>&nbsp;<\/p>\n<h3><strong>Qualifications: <\/strong><\/h3>\n<ul>\n<li>Subject letters within E&amp;IT subjects<\/li>\n<li>Other relevant experience, courses and education that can compensate for the point above<\/li>\n<li>Lang jobberfaring fra \u2018\u2019 onshore \/ offshore \u2018\u2019 arbeid.<\/li>\n<li>Be familiar with requirements for working on platforms and sites&nbsp;<\/li>\n<li>Experience with job placement is an advantage<\/li>\n<li>Good understanding of drawings<\/li>\n<li>Gode Engelsk kunnskap<\/li>\n<li>Likes to work in a team<\/li>\n<li>Construction Method experience is an advantage&nbsp;<\/li>\n<li>Must be able to speak and write Norwegian&nbsp;<\/li>\n<li>Good data skills<\/li>\n<li>Good at communication and collaboration<\/li>\n<li>&nbsp;Focus on HSE<\/li>\n<\/ul>\n<p>&nbsp;<\/p>\n<p><strong>Required Certificates:<\/strong><\/p>\n<ul>\n<li>Offshore certificate and health certificate<\/li>\n<\/ul>\n<p>&nbsp;<\/p>\n<p><\/p>\n<p>Does this sound like something for you? Get in touch to hear what we can offer!<\/p>\n<\/div>\n<div class='vega-button'><span><a href='https:\/\/secure.webtemp.no\/WebtempCVPortal\/startsession.aspx?page=stillingsingle&amp;k=169&amp;id_utleie=3004312'>More info\/search here<\/a><\/span><\/div>\n<p><\/p>\n<hr>\n<div>\n<h4>REFNR<\/h4>\n<p>403181<\/p><\/div>\n<div>\n<h4>POSITION TYPE<\/h4>\n<p>Full-time<br \/>Temporary position\/engagement<\/div>\n<div>\n<h4>APPLICATION DEADLINE<\/h4>\n<p>22.09.2025<\/p><\/div>\n<div class='vacancy-consultant'>\n<h4>CONTACT PERSON(S)<\/h4>\n<div>Grethe Borg<\/div>\n<div>90 52 19 29<\/div>\n<div>grethe.borg@vegaconsultants.no<\/div>\n<\/div>\n<\/div>","protected":false},"excerpt":{"rendered":"<p>Vega Consultants AS Metode &#8211; Workprep Elektro Arbeidsoppgaver God forst\u00e5else for tegninger og arbeidspakke beskrivelser. God p\u00e5 kommunikasjon og samarbeid. Liker \u00e5 jobbe i team og ha kjennskap og erfaringer med arbeidspakker.&nbsp; Kontrollere tegninger \u2013 sjekk om materiell er bestilt Fokus p\u00e5 HMS Utarbeide en god installasjons metode Gi innspill til plan om innstallasjons rekkef\u00f8lge [&hellip;]<\/p>\n","protected":false},"author":1,"featured_media":0,"parent":4051,"menu_order":0,"comment_status":"closed","ping_status":"closed","template":"","meta":{"_et_pb_use_builder":"","_et_pb_old_content":"","_et_gb_content_width":"","footnotes":""},"class_list":["post-21871","page","type-page","status-publish","hentry"],"yoast_head":"<!-- This site is optimized with the Yoast SEO plugin v27.4 - https:\/\/yoast.com\/product\/yoast-seo-wordpress\/ -->\n<title>Metode - Workprep Elektro - Vega Consultants<\/title>\n<meta name=\"robots\" content=\"index, follow, max-snippet:-1, max-image-preview:large, max-video-preview:-1\" \/>\n<link rel=\"canonical\" href=\"https:\/\/vegaconsultants.no\/en\/jobbsoker\/ledige-stillinger\/metode-workprep-elektro-3004312\/\" \/>\n<meta property=\"og:locale\" content=\"en_GB\" \/>\n<meta property=\"og:type\" content=\"article\" \/>\n<meta property=\"og:title\" content=\"Metode - Workprep Elektro - Vega Consultants\" \/>\n<meta property=\"og:description\" content=\"Vega Consultants AS Metode &#8211; Workprep Elektro Arbeidsoppgaver God forst\u00e5else for tegninger og arbeidspakke beskrivelser. God p\u00e5 kommunikasjon og samarbeid. Liker \u00e5 jobbe i team og ha kjennskap og erfaringer med arbeidspakker.&nbsp; Kontrollere tegninger \u2013 sjekk om materiell er bestilt Fokus p\u00e5 HMS Utarbeide en god installasjons metode Gi innspill til plan om innstallasjons rekkef\u00f8lge [&hellip;]\" \/>\n<meta property=\"og:url\" content=\"https:\/\/vegaconsultants.no\/en\/jobbsoker\/ledige-stillinger\/metode-workprep-elektro-3004312\/\" \/>\n<meta property=\"og:site_name\" content=\"Vega Consultants\" \/>\n<meta name=\"twitter:card\" content=\"summary_large_image\" \/>\n<meta name=\"twitter:label1\" content=\"Estimated reading time\" \/>\n\t<meta name=\"twitter:data1\" content=\"1 minute\" \/>\n<script type=\"application\/ld+json\" class=\"yoast-schema-graph\">{\"@context\":\"https:\\\/\\\/schema.org\",\"@graph\":[{\"@type\":\"WebPage\",\"@id\":\"https:\\\/\\\/vegaconsultants.no\\\/jobbsoker\\\/ledige-stillinger\\\/metode-workprep-elektro-3004312\\\/\",\"url\":\"https:\\\/\\\/vegaconsultants.no\\\/jobbsoker\\\/ledige-stillinger\\\/metode-workprep-elektro-3004312\\\/\",\"name\":\"Metode - Workprep Elektro - Vega Consultants\",\"isPartOf\":{\"@id\":\"https:\\\/\\\/vegaconsultants.no\\\/#website\"},\"datePublished\":\"2025-09-09T11:17:27+00:00\",\"breadcrumb\":{\"@id\":\"https:\\\/\\\/vegaconsultants.no\\\/jobbsoker\\\/ledige-stillinger\\\/metode-workprep-elektro-3004312\\\/#breadcrumb\"},\"inLanguage\":\"en-GB\",\"potentialAction\":[{\"@type\":\"ReadAction\",\"target\":[\"https:\\\/\\\/vegaconsultants.no\\\/jobbsoker\\\/ledige-stillinger\\\/metode-workprep-elektro-3004312\\\/\"]}]},{\"@type\":\"BreadcrumbList\",\"@id\":\"https:\\\/\\\/vegaconsultants.no\\\/jobbsoker\\\/ledige-stillinger\\\/metode-workprep-elektro-3004312\\\/#breadcrumb\",\"itemListElement\":[{\"@type\":\"ListItem\",\"position\":1,\"name\":\"Home\",\"item\":\"https:\\\/\\\/vegaconsultants.no\\\/\"},{\"@type\":\"ListItem\",\"position\":2,\"name\":\"Jobbs\u00f8ker\",\"item\":\"https:\\\/\\\/vegaconsultants.no\\\/jobbsoker\\\/\"},{\"@type\":\"ListItem\",\"position\":3,\"name\":\"Ledige stillinger\",\"item\":\"https:\\\/\\\/vegaconsultants.no\\\/jobbsoker\\\/ledige-stillinger\\\/\"},{\"@type\":\"ListItem\",\"position\":4,\"name\":\"Metode &#8211; Workprep Elektro\"}]},{\"@type\":\"WebSite\",\"@id\":\"https:\\\/\\\/vegaconsultants.no\\\/#website\",\"url\":\"https:\\\/\\\/vegaconsultants.no\\\/\",\"name\":\"Vega Consultants\",\"description\":\"Rett person p\u00e5 rett plass\",\"potentialAction\":[{\"@type\":\"SearchAction\",\"target\":{\"@type\":\"EntryPoint\",\"urlTemplate\":\"https:\\\/\\\/vegaconsultants.no\\\/?s={search_term_string}\"},\"query-input\":{\"@type\":\"PropertyValueSpecification\",\"valueRequired\":true,\"valueName\":\"search_term_string\"}}],\"inLanguage\":\"en-GB\"}]}<\/script>\n<!-- \/ Yoast SEO plugin. -->","yoast_head_json":{"title":"Metode - Workprep Elektro - Vega Consultants","robots":{"index":"index","follow":"follow","max-snippet":"max-snippet:-1","max-image-preview":"max-image-preview:large","max-video-preview":"max-video-preview:-1"},"canonical":"https:\/\/vegaconsultants.no\/en\/jobbsoker\/ledige-stillinger\/metode-workprep-elektro-3004312\/","og_locale":"en_GB","og_type":"article","og_title":"Metode - Workprep Elektro - Vega Consultants","og_description":"Vega Consultants AS Metode &#8211; Workprep Elektro Arbeidsoppgaver God forst\u00e5else for tegninger og arbeidspakke beskrivelser. God p\u00e5 kommunikasjon og samarbeid. Liker \u00e5 jobbe i team og ha kjennskap og erfaringer med arbeidspakker.&nbsp; Kontrollere tegninger \u2013 sjekk om materiell er bestilt Fokus p\u00e5 HMS Utarbeide en god installasjons metode Gi innspill til plan om innstallasjons rekkef\u00f8lge [&hellip;]","og_url":"https:\/\/vegaconsultants.no\/en\/jobbsoker\/ledige-stillinger\/metode-workprep-elektro-3004312\/","og_site_name":"Vega Consultants","twitter_card":"summary_large_image","twitter_misc":{"Estimated reading time":"1 minute"},"schema":{"@context":"https:\/\/schema.org","@graph":[{"@type":"WebPage","@id":"https:\/\/vegaconsultants.no\/jobbsoker\/ledige-stillinger\/metode-workprep-elektro-3004312\/","url":"https:\/\/vegaconsultants.no\/jobbsoker\/ledige-stillinger\/metode-workprep-elektro-3004312\/","name":"Metode - Workprep Elektro - Vega Consultants","isPartOf":{"@id":"https:\/\/vegaconsultants.no\/#website"},"datePublished":"2025-09-09T11:17:27+00:00","breadcrumb":{"@id":"https:\/\/vegaconsultants.no\/jobbsoker\/ledige-stillinger\/metode-workprep-elektro-3004312\/#breadcrumb"},"inLanguage":"en-GB","potentialAction":[{"@type":"ReadAction","target":["https:\/\/vegaconsultants.no\/jobbsoker\/ledige-stillinger\/metode-workprep-elektro-3004312\/"]}]},{"@type":"BreadcrumbList","@id":"https:\/\/vegaconsultants.no\/jobbsoker\/ledige-stillinger\/metode-workprep-elektro-3004312\/#breadcrumb","itemListElement":[{"@type":"ListItem","position":1,"name":"Home","item":"https:\/\/vegaconsultants.no\/"},{"@type":"ListItem","position":2,"name":"Jobbs\u00f8ker","item":"https:\/\/vegaconsultants.no\/jobbsoker\/"},{"@type":"ListItem","position":3,"name":"Ledige stillinger","item":"https:\/\/vegaconsultants.no\/jobbsoker\/ledige-stillinger\/"},{"@type":"ListItem","position":4,"name":"Metode &#8211; Workprep Elektro"}]},{"@type":"WebSite","@id":"https:\/\/vegaconsultants.no\/#website","url":"https:\/\/vegaconsultants.no\/","name":"Vega Consultants","description":"The right person for the right job","potentialAction":[{"@type":"SearchAction","target":{"@type":"EntryPoint","urlTemplate":"https:\/\/vegaconsultants.no\/?s={search_term_string}"},"query-input":{"@type":"PropertyValueSpecification","valueRequired":true,"valueName":"search_term_string"}}],"inLanguage":"en-GB"}]}},"_links":{"self":[{"href":"https:\/\/vegaconsultants.no\/en\/wp-json\/wp\/v2\/pages\/21871","targetHints":{"allow":["GET"]}}],"collection":[{"href":"https:\/\/vegaconsultants.no\/en\/wp-json\/wp\/v2\/pages"}],"about":[{"href":"https:\/\/vegaconsultants.no\/en\/wp-json\/wp\/v2\/types\/page"}],"author":[{"embeddable":true,"href":"https:\/\/vegaconsultants.no\/en\/wp-json\/wp\/v2\/users\/1"}],"replies":[{"embeddable":true,"href":"https:\/\/vegaconsultants.no\/en\/wp-json\/wp\/v2\/comments?post=21871"}],"version-history":[{"count":0,"href":"https:\/\/vegaconsultants.no\/en\/wp-json\/wp\/v2\/pages\/21871\/revisions"}],"up":[{"embeddable":true,"href":"https:\/\/vegaconsultants.no\/en\/wp-json\/wp\/v2\/pages\/4051"}],"wp:attachment":[{"href":"https:\/\/vegaconsultants.no\/en\/wp-json\/wp\/v2\/media?parent=21871"}],"curies":[{"name":"wp","href":"https:\/\/api.w.org\/{rel}","templated":true}]}}